{"id":44196,"date":"2020-04-06T00:00:00","date_gmt":"2020-04-05T22:00:00","guid":{"rendered":"https:\/\/fermentis.com\/product\/safoeno-vr-44\/"},"modified":"2026-04-17T19:57:38","modified_gmt":"2026-04-17T17:57:38","slug":"safoeno-vr-44","status":"publish","type":"product","link":"https:\/\/fermentis.com\/pt-br\/produto\/safoeno-vr-44\/","title":{"rendered":"Saf\u0152no\u2122 VR 44"},"content":{"rendered":"<div class=\"container section-title-container\" ><h2 class=\"section-title section-title-center\"><b aria-hidden=\"true\"><\/b><span class=\"section-title-main\" style=\"font-size:115%;\">PARA FERMENTA\u00c7\u00d5ES SEGURAS E VINHOS ESPUMANTES<\/span><b aria-hidden=\"true\"><\/b><\/h2><\/div>\n<p><strong>O Saf\u0152no\u2122 VR 44<\/strong> foi selecionado por suas excelentes caracter\u00edsticas de fermenta\u00e7\u00e3o e sua resist\u00eancia a condi\u00e7\u00f5es extremas de vinifica\u00e7\u00e3o (sele\u00e7\u00e3o Fermentis\u00ae).<\/p>\n<p><strong>Vinhos tranquilos brancos e tintos. Dosagem:<\/strong> 10 a 20 g\/hl<br \/>\n<strong>Rein\u00edcio da fermenta\u00e7\u00e3o. Dosagem: <\/strong>30 a 40 g\/hl<br \/>\n<strong>Prise de mousse. Dosagem: <\/strong>15 a 40 g\/hl<\/p>\n<p><strong>Ingredientes:<\/strong> levedura (<em>Saccharomyces cerevisiae<\/em>), Emulsificante: E491 (monoestearato de sorbitano)<\/p>\n\t<div id=\"gap-2085587652\" class=\"gap-element clearfix\" style=\"display:block; height:auto;\">\n\t\t\n<style>\n#gap-2085587652 {\n  padding-top: 30px;\n}\n<\/style>\n\t<\/div>\n\t\n<div class=\"container section-title-container\" ><h3 class=\"section-title section-title-center\"><b aria-hidden=\"true\"><\/b><span class=\"section-title-main\" style=\"font-size:115%;\">Caracter\u00edsticas sensoriais do Saf\u0152no\u2122 VR 44<\/span><b aria-hidden=\"true\"><\/b><\/h3><\/div>\n\n\t\t<div class=\"tabbed-content\">\n\t\t\t\n\t\t\t<ul class=\"nav nav-tabs nav-uppercase nav-size-normal nav-left\" role=\"tablist\"><li id=\"tab-recomenda\u00e7\u00f5es\" class=\"tab active has-icon\" role=\"presentation\"><a href=\"#tab_recomenda\u00e7\u00f5es\" role=\"tab\" aria-selected=\"true\" aria-controls=\"tab_recomenda\u00e7\u00f5es\"><span>Recomenda\u00e7\u00f5es<\/span><\/a><\/li>\n<li id=\"tab-uso\" class=\"tab has-icon\" role=\"presentation\"><a href=\"#tab_uso\" tabindex=\"-1\" role=\"tab\" aria-selected=\"false\" aria-controls=\"tab_uso\"><span>Uso<\/span><\/a><\/li><\/ul><div class=\"tab-panels\"><div id=\"tab_recomenda\u00e7\u00f5es\" class=\"panel active entry-content\" role=\"tabpanel\" aria-labelledby=\"tab-recomenda\u00e7\u00f5es\">\n<p>O Saf\u0152no\u2122 VR 44 \u00e9 conveniente para todos os tipos de aplica\u00e7\u00f5es, mesmo em condi\u00e7\u00f5es dif\u00edceis de produ\u00e7\u00e3o de vinho.<\/p>\n<h4>Vinhos tintos<\/h4>\n<p>Dadas as suas caracter\u00edsticas de fermenta\u00e7\u00e3o, o Saf\u0152no\u2122 VR 44 permite a produ\u00e7\u00e3o de prestigiados vinhos tintos finos, limpos e com caracter\u00edsticas de terroir (Cabernet Sauvignon, Merlot, Carmen\u00e8re, Barbera, Sangiovese, Teroldego\u2026).<\/p>\n\t<div id=\"gap-635455562\" class=\"gap-element clearfix\" style=\"display:block; height:auto;\">\n\t\t\n<style>\n#gap-635455562 {\n  padding-top: &quot;20px&quot;;\n}\n<\/style>\n\t<\/div>\n\t\n<h4>Prise de mousse<\/h4>\n<p>Particularmente adaptado \u00e0 fermenta\u00e7\u00e3o secund\u00e1ria (em garrafa pelo m\u00e9todo cl\u00e1ssico ou em tanque), o Saf\u0152no\u2122 VR 44 oferece excelentes resultados em todos os tipos de vinhos espumantes.<\/p>\n\t<div id=\"gap-1486827554\" class=\"gap-element clearfix\" style=\"display:block; height:auto;\">\n\t\t\n<style>\n#gap-1486827554 {\n  padding-top: &quot;20px&quot;;\n}\n<\/style>\n\t<\/div>\n\t\n<h4>Vinhos brancos<\/h4>\n<p>Ideal para fermenta\u00e7\u00f5es sob temperaturas controladas (em Chardonnay, S\u00e9millon, Trebbiano, Malvasia, Pinot Grigio\u2026).<\/p>\n<\/div>\n<div id=\"tab_uso\" class=\"panel entry-content\" role=\"tabpanel\" aria-labelledby=\"tab-uso\">\n<h4>Uso<\/h4>\n<ul>\n<li>Despeje delicadamente a quantidade desejada de fermento em 10 vezes seu peso de \u00e1gua da torneira a 30-35\u00b0C em um recipiente largo. Preste aten\u00e7\u00e3o para cobrir toda a superf\u00edcie da \u00e1gua criando uma fina camada de fermento.<\/li>\n<li>Deixe descansar por 20 minutos.<\/li>\n<li>Misture delicadamente para completar a reidrata\u00e7\u00e3o do fermento, evitando a forma\u00e7\u00e3o de grumos antes da aclimata\u00e7\u00e3o.<\/li>\n<li>Duplique progressivamente o volume da suspens\u00e3o de levedura adicionando mosto do tanque enquanto agita a mistura, para que a temperatura do fermento inicial diminua e a ativa\u00e7\u00e3o da levedura comece.<\/li>\n<li>Deixe descansar por 10 minutos.<\/li>\n<li>Homogeneizar e incorporar o fermento inicial no tanque de fermenta\u00e7\u00e3o durante uma remontagem com aera\u00e7\u00e3o.<\/li>\n<\/ul>\n<\/div><\/div><\/div>\n\t<div id=\"gap-869189874\" class=\"gap-element clearfix\" style=\"display:block; height:auto;\">\n\t\t\n<style>\n#gap-869189874 {\n  padding-top: 30px;\n}\n<\/style>\n\t<\/div>\n\t\n<div class=\"container section-title-container\" ><h3 class=\"section-title section-title-center\"><b aria-hidden=\"true\"><\/b><span class=\"section-title-main\" style=\"font-size:115%;\">Caracter\u00edsticas t\u00e9cnicas do Saf\u0152no\u2122 VR 44<\/span><b aria-hidden=\"true\"><\/b><\/h3><\/div>\n\n\t\t<div class=\"tabbed-content\">\n\t\t\t\n\t\t\t<ul class=\"nav nav-tabs nav-uppercase nav-size-normal nav-left\" role=\"tablist\"><li id=\"tab-fermenta\u00e7\u00e3o\" class=\"tab active has-icon\" role=\"presentation\"><a href=\"#tab_fermenta\u00e7\u00e3o\" role=\"tab\" aria-selected=\"true\" aria-controls=\"tab_fermenta\u00e7\u00e3o\"><span>Fermenta\u00e7\u00e3o<\/span><\/a><\/li>\n<li id=\"tab-metab\u00f3licos\" class=\"tab has-icon\" role=\"presentation\"><a href=\"#tab_metab\u00f3licos\" tabindex=\"-1\" role=\"tab\" aria-selected=\"false\" aria-controls=\"tab_metab\u00f3licos\"><span>Metab\u00f3licos<\/span><\/a><\/li>\n<li id=\"tab-f\u00e1cil-de-usar\" class=\"tab has-icon\" role=\"presentation\"><a href=\"#tab_f\u00e1cil-de-usar\" tabindex=\"-1\" role=\"tab\" aria-selected=\"false\" aria-controls=\"tab_f\u00e1cil-de-usar\"><span>F\u00e1cil de Usar<\/span><\/a><\/li>\n<li id=\"tab-embalagem-e-garantia\" class=\"tab has-icon\" role=\"presentation\"><a href=\"#tab_embalagem-e-garantia\" tabindex=\"-1\" role=\"tab\" aria-selected=\"false\" aria-controls=\"tab_embalagem-e-garantia\"><span>Embalagem e garantia<\/span><\/a><\/li><\/ul><div class=\"tab-panels\"><div id=\"tab_fermenta\u00e7\u00e3o\" class=\"panel active entry-content\" role=\"tabpanel\" aria-labelledby=\"tab-fermenta\u00e7\u00e3o\">\n<p>\u2192 Cepa de car\u00e1ter matador, permitindo uma boa sedimenta\u00e7\u00e3o e um r\u00e1pido in\u00edcio de fermenta\u00e7\u00e3o<br data-source=\" \\r\\n\" \/>\u2192 Fermenta\u00e7\u00e3o regular e completa de a\u00e7\u00facares<br data-source=\" \\r\\n\" \/>\u2192 Temperatura de fermenta\u00e7\u00e3o: 10\u00b0C a 40\u00b0C<br data-source=\" \\r\\n\" \/>\u2192 Toler\u00e2ncia ao \u00e1lcool: 16% vol.\/vol.<br data-source=\" \\r\\n\" \/>\u2192 Baixa necessidade de nitrog\u00eanio<br data-source=\" \\r\\n\\r\\n\" \/><\/p>\n<\/div>\n<div id=\"tab_metab\u00f3licos\" class=\"panel entry-content\" role=\"tabpanel\" aria-labelledby=\"tab-metab\u00f3licos\">\n<p>\u2192 Rendimento de a\u00e7\u00facar\/\u00e1lcool: 16,5 g\/l para 1% vol.\/vol.<br data-source=\" \\r\\n\" \/>\u2192 Baixa produ\u00e7\u00e3o de acetalde\u00eddo (&lt;30mg\/L) e SO2<br data-source=\" \\r\\n\" \/>\u2192 Baixa produ\u00e7\u00e3o de espuma<br data-source=\" \\r\\n\\r\\n\" \/><\/p>\n<\/div>\n<div id=\"tab_f\u00e1cil-de-usar\" class=\"panel entry-content\" role=\"tabpanel\" aria-labelledby=\"tab-f\u00e1cil-de-usar\">\n<ul>\n<li>O know-how da Lesaffre e a melhoria cont\u00ednua do processo de produ\u00e7\u00e3o de leveduras levam \u00e0 obten\u00e7\u00e3o<strong> de uma qualidade excepcional de leveduras secas capazes de resistir a uma ampla gama de usos, incluindo frio ou nenhuma reidrata\u00e7\u00e3o, sem afetar sua viabilidade, perfil cin\u00e9tico e\/ou anal\u00edtico. <\/strong>Os produtores de vinho podem escolher as condi\u00e7\u00f5es de uso que melhor se adaptam \u00e0s suas necessidades, ou seja:\n<ul>\n<li><strong>Inocula\u00e7\u00e3o direta:<\/strong> Despeje a levedura na superf\u00edcie de <strong>pelo menos 10 vezes o seu peso de mosto<\/strong> (possivelmente diretamente no topo do tanque ou durante o enchimento do tanque ap\u00f3s a decanta\u00e7\u00e3o para brancos e ros\u00e9s). Misture delicadamente para evitar ou desfazer grumos. <strong>Transfira imediatamente para o tanque por meio de bombeamento com aera\u00e7\u00e3o <\/strong>(ou homogeneize o volume do tanque).<\/li>\n<li><strong>Com reidrata\u00e7\u00e3o pr\u00e9via:<\/strong> Despeje o fermento na superf\u00edcie<strong> de 10 vezes seu peso em \u00e1gua da torneira em temperatura ambiente.<\/strong> Misture delicadamente para evitar ou desfazer grumos. <strong>Aguarde 20 minutos e transfira para o tanque por meio de bombeamento com aera\u00e7\u00e3o.<\/strong><\/li>\n<\/ul>\n<\/li>\n<\/ul>\n<\/div>\n<div id=\"tab_embalagem-e-garantia\" class=\"panel entry-content\" role=\"tabpanel\" aria-labelledby=\"tab-embalagem-e-garantia\">\n<h4>Armazenamento<\/h4>\n<p>Caixa com 20 sach\u00eas embalados a v\u00e1cuo de 500g cada (peso l\u00edquido da caixa completa: 10 kg).<\/p>\n<p>Caixa com 1 caixa embalada a v\u00e1cuo de 10 Kg (peso l\u00edquido da caixa completa: 10 kg).<\/p>\n<h4>Garantia<\/h4>\n<p>O alto teor de mat\u00e9ria seca de nossas leveduras garante um armazenamento ideal em sua embalagem original a uma temperatura n\u00e3o superior a 20\u00b0C (durante 3 anos) e 10\u00b0C para armazenamento prolongado (4 anos). A Fermentis garante que o produto est\u00e1 em conformidade com o Codex Enol\u00f3gico Internacional at\u00e9 a Data de Validade nas condi\u00e7\u00f5es de armazenamento mencionadas acima.<\/p>\n<p><em>Cada levedura Fermentis \u00e9 desenvolvida sob um esquema de produ\u00e7\u00e3o espec\u00edfico e se beneficia do know-how do grupo Lesaffre, l\u00edder mundial na fabrica\u00e7\u00e3o de leveduras. Isso garante a mais alta pureza microbiol\u00f3gica e m\u00e1xima atividade de fermenta\u00e7\u00e3o.<\/em><\/p>\n<\/div><\/div><\/div>\n\t<div id=\"gap-1256581840\" class=\"gap-element clearfix\" style=\"display:block; height:auto;\">\n\t\t\n<style>\n#gap-1256581840 {\n  padding-top: 30px;\n}\n<\/style>\n\t<\/div>\n\t\n<p><em>Observe que voc\u00ea pode encontrar uma classifica\u00e7\u00e3o de levedura diferente para este produto em nossos sach\u00eas e em vers\u00f5es mais antigas de nossas ferramentas de comunica\u00e7\u00e3o. <\/em><br \/>\n<em>De fato, este produto foi anteriormente classificado como Saccharomyces bayanus, mas como a classifica\u00e7\u00e3o taxon\u00f4mica de leveduras \u00e9 um conceito altamente evolutivo, a edi\u00e7\u00e3o mais recente de \u2018The Yeast, a taxonomic study\u2019 nos fez revisar nossa classifica\u00e7\u00e3o para estar alinhada \u00e0 comunidade cient\u00edfica. <\/em><br \/>\n<em>Por raz\u00f5es sustent\u00e1veis, optamos por usar nosso estoque restante de sach\u00eas impressos antes de reimprimir novos.<\/em><br \/>\n<em>Enquanto isso, n\u00e3o se preocupe se voc\u00ea j\u00e1 fermentou sua bebida com essa cepa de levedura, a classifica\u00e7\u00e3o taxon\u00f4mica da levedura n\u00e3o tem impacto nas caracter\u00edsticas do produto.<\/em><\/p>\n\t<div id=\"gap-858100849\" class=\"gap-element clearfix\" style=\"display:block; height:auto;\">\n\t\t\n<style>\n#gap-858100849 {\n  padding-top: 30px;\n}\n<\/style>\n\t<\/div>\n\t\n<p><i>Os dados contidos nesta ficha t\u00e9cnica s\u00e3o a transcri\u00e7\u00e3o exata do nosso conhecimento do produto na data mencionada. Eles s\u00e3o propriedade exclusiva da Fermentis-Division da S.I.Lesaffre. \u00c9 de responsabilidade do usu\u00e1rio garantir que o uso deste produto espec\u00edfico esteja em conformidade com a legisla\u00e7\u00e3o.<\/i><\/p>\n","protected":false},"excerpt":{"rendered":"<p>Para fermenta\u00e7\u00f5es seguras e vinhos espumantes<\/p>\n","protected":false},"featured_media":44197,"comment_status":"closed","ping_status":"closed","template":"","meta":{"_acf_changed":false},"product_brand":[],"product_cat":[2555,2556,2557],"product_tag":[2632,2633],"class_list":{"0":"post-44196","1":"product","2":"type-product","3":"status-publish","4":"has-post-thumbnail","6":"product_cat-active-dry-yeast-wine-pt-br","7":"product_cat-safoeno-pt-br-2","8":"product_cat-wine-making-pt-br","9":"product_tag-vr-44-pt-br","10":"product_tag-vr44-pt-br","11":"pa_fermentation-temperature-10-pt-br","12":"pa_fermentation-temperature-30-pt-br","13":"pa_flavor-profile-fruity-pt-br","14":"pa_flavor-profile-terpenes-pt-br","15":"pa_kinetics-fast-pt-br","16":"pa_max-alcohol-16-pt-br","17":"pa_nutrients-need-very-low-pt-br","18":"pa_red-fruity-profile-ripe-fruit-pt-br","19":"pa_roundness-high-pt-br","20":"pa_structure-low-pt-br","21":"pa_wine-color-red-pt-br","22":"pa_wine-color-rose-pt-br","23":"pa_wine-color-sparkling-pt-br","24":"pa_wine-color-white-pt-br","26":"first","27":"instock","28":"shipping-taxable","29":"product-type-simple"},"acf":[],"yoast_head":"<!-- This site is optimized with the Yoast SEO Premium plugin v27.4 (Yoast SEO v27.4) - https:\/\/yoast.com\/product\/yoast-seo-premium-wordpress\/ -->\n<title>SafOeno VR 44 - Levedura de vinho para fermenta\u00e7\u00e3o segura - Fermentis<\/title>\n<meta name=\"description\" content=\"A levedura para vinho Fermentis SafOeno VR 44 \u00e9 ideal para produzir tintos, ros\u00e9s, brancos e espumantes em condi\u00e7\u00f5es extremas de produ\u00e7\u00e3o de vinho. Obtenha ajuda com nosso aplicativo!\" \/>\n<meta name=\"robots\" content=\"index, follow, max-snippet:-1, max-image-preview:large, max-video-preview:-1\" \/>\n<link rel=\"canonical\" href=\"https:\/\/fermentis.com\/pt-br\/produto\/safoeno-vr-44\/\" \/>\n<meta property=\"og:locale\" content=\"pt_BR\" \/>\n<meta property=\"og:type\" content=\"article\" \/>\n<meta property=\"og:title\" content=\"Saf\u0152no\u2122 VR 44\" \/>\n<meta property=\"og:description\" content=\"A levedura para vinho Fermentis SafOeno VR 44 \u00e9 ideal para produzir tintos, ros\u00e9s, brancos e espumantes em condi\u00e7\u00f5es extremas de produ\u00e7\u00e3o de vinho. Obtenha ajuda com nosso aplicativo!\" \/>\n<meta property=\"og:url\" content=\"https:\/\/fermentis.com\/pt-br\/produto\/safoeno-vr-44\/\" \/>\n<meta property=\"og:site_name\" content=\"Fermentis\" \/>\n<meta property=\"article:publisher\" content=\"https:\/\/www.facebook.com\/Fermentis\" \/>\n<meta property=\"article:modified_time\" content=\"2026-04-17T17:57:38+00:00\" \/>\n<meta property=\"og:image\" content=\"https:\/\/fermentis.com\/wp-content\/uploads\/2020\/10\/safoeno-vr44.jpg\" \/>\n\t<meta property=\"og:image:width\" content=\"1200\" \/>\n\t<meta property=\"og:image:height\" content=\"1200\" \/>\n\t<meta property=\"og:image:type\" content=\"image\/jpeg\" \/>\n<meta name=\"twitter:card\" content=\"summary_large_image\" \/>\n<meta name=\"twitter:site\" content=\"@fermentis\" \/>\n<meta name=\"twitter:label1\" content=\"Pre\u00e7o\" \/>\n\t<meta name=\"twitter:data1\" content=\"\" \/>\n\t<meta name=\"twitter:label2\" content=\"Disponibilidade\" \/>\n\t<meta name=\"twitter:data2\" content=\"Em Estoque\" \/>\n<script type=\"application\/ld+json\" class=\"yoast-schema-graph\">{\"@context\":\"https:\\\/\\\/schema.org\",\"@graph\":[{\"@type\":\"WebPage\",\"@id\":\"https:\\\/\\\/fermentis.com\\\/pt-br\\\/produto\\\/safoeno-vr-44\\\/\",\"url\":\"https:\\\/\\\/fermentis.com\\\/pt-br\\\/produto\\\/safoeno-vr-44\\\/\",\"name\":\"SafOeno VR 44 - Levedura de vinho para fermenta\u00e7\u00e3o segura - Fermentis\",\"isPartOf\":{\"@id\":\"https:\\\/\\\/fermentis.com\\\/pt-br\\\/#website\"},\"primaryImageOfPage\":{\"@id\":\"https:\\\/\\\/fermentis.com\\\/pt-br\\\/produto\\\/safoeno-vr-44\\\/#primaryimage\"},\"image\":{\"@id\":\"https:\\\/\\\/fermentis.com\\\/pt-br\\\/produto\\\/safoeno-vr-44\\\/#primaryimage\"},\"thumbnailUrl\":\"https:\\\/\\\/fermentis.com\\\/wp-content\\\/uploads\\\/2020\\\/10\\\/safoeno-vr44.jpg\",\"datePublished\":\"2020-04-05T22:00:00+00:00\",\"dateModified\":\"2026-04-17T17:57:38+00:00\",\"description\":\"A levedura para vinho Fermentis SafOeno VR 44 \u00e9 ideal para produzir tintos, ros\u00e9s, brancos e espumantes em condi\u00e7\u00f5es extremas de produ\u00e7\u00e3o de vinho. Obtenha ajuda com nosso aplicativo!\",\"breadcrumb\":{\"@id\":\"https:\\\/\\\/fermentis.com\\\/pt-br\\\/produto\\\/safoeno-vr-44\\\/#breadcrumb\"},\"inLanguage\":\"pt-BR\",\"potentialAction\":[{\"@type\":\"ReadAction\",\"target\":[\"https:\\\/\\\/fermentis.com\\\/pt-br\\\/produto\\\/safoeno-vr-44\\\/\"]}]},{\"@type\":\"ImageObject\",\"inLanguage\":\"pt-BR\",\"@id\":\"https:\\\/\\\/fermentis.com\\\/pt-br\\\/produto\\\/safoeno-vr-44\\\/#primaryimage\",\"url\":\"https:\\\/\\\/fermentis.com\\\/wp-content\\\/uploads\\\/2020\\\/10\\\/safoeno-vr44.jpg\",\"contentUrl\":\"https:\\\/\\\/fermentis.com\\\/wp-content\\\/uploads\\\/2020\\\/10\\\/safoeno-vr44.jpg\",\"width\":1200,\"height\":1200},{\"@type\":\"BreadcrumbList\",\"@id\":\"https:\\\/\\\/fermentis.com\\\/pt-br\\\/produto\\\/safoeno-vr-44\\\/#breadcrumb\",\"itemListElement\":[{\"@type\":\"ListItem\",\"position\":1,\"name\":\"Home\",\"item\":\"https:\\\/\\\/fermentis.com\\\/pt-br\\\/\"},{\"@type\":\"ListItem\",\"position\":2,\"name\":\"Produtos\"},{\"@type\":\"ListItem\",\"position\":3,\"name\":\"Wine making\",\"item\":\"https:\\\/\\\/fermentis.com\\\/pt-br\\\/fermentation\\\/wine-making-pt-br\\\/\"},{\"@type\":\"ListItem\",\"position\":4,\"name\":\"Saf\u0152no\u2122 VR 44\"}]},{\"@type\":\"WebSite\",\"@id\":\"https:\\\/\\\/fermentis.com\\\/pt-br\\\/#website\",\"url\":\"https:\\\/\\\/fermentis.com\\\/pt-br\\\/\",\"name\":\"Fermentis\",\"description\":\"Un site utilisant WordPress\",\"publisher\":{\"@id\":\"https:\\\/\\\/fermentis.com\\\/pt-br\\\/#organization\"},\"potentialAction\":[{\"@type\":\"SearchAction\",\"target\":{\"@type\":\"EntryPoint\",\"urlTemplate\":\"https:\\\/\\\/fermentis.com\\\/pt-br\\\/?s={search_term_string}\"},\"query-input\":{\"@type\":\"PropertyValueSpecification\",\"valueRequired\":true,\"valueName\":\"search_term_string\"}}],\"inLanguage\":\"pt-BR\"},{\"@type\":\"Organization\",\"@id\":\"https:\\\/\\\/fermentis.com\\\/pt-br\\\/#organization\",\"name\":\"Fermentis\",\"url\":\"https:\\\/\\\/fermentis.com\\\/pt-br\\\/\",\"logo\":{\"@type\":\"ImageObject\",\"inLanguage\":\"pt-BR\",\"@id\":\"https:\\\/\\\/fermentis.com\\\/pt-br\\\/#\\\/schema\\\/logo\\\/image\\\/\",\"url\":\"https:\\\/\\\/fermentis.com\\\/wp-content\\\/uploads\\\/2021\\\/07\\\/Logo-Fermentis-5.png\",\"contentUrl\":\"https:\\\/\\\/fermentis.com\\\/wp-content\\\/uploads\\\/2021\\\/07\\\/Logo-Fermentis-5.png\",\"width\":308,\"height\":95,\"caption\":\"Fermentis\"},\"image\":{\"@id\":\"https:\\\/\\\/fermentis.com\\\/pt-br\\\/#\\\/schema\\\/logo\\\/image\\\/\"},\"sameAs\":[\"https:\\\/\\\/www.facebook.com\\\/Fermentis\",\"https:\\\/\\\/x.com\\\/fermentis\",\"https:\\\/\\\/www.instagram.com\\\/fermentisbylesaffre\\\/\",\"https:\\\/\\\/www.linkedin.com\\\/company\\\/fermentis\\\/\",\"https:\\\/\\\/www.youtube.com\\\/channel\\\/UCt_Lp3IZnUNXZeqSi6iiAdA\"]}]}<\/script>\n<meta property=\"product:price:currency\" content=\"GBP\" \/>\n<meta property=\"og:availability\" content=\"instock\" \/>\n<meta property=\"product:availability\" content=\"instock\" \/>\n<meta property=\"product:condition\" content=\"new\" \/>\n<!-- \/ Yoast SEO Premium plugin. -->","yoast_head_json":{"title":"SafOeno VR 44 - Levedura de vinho para fermenta\u00e7\u00e3o segura - Fermentis","description":"A levedura para vinho Fermentis SafOeno VR 44 \u00e9 ideal para produzir tintos, ros\u00e9s, brancos e espumantes em condi\u00e7\u00f5es extremas de produ\u00e7\u00e3o de vinho. Obtenha ajuda com nosso aplicativo!","robots":{"index":"index","follow":"follow","max-snippet":"max-snippet:-1","max-image-preview":"max-image-preview:large","max-video-preview":"max-video-preview:-1"},"canonical":"https:\/\/fermentis.com\/pt-br\/produto\/safoeno-vr-44\/","og_locale":"pt_BR","og_type":"article","og_title":"Saf\u0152no\u2122 VR 44","og_description":"A levedura para vinho Fermentis SafOeno VR 44 \u00e9 ideal para produzir tintos, ros\u00e9s, brancos e espumantes em condi\u00e7\u00f5es extremas de produ\u00e7\u00e3o de vinho. Obtenha ajuda com nosso aplicativo!","og_url":"https:\/\/fermentis.com\/pt-br\/produto\/safoeno-vr-44\/","og_site_name":"Fermentis","article_publisher":"https:\/\/www.facebook.com\/Fermentis","article_modified_time":"2026-04-17T17:57:38+00:00","og_image":[{"width":1200,"height":1200,"url":"https:\/\/fermentis.com\/wp-content\/uploads\/2020\/10\/safoeno-vr44.jpg","type":"image\/jpeg"}],"twitter_card":"summary_large_image","twitter_site":"@fermentis","twitter_misc":{"Pre\u00e7o":"","Disponibilidade":"Em Estoque"},"schema":{"@context":"https:\/\/schema.org","@graph":[{"@type":"WebPage","@id":"https:\/\/fermentis.com\/pt-br\/produto\/safoeno-vr-44\/","url":"https:\/\/fermentis.com\/pt-br\/produto\/safoeno-vr-44\/","name":"SafOeno VR 44 - Levedura de vinho para fermenta\u00e7\u00e3o segura - Fermentis","isPartOf":{"@id":"https:\/\/fermentis.com\/pt-br\/#website"},"primaryImageOfPage":{"@id":"https:\/\/fermentis.com\/pt-br\/produto\/safoeno-vr-44\/#primaryimage"},"image":{"@id":"https:\/\/fermentis.com\/pt-br\/produto\/safoeno-vr-44\/#primaryimage"},"thumbnailUrl":"https:\/\/fermentis.com\/wp-content\/uploads\/2020\/10\/safoeno-vr44.jpg","datePublished":"2020-04-05T22:00:00+00:00","dateModified":"2026-04-17T17:57:38+00:00","description":"A levedura para vinho Fermentis SafOeno VR 44 \u00e9 ideal para produzir tintos, ros\u00e9s, brancos e espumantes em condi\u00e7\u00f5es extremas de produ\u00e7\u00e3o de vinho. Obtenha ajuda com nosso aplicativo!","breadcrumb":{"@id":"https:\/\/fermentis.com\/pt-br\/produto\/safoeno-vr-44\/#breadcrumb"},"inLanguage":"pt-BR","potentialAction":[{"@type":"ReadAction","target":["https:\/\/fermentis.com\/pt-br\/produto\/safoeno-vr-44\/"]}]},{"@type":"ImageObject","inLanguage":"pt-BR","@id":"https:\/\/fermentis.com\/pt-br\/produto\/safoeno-vr-44\/#primaryimage","url":"https:\/\/fermentis.com\/wp-content\/uploads\/2020\/10\/safoeno-vr44.jpg","contentUrl":"https:\/\/fermentis.com\/wp-content\/uploads\/2020\/10\/safoeno-vr44.jpg","width":1200,"height":1200},{"@type":"BreadcrumbList","@id":"https:\/\/fermentis.com\/pt-br\/produto\/safoeno-vr-44\/#breadcrumb","itemListElement":[{"@type":"ListItem","position":1,"name":"Home","item":"https:\/\/fermentis.com\/pt-br\/"},{"@type":"ListItem","position":2,"name":"Produtos"},{"@type":"ListItem","position":3,"name":"Wine making","item":"https:\/\/fermentis.com\/pt-br\/fermentation\/wine-making-pt-br\/"},{"@type":"ListItem","position":4,"name":"Saf\u0152no\u2122 VR 44"}]},{"@type":"WebSite","@id":"https:\/\/fermentis.com\/pt-br\/#website","url":"https:\/\/fermentis.com\/pt-br\/","name":"Fermentis","description":"Un site utilisant WordPress","publisher":{"@id":"https:\/\/fermentis.com\/pt-br\/#organization"},"potentialAction":[{"@type":"SearchAction","target":{"@type":"EntryPoint","urlTemplate":"https:\/\/fermentis.com\/pt-br\/?s={search_term_string}"},"query-input":{"@type":"PropertyValueSpecification","valueRequired":true,"valueName":"search_term_string"}}],"inLanguage":"pt-BR"},{"@type":"Organization","@id":"https:\/\/fermentis.com\/pt-br\/#organization","name":"Fermentis","url":"https:\/\/fermentis.com\/pt-br\/","logo":{"@type":"ImageObject","inLanguage":"pt-BR","@id":"https:\/\/fermentis.com\/pt-br\/#\/schema\/logo\/image\/","url":"https:\/\/fermentis.com\/wp-content\/uploads\/2021\/07\/Logo-Fermentis-5.png","contentUrl":"https:\/\/fermentis.com\/wp-content\/uploads\/2021\/07\/Logo-Fermentis-5.png","width":308,"height":95,"caption":"Fermentis"},"image":{"@id":"https:\/\/fermentis.com\/pt-br\/#\/schema\/logo\/image\/"},"sameAs":["https:\/\/www.facebook.com\/Fermentis","https:\/\/x.com\/fermentis","https:\/\/www.instagram.com\/fermentisbylesaffre\/","https:\/\/www.linkedin.com\/company\/fermentis\/","https:\/\/www.youtube.com\/channel\/UCt_Lp3IZnUNXZeqSi6iiAdA"]}]},"product_price_currency":"GBP","og_availability":"instock","product_availability":"instock","product_condition":"new"},"_links":{"self":[{"href":"https:\/\/fermentis.com\/pt-br\/wp-json\/wp\/v2\/product\/44196","targetHints":{"allow":["GET"]}}],"collection":[{"href":"https:\/\/fermentis.com\/pt-br\/wp-json\/wp\/v2\/product"}],"about":[{"href":"https:\/\/fermentis.com\/pt-br\/wp-json\/wp\/v2\/types\/product"}],"replies":[{"embeddable":true,"href":"https:\/\/fermentis.com\/pt-br\/wp-json\/wp\/v2\/comments?post=44196"}],"wp:featuredmedia":[{"embeddable":true,"href":"https:\/\/fermentis.com\/pt-br\/wp-json\/wp\/v2\/media\/44197"}],"wp:attachment":[{"href":"https:\/\/fermentis.com\/pt-br\/wp-json\/wp\/v2\/media?parent=44196"}],"wp:term":[{"taxonomy":"product_brand","embeddable":true,"href":"https:\/\/fermentis.com\/pt-br\/wp-json\/wp\/v2\/product_brand?post=44196"},{"taxonomy":"product_cat","embeddable":true,"href":"https:\/\/fermentis.com\/pt-br\/wp-json\/wp\/v2\/product_cat?post=44196"},{"taxonomy":"product_tag","embeddable":true,"href":"https:\/\/fermentis.com\/pt-br\/wp-json\/wp\/v2\/product_tag?post=44196"}],"curies":[{"name":"wp","href":"https:\/\/api.w.org\/{rel}","templated":true}]}}