{"id":44200,"date":"2020-04-06T00:00:00","date_gmt":"2020-04-05T22:00:00","guid":{"rendered":"https:\/\/fermentis.com\/product\/safoeno-gv-s107\/"},"modified":"2026-04-17T20:44:54","modified_gmt":"2026-04-17T18:44:54","slug":"safoeno-gv-s107","status":"publish","type":"product","link":"https:\/\/fermentis.com\/pt-br\/produto\/safoeno-gv-s107\/","title":{"rendered":"Saf\u0152no\u2122 GV&nbsp; S107"},"content":{"rendered":"<div class=\"container section-title-container\" ><h2 class=\"section-title section-title-center\"><b aria-hidden=\"true\"><\/b><span class=\"section-title-main\" style=\"font-size:115%;\">IDEAL PARA VINHOS BRANCOS ENVELHECIDOS EM BARRIL<\/span><b aria-hidden=\"true\"><\/b><\/h2><\/div>\n<p><strong>O Saf\u0152no\u2122 GV S107<\/strong> foi isolado de 6 diferentes regi\u00f5es vin\u00edcolas portuguesas de 1.500 cepas isoladas em um doutorado de 3 anos, pela sua capacidade de real\u00e7ar as qualidades de castas nobres destinadas \u00e0 produ\u00e7\u00e3o de vinhos brancos premium.<\/p>\n<p><strong>Vinhos brancos tranquilos. Dosagem:<\/strong> 20 g\/hl<\/p>\n<p><strong>Ingredientes:<\/strong>levedura<em> (Saccharomyces cerevisiae)<\/em>, emulsificante: E491 (monoestearato de sorbitano)<\/p>\n\t<div id=\"gap-302939245\" class=\"gap-element clearfix\" style=\"display:block; height:auto;\">\n\t\t\n<style>\n#gap-302939245 {\n  padding-top: 30px;\n}\n<\/style>\n\t<\/div>\n\t\n<div class=\"container section-title-container\" ><h3 class=\"section-title section-title-center\"><b aria-hidden=\"true\"><\/b><span class=\"section-title-main\" style=\"font-size:115%;\">Caracter\u00edsticas sensoriais do Saf\u0152no\u2122 GV S107<\/span><b aria-hidden=\"true\"><\/b><\/h3><\/div>\n\n\t\t<div class=\"tabbed-content\">\n\t\t\t\n\t\t\t<ul class=\"nav nav-tabs nav-uppercase nav-size-normal nav-left\" role=\"tablist\"><li id=\"tab-recomenda\u00e7\u00f5es\" class=\"tab active has-icon\" role=\"presentation\"><a href=\"#tab_recomenda\u00e7\u00f5es\" role=\"tab\" aria-selected=\"true\" aria-controls=\"tab_recomenda\u00e7\u00f5es\"><span>Recomenda\u00e7\u00f5es<\/span><\/a><\/li>\n<li id=\"tab-experimento\" class=\"tab has-icon\" role=\"presentation\"><a href=\"#tab_experimento\" tabindex=\"-1\" role=\"tab\" aria-selected=\"false\" aria-controls=\"tab_experimento\"><span>Experimento<\/span><\/a><\/li><\/ul><div class=\"tab-panels\"><div id=\"tab_recomenda\u00e7\u00f5es\" class=\"panel active entry-content\" role=\"tabpanel\" aria-labelledby=\"tab-recomenda\u00e7\u00f5es\">\n<h4>Brancos elegantes premium<\/h4>\n<p>Saf\u0152no\u2122 GV S107 \u00e9 recomendado para produtores de vinho que buscam real\u00e7ar a redondez e a complexidade arom\u00e1tica de seus vinhos brancos, especialmente para cultivares elegantes sem grandes precursores de aroma, como o Chardonnay.<br \/>\nGra\u00e7as \u00e0 sua limpeza anal\u00edtica e arom\u00e1tica, \u00e9 perfeitamente adequado para vinhos brancos encorpados, com alto teor alco\u00f3lico e pH elevado, provenientes de frutas maduras, fermentados em barris e\/ou envelhecidos sobre borras e submetidos \u00e0 fermenta\u00e7\u00e3o malol\u00e1tica. O seu final doce e duradouro proporcionar\u00e1 uma vantagem real para vinhos brancos premium de curto envelhecimento.<\/p>\n\t<div id=\"gap-1364920458\" class=\"gap-element clearfix\" style=\"display:block; height:auto;\">\n\t\t\n<style>\n#gap-1364920458 {\n  padding-top: &quot;20px&quot;;\n}\n<\/style>\n\t<\/div>\n\t\n<h4>Brancos de frutas frescas e florais<\/h4>\n<p>Em termos de fermenta\u00e7\u00e3o, o Saf\u0152no\u2122 GV S107 \u00e9 caracterizado pela promo\u00e7\u00e3o de \u00e1lcoois superiores e \u00e9steres florais e frutados (em vez de acetato de isoamila). Do lado da variedade, ajuda a liberar aromas florais e c\u00edtricos (terpenos e C13-Norisopren\u00f3ides) das uvas. Assim, o Saf\u0152no\u2122 GV S107 promove suavemente variedades arom\u00e1ticas como Viognier, Chenin Blanc, Riesling, Gew\u00fcrztraminer\u2026 sempre trazendo uma boca persistente, fresca e bem equilibrada.<\/p>\n<\/div>\n<div id=\"tab_experimento\" class=\"panel entry-content\" role=\"tabpanel\" aria-labelledby=\"tab-experimento\">\n<p>Microvinifica\u00e7\u00e3o em Chardonnay da Costa Oeste dos EUA, 14,9% v\/v,\\r<br \/>\nYAN\/A\u00e7\u00facar: 0,99, pH 3,2, fermentado a 14-15\u00b0C (57-59\u00b0F) constante.<\/p>\n\t<div class=\"img has-hover x md-x lg-x y md-y lg-y\" id=\"image_1700246915\">\n\t\t\t\t\t\t\t\t<div class=\"img-inner dark\" >\n\t\t\t<img loading=\"lazy\" decoding=\"async\" width=\"795\" height=\"327\" src=\"https:\/\/fermentis.com\/wp-content\/uploads\/2020\/02\/HD54-profile.jpg\" class=\"attachment-large size-large\" alt=\"\" srcset=\"https:\/\/fermentis.com\/wp-content\/uploads\/2020\/02\/HD54-profile.jpg 795w, https:\/\/fermentis.com\/wp-content\/uploads\/2020\/02\/HD54-profile-768x316.jpg 768w, https:\/\/fermentis.com\/wp-content\/uploads\/2020\/02\/HD54-profile-600x247.jpg 600w, https:\/\/fermentis.com\/wp-content\/uploads\/2020\/02\/HD54-profile-300x123.jpg 300w\" sizes=\"auto, (max-width: 795px) 100vw, 795px\" \/>\t\t\t\t\t\t\n\t\t\t\t\t<\/div>\n\t\t\t\t\t\t\t\t\n<style>\n#image_1700246915 {\n  width: 100%;\n}\n<\/style>\n\t<\/div>\n\t\n\t<div id=\"gap-1635178173\" class=\"gap-element clearfix\" style=\"display:block; height:auto;\">\n\t\t\n<style>\n#gap-1635178173 {\n  padding-top: 30px;\n}\n<\/style>\n\t<\/div>\n\t\n<p><strong>O Saf\u0152no\u2122 GV S107<\/strong> foi especialmente selecionado por seu perfil organol\u00e9ptico Premium Chardonnay idealmente adaptado.<\/p>\n<p>Degusta\u00e7\u00e3o realizada por 9 painelistas treinados.<\/p>\n<\/div><\/div><\/div>\n\t<div id=\"gap-350070244\" class=\"gap-element clearfix\" style=\"display:block; height:auto;\">\n\t\t\n<style>\n#gap-350070244 {\n  padding-top: 30px;\n}\n<\/style>\n\t<\/div>\n\t\n<div class=\"container section-title-container\" ><h3 class=\"section-title section-title-center\"><b aria-hidden=\"true\"><\/b><span class=\"section-title-main\" style=\"font-size:115%;\">Caracter\u00edsticas t\u00e9cnicas do Saf\u0152no\u2122 GV S107<\/span><b aria-hidden=\"true\"><\/b><\/h3><\/div>\n\n\t\t<div class=\"tabbed-content\">\n\t\t\t\n\t\t\t<ul class=\"nav nav-tabs nav-uppercase nav-size-normal nav-left\" role=\"tablist\"><li id=\"tab-fermenta\u00e7\u00e3o\" class=\"tab active has-icon\" role=\"presentation\"><a href=\"#tab_fermenta\u00e7\u00e3o\" role=\"tab\" aria-selected=\"true\" aria-controls=\"tab_fermenta\u00e7\u00e3o\"><span>Fermenta\u00e7\u00e3o<\/span><\/a><\/li>\n<li id=\"tab-metab\u00f3licos\" class=\"tab has-icon\" role=\"presentation\"><a href=\"#tab_metab\u00f3licos\" tabindex=\"-1\" role=\"tab\" aria-selected=\"false\" aria-controls=\"tab_metab\u00f3licos\"><span>Metab\u00f3licos<\/span><\/a><\/li>\n<li id=\"tab-f\u00e1cil-de-usar\" class=\"tab has-icon\" role=\"presentation\"><a href=\"#tab_f\u00e1cil-de-usar\" tabindex=\"-1\" role=\"tab\" aria-selected=\"false\" aria-controls=\"tab_f\u00e1cil-de-usar\"><span>F\u00e1cil de Usar<\/span><\/a><\/li>\n<li id=\"tab-embalagem-e-garantia\" class=\"tab has-icon\" role=\"presentation\"><a href=\"#tab_embalagem-e-garantia\" tabindex=\"-1\" role=\"tab\" aria-selected=\"false\" aria-controls=\"tab_embalagem-e-garantia\"><span>Embalagem e garantia<\/span><\/a><\/li><\/ul><div class=\"tab-panels\"><div id=\"tab_fermenta\u00e7\u00e3o\" class=\"panel active entry-content\" role=\"tabpanel\" aria-labelledby=\"tab-fermenta\u00e7\u00e3o\">\n<p>\u2192 Cin\u00e9tica em fun\u00e7\u00e3o do pH: m\u00e9dio lento &lt; pH 3,5 &lt; r\u00e1pido<br \/>\n\u2192 Amplo espectro de temperatura de fermenta\u00e7\u00e3o: 10-35 \u00b0C (50 \u2013 95 \u00b0F), muito resistente a baixas temperaturas<br \/>\n\u2192 Boa toler\u00e2ncia ao \u00e1lcool: &gt; 15% vol.\/vol.<br \/>\n\u2192 Alta resist\u00eancia ao SO<sub>2<\/sub><br \/>\n\u2192 Necessidades m\u00e9dias de nitrog\u00eanio: rela\u00e7\u00e3o YAN (mg\/L) \/ A\u00e7\u00facares (g\/L) entre 0,8 e 0,9.<br \/>\n\u2192 Fator assassino: Neutro<\/p>\n<\/div>\n<div id=\"tab_metab\u00f3licos\" class=\"panel entry-content\" role=\"tabpanel\" aria-labelledby=\"tab-metab\u00f3licos\">\n<p>\u2192 Etanol\/A\u00e7\u00facar de baixo rendimento<br \/>\n\u2192 Alta produ\u00e7\u00e3o de glicerol (7-8g\/l)<br \/>\n\u2192 Produ\u00e7\u00e3o de baixa acidez vol\u00e1til<br \/>\n\u2192 Produ\u00e7\u00e3o m\u00e9dia-baixa de compostos de enxofre (SO<sub>2<\/sub> , H<sub>2<\/sub>S) e combina\u00e7\u00e3o de baixo SO<sub>2<\/sub><br \/>\n\u2192 Alta produ\u00e7\u00e3o de \u00e1lcoois superiores (especialmente fenil-2-etanol) e \u00e9steres (especialmente \u00e9steres et\u00edlicos)<br \/>\n\u2192 Libera\u00e7\u00e3o m\u00e9dia de aromas vol\u00e1teis ligados glicosidicamente<\/p>\n<\/div>\n<div id=\"tab_f\u00e1cil-de-usar\" class=\"panel entry-content\" role=\"tabpanel\" aria-labelledby=\"tab-f\u00e1cil-de-usar\">\n<ul>\n<li>O know-how da Lesaffre e a melhoria cont\u00ednua do processo de produ\u00e7\u00e3o de leveduras levam \u00e0 obten\u00e7\u00e3o<strong> de uma qualidade excepcional de leveduras secas capazes de resistir a uma ampla gama de usos, incluindo frio ou nenhuma reidrata\u00e7\u00e3o, sem afetar sua viabilidade, perfil cin\u00e9tico e\/ou anal\u00edtico.<\/strong> Os produtores de vinho podem escolher as condi\u00e7\u00f5es de uso que melhor se adaptam \u00e0s suas necessidades, ou seja:\n<ul>\n<li><strong>Inocula\u00e7\u00e3o direta:<\/strong> Despeje a levedura na superf\u00edcie <strong>de pelo menos 10 vezes o seu peso de mosto<\/strong> (possivelmente diretamente no topo do tanque ou durante o enchimento do tanque ap\u00f3s a decanta\u00e7\u00e3o para brancos e ros\u00e9s). Misture delicadamente para evitar ou desfazer grumos. <strong>Transfira imediatamente para o tanque por meio de bombeamento com aera\u00e7\u00e3o<\/strong> (ou homogeneize o volume do tanque).<\/li>\n<li><strong>Com reidrata\u00e7\u00e3o pr\u00e9via:<\/strong> Despeje o fermento na superf\u00edcie de<strong> 10 vezes seu peso em \u00e1gua da torneira em temperatura ambiente.<\/strong> Misture delicadamente para evitar ou desfazer grumos. <strong>Aguarde 20 minutos e transfira para o tanque por meio de bombeamento com aera\u00e7\u00e3o.<\/strong><\/li>\n<\/ul>\n<\/li>\n<\/ul>\n<\/div>\n<div id=\"tab_embalagem-e-garantia\" class=\"panel entry-content\" role=\"tabpanel\" aria-labelledby=\"tab-embalagem-e-garantia\">\n<h4>Armazenamento<\/h4>\n<p>Caixa de 20 sach\u00eas embalados a v\u00e1cuo de 500g cada (peso l\u00edquido da caixa completa: 10 kg)<br \/>\nCaixa de 1 caixa embalada a v\u00e1cuo de 10 Kg (peso l\u00edquido da caixa completa: 10 kg)<\/p>\n<h4>Garantia<\/h4>\n<p>O alto teor de mat\u00e9ria seca de nossas leveduras garante um armazenamento ideal em sua embalagem original a uma temperatura n\u00e3o superior a 20\u00b0C (durante 3 anos) e 10\u00b0C para armazenamento prolongado (4 anos). A Fermentis garante que o produto est\u00e1 em conformidade com o Codex Enol\u00f3gico Internacional at\u00e9 a Data de Validade nas condi\u00e7\u00f5es de armazenamento mencionadas acima.<\/p>\n<p><em>Cada levedura Fermentis \u00e9 desenvolvida sob um esquema de produ\u00e7\u00e3o espec\u00edfico e se beneficia do know-how do grupo Lesaffre, l\u00edder mundial na fabrica\u00e7\u00e3o de leveduras. Isso garante a mais alta pureza microbiol\u00f3gica e m\u00e1xima atividade de fermenta\u00e7\u00e3o.<\/em><\/p>\n<\/div><\/div><\/div>\n\t<div id=\"gap-1693440588\" class=\"gap-element clearfix\" style=\"display:block; height:auto;\">\n\t\t\n<style>\n#gap-1693440588 {\n  padding-top: 30px;\n}\n<\/style>\n\t<\/div>\n\t\n<p><i>Os dados contidos nesta ficha t\u00e9cnica s\u00e3o a transcri\u00e7\u00e3o exata do nosso conhecimento do produto na data mencionada. Eles s\u00e3o propriedade exclusiva da Fermentis-Division da S.I.Lesaffre. \u00c9 de responsabilidade do usu\u00e1rio garantir que o uso deste produto espec\u00edfico esteja em conformidade com a legisla\u00e7\u00e3o.<\/i><\/p>\n","protected":false},"excerpt":{"rendered":"<p>Ideal para vinhos brancos envelhecidos em barril<\/p>\n","protected":false},"featured_media":44201,"comment_status":"closed","ping_status":"closed","template":"","meta":{"_acf_changed":false},"product_brand":[],"product_cat":[2555,2556,2557],"product_tag":[2637,2638,2639,2640],"class_list":{"0":"post-44200","1":"product","2":"type-product","3":"status-publish","4":"has-post-thumbnail","6":"product_cat-active-dry-yeast-wine-pt-br","7":"product_cat-safoeno-pt-br-2","8":"product_cat-wine-making-pt-br","9":"product_tag-gv-s107-pt-br","10":"product_tag-gvs107-pt-br","11":"product_tag-s-107-pt-br","12":"product_tag-s107-pt-br","13":"pa_fermentation-temperature-10-pt-br","14":"pa_fermentation-temperature-30-pt-br","15":"pa_flavor-profile-fruity-pt-br","16":"pa_flavor-profile-terpenes-pt-br","17":"pa_flavor-profile-thiols-pt-br","18":"pa_kinetics-slow-pt-br","19":"pa_max-alcohol-15-pt-br","20":"pa_nutrients-need-medium-pt-br","21":"pa_roundness-medium-high-pt-br","22":"pa_wine-color-rose-pt-br","23":"pa_wine-color-white-pt-br","25":"first","26":"instock","27":"shipping-taxable","28":"product-type-simple"},"acf":[],"yoast_head":"<!-- This site is optimized with the Yoast SEO Premium plugin v27.4 (Yoast SEO v27.4) - https:\/\/yoast.com\/product\/yoast-seo-premium-wordpress\/ -->\n<title>Saf\u0152no GV S107 - Levedura de vinho para brancos premium - Fermentis<\/title>\n<meta name=\"description\" content=\"A levedura de vinho Fermentis Saf\u0152no GV S107 \u00e9 ideal para real\u00e7ar as qualidades de uvas nobres e produzir vinhos brancos premium, tamb\u00e9m adequados para outros estilos de vinho\" \/>\n<meta name=\"robots\" content=\"index, follow, max-snippet:-1, max-image-preview:large, max-video-preview:-1\" \/>\n<link rel=\"canonical\" href=\"https:\/\/fermentis.com\/pt-br\/produto\/safoeno-gv-s107\/\" \/>\n<meta property=\"og:locale\" content=\"pt_BR\" \/>\n<meta property=\"og:type\" content=\"article\" \/>\n<meta property=\"og:title\" content=\"Saf\u0152no\u2122 GV&nbsp; S107\" \/>\n<meta property=\"og:description\" content=\"A levedura de vinho Fermentis Saf\u0152no GV S107 \u00e9 ideal para real\u00e7ar as qualidades de uvas nobres e produzir vinhos brancos premium, tamb\u00e9m adequados para outros estilos de vinho\" \/>\n<meta property=\"og:url\" content=\"https:\/\/fermentis.com\/pt-br\/produto\/safoeno-gv-s107\/\" \/>\n<meta property=\"og:site_name\" content=\"Fermentis\" \/>\n<meta property=\"article:publisher\" content=\"https:\/\/www.facebook.com\/Fermentis\" \/>\n<meta property=\"article:modified_time\" content=\"2026-04-17T18:44:54+00:00\" \/>\n<meta property=\"og:image\" content=\"https:\/\/fermentis.com\/wp-content\/uploads\/2020\/10\/safoeno-gv-s107.jpg\" \/>\n\t<meta property=\"og:image:width\" content=\"1200\" \/>\n\t<meta property=\"og:image:height\" content=\"1200\" \/>\n\t<meta property=\"og:image:type\" content=\"image\/jpeg\" \/>\n<meta name=\"twitter:card\" content=\"summary_large_image\" \/>\n<meta name=\"twitter:site\" content=\"@fermentis\" \/>\n<meta name=\"twitter:label1\" content=\"Pre\u00e7o\" \/>\n\t<meta name=\"twitter:data1\" content=\"\" \/>\n\t<meta name=\"twitter:label2\" content=\"Disponibilidade\" \/>\n\t<meta name=\"twitter:data2\" content=\"Em Estoque\" \/>\n<script type=\"application\/ld+json\" class=\"yoast-schema-graph\">{\"@context\":\"https:\\\/\\\/schema.org\",\"@graph\":[{\"@type\":\"WebPage\",\"@id\":\"https:\\\/\\\/fermentis.com\\\/pt-br\\\/produto\\\/safoeno-gv-s107\\\/\",\"url\":\"https:\\\/\\\/fermentis.com\\\/pt-br\\\/produto\\\/safoeno-gv-s107\\\/\",\"name\":\"Saf\u0152no GV S107 - Levedura de vinho para brancos premium - Fermentis\",\"isPartOf\":{\"@id\":\"https:\\\/\\\/fermentis.com\\\/pt-br\\\/#website\"},\"primaryImageOfPage\":{\"@id\":\"https:\\\/\\\/fermentis.com\\\/pt-br\\\/produto\\\/safoeno-gv-s107\\\/#primaryimage\"},\"image\":{\"@id\":\"https:\\\/\\\/fermentis.com\\\/pt-br\\\/produto\\\/safoeno-gv-s107\\\/#primaryimage\"},\"thumbnailUrl\":\"https:\\\/\\\/fermentis.com\\\/wp-content\\\/uploads\\\/2020\\\/10\\\/safoeno-gv-s107.jpg\",\"datePublished\":\"2020-04-05T22:00:00+00:00\",\"dateModified\":\"2026-04-17T18:44:54+00:00\",\"description\":\"A levedura de vinho Fermentis Saf\u0152no GV S107 \u00e9 ideal para real\u00e7ar as qualidades de uvas nobres e produzir vinhos brancos premium, tamb\u00e9m adequados para outros estilos de vinho\",\"breadcrumb\":{\"@id\":\"https:\\\/\\\/fermentis.com\\\/pt-br\\\/produto\\\/safoeno-gv-s107\\\/#breadcrumb\"},\"inLanguage\":\"pt-BR\",\"potentialAction\":[{\"@type\":\"ReadAction\",\"target\":[\"https:\\\/\\\/fermentis.com\\\/pt-br\\\/produto\\\/safoeno-gv-s107\\\/\"]}]},{\"@type\":\"ImageObject\",\"inLanguage\":\"pt-BR\",\"@id\":\"https:\\\/\\\/fermentis.com\\\/pt-br\\\/produto\\\/safoeno-gv-s107\\\/#primaryimage\",\"url\":\"https:\\\/\\\/fermentis.com\\\/wp-content\\\/uploads\\\/2020\\\/10\\\/safoeno-gv-s107.jpg\",\"contentUrl\":\"https:\\\/\\\/fermentis.com\\\/wp-content\\\/uploads\\\/2020\\\/10\\\/safoeno-gv-s107.jpg\",\"width\":1200,\"height\":1200},{\"@type\":\"BreadcrumbList\",\"@id\":\"https:\\\/\\\/fermentis.com\\\/pt-br\\\/produto\\\/safoeno-gv-s107\\\/#breadcrumb\",\"itemListElement\":[{\"@type\":\"ListItem\",\"position\":1,\"name\":\"Home\",\"item\":\"https:\\\/\\\/fermentis.com\\\/pt-br\\\/\"},{\"@type\":\"ListItem\",\"position\":2,\"name\":\"Produtos\"},{\"@type\":\"ListItem\",\"position\":3,\"name\":\"Wine making\",\"item\":\"https:\\\/\\\/fermentis.com\\\/pt-br\\\/fermentation\\\/wine-making-pt-br\\\/\"},{\"@type\":\"ListItem\",\"position\":4,\"name\":\"Saf\u0152no\u2122 GV&nbsp; S107\"}]},{\"@type\":\"WebSite\",\"@id\":\"https:\\\/\\\/fermentis.com\\\/pt-br\\\/#website\",\"url\":\"https:\\\/\\\/fermentis.com\\\/pt-br\\\/\",\"name\":\"Fermentis\",\"description\":\"Un site utilisant WordPress\",\"publisher\":{\"@id\":\"https:\\\/\\\/fermentis.com\\\/pt-br\\\/#organization\"},\"potentialAction\":[{\"@type\":\"SearchAction\",\"target\":{\"@type\":\"EntryPoint\",\"urlTemplate\":\"https:\\\/\\\/fermentis.com\\\/pt-br\\\/?s={search_term_string}\"},\"query-input\":{\"@type\":\"PropertyValueSpecification\",\"valueRequired\":true,\"valueName\":\"search_term_string\"}}],\"inLanguage\":\"pt-BR\"},{\"@type\":\"Organization\",\"@id\":\"https:\\\/\\\/fermentis.com\\\/pt-br\\\/#organization\",\"name\":\"Fermentis\",\"url\":\"https:\\\/\\\/fermentis.com\\\/pt-br\\\/\",\"logo\":{\"@type\":\"ImageObject\",\"inLanguage\":\"pt-BR\",\"@id\":\"https:\\\/\\\/fermentis.com\\\/pt-br\\\/#\\\/schema\\\/logo\\\/image\\\/\",\"url\":\"https:\\\/\\\/fermentis.com\\\/wp-content\\\/uploads\\\/2021\\\/07\\\/Logo-Fermentis-5.png\",\"contentUrl\":\"https:\\\/\\\/fermentis.com\\\/wp-content\\\/uploads\\\/2021\\\/07\\\/Logo-Fermentis-5.png\",\"width\":308,\"height\":95,\"caption\":\"Fermentis\"},\"image\":{\"@id\":\"https:\\\/\\\/fermentis.com\\\/pt-br\\\/#\\\/schema\\\/logo\\\/image\\\/\"},\"sameAs\":[\"https:\\\/\\\/www.facebook.com\\\/Fermentis\",\"https:\\\/\\\/x.com\\\/fermentis\",\"https:\\\/\\\/www.instagram.com\\\/fermentisbylesaffre\\\/\",\"https:\\\/\\\/www.linkedin.com\\\/company\\\/fermentis\\\/\",\"https:\\\/\\\/www.youtube.com\\\/channel\\\/UCt_Lp3IZnUNXZeqSi6iiAdA\"]}]}<\/script>\n<meta property=\"product:price:currency\" content=\"GBP\" \/>\n<meta property=\"og:availability\" content=\"instock\" \/>\n<meta property=\"product:availability\" content=\"instock\" \/>\n<meta property=\"product:condition\" content=\"new\" \/>\n<!-- \/ Yoast SEO Premium plugin. -->","yoast_head_json":{"title":"Saf\u0152no GV S107 - Levedura de vinho para brancos premium - Fermentis","description":"A levedura de vinho Fermentis Saf\u0152no GV S107 \u00e9 ideal para real\u00e7ar as qualidades de uvas nobres e produzir vinhos brancos premium, tamb\u00e9m adequados para outros estilos de vinho","robots":{"index":"index","follow":"follow","max-snippet":"max-snippet:-1","max-image-preview":"max-image-preview:large","max-video-preview":"max-video-preview:-1"},"canonical":"https:\/\/fermentis.com\/pt-br\/produto\/safoeno-gv-s107\/","og_locale":"pt_BR","og_type":"article","og_title":"Saf\u0152no\u2122 GV&nbsp; S107","og_description":"A levedura de vinho Fermentis Saf\u0152no GV S107 \u00e9 ideal para real\u00e7ar as qualidades de uvas nobres e produzir vinhos brancos premium, tamb\u00e9m adequados para outros estilos de vinho","og_url":"https:\/\/fermentis.com\/pt-br\/produto\/safoeno-gv-s107\/","og_site_name":"Fermentis","article_publisher":"https:\/\/www.facebook.com\/Fermentis","article_modified_time":"2026-04-17T18:44:54+00:00","og_image":[{"width":1200,"height":1200,"url":"https:\/\/fermentis.com\/wp-content\/uploads\/2020\/10\/safoeno-gv-s107.jpg","type":"image\/jpeg"}],"twitter_card":"summary_large_image","twitter_site":"@fermentis","twitter_misc":{"Pre\u00e7o":"","Disponibilidade":"Em Estoque"},"schema":{"@context":"https:\/\/schema.org","@graph":[{"@type":"WebPage","@id":"https:\/\/fermentis.com\/pt-br\/produto\/safoeno-gv-s107\/","url":"https:\/\/fermentis.com\/pt-br\/produto\/safoeno-gv-s107\/","name":"Saf\u0152no GV S107 - Levedura de vinho para brancos premium - Fermentis","isPartOf":{"@id":"https:\/\/fermentis.com\/pt-br\/#website"},"primaryImageOfPage":{"@id":"https:\/\/fermentis.com\/pt-br\/produto\/safoeno-gv-s107\/#primaryimage"},"image":{"@id":"https:\/\/fermentis.com\/pt-br\/produto\/safoeno-gv-s107\/#primaryimage"},"thumbnailUrl":"https:\/\/fermentis.com\/wp-content\/uploads\/2020\/10\/safoeno-gv-s107.jpg","datePublished":"2020-04-05T22:00:00+00:00","dateModified":"2026-04-17T18:44:54+00:00","description":"A levedura de vinho Fermentis Saf\u0152no GV S107 \u00e9 ideal para real\u00e7ar as qualidades de uvas nobres e produzir vinhos brancos premium, tamb\u00e9m adequados para outros estilos de vinho","breadcrumb":{"@id":"https:\/\/fermentis.com\/pt-br\/produto\/safoeno-gv-s107\/#breadcrumb"},"inLanguage":"pt-BR","potentialAction":[{"@type":"ReadAction","target":["https:\/\/fermentis.com\/pt-br\/produto\/safoeno-gv-s107\/"]}]},{"@type":"ImageObject","inLanguage":"pt-BR","@id":"https:\/\/fermentis.com\/pt-br\/produto\/safoeno-gv-s107\/#primaryimage","url":"https:\/\/fermentis.com\/wp-content\/uploads\/2020\/10\/safoeno-gv-s107.jpg","contentUrl":"https:\/\/fermentis.com\/wp-content\/uploads\/2020\/10\/safoeno-gv-s107.jpg","width":1200,"height":1200},{"@type":"BreadcrumbList","@id":"https:\/\/fermentis.com\/pt-br\/produto\/safoeno-gv-s107\/#breadcrumb","itemListElement":[{"@type":"ListItem","position":1,"name":"Home","item":"https:\/\/fermentis.com\/pt-br\/"},{"@type":"ListItem","position":2,"name":"Produtos"},{"@type":"ListItem","position":3,"name":"Wine making","item":"https:\/\/fermentis.com\/pt-br\/fermentation\/wine-making-pt-br\/"},{"@type":"ListItem","position":4,"name":"Saf\u0152no\u2122 GV&nbsp; S107"}]},{"@type":"WebSite","@id":"https:\/\/fermentis.com\/pt-br\/#website","url":"https:\/\/fermentis.com\/pt-br\/","name":"Fermentis","description":"Un site utilisant WordPress","publisher":{"@id":"https:\/\/fermentis.com\/pt-br\/#organization"},"potentialAction":[{"@type":"SearchAction","target":{"@type":"EntryPoint","urlTemplate":"https:\/\/fermentis.com\/pt-br\/?s={search_term_string}"},"query-input":{"@type":"PropertyValueSpecification","valueRequired":true,"valueName":"search_term_string"}}],"inLanguage":"pt-BR"},{"@type":"Organization","@id":"https:\/\/fermentis.com\/pt-br\/#organization","name":"Fermentis","url":"https:\/\/fermentis.com\/pt-br\/","logo":{"@type":"ImageObject","inLanguage":"pt-BR","@id":"https:\/\/fermentis.com\/pt-br\/#\/schema\/logo\/image\/","url":"https:\/\/fermentis.com\/wp-content\/uploads\/2021\/07\/Logo-Fermentis-5.png","contentUrl":"https:\/\/fermentis.com\/wp-content\/uploads\/2021\/07\/Logo-Fermentis-5.png","width":308,"height":95,"caption":"Fermentis"},"image":{"@id":"https:\/\/fermentis.com\/pt-br\/#\/schema\/logo\/image\/"},"sameAs":["https:\/\/www.facebook.com\/Fermentis","https:\/\/x.com\/fermentis","https:\/\/www.instagram.com\/fermentisbylesaffre\/","https:\/\/www.linkedin.com\/company\/fermentis\/","https:\/\/www.youtube.com\/channel\/UCt_Lp3IZnUNXZeqSi6iiAdA"]}]},"product_price_currency":"GBP","og_availability":"instock","product_availability":"instock","product_condition":"new"},"_links":{"self":[{"href":"https:\/\/fermentis.com\/pt-br\/wp-json\/wp\/v2\/product\/44200","targetHints":{"allow":["GET"]}}],"collection":[{"href":"https:\/\/fermentis.com\/pt-br\/wp-json\/wp\/v2\/product"}],"about":[{"href":"https:\/\/fermentis.com\/pt-br\/wp-json\/wp\/v2\/types\/product"}],"replies":[{"embeddable":true,"href":"https:\/\/fermentis.com\/pt-br\/wp-json\/wp\/v2\/comments?post=44200"}],"wp:featuredmedia":[{"embeddable":true,"href":"https:\/\/fermentis.com\/pt-br\/wp-json\/wp\/v2\/media\/44201"}],"wp:attachment":[{"href":"https:\/\/fermentis.com\/pt-br\/wp-json\/wp\/v2\/media?parent=44200"}],"wp:term":[{"taxonomy":"product_brand","embeddable":true,"href":"https:\/\/fermentis.com\/pt-br\/wp-json\/wp\/v2\/product_brand?post=44200"},{"taxonomy":"product_cat","embeddable":true,"href":"https:\/\/fermentis.com\/pt-br\/wp-json\/wp\/v2\/product_cat?post=44200"},{"taxonomy":"product_tag","embeddable":true,"href":"https:\/\/fermentis.com\/pt-br\/wp-json\/wp\/v2\/product_tag?post=44200"}],"curies":[{"name":"wp","href":"https:\/\/api.w.org\/{rel}","templated":true}]}}