{"id":44202,"date":"2020-04-03T00:00:00","date_gmt":"2020-04-02T22:00:00","guid":{"rendered":"https:\/\/fermentis.com\/product\/safoeno-ck-s102\/"},"modified":"2025-11-27T13:04:35","modified_gmt":"2025-11-27T12:04:35","slug":"safoeno-ck-s102","status":"publish","type":"product","link":"https:\/\/fermentis.com\/pt-br\/produto\/safoeno-ck-s102\/","title":{"rendered":"Saf\u0152no\u2122 CK\u00a0S102"},"content":{"rendered":"<div class=\"container section-title-container\" ><h2 class=\"section-title section-title-center\"><b aria-hidden=\"true\"><\/b><span class=\"section-title-main\" style=\"font-size:115%;\">A CEPA ORIGINAL PARA VINHOS BRANCOS E ROS\u00c9S AROM\u00c1TICOS<\/span><b aria-hidden=\"true\"><\/b><\/h2><\/div>\n<p><strong>O Saf\u0152no\u2122 CK S102<\/strong> foi selecionado na regi\u00e3o de Val de Loire em Sauvignon Blanc, por sua capacidade de intensificar perfis arom\u00e1ticos de vinhos brancos em condi\u00e7\u00f5es dif\u00edceis de vinifica\u00e7\u00e3o.<\/p>\n<p><br data-source=\"\n\"><br data-source=\"\n\"><strong>Vinhos tranquilos. Dosagem:<\/strong> 20 g\/hl<br \/><br data-source=\"\n\"><strong>Rein\u00edcio da fermenta\u00e7\u00e3o. Dosagem:<\/strong> 30 a 40 g\/hl<\/p>\n<p><br data-source=\"\n\n\"><strong>Ingredientes: <\/strong>levedura (<em>Saccharomyces cerevisiae*<\/em>), Emulsionante: E491 (monoestearato de sorbitano)<br data-source=\"\n\n\">\t<div id=\"gap-1303434471\" class=\"gap-element clearfix\" style=\"display:block; height:auto;\">\n\t\t\n<style>\n#gap-1303434471 {\n  padding-top: 30px;\n}\n<\/style>\n\t<\/div>\n\t\n<div class=\"container section-title-container\" ><h3 class=\"section-title section-title-center\"><b aria-hidden=\"true\"><\/b><span class=\"section-title-main\" style=\"font-size:115%;\">Caracter\u00edsticas sensoriais do Saf\u0152no\u2122 CK S102<\/span><b aria-hidden=\"true\"><\/b><\/h3><\/div>\n<h4>Contributes to the organoleptic profile of aromatic cultivars<\/h4>\n<p>Saf\u0152no\u2122 CK S102 encourages the expression of fruity thiols of aromatic cultivars like Sauvignon Blanc, Gros and Petit Manseng. This advantage also makes it a yeast of choice to produce varietal ros\u00e9s with a great aromatic finesse from cultivars like Cabernet Sauvignon or Merlot. It reinforces the aromatic potential of terpenic cultivars like Muscat, Gew\u00fcrztraminer and Riesling.<\/p>\n<h4 class=\"separator transparent center \">Promotion of neutral varieties<\/h4>\n<p>Thanks to its high ester production, Saf\u0152no\u2122 CK S102 is an ideal choice to value neutral grape varieties to obtain white and fruity ros\u00e9s wines with different aroma profiles depending on the fermentation temperature.<\/p>\n<p>On Ugni Blanc, Chardonnay\u2026<br \/>\nSaf\u0152no\u2122 CK S102 enables the production of wine with an important aromatic strength and great freshness. It is the ideal strain for Vinho Verde type wines.<br \/>\nSaf\u0152no\u2122 CK S102 gives optimal results when it is associated to Springarom\u00ae, an inactivated yeast rich in antioxidant substances.<\/p>\n\t<div id=\"gap-1558155604\" class=\"gap-element clearfix\" style=\"display:block; height:auto;\">\n\t\t\n<style>\n#gap-1558155604 {\n  padding-top: 30px;\n}\n<\/style>\n\t<\/div>\n\t\n<div class=\"container section-title-container\" ><h3 class=\"section-title section-title-center\"><b aria-hidden=\"true\"><\/b><span class=\"section-title-main\" style=\"font-size:115%;\">Caracter\u00edsticas t\u00e9cnicas do Saf\u0152no\u2122 CK S102<\/span><b aria-hidden=\"true\"><\/b><\/h3><\/div>\n\n\t\t<div class=\"tabbed-content\">\n\t\t\t\n\t\t\t<ul class=\"nav nav-tabs nav-uppercase nav-size-normal nav-left\" role=\"tablist\"><li id=\"tab-fermenta\u00e7\u00e3o\" class=\"tab active has-icon\" role=\"presentation\"><a href=\"#tab_fermenta\u00e7\u00e3o\" role=\"tab\" aria-selected=\"true\" aria-controls=\"tab_fermenta\u00e7\u00e3o\"><span>Fermenta\u00e7\u00e3o<\/span><\/a><\/li>\n<li id=\"tab-metab\u00f3licos\" class=\"tab has-icon\" role=\"presentation\"><a href=\"#tab_metab\u00f3licos\" tabindex=\"-1\" role=\"tab\" aria-selected=\"false\" aria-controls=\"tab_metab\u00f3licos\"><span>Metab\u00f3licos<\/span><\/a><\/li>\n<li id=\"tab-f\u00e1cil-2-uso\" class=\"tab has-icon\" role=\"presentation\"><a href=\"#tab_f\u00e1cil-2-uso\" tabindex=\"-1\" role=\"tab\" aria-selected=\"false\" aria-controls=\"tab_f\u00e1cil-2-uso\"><span>F\u00e1cil 2 Uso<\/span><\/a><\/li>\n<li id=\"tab-embalagem-e-garantia\" class=\"tab has-icon\" role=\"presentation\"><a href=\"#tab_embalagem-e-garantia\" tabindex=\"-1\" role=\"tab\" aria-selected=\"false\" aria-controls=\"tab_embalagem-e-garantia\"><span>Embalagem e garantia<\/span><\/a><\/li><\/ul><div class=\"tab-panels\"><div id=\"tab_fermenta\u00e7\u00e3o\" class=\"panel active entry-content\" role=\"tabpanel\" aria-labelledby=\"tab-fermenta\u00e7\u00e3o\">\n<p><br data-source=\"\n\n\">\u2192 Excelente for\u00e7a de assentamento gra\u00e7as ao seu fen\u00f3tipo Killer<br \/><br data-source=\"\n\n\">\u2192 Fase de atraso curto e fermenta\u00e7\u00e3o r\u00e1pida (em 10 dias a 15\u00b0C)<br \/><br data-source=\"\n\n\">\u2192 Fermenta\u00e7\u00e3o a partir de 8\u00b0C<br \/><br data-source=\"\n\n\">\u2192 Fermenta\u00e7\u00e3o completa mesmo em mostos muito clarificados (&lt;50 NTU)<br \/><br data-source=\"\n\n\">\u2192 Teor alco\u00f3lico: 14,5% vol.\/vol.<br \/><br data-source=\"\n\n\">\u2192 Forte necessidade de nitrog\u00eanio<br \/><br data-source=\"\n\n\"><\/p>\n<\/div>\n<div id=\"tab_metab\u00f3licos\" class=\"panel entry-content\" role=\"tabpanel\" aria-labelledby=\"tab-metab\u00f3licos\">\n<p><br data-source=\"\n\n\">\u2192 Rendimento de a\u00e7\u00facar\/\u00e1lcool: 16,3 g\/L para 1% vol.\/vol.<br \/><br data-source=\"\n\">\u2192 Baixa produ\u00e7\u00e3o de acidez vol\u00e1til (menos de 0,24g\/L)<br \/><br data-source=\"\n\">\u2192 Habilidades de libera\u00e7\u00e3o de ti\u00f3is vol\u00e1teis<br \/><br data-source=\"\n\">\u2192 Alta produ\u00e7\u00e3o de \u00e9steres<br \/><br data-source=\"\n\">\u2192 Saf\u0152no\u2122 CK S102 n\u00e3o \u00e9 recomendado para uvas que foram recentemente tratadas com sulfato de cobre.<br \/><br data-source=\"\n\n\"><\/p>\n<\/div>\n<div id=\"tab_f\u00e1cil-2-uso\" class=\"panel entry-content\" role=\"tabpanel\" aria-labelledby=\"tab-f\u00e1cil-2-uso\">\n<br data-source=\"\n\"><\/p>\n<ul><br data-source=\"\n\"> \t<\/p>\n<li>O know-how da Lesaffre e a melhoria cont\u00ednua do processo de produ\u00e7\u00e3o de leveduras levam \u00e0 obten\u00e7\u00e3o <strong>de leveduras secas de qualidade excepcional, capazes de resistir a uma ampla gama de usos, incluindo ou sem reidrata\u00e7\u00e3o, sem afetar sua viabilidade, perfil cin\u00e9tico e\/ou anal\u00edtico.<\/strong>Os en\u00f3logos podem escolher as condi\u00e7\u00f5es de utiliza\u00e7\u00e3o que melhor se adequam \u00e0s suas necessidades, ou seja:<br data-source=\"\n\">\n<ul><br data-source=\"\n\"> \t<\/p>\n<li><strong>Inocula\u00e7\u00e3o direta:<\/strong> Despeje o fermento na superf\u00edcie de <strong>pelo menos 10 vezes o peso do mosto<\/strong> (possivelmente diretamente no topo do tanque ou durante o enchimento do tanque ap\u00f3s a acomoda\u00e7\u00e3o para brancos e ros\u00e9s). Mexa suavemente para evitar ou quebrar grumos. <strong>Transfira imediatamente para o tanque por meio de um bombeamento com aera\u00e7\u00e3o<\/strong> (ou homogeneizar o volume do tanque).<\/li>\n<p><br data-source=\"\n\"> \t<\/p>\n<li><strong>Com reidrata\u00e7\u00e3o pr\u00e9via:<\/strong> Despeje o fermento na superf\u00edcie de <strong>10 vezes o peso da \u00e1gua da torneira em temperatura ambiente.<\/strong> Mexa suavemente para evitar ou quebrar grumos. <strong>Aguarde 20 minutos e transfira para o tanque por meio de um bombeamento com aera\u00e7\u00e3o.<\/strong><\/li>\n<p><br data-source=\"\n\"><\/ul>\n<p><br data-source=\"\n\"><\/li>\n<p><br data-source=\"\n\"><\/ul>\n<p><br data-source=\"\n\"><br \/>\n<\/div>\n<div id=\"tab_embalagem-e-garantia\" class=\"panel entry-content\" role=\"tabpanel\" aria-labelledby=\"tab-embalagem-e-garantia\">\n<br data-source=\"\n\"><\/p>\n<h4>Empacotamento<\/h4>\n<p><br data-source=\"\n\">Caixa de 20 saquetas embaladas a v\u00e1cuo de 500g cada (peso l\u00edquido da caixa completa: 10 kg).<br \/><br data-source=\"\n\">Caixa de 1 caixa embalada a v\u00e1cuo de 10 Kg (peso l\u00edquido da caixa completa: 10 kg).<br data-source=\"\n\"><\/p>\n<h4>Garantia<\/h4>\n<p><br data-source=\"\n\">A alta taxa de mat\u00e9ria seca de nossas leveduras garante um \u00f3timo armazenamento em sua embalagem original a uma temperatura n\u00e3o superior a 20\u00b0C (durante 3 anos) e 10\u00b0C para um armazenamento prolongado (4 anos). A Fermentis garante que o produto est\u00e1 em conformidade com o Codex Enol\u00f3gico Internacional at\u00e9 \u00e0 data de validade nas condi\u00e7\u00f5es de armazenamento acima mencionadas.<\/p>\n<p><br data-source=\"\n\n\"><em>Cada levedura Fermentis \u00e9 desenvolvida sob um esquema de produ\u00e7\u00e3o espec\u00edfico e se beneficia do know-how do grupo Lesaffre, l\u00edder mundial na fabrica\u00e7\u00e3o de leveduras. Isso garante a mais alta pureza microbiol\u00f3gica e a m\u00e1xima atividade de fermenta\u00e7\u00e3o.<\/em><br data-source=\"\n\n\"><\/p>\n<\/div><\/div><\/div>\n\t<div id=\"gap-1184733219\" class=\"gap-element clearfix\" style=\"display:block; height:auto;\">\n\t\t\n<style>\n#gap-1184733219 {\n  padding-top: 30px;\n}\n<\/style>\n\t<\/div>\n\t<br data-source=\"\n\n\"><i>Os dados contidos nesta ficha t\u00e9cnica s\u00e3o a transcri\u00e7\u00e3o exata do nosso conhecimento do produto na data mencionada. Eles s\u00e3o propriedade exclusiva da Fermentis-Division da S.I.Lesaffre. \u00c9 da responsabilidade do utilizador certificar-se de que a utiliza\u00e7\u00e3o deste produto espec\u00edfico est\u00e1 em conformidade com a legisla\u00e7\u00e3o.<\/i><\/p>\n","protected":false},"excerpt":{"rendered":"<p>A variedade original para vinhos brancos e ros\u00e9s arom\u00e1ticos<\/p>\n","protected":false},"featured_media":44203,"comment_status":"closed","ping_status":"closed","template":"","meta":{"_acf_changed":false},"product_brand":[],"product_cat":[2555,2556,2557],"product_tag":[2641,2642,2643,2644,2645],"class_list":{"0":"post-44202","1":"product","2":"type-product","3":"status-publish","4":"has-post-thumbnail","6":"product_cat-active-dry-yeast-wine-pt-br","7":"product_cat-safoeno-pt-br-2","8":"product_cat-wine-making-pt-br","9":"product_tag-ck-s-102-pt-br","10":"product_tag-ck-s102-pt-br","11":"product_tag-cks102-pt-br","12":"product_tag-s-102-pt-br","13":"product_tag-s102-pt-br","14":"pa_fermentation-temperature-10-pt-br","15":"pa_fermentation-temperature-30-pt-br","16":"pa_flavor-profile-amylic-pt-br","17":"pa_flavor-profile-terpenes-pt-br","18":"pa_flavor-profile-thiols-pt-br","19":"pa_kinetics-very-fast-pt-br","20":"pa_max-alcohol-15-pt-br","21":"pa_nutrients-need-strong-pt-br","22":"pa_roundness-high-pt-br","23":"pa_wine-color-red-pt-br","24":"pa_wine-color-rose-pt-br","25":"pa_wine-color-sparkling-pt-br","27":"first","28":"instock","29":"shipping-taxable","30":"product-type-simple"},"acf":[],"yoast_head":"<!-- This site is optimized with the Yoast SEO Premium plugin v27.4 (Yoast SEO v27.4) - https:\/\/yoast.com\/product\/yoast-seo-premium-wordpress\/ -->\n<title>SafOeno CK S102 - Levedura de vinho para brancos e ros\u00e9s - Fermentis<\/title>\n<meta name=\"description\" content=\"A levedura de vinho Fermentis SafOeno CK S102 \u00e9 ideal para brancos e ros\u00e9s arom\u00e1ticos em condi\u00e7\u00f5es dif\u00edceis de vinifica\u00e7\u00e3o, mas tamb\u00e9m pode se adequar a outros estilos de vinho\" \/>\n<meta name=\"robots\" content=\"index, follow, max-snippet:-1, max-image-preview:large, max-video-preview:-1\" \/>\n<link rel=\"canonical\" href=\"https:\/\/fermentis.com\/pt-br\/produto\/safoeno-ck-s102\/\" \/>\n<meta property=\"og:locale\" content=\"pt_BR\" \/>\n<meta property=\"og:type\" content=\"article\" \/>\n<meta property=\"og:title\" content=\"Saf\u0152no\u2122 CK\u00a0S102\" \/>\n<meta property=\"og:description\" content=\"A levedura de vinho Fermentis SafOeno CK S102 \u00e9 ideal para brancos e ros\u00e9s arom\u00e1ticos em condi\u00e7\u00f5es dif\u00edceis de vinifica\u00e7\u00e3o, mas tamb\u00e9m pode se adequar a outros estilos de vinho\" \/>\n<meta property=\"og:url\" content=\"https:\/\/fermentis.com\/pt-br\/produto\/safoeno-ck-s102\/\" \/>\n<meta property=\"og:site_name\" content=\"Fermentis\" \/>\n<meta property=\"article:publisher\" content=\"https:\/\/www.facebook.com\/Fermentis\" \/>\n<meta property=\"article:modified_time\" content=\"2025-11-27T12:04:35+00:00\" \/>\n<meta property=\"og:image\" content=\"https:\/\/fermentis.com\/wp-content\/uploads\/2020\/10\/safoeno-cks102.jpg\" \/>\n\t<meta property=\"og:image:width\" content=\"1200\" \/>\n\t<meta property=\"og:image:height\" content=\"1200\" \/>\n\t<meta property=\"og:image:type\" content=\"image\/jpeg\" \/>\n<meta name=\"twitter:card\" content=\"summary_large_image\" \/>\n<meta name=\"twitter:site\" content=\"@fermentis\" \/>\n<meta name=\"twitter:label1\" content=\"Pre\u00e7o\" \/>\n\t<meta name=\"twitter:data1\" content=\"\" \/>\n\t<meta name=\"twitter:label2\" content=\"Disponibilidade\" \/>\n\t<meta name=\"twitter:data2\" content=\"Em Estoque\" \/>\n<script type=\"application\/ld+json\" class=\"yoast-schema-graph\">{\"@context\":\"https:\\\/\\\/schema.org\",\"@graph\":[{\"@type\":\"WebPage\",\"@id\":\"https:\\\/\\\/fermentis.com\\\/pt-br\\\/produto\\\/safoeno-ck-s102\\\/\",\"url\":\"https:\\\/\\\/fermentis.com\\\/pt-br\\\/produto\\\/safoeno-ck-s102\\\/\",\"name\":\"SafOeno CK S102 - Levedura de vinho para brancos e ros\u00e9s - Fermentis\",\"isPartOf\":{\"@id\":\"https:\\\/\\\/fermentis.com\\\/pt-br\\\/#website\"},\"primaryImageOfPage\":{\"@id\":\"https:\\\/\\\/fermentis.com\\\/pt-br\\\/produto\\\/safoeno-ck-s102\\\/#primaryimage\"},\"image\":{\"@id\":\"https:\\\/\\\/fermentis.com\\\/pt-br\\\/produto\\\/safoeno-ck-s102\\\/#primaryimage\"},\"thumbnailUrl\":\"https:\\\/\\\/fermentis.com\\\/wp-content\\\/uploads\\\/2020\\\/10\\\/safoeno-cks102.jpg\",\"datePublished\":\"2020-04-02T22:00:00+00:00\",\"dateModified\":\"2025-11-27T12:04:35+00:00\",\"description\":\"A levedura de vinho Fermentis SafOeno CK S102 \u00e9 ideal para brancos e ros\u00e9s arom\u00e1ticos em condi\u00e7\u00f5es dif\u00edceis de vinifica\u00e7\u00e3o, mas tamb\u00e9m pode se adequar a outros estilos de vinho\",\"breadcrumb\":{\"@id\":\"https:\\\/\\\/fermentis.com\\\/pt-br\\\/produto\\\/safoeno-ck-s102\\\/#breadcrumb\"},\"inLanguage\":\"pt-BR\",\"potentialAction\":[{\"@type\":\"ReadAction\",\"target\":[\"https:\\\/\\\/fermentis.com\\\/pt-br\\\/produto\\\/safoeno-ck-s102\\\/\"]}]},{\"@type\":\"ImageObject\",\"inLanguage\":\"pt-BR\",\"@id\":\"https:\\\/\\\/fermentis.com\\\/pt-br\\\/produto\\\/safoeno-ck-s102\\\/#primaryimage\",\"url\":\"https:\\\/\\\/fermentis.com\\\/wp-content\\\/uploads\\\/2020\\\/10\\\/safoeno-cks102.jpg\",\"contentUrl\":\"https:\\\/\\\/fermentis.com\\\/wp-content\\\/uploads\\\/2020\\\/10\\\/safoeno-cks102.jpg\",\"width\":1200,\"height\":1200},{\"@type\":\"BreadcrumbList\",\"@id\":\"https:\\\/\\\/fermentis.com\\\/pt-br\\\/produto\\\/safoeno-ck-s102\\\/#breadcrumb\",\"itemListElement\":[{\"@type\":\"ListItem\",\"position\":1,\"name\":\"Home\",\"item\":\"https:\\\/\\\/fermentis.com\\\/pt-br\\\/\"},{\"@type\":\"ListItem\",\"position\":2,\"name\":\"Produtos\"},{\"@type\":\"ListItem\",\"position\":3,\"name\":\"Wine making\",\"item\":\"https:\\\/\\\/fermentis.com\\\/pt-br\\\/fermentation\\\/wine-making-pt-br\\\/\"},{\"@type\":\"ListItem\",\"position\":4,\"name\":\"Saf\u0152no\u2122 CK\u00a0S102\"}]},{\"@type\":\"WebSite\",\"@id\":\"https:\\\/\\\/fermentis.com\\\/pt-br\\\/#website\",\"url\":\"https:\\\/\\\/fermentis.com\\\/pt-br\\\/\",\"name\":\"Fermentis\",\"description\":\"Un site utilisant WordPress\",\"publisher\":{\"@id\":\"https:\\\/\\\/fermentis.com\\\/pt-br\\\/#organization\"},\"potentialAction\":[{\"@type\":\"SearchAction\",\"target\":{\"@type\":\"EntryPoint\",\"urlTemplate\":\"https:\\\/\\\/fermentis.com\\\/pt-br\\\/?s={search_term_string}\"},\"query-input\":{\"@type\":\"PropertyValueSpecification\",\"valueRequired\":true,\"valueName\":\"search_term_string\"}}],\"inLanguage\":\"pt-BR\"},{\"@type\":\"Organization\",\"@id\":\"https:\\\/\\\/fermentis.com\\\/pt-br\\\/#organization\",\"name\":\"Fermentis\",\"url\":\"https:\\\/\\\/fermentis.com\\\/pt-br\\\/\",\"logo\":{\"@type\":\"ImageObject\",\"inLanguage\":\"pt-BR\",\"@id\":\"https:\\\/\\\/fermentis.com\\\/pt-br\\\/#\\\/schema\\\/logo\\\/image\\\/\",\"url\":\"https:\\\/\\\/fermentis.com\\\/wp-content\\\/uploads\\\/2021\\\/07\\\/Logo-Fermentis-5.png\",\"contentUrl\":\"https:\\\/\\\/fermentis.com\\\/wp-content\\\/uploads\\\/2021\\\/07\\\/Logo-Fermentis-5.png\",\"width\":308,\"height\":95,\"caption\":\"Fermentis\"},\"image\":{\"@id\":\"https:\\\/\\\/fermentis.com\\\/pt-br\\\/#\\\/schema\\\/logo\\\/image\\\/\"},\"sameAs\":[\"https:\\\/\\\/www.facebook.com\\\/Fermentis\",\"https:\\\/\\\/x.com\\\/fermentis\",\"https:\\\/\\\/www.instagram.com\\\/fermentisbylesaffre\\\/\",\"https:\\\/\\\/www.linkedin.com\\\/company\\\/fermentis\\\/\",\"https:\\\/\\\/www.youtube.com\\\/channel\\\/UCt_Lp3IZnUNXZeqSi6iiAdA\"]}]}<\/script>\n<meta property=\"product:price:currency\" content=\"GBP\" \/>\n<meta property=\"og:availability\" content=\"instock\" \/>\n<meta property=\"product:availability\" content=\"instock\" \/>\n<meta property=\"product:condition\" content=\"new\" \/>\n<!-- \/ Yoast SEO Premium plugin. -->","yoast_head_json":{"title":"SafOeno CK S102 - Levedura de vinho para brancos e ros\u00e9s - Fermentis","description":"A levedura de vinho Fermentis SafOeno CK S102 \u00e9 ideal para brancos e ros\u00e9s arom\u00e1ticos em condi\u00e7\u00f5es dif\u00edceis de vinifica\u00e7\u00e3o, mas tamb\u00e9m pode se adequar a outros estilos de vinho","robots":{"index":"index","follow":"follow","max-snippet":"max-snippet:-1","max-image-preview":"max-image-preview:large","max-video-preview":"max-video-preview:-1"},"canonical":"https:\/\/fermentis.com\/pt-br\/produto\/safoeno-ck-s102\/","og_locale":"pt_BR","og_type":"article","og_title":"Saf\u0152no\u2122 CK\u00a0S102","og_description":"A levedura de vinho Fermentis SafOeno CK S102 \u00e9 ideal para brancos e ros\u00e9s arom\u00e1ticos em condi\u00e7\u00f5es dif\u00edceis de vinifica\u00e7\u00e3o, mas tamb\u00e9m pode se adequar a outros estilos de vinho","og_url":"https:\/\/fermentis.com\/pt-br\/produto\/safoeno-ck-s102\/","og_site_name":"Fermentis","article_publisher":"https:\/\/www.facebook.com\/Fermentis","article_modified_time":"2025-11-27T12:04:35+00:00","og_image":[{"width":1200,"height":1200,"url":"https:\/\/fermentis.com\/wp-content\/uploads\/2020\/10\/safoeno-cks102.jpg","type":"image\/jpeg"}],"twitter_card":"summary_large_image","twitter_site":"@fermentis","twitter_misc":{"Pre\u00e7o":"","Disponibilidade":"Em Estoque"},"schema":{"@context":"https:\/\/schema.org","@graph":[{"@type":"WebPage","@id":"https:\/\/fermentis.com\/pt-br\/produto\/safoeno-ck-s102\/","url":"https:\/\/fermentis.com\/pt-br\/produto\/safoeno-ck-s102\/","name":"SafOeno CK S102 - Levedura de vinho para brancos e ros\u00e9s - Fermentis","isPartOf":{"@id":"https:\/\/fermentis.com\/pt-br\/#website"},"primaryImageOfPage":{"@id":"https:\/\/fermentis.com\/pt-br\/produto\/safoeno-ck-s102\/#primaryimage"},"image":{"@id":"https:\/\/fermentis.com\/pt-br\/produto\/safoeno-ck-s102\/#primaryimage"},"thumbnailUrl":"https:\/\/fermentis.com\/wp-content\/uploads\/2020\/10\/safoeno-cks102.jpg","datePublished":"2020-04-02T22:00:00+00:00","dateModified":"2025-11-27T12:04:35+00:00","description":"A levedura de vinho Fermentis SafOeno CK S102 \u00e9 ideal para brancos e ros\u00e9s arom\u00e1ticos em condi\u00e7\u00f5es dif\u00edceis de vinifica\u00e7\u00e3o, mas tamb\u00e9m pode se adequar a outros estilos de vinho","breadcrumb":{"@id":"https:\/\/fermentis.com\/pt-br\/produto\/safoeno-ck-s102\/#breadcrumb"},"inLanguage":"pt-BR","potentialAction":[{"@type":"ReadAction","target":["https:\/\/fermentis.com\/pt-br\/produto\/safoeno-ck-s102\/"]}]},{"@type":"ImageObject","inLanguage":"pt-BR","@id":"https:\/\/fermentis.com\/pt-br\/produto\/safoeno-ck-s102\/#primaryimage","url":"https:\/\/fermentis.com\/wp-content\/uploads\/2020\/10\/safoeno-cks102.jpg","contentUrl":"https:\/\/fermentis.com\/wp-content\/uploads\/2020\/10\/safoeno-cks102.jpg","width":1200,"height":1200},{"@type":"BreadcrumbList","@id":"https:\/\/fermentis.com\/pt-br\/produto\/safoeno-ck-s102\/#breadcrumb","itemListElement":[{"@type":"ListItem","position":1,"name":"Home","item":"https:\/\/fermentis.com\/pt-br\/"},{"@type":"ListItem","position":2,"name":"Produtos"},{"@type":"ListItem","position":3,"name":"Wine making","item":"https:\/\/fermentis.com\/pt-br\/fermentation\/wine-making-pt-br\/"},{"@type":"ListItem","position":4,"name":"Saf\u0152no\u2122 CK\u00a0S102"}]},{"@type":"WebSite","@id":"https:\/\/fermentis.com\/pt-br\/#website","url":"https:\/\/fermentis.com\/pt-br\/","name":"Fermentis","description":"Un site utilisant WordPress","publisher":{"@id":"https:\/\/fermentis.com\/pt-br\/#organization"},"potentialAction":[{"@type":"SearchAction","target":{"@type":"EntryPoint","urlTemplate":"https:\/\/fermentis.com\/pt-br\/?s={search_term_string}"},"query-input":{"@type":"PropertyValueSpecification","valueRequired":true,"valueName":"search_term_string"}}],"inLanguage":"pt-BR"},{"@type":"Organization","@id":"https:\/\/fermentis.com\/pt-br\/#organization","name":"Fermentis","url":"https:\/\/fermentis.com\/pt-br\/","logo":{"@type":"ImageObject","inLanguage":"pt-BR","@id":"https:\/\/fermentis.com\/pt-br\/#\/schema\/logo\/image\/","url":"https:\/\/fermentis.com\/wp-content\/uploads\/2021\/07\/Logo-Fermentis-5.png","contentUrl":"https:\/\/fermentis.com\/wp-content\/uploads\/2021\/07\/Logo-Fermentis-5.png","width":308,"height":95,"caption":"Fermentis"},"image":{"@id":"https:\/\/fermentis.com\/pt-br\/#\/schema\/logo\/image\/"},"sameAs":["https:\/\/www.facebook.com\/Fermentis","https:\/\/x.com\/fermentis","https:\/\/www.instagram.com\/fermentisbylesaffre\/","https:\/\/www.linkedin.com\/company\/fermentis\/","https:\/\/www.youtube.com\/channel\/UCt_Lp3IZnUNXZeqSi6iiAdA"]}]},"product_price_currency":"GBP","og_availability":"instock","product_availability":"instock","product_condition":"new"},"_links":{"self":[{"href":"https:\/\/fermentis.com\/pt-br\/wp-json\/wp\/v2\/product\/44202","targetHints":{"allow":["GET"]}}],"collection":[{"href":"https:\/\/fermentis.com\/pt-br\/wp-json\/wp\/v2\/product"}],"about":[{"href":"https:\/\/fermentis.com\/pt-br\/wp-json\/wp\/v2\/types\/product"}],"replies":[{"embeddable":true,"href":"https:\/\/fermentis.com\/pt-br\/wp-json\/wp\/v2\/comments?post=44202"}],"wp:featuredmedia":[{"embeddable":true,"href":"https:\/\/fermentis.com\/pt-br\/wp-json\/wp\/v2\/media\/44203"}],"wp:attachment":[{"href":"https:\/\/fermentis.com\/pt-br\/wp-json\/wp\/v2\/media?parent=44202"}],"wp:term":[{"taxonomy":"product_brand","embeddable":true,"href":"https:\/\/fermentis.com\/pt-br\/wp-json\/wp\/v2\/product_brand?post=44202"},{"taxonomy":"product_cat","embeddable":true,"href":"https:\/\/fermentis.com\/pt-br\/wp-json\/wp\/v2\/product_cat?post=44202"},{"taxonomy":"product_tag","embeddable":true,"href":"https:\/\/fermentis.com\/pt-br\/wp-json\/wp\/v2\/product_tag?post=44202"}],"curies":[{"name":"wp","href":"https:\/\/api.w.org\/{rel}","templated":true}]}}