{"id":44204,"date":"2020-02-19T00:00:00","date_gmt":"2020-02-18T23:00:00","guid":{"rendered":"https:\/\/fermentis.com\/product\/safoeno-hd-s135\/"},"modified":"2026-04-20T12:22:32","modified_gmt":"2026-04-20T10:22:32","slug":"safoeno-hd-s135","status":"publish","type":"product","link":"https:\/\/fermentis.com\/pt-br\/produto\/safoeno-hd-s135\/","title":{"rendered":"Saf\u0152no\u2122 HD\u00a0S135"},"content":{"rendered":"<div class=\"container section-title-container\" ><h2 class=\"section-title section-title-center\"><b aria-hidden=\"true\"><\/b><span class=\"section-title-main\" style=\"font-size:115%;\">PARA VINHOS TINTOS ENCORPADOS E SUAVES<\/span><b aria-hidden=\"true\"><\/b><\/h2><\/div>\n<p><strong>Saf\u0152no\u2122 HD S135<\/strong>\u00a0is coming from the hybridization of two Lesaffre strains with the aim to combine their best characteristics towards polyphenols coating and resistance to difficult fermentation conditions for fruit driven middle ageing reds.<\/p>\n<p><strong>For still White &amp; Red wines. Dosage:<\/strong> 20 g\/hl<\/p>\n<p><strong>Ingredients:\u00a0<\/strong>yeast\u00a0<em>(Saccharomyces cerevisiae x Saccharomyces bayanus)<\/em>, emulsifier: E491 (sorbitan monostearate)<\/p>\n\t<div id=\"gap-922179663\" class=\"gap-element clearfix\" style=\"display:block; height:auto;\">\n\t\t\n<style>\n#gap-922179663 {\n  padding-top: 30px;\n}\n<\/style>\n\t<\/div>\n\t\n<div class=\"container section-title-container\" ><h3 class=\"section-title section-title-center\"><b aria-hidden=\"true\"><\/b><span class=\"section-title-main\" style=\"font-size:115%;\">Caracter\u00edsticas sensoriais do Saf\u0152no\u2122 HD S135<\/span><b aria-hidden=\"true\"><\/b><\/h3><\/div>\n\n\t\t<div class=\"tabbed-content\">\n\t\t\t\n\t\t\t<ul class=\"nav nav-tabs nav-uppercase nav-size-normal nav-left\" role=\"tablist\"><li id=\"tab-recomenda\u00e7\u00f5es\" class=\"tab active has-icon\" role=\"presentation\"><a href=\"#tab_recomenda\u00e7\u00f5es\" role=\"tab\" aria-selected=\"true\" aria-controls=\"tab_recomenda\u00e7\u00f5es\"><span>Recomenda\u00e7\u00f5es<\/span><\/a><\/li>\n<li id=\"tab-julgamento\" class=\"tab has-icon\" role=\"presentation\"><a href=\"#tab_julgamento\" tabindex=\"-1\" role=\"tab\" aria-selected=\"false\" aria-controls=\"tab_julgamento\"><span>Julgamento<\/span><\/a><\/li><\/ul><div class=\"tab-panels\"><div id=\"tab_recomenda\u00e7\u00f5es\" class=\"panel active entry-content\" role=\"tabpanel\" aria-labelledby=\"tab-recomenda\u00e7\u00f5es\">\n<h4>Tintos premium redondos<\/h4>\n<p>Saf\u0152no\u2122 HD S135 \u00e9 recomendado para vinhos tintos cuja pot\u00eancia est\u00e1 associada a um perfil suave. Esta cepa extrai muito bem os polifen\u00f3is do vinho, mas tem a capacidade de fornecer uma estrutura redonda e bem equilibrada. Essa caracter\u00edstica tamb\u00e9m pode ser potencializada devido ao seu baixo consumo de \u00e1cido m\u00e1lico. Isso favorece o processamento do vinho entre a fermenta\u00e7\u00e3o alco\u00f3lica e malol\u00e1tica, como a microoxigena\u00e7\u00e3o.<\/p>\n\t<div id=\"gap-303952927\" class=\"gap-element clearfix\" style=\"display:block; height:auto;\">\n\t\t\n<style>\n#gap-303952927 {\n  padding-top: &quot;20px&quot;;\n}\n<\/style>\n\t<\/div>\n\t\n<h4>Intensificador de aroma<\/h4>\n<p>Saf\u0152no\u2122 HD S135 promove a produ\u00e7\u00e3o de tintos frutados, mais voltados para frutas vermelhas\/pretas maduras. \u00c9 particularmente adaptado a variedades como Merlot, Syrah, Tempranillo, Sangiovese e Grenache<\/p>\n<\/div>\n<div id=\"tab_julgamento\" class=\"panel entry-content\" role=\"tabpanel\" aria-labelledby=\"tab-julgamento\">\n<p>Vale do R\u00f3dano &#8211; Syrah, 14,2% v \/ v, vinifica\u00e7\u00e3o tradicional<\/p>\n\t<div class=\"img has-hover x md-x lg-x y md-y lg-y\" id=\"image_820786540\">\n\t\t\t\t\t\t\t\t<div class=\"img-inner dark\" >\n\t\t\t<img loading=\"lazy\" decoding=\"async\" width=\"635\" height=\"520\" src=\"https:\/\/fermentis.com\/wp-content\/uploads\/2020\/02\/safoeno-S135-profile.jpg\" class=\"attachment-large size-large\" alt=\"\" srcset=\"https:\/\/fermentis.com\/wp-content\/uploads\/2020\/02\/safoeno-S135-profile.jpg 635w, https:\/\/fermentis.com\/wp-content\/uploads\/2020\/02\/safoeno-S135-profile-600x491.jpg 600w, https:\/\/fermentis.com\/wp-content\/uploads\/2020\/02\/safoeno-S135-profile-300x246.jpg 300w\" sizes=\"auto, (max-width: 635px) 100vw, 635px\" \/>\t\t\t\t\t\t\n\t\t\t\t\t<\/div>\n\t\t\t\t\t\t\t\t\n<style>\n#image_820786540 {\n  width: 100%;\n}\n<\/style>\n\t<\/div>\n\t\n<p><strong>Saf\u0152no\u2122 HD S135<\/strong> amplifica as caracter\u00edsticas sensoriais proporcionando um vinho final suave e de alta colora\u00e7\u00e3o, com notas frutadas intensas.<\/p>\n<p>7 leveduras testadas<br \/>\n7 provadores profissionais<br \/>\nLimiar de signific\u00e2ncia: * &lt; 5%, ** &lt; 1%<\/p>\n<\/div><\/div><\/div>\n<div class=\"container section-title-container\" ><h3 class=\"section-title section-title-center\"><b aria-hidden=\"true\"><\/b><span class=\"section-title-main\" style=\"font-size:115%;\">Caracter\u00edsticas t\u00e9cnicas do Saf\u0152no\u2122 HD s135<\/span><b aria-hidden=\"true\"><\/b><\/h3><\/div>\n\n\t\t<div class=\"tabbed-content\">\n\t\t\t\n\t\t\t<ul class=\"nav nav-tabs nav-uppercase nav-size-normal nav-left\" role=\"tablist\"><li id=\"tab-fermenta\u00e7\u00e3o\" class=\"tab active has-icon\" role=\"presentation\"><a href=\"#tab_fermenta\u00e7\u00e3o\" role=\"tab\" aria-selected=\"true\" aria-controls=\"tab_fermenta\u00e7\u00e3o\"><span>Fermenta\u00e7\u00e3o<\/span><\/a><\/li>\n<li id=\"tab-metab\u00f3licos\" class=\"tab has-icon\" role=\"presentation\"><a href=\"#tab_metab\u00f3licos\" tabindex=\"-1\" role=\"tab\" aria-selected=\"false\" aria-controls=\"tab_metab\u00f3licos\"><span>Metab\u00f3licos<\/span><\/a><\/li>\n<li id=\"tab-f\u00e1cil-de-usar\" class=\"tab has-icon\" role=\"presentation\"><a href=\"#tab_f\u00e1cil-de-usar\" tabindex=\"-1\" role=\"tab\" aria-selected=\"false\" aria-controls=\"tab_f\u00e1cil-de-usar\"><span>F\u00e1cil de Usar<\/span><\/a><\/li>\n<li id=\"tab-embalagem-e-garantia\" class=\"tab has-icon\" role=\"presentation\"><a href=\"#tab_embalagem-e-garantia\" tabindex=\"-1\" role=\"tab\" aria-selected=\"false\" aria-controls=\"tab_embalagem-e-garantia\"><span>Embalagem e garantia<\/span><\/a><\/li><\/ul><div class=\"tab-panels\"><div id=\"tab_fermenta\u00e7\u00e3o\" class=\"panel active entry-content\" role=\"tabpanel\" aria-labelledby=\"tab-fermenta\u00e7\u00e3o\">\n<p>\u2192 In\u00edcio r\u00e1pido da fermenta\u00e7\u00e3o alco\u00f3lica e cin\u00e9tica r\u00e1pida<br \/>\n\u2192 Alta toler\u00e2ncia ao \u00e1lcool: &gt;15% vol.\/vol.<br \/>\n\u2192 Temperatura ideal de fermenta\u00e7\u00e3o: 17-24 \u00b0 C (63-75 \u00b0 F)<br \/>\n\u2192 Boa assimila\u00e7\u00e3o de frutose<br \/>\n\u2192 Baixos requisitos de nitrog\u00eanio<\/p>\n<\/div>\n<div id=\"tab_metab\u00f3licos\" class=\"panel entry-content\" role=\"tabpanel\" aria-labelledby=\"tab-metab\u00f3licos\">\n<p>\u2192\u00a0Killer factor: neutral<br \/>\n\u2192\u00a0High polyphenol extraction with good<br \/>\n\u2192\u00a0Color stabilization<br \/>\n\u2192\u00a0Tannins quality and reactivity<br \/>\n\u2192\u00a0Medium-High glycerol production<br \/>\n\u2192\u00a0Low SO<sub>2<\/sub> combination<br \/>\n\u2192\u00a0High production of higher alcohols and esters<\/p>\n<\/div>\n<div id=\"tab_f\u00e1cil-de-usar\" class=\"panel entry-content\" role=\"tabpanel\" aria-labelledby=\"tab-f\u00e1cil-de-usar\">\n<ul>\n<li>O know-how da Lesaffre e a melhoria cont\u00ednua do processo de produ\u00e7\u00e3o de leveduras levam \u00e0 obten\u00e7\u00e3o <strong>de uma qualidade excepcional de leveduras secas capazes de resistir a uma ampla gama de usos, incluindo frio ou nenhuma reidrata\u00e7\u00e3o, sem afetar sua viabilidade, perfil cin\u00e9tico e\/ou anal\u00edtico.<\/strong> Os produtores de vinho podem escolher as condi\u00e7\u00f5es de uso que melhor se adaptam \u00e0s suas necessidades, ou seja:\n<ul>\n<li><strong>Aplica\u00e7\u00e3o direta:<\/strong> Despeje a levedura na superf\u00edcie <strong>de pelo menos 10 vezes o seu peso de mosto<\/strong> (possivelmente diretamente no topo do tanque ou durante o enchimento do tanque ap\u00f3s a decanta\u00e7\u00e3o para brancos e ros\u00e9s). Misture delicadamente para evitar ou desfazer grumos. <strong>Transfira imediatamente para o tanque por meio de bombeamento com aera\u00e7\u00e3o <\/strong>(ou homogeneize o volume do tanque).<\/li>\n<li><strong>Com reidrata\u00e7\u00e3o pr\u00e9via:<\/strong> Despeje o fermento na superf\u00edcie de <strong>10 vezes seu peso em \u00e1gua da torneira em temperatura ambiente.<\/strong> Misture delicadamente para evitar ou desfazer grumos. <strong>Aguarde 20 minutos e transfira para o tanque por meio de bombeamento com aera\u00e7\u00e3o.<\/strong><\/li>\n<\/ul>\n<\/li>\n<\/ul>\n<\/div>\n<div id=\"tab_embalagem-e-garantia\" class=\"panel entry-content\" role=\"tabpanel\" aria-labelledby=\"tab-embalagem-e-garantia\">\n<h4>Armazenamento<\/h4>\n<p>Caixa com 20 sach\u00eas embalados a v\u00e1cuo de 500g cada(peso l\u00edquido da caixa completa: 10 kg)<br \/>\n1 caixa de papel embalada a v\u00e1cuo de 10 Kg (peso l\u00edquido da caixa completa: 10 kg).<\/p>\n<h4>Garantia<\/h4>\n<p>O alto teor de mat\u00e9ria seca de nossas leveduras garante um armazenamento ideal em sua embalagem original a uma temperatura n\u00e3o superior a 20\u00b0C (durante 3 anos) e 10\u00b0C para armazenamento prolongado (4 anos). A Fermentis garante que o produto est\u00e1 em conformidade com o Codex Enol\u00f3gico Internacional at\u00e9 \u00e0 data de validade nas condi\u00e7\u00f5es de armazenamento acima mencionadas.<\/p>\n<p><em>Cada levedura Fermentis \u00e9 desenvolvida sob um esquema de produ\u00e7\u00e3o espec\u00edfico e se beneficia do know-how do grupo Lesaffre, l\u00edder mundial na fabrica\u00e7\u00e3o de leveduras. Isso garante a mais alta pureza microbiol\u00f3gica e m\u00e1xima atividade de fermenta\u00e7\u00e3o.<\/em><\/p>\n<\/div><\/div><\/div>\n\t<div id=\"gap-2054784062\" class=\"gap-element clearfix\" style=\"display:block; height:auto;\">\n\t\t\n<style>\n#gap-2054784062 {\n  padding-top: 30px;\n}\n<\/style>\n\t<\/div>\n\t\n<p><i>Os dados contidos nesta ficha t\u00e9cnica s\u00e3o a transcri\u00e7\u00e3o exata do nosso conhecimento do produto na data mencionada. Eles s\u00e3o propriedade exclusiva da Fermentis-Division da S.I.Lesaffre. \u00c9 de responsabilidade do usu\u00e1rio garantir que o uso deste produto espec\u00edfico esteja em conformidade com a legisla\u00e7\u00e3o.<\/i><\/p>\n","protected":false},"excerpt":{"rendered":"<p>Para vinhos tintos encorpados e suaves<\/p>\n","protected":false},"featured_media":44205,"comment_status":"closed","ping_status":"closed","template":"","meta":{"_acf_changed":false},"product_brand":[],"product_cat":[2555,2556,2557],"product_tag":[2646,2647,2648],"class_list":{"0":"post-44204","1":"product","2":"type-product","3":"status-publish","4":"has-post-thumbnail","6":"product_cat-active-dry-yeast-wine-pt-br","7":"product_cat-safoeno-pt-br-2","8":"product_cat-wine-making-pt-br","9":"product_tag-hd-s-135-pt-br","10":"product_tag-hd-s135-pt-br","11":"product_tag-hds135-pt-br","12":"pa_fermentation-temperature-14-pt-br","13":"pa_fermentation-temperature-30-pt-br","14":"pa_kinetics-fast-pt-br","15":"pa_max-alcohol-16-pt-br","16":"pa_nutrients-need-low-pt-br","17":"pa_red-fruity-profile-ripe-fruit-pt-br","18":"pa_roundness-high-pt-br","19":"pa_structure-high-pt-br","20":"pa_wine-color-red-pt-br","22":"first","23":"instock","24":"shipping-taxable","25":"product-type-simple"},"acf":[],"yoast_head":"<!-- This site is optimized with the Yoast SEO Premium plugin v27.4 (Yoast SEO v27.4) - https:\/\/yoast.com\/product\/yoast-seo-premium-wordpress\/ -->\n<title>SafOeno HD S135 - Levedura de vinho para vinhos tintos encorpados - Fermentis<\/title>\n<meta name=\"description\" content=\"A levedura de vinho Fermentis SafOeno HD S135 \u00e9 ideal para produzir vinhos tintos suaves, encorpados e frutados, mesmo em condi\u00e7\u00f5es de fermenta\u00e7\u00e3o dif\u00edceis\" \/>\n<meta name=\"robots\" content=\"index, follow, max-snippet:-1, max-image-preview:large, max-video-preview:-1\" \/>\n<link rel=\"canonical\" href=\"https:\/\/fermentis.com\/pt-br\/produto\/safoeno-hd-s135\/\" \/>\n<meta property=\"og:locale\" content=\"pt_BR\" \/>\n<meta property=\"og:type\" content=\"article\" \/>\n<meta property=\"og:title\" content=\"Saf\u0152no\u2122 HD\u00a0S135\" \/>\n<meta property=\"og:description\" content=\"A levedura de vinho Fermentis SafOeno HD S135 \u00e9 ideal para produzir vinhos tintos suaves, encorpados e frutados, mesmo em condi\u00e7\u00f5es de fermenta\u00e7\u00e3o dif\u00edceis\" \/>\n<meta property=\"og:url\" content=\"https:\/\/fermentis.com\/pt-br\/produto\/safoeno-hd-s135\/\" \/>\n<meta property=\"og:site_name\" content=\"Fermentis\" \/>\n<meta property=\"article:publisher\" content=\"https:\/\/www.facebook.com\/Fermentis\" \/>\n<meta property=\"article:modified_time\" content=\"2026-04-20T10:22:32+00:00\" \/>\n<meta property=\"og:image\" content=\"https:\/\/fermentis.com\/wp-content\/uploads\/2020\/10\/safoeno-hds135.jpg\" \/>\n\t<meta property=\"og:image:width\" content=\"1200\" \/>\n\t<meta property=\"og:image:height\" content=\"1200\" \/>\n\t<meta property=\"og:image:type\" content=\"image\/jpeg\" \/>\n<meta name=\"twitter:card\" content=\"summary_large_image\" \/>\n<meta name=\"twitter:site\" content=\"@fermentis\" \/>\n<meta name=\"twitter:label1\" content=\"Pre\u00e7o\" \/>\n\t<meta name=\"twitter:data1\" content=\"\" \/>\n\t<meta name=\"twitter:label2\" content=\"Disponibilidade\" \/>\n\t<meta name=\"twitter:data2\" content=\"Em Estoque\" \/>\n<script type=\"application\/ld+json\" class=\"yoast-schema-graph\">{\"@context\":\"https:\\\/\\\/schema.org\",\"@graph\":[{\"@type\":\"WebPage\",\"@id\":\"https:\\\/\\\/fermentis.com\\\/pt-br\\\/produto\\\/safoeno-hd-s135\\\/\",\"url\":\"https:\\\/\\\/fermentis.com\\\/pt-br\\\/produto\\\/safoeno-hd-s135\\\/\",\"name\":\"SafOeno HD S135 - Levedura de vinho para vinhos tintos encorpados - Fermentis\",\"isPartOf\":{\"@id\":\"https:\\\/\\\/fermentis.com\\\/pt-br\\\/#website\"},\"primaryImageOfPage\":{\"@id\":\"https:\\\/\\\/fermentis.com\\\/pt-br\\\/produto\\\/safoeno-hd-s135\\\/#primaryimage\"},\"image\":{\"@id\":\"https:\\\/\\\/fermentis.com\\\/pt-br\\\/produto\\\/safoeno-hd-s135\\\/#primaryimage\"},\"thumbnailUrl\":\"https:\\\/\\\/fermentis.com\\\/wp-content\\\/uploads\\\/2020\\\/10\\\/safoeno-hds135.jpg\",\"datePublished\":\"2020-02-18T23:00:00+00:00\",\"dateModified\":\"2026-04-20T10:22:32+00:00\",\"description\":\"A levedura de vinho Fermentis SafOeno HD S135 \u00e9 ideal para produzir vinhos tintos suaves, encorpados e frutados, mesmo em condi\u00e7\u00f5es de fermenta\u00e7\u00e3o dif\u00edceis\",\"breadcrumb\":{\"@id\":\"https:\\\/\\\/fermentis.com\\\/pt-br\\\/produto\\\/safoeno-hd-s135\\\/#breadcrumb\"},\"inLanguage\":\"pt-BR\",\"potentialAction\":[{\"@type\":\"ReadAction\",\"target\":[\"https:\\\/\\\/fermentis.com\\\/pt-br\\\/produto\\\/safoeno-hd-s135\\\/\"]}]},{\"@type\":\"ImageObject\",\"inLanguage\":\"pt-BR\",\"@id\":\"https:\\\/\\\/fermentis.com\\\/pt-br\\\/produto\\\/safoeno-hd-s135\\\/#primaryimage\",\"url\":\"https:\\\/\\\/fermentis.com\\\/wp-content\\\/uploads\\\/2020\\\/10\\\/safoeno-hds135.jpg\",\"contentUrl\":\"https:\\\/\\\/fermentis.com\\\/wp-content\\\/uploads\\\/2020\\\/10\\\/safoeno-hds135.jpg\",\"width\":1200,\"height\":1200},{\"@type\":\"BreadcrumbList\",\"@id\":\"https:\\\/\\\/fermentis.com\\\/pt-br\\\/produto\\\/safoeno-hd-s135\\\/#breadcrumb\",\"itemListElement\":[{\"@type\":\"ListItem\",\"position\":1,\"name\":\"Home\",\"item\":\"https:\\\/\\\/fermentis.com\\\/pt-br\\\/\"},{\"@type\":\"ListItem\",\"position\":2,\"name\":\"Produtos\"},{\"@type\":\"ListItem\",\"position\":3,\"name\":\"Wine making\",\"item\":\"https:\\\/\\\/fermentis.com\\\/pt-br\\\/fermentation\\\/wine-making-pt-br\\\/\"},{\"@type\":\"ListItem\",\"position\":4,\"name\":\"Saf\u0152no\u2122 HD\u00a0S135\"}]},{\"@type\":\"WebSite\",\"@id\":\"https:\\\/\\\/fermentis.com\\\/pt-br\\\/#website\",\"url\":\"https:\\\/\\\/fermentis.com\\\/pt-br\\\/\",\"name\":\"Fermentis\",\"description\":\"Un site utilisant WordPress\",\"publisher\":{\"@id\":\"https:\\\/\\\/fermentis.com\\\/pt-br\\\/#organization\"},\"potentialAction\":[{\"@type\":\"SearchAction\",\"target\":{\"@type\":\"EntryPoint\",\"urlTemplate\":\"https:\\\/\\\/fermentis.com\\\/pt-br\\\/?s={search_term_string}\"},\"query-input\":{\"@type\":\"PropertyValueSpecification\",\"valueRequired\":true,\"valueName\":\"search_term_string\"}}],\"inLanguage\":\"pt-BR\"},{\"@type\":\"Organization\",\"@id\":\"https:\\\/\\\/fermentis.com\\\/pt-br\\\/#organization\",\"name\":\"Fermentis\",\"url\":\"https:\\\/\\\/fermentis.com\\\/pt-br\\\/\",\"logo\":{\"@type\":\"ImageObject\",\"inLanguage\":\"pt-BR\",\"@id\":\"https:\\\/\\\/fermentis.com\\\/pt-br\\\/#\\\/schema\\\/logo\\\/image\\\/\",\"url\":\"https:\\\/\\\/fermentis.com\\\/wp-content\\\/uploads\\\/2021\\\/07\\\/Logo-Fermentis-5.png\",\"contentUrl\":\"https:\\\/\\\/fermentis.com\\\/wp-content\\\/uploads\\\/2021\\\/07\\\/Logo-Fermentis-5.png\",\"width\":308,\"height\":95,\"caption\":\"Fermentis\"},\"image\":{\"@id\":\"https:\\\/\\\/fermentis.com\\\/pt-br\\\/#\\\/schema\\\/logo\\\/image\\\/\"},\"sameAs\":[\"https:\\\/\\\/www.facebook.com\\\/Fermentis\",\"https:\\\/\\\/x.com\\\/fermentis\",\"https:\\\/\\\/www.instagram.com\\\/fermentisbylesaffre\\\/\",\"https:\\\/\\\/www.linkedin.com\\\/company\\\/fermentis\\\/\",\"https:\\\/\\\/www.youtube.com\\\/channel\\\/UCt_Lp3IZnUNXZeqSi6iiAdA\"]}]}<\/script>\n<meta property=\"product:price:currency\" content=\"GBP\" \/>\n<meta property=\"og:availability\" content=\"instock\" \/>\n<meta property=\"product:availability\" content=\"instock\" \/>\n<meta property=\"product:condition\" content=\"new\" \/>\n<!-- \/ Yoast SEO Premium plugin. -->","yoast_head_json":{"title":"SafOeno HD S135 - Levedura de vinho para vinhos tintos encorpados - Fermentis","description":"A levedura de vinho Fermentis SafOeno HD S135 \u00e9 ideal para produzir vinhos tintos suaves, encorpados e frutados, mesmo em condi\u00e7\u00f5es de fermenta\u00e7\u00e3o dif\u00edceis","robots":{"index":"index","follow":"follow","max-snippet":"max-snippet:-1","max-image-preview":"max-image-preview:large","max-video-preview":"max-video-preview:-1"},"canonical":"https:\/\/fermentis.com\/pt-br\/produto\/safoeno-hd-s135\/","og_locale":"pt_BR","og_type":"article","og_title":"Saf\u0152no\u2122 HD\u00a0S135","og_description":"A levedura de vinho Fermentis SafOeno HD S135 \u00e9 ideal para produzir vinhos tintos suaves, encorpados e frutados, mesmo em condi\u00e7\u00f5es de fermenta\u00e7\u00e3o dif\u00edceis","og_url":"https:\/\/fermentis.com\/pt-br\/produto\/safoeno-hd-s135\/","og_site_name":"Fermentis","article_publisher":"https:\/\/www.facebook.com\/Fermentis","article_modified_time":"2026-04-20T10:22:32+00:00","og_image":[{"width":1200,"height":1200,"url":"https:\/\/fermentis.com\/wp-content\/uploads\/2020\/10\/safoeno-hds135.jpg","type":"image\/jpeg"}],"twitter_card":"summary_large_image","twitter_site":"@fermentis","twitter_misc":{"Pre\u00e7o":"","Disponibilidade":"Em Estoque"},"schema":{"@context":"https:\/\/schema.org","@graph":[{"@type":"WebPage","@id":"https:\/\/fermentis.com\/pt-br\/produto\/safoeno-hd-s135\/","url":"https:\/\/fermentis.com\/pt-br\/produto\/safoeno-hd-s135\/","name":"SafOeno HD S135 - Levedura de vinho para vinhos tintos encorpados - Fermentis","isPartOf":{"@id":"https:\/\/fermentis.com\/pt-br\/#website"},"primaryImageOfPage":{"@id":"https:\/\/fermentis.com\/pt-br\/produto\/safoeno-hd-s135\/#primaryimage"},"image":{"@id":"https:\/\/fermentis.com\/pt-br\/produto\/safoeno-hd-s135\/#primaryimage"},"thumbnailUrl":"https:\/\/fermentis.com\/wp-content\/uploads\/2020\/10\/safoeno-hds135.jpg","datePublished":"2020-02-18T23:00:00+00:00","dateModified":"2026-04-20T10:22:32+00:00","description":"A levedura de vinho Fermentis SafOeno HD S135 \u00e9 ideal para produzir vinhos tintos suaves, encorpados e frutados, mesmo em condi\u00e7\u00f5es de fermenta\u00e7\u00e3o dif\u00edceis","breadcrumb":{"@id":"https:\/\/fermentis.com\/pt-br\/produto\/safoeno-hd-s135\/#breadcrumb"},"inLanguage":"pt-BR","potentialAction":[{"@type":"ReadAction","target":["https:\/\/fermentis.com\/pt-br\/produto\/safoeno-hd-s135\/"]}]},{"@type":"ImageObject","inLanguage":"pt-BR","@id":"https:\/\/fermentis.com\/pt-br\/produto\/safoeno-hd-s135\/#primaryimage","url":"https:\/\/fermentis.com\/wp-content\/uploads\/2020\/10\/safoeno-hds135.jpg","contentUrl":"https:\/\/fermentis.com\/wp-content\/uploads\/2020\/10\/safoeno-hds135.jpg","width":1200,"height":1200},{"@type":"BreadcrumbList","@id":"https:\/\/fermentis.com\/pt-br\/produto\/safoeno-hd-s135\/#breadcrumb","itemListElement":[{"@type":"ListItem","position":1,"name":"Home","item":"https:\/\/fermentis.com\/pt-br\/"},{"@type":"ListItem","position":2,"name":"Produtos"},{"@type":"ListItem","position":3,"name":"Wine making","item":"https:\/\/fermentis.com\/pt-br\/fermentation\/wine-making-pt-br\/"},{"@type":"ListItem","position":4,"name":"Saf\u0152no\u2122 HD\u00a0S135"}]},{"@type":"WebSite","@id":"https:\/\/fermentis.com\/pt-br\/#website","url":"https:\/\/fermentis.com\/pt-br\/","name":"Fermentis","description":"Un site utilisant WordPress","publisher":{"@id":"https:\/\/fermentis.com\/pt-br\/#organization"},"potentialAction":[{"@type":"SearchAction","target":{"@type":"EntryPoint","urlTemplate":"https:\/\/fermentis.com\/pt-br\/?s={search_term_string}"},"query-input":{"@type":"PropertyValueSpecification","valueRequired":true,"valueName":"search_term_string"}}],"inLanguage":"pt-BR"},{"@type":"Organization","@id":"https:\/\/fermentis.com\/pt-br\/#organization","name":"Fermentis","url":"https:\/\/fermentis.com\/pt-br\/","logo":{"@type":"ImageObject","inLanguage":"pt-BR","@id":"https:\/\/fermentis.com\/pt-br\/#\/schema\/logo\/image\/","url":"https:\/\/fermentis.com\/wp-content\/uploads\/2021\/07\/Logo-Fermentis-5.png","contentUrl":"https:\/\/fermentis.com\/wp-content\/uploads\/2021\/07\/Logo-Fermentis-5.png","width":308,"height":95,"caption":"Fermentis"},"image":{"@id":"https:\/\/fermentis.com\/pt-br\/#\/schema\/logo\/image\/"},"sameAs":["https:\/\/www.facebook.com\/Fermentis","https:\/\/x.com\/fermentis","https:\/\/www.instagram.com\/fermentisbylesaffre\/","https:\/\/www.linkedin.com\/company\/fermentis\/","https:\/\/www.youtube.com\/channel\/UCt_Lp3IZnUNXZeqSi6iiAdA"]}]},"product_price_currency":"GBP","og_availability":"instock","product_availability":"instock","product_condition":"new"},"_links":{"self":[{"href":"https:\/\/fermentis.com\/pt-br\/wp-json\/wp\/v2\/product\/44204","targetHints":{"allow":["GET"]}}],"collection":[{"href":"https:\/\/fermentis.com\/pt-br\/wp-json\/wp\/v2\/product"}],"about":[{"href":"https:\/\/fermentis.com\/pt-br\/wp-json\/wp\/v2\/types\/product"}],"replies":[{"embeddable":true,"href":"https:\/\/fermentis.com\/pt-br\/wp-json\/wp\/v2\/comments?post=44204"}],"wp:featuredmedia":[{"embeddable":true,"href":"https:\/\/fermentis.com\/pt-br\/wp-json\/wp\/v2\/media\/44205"}],"wp:attachment":[{"href":"https:\/\/fermentis.com\/pt-br\/wp-json\/wp\/v2\/media?parent=44204"}],"wp:term":[{"taxonomy":"product_brand","embeddable":true,"href":"https:\/\/fermentis.com\/pt-br\/wp-json\/wp\/v2\/product_brand?post=44204"},{"taxonomy":"product_cat","embeddable":true,"href":"https:\/\/fermentis.com\/pt-br\/wp-json\/wp\/v2\/product_cat?post=44204"},{"taxonomy":"product_tag","embeddable":true,"href":"https:\/\/fermentis.com\/pt-br\/wp-json\/wp\/v2\/product_tag?post=44204"}],"curies":[{"name":"wp","href":"https:\/\/api.w.org\/{rel}","templated":true}]}}