{"id":44208,"date":"2020-05-04T00:00:00","date_gmt":"2020-05-03T22:00:00","guid":{"rendered":"https:\/\/fermentis.com\/product\/springcell-manno\/"},"modified":"2026-04-13T21:24:56","modified_gmt":"2026-04-13T19:24:56","slug":"springcell-manno","status":"publish","type":"product","link":"https:\/\/fermentis.com\/pt-br\/produto\/springcell-manno\/","title":{"rendered":"SpringCell\u2122&nbsp; Manno"},"content":{"rendered":"<div class=\"container section-title-container\" ><h2 class=\"section-title section-title-center\"><b aria-hidden=\"true\"><\/b><span class=\"section-title-main\" style=\"font-size:115%;\">O MELHOR DAS BORRAS PARA UMA SENSA\u00c7\u00c3O NA BOCA EQUILIBRADA E UM VINHO EST\u00c1VEL<\/span><b aria-hidden=\"true\"><\/b><\/h2><\/div>\n<p>A ind\u00fastria do vinho exige vinhos redondos e suaves que possam ser disponibilizados ao mercado rapidamente. A Fermentis desenvolveu o <strong>SpringCell Manno<\/strong>, um produto 100% polissacar\u00eddeo de levedura (glucanos e manoprote\u00ednas sol\u00faveis) que representam a parte mais nobre das borras.<\/p>\n\t<div id=\"gap-1245036545\" class=\"gap-element clearfix\" style=\"display:block; height:auto;\">\n\t\t\n<style>\n#gap-1245036545 {\n  padding-top: 30px;\n}\n<\/style>\n\t<\/div>\n\t\n<div class=\"container section-title-container\" ><h3 class=\"section-title section-title-center\"><b aria-hidden=\"true\"><\/b><span class=\"section-title-main\" style=\"font-size:115%;\">Caracter\u00edsticas t\u00e9cnicas do SPRINGCELL\u2122 Manno<\/span><b aria-hidden=\"true\"><\/b><\/h3><\/div>\n\n\t\t<div class=\"tabbed-content\">\n\t\t\t\n\t\t\t<ul class=\"nav nav-tabs nav-uppercase nav-size-normal nav-left\" role=\"tablist\"><li id=\"tab-aplica\u00e7\u00e3o\" class=\"tab active has-icon\" role=\"presentation\"><a href=\"#tab_aplica\u00e7\u00e3o\" role=\"tab\" aria-selected=\"true\" aria-controls=\"tab_aplica\u00e7\u00e3o\"><span>Aplica\u00e7\u00e3o<\/span><\/a><\/li>\n<li id=\"tab-propriedades\" class=\"tab has-icon\" role=\"presentation\"><a href=\"#tab_propriedades\" tabindex=\"-1\" role=\"tab\" aria-selected=\"false\" aria-controls=\"tab_propriedades\"><span>Propriedades<\/span><\/a><\/li>\n<li id=\"tab-dosagem-&amp;-composi\u00e7\u00e3o\" class=\"tab has-icon\" role=\"presentation\"><a href=\"#tab_dosagem-&amp;-composi\u00e7\u00e3o\" tabindex=\"-1\" role=\"tab\" aria-selected=\"false\" aria-controls=\"tab_dosagem-&amp;-composi\u00e7\u00e3o\"><span>Dosagem &amp; Composi\u00e7\u00e3o<\/span><\/a><\/li>\n<li id=\"tab-embalagem-e-garantia\" class=\"tab has-icon\" role=\"presentation\"><a href=\"#tab_embalagem-e-garantia\" tabindex=\"-1\" role=\"tab\" aria-selected=\"false\" aria-controls=\"tab_embalagem-e-garantia\"><span>Embalagem e garantia<\/span><\/a><\/li><\/ul><div class=\"tab-panels\"><div id=\"tab_aplica\u00e7\u00e3o\" class=\"panel active entry-content\" role=\"tabpanel\" aria-labelledby=\"tab-aplica\u00e7\u00e3o\">\n<p>Para vinhos leves e com m\u00e1 estrutura.<\/p>\n<p>\u2013 Para vinhos tintos de cultivares t\u00e2nicas e de cor profunda.<br \/>\n\u2013 Para qualquer tipo de vinho al\u00e9m das borras finas.<\/p>\n<\/div>\n<div id=\"tab_propriedades\" class=\"panel entry-content\" role=\"tabpanel\" aria-labelledby=\"tab-propriedades\">\n<h4><strong>Contribui\u00e7\u00e3o em arredondamento e volume<\/strong><\/h4>\n<p><strong>SpringCell\u2122 Manno<\/strong> cont\u00e9m manoprote\u00ednas altamente sol\u00faveis n\u00e3o ligadas a \u00df-glucanos cuja efici\u00eancia \u00e9 instant\u00e2nea no vinho. Esses polissacar\u00eddeos atuam finamente no volume e na sensa\u00e7\u00e3o corporal geralmente trazidos durante um envelhecimento sobre as borras.<\/p>\n<h4><strong>Diminui\u00e7\u00e3o da adstring\u00eancia<\/strong><\/h4>\n<p>Os polissacar\u00eddeos combinam-se com os taninos mais adstringentes para atenuar a dureza e trazer redondeza ao vinho.<\/p>\n<h4><strong>Estabiliza\u00e7\u00e3o de cor vermelha<\/strong><\/h4>\n<p>Os polissacar\u00eddeos de levedura permitem uma estabiliza\u00e7\u00e3o duradoura dos complexos de antocianinas de tanino.<\/p>\n<h4><strong>Estabiliza\u00e7\u00e3o do vinho<\/strong><\/h4>\n<p><strong>SpringCell\u2122 Manno<\/strong> traz ao vinho mais riqueza em col\u00f3ides protetores (manoprote\u00ednas). Nas taxas em que est\u00e3o presentes no vinho, esses polissacar\u00eddeos impedem a cristaliza\u00e7\u00e3o dos sais de \u00e1cido tart\u00e1rico.<\/p>\n<h4>Preven\u00e7\u00e3o de sabores estranhos<\/h4>\n<p><strong>SpringCell\u2122 Manno<\/strong> pode substituir-se por borras finas, evitando assim a forma\u00e7\u00e3o de notas redutoras geradas por estas \u00faltimas (H2S) durante o per\u00edodo de envelhecimento. Esta substitui\u00e7\u00e3o tamb\u00e9m evita o desenvolvimento de qualquer microrganismo indesej\u00e1vel contido nas borras naturais.<\/p>\n<\/div>\n<div id=\"tab_dosagem-&amp;-composi\u00e7\u00e3o\" class=\"panel entry-content\" role=\"tabpanel\" aria-labelledby=\"tab-dosagem-&amp;-composi\u00e7\u00e3o\">\n<h4><b>Dosagem<\/b><\/h4>\n<p>Recomenda-se a adi\u00e7\u00e3o de SpringCell\u2122 Manno no in\u00edcio do envelhecimento.<\/p>\n<p>Vinhos tintos: 20-40 g\/hl<\/p>\n<p>Vinhos brancos: 10-30 g\/hl<\/p>\n<p>Dissolva o SpringCell\u2122 Manno em um m\u00ednimo de \u00e1gua.<\/p>\n<p>Avisos:<\/p>\n<p>Este produto n\u00e3o \u00e9 totalmente sol\u00favel.<br \/>\nAs cascas de levedura SpringCell\u2122 Manno est\u00e3o sujeitas ao limite de uso de 40g\/hl de acordo com a legisla\u00e7\u00e3o europeia.<\/p>\n<h4><b>Composi\u00e7\u00e3o<\/b><\/h4>\n<p>Mat\u00e9ria seca: &gt; 94%<br \/>\nNitrog\u00eanio total: 1,4-3,0%<br \/>\nPolissacar\u00eddeos totais: 42-56%<br \/>\nMat\u00e9rias minerais: 2,5-5,5%<\/p>\n<\/div>\n<div id=\"tab_embalagem-e-garantia\" class=\"panel entry-content\" role=\"tabpanel\" aria-labelledby=\"tab-embalagem-e-garantia\">\n<h4>Armazenamento<\/h4>\n<p>Caixa com 20 sach\u00eas embalados a v\u00e1cuo de 500g cada (peso l\u00edquido da caixa completa: 10 kg).<br \/>\n1 saco de 10 kg<\/p>\n<h4>Garantia<\/h4>\n<p>A Fermentis\u00ae garante um \u00f3timo armazenamento deste produto durante 3 anos em sua embalagem original a uma temperatura m\u00e1xima de 20\u00b0C e em local seco.<\/p>\n<p>A Fermentis\u00ae garante que o produto est\u00e1 em conformidade com o Codex Enol\u00f3gico Internacional at\u00e9 a Data de Validade nas condi\u00e7\u00f5es de armazenamento mencionadas acima<\/p>\n<p>Os auxiliares de fermenta\u00e7\u00e3o e produtos funcionais da Fermentis\u00ae s\u00e3o produzidos exclusivamente a partir de produtos de levedura natural. O know-how do grupo Lesaffre garante aos usu\u00e1rios finais, produtos de alto desempenho, conforme exigido pelas aplica\u00e7\u00f5es enol\u00f3gicas modernas.<\/p>\n<\/div><\/div><\/div>\n\t<div id=\"gap-570223907\" class=\"gap-element clearfix\" style=\"display:block; height:auto;\">\n\t\t\n<style>\n#gap-570223907 {\n  padding-top: 30px;\n}\n<\/style>\n\t<\/div>\n\t\n<p><i>Os dados contidos nesta ficha t\u00e9cnica s\u00e3o a transcri\u00e7\u00e3o exata do nosso conhecimento do produto na data mencionada. Eles s\u00e3o propriedade exclusiva da Fermentis-Division da S.I.Lesaffre. \u00c9 de responsabilidade do usu\u00e1rio garantir que o uso deste produto espec\u00edfico esteja em conformidade com a legisla\u00e7\u00e3o.<\/i><\/p>\n","protected":false},"excerpt":{"rendered":"<p>O melhor das borras para uma sensa\u00e7\u00e3o na boca equilibrada e um vinho est\u00e1vel<\/p>\n","protected":false},"featured_media":44212,"comment_status":"closed","ping_status":"closed","template":"","meta":{"_acf_changed":false},"product_brand":[],"product_cat":[2649,2653,2557],"product_tag":[2654,2655,2656,2657],"class_list":{"0":"post-44208","1":"product","2":"type-product","3":"status-publish","4":"has-post-thumbnail","6":"product_cat-functional-products-wine-pt-br","7":"product_cat-springcell-manno-pt-br-2","8":"product_cat-wine-making-pt-br","9":"product_tag-manno-pt-br","10":"product_tag-springcell-pt-br","11":"product_tag-springcell-mannno-pt-br","12":"product_tag-springcellmanno-pt-br","14":"first","15":"instock","16":"shipping-taxable","17":"product-type-simple"},"acf":[],"yoast_head":"<!-- This site is optimized with the Yoast SEO Premium plugin v27.4 (Yoast SEO v27.4) - https:\/\/yoast.com\/product\/yoast-seo-premium-wordpress\/ -->\n<title>SpringCell Manno - Produto funcional para todos os vinhos - Fermentis<\/title>\n<meta name=\"description\" content=\"O produto funcional Fermentis SpringCell Manno \u00e9 ideal para vinhos leves com pouca estrutura e qualquer tipo de vinho, al\u00e9m de borras finas.\" \/>\n<meta name=\"robots\" content=\"index, follow, max-snippet:-1, max-image-preview:large, max-video-preview:-1\" \/>\n<link rel=\"canonical\" href=\"https:\/\/fermentis.com\/pt-br\/produto\/springcell-manno\/\" \/>\n<meta property=\"og:locale\" content=\"pt_BR\" \/>\n<meta property=\"og:type\" content=\"article\" \/>\n<meta property=\"og:title\" content=\"SpringCell\u2122&nbsp; Manno\" \/>\n<meta property=\"og:description\" content=\"O produto funcional Fermentis SpringCell Manno \u00e9 ideal para vinhos leves com pouca estrutura e qualquer tipo de vinho, al\u00e9m de borras finas.\" \/>\n<meta property=\"og:url\" content=\"https:\/\/fermentis.com\/pt-br\/produto\/springcell-manno\/\" \/>\n<meta property=\"og:site_name\" content=\"Fermentis\" \/>\n<meta property=\"article:publisher\" content=\"https:\/\/www.facebook.com\/Fermentis\" \/>\n<meta property=\"article:modified_time\" content=\"2026-04-13T19:24:56+00:00\" \/>\n<meta property=\"og:image\" content=\"https:\/\/fermentis.com\/wp-content\/uploads\/2020\/05\/springcell-manno.jpg\" \/>\n\t<meta property=\"og:image:width\" content=\"1200\" \/>\n\t<meta property=\"og:image:height\" content=\"1200\" \/>\n\t<meta property=\"og:image:type\" content=\"image\/jpeg\" \/>\n<meta name=\"twitter:card\" content=\"summary_large_image\" \/>\n<meta name=\"twitter:site\" content=\"@fermentis\" \/>\n<meta name=\"twitter:label1\" content=\"Pre\u00e7o\" \/>\n\t<meta name=\"twitter:data1\" content=\"\" \/>\n\t<meta name=\"twitter:label2\" content=\"Disponibilidade\" \/>\n\t<meta name=\"twitter:data2\" content=\"Em Estoque\" \/>\n<script type=\"application\/ld+json\" class=\"yoast-schema-graph\">{\"@context\":\"https:\\\/\\\/schema.org\",\"@graph\":[{\"@type\":\"WebPage\",\"@id\":\"https:\\\/\\\/fermentis.com\\\/pt-br\\\/produto\\\/springcell-manno\\\/\",\"url\":\"https:\\\/\\\/fermentis.com\\\/pt-br\\\/produto\\\/springcell-manno\\\/\",\"name\":\"SpringCell Manno - Produto funcional para todos os vinhos - Fermentis\",\"isPartOf\":{\"@id\":\"https:\\\/\\\/fermentis.com\\\/pt-br\\\/#website\"},\"primaryImageOfPage\":{\"@id\":\"https:\\\/\\\/fermentis.com\\\/pt-br\\\/produto\\\/springcell-manno\\\/#primaryimage\"},\"image\":{\"@id\":\"https:\\\/\\\/fermentis.com\\\/pt-br\\\/produto\\\/springcell-manno\\\/#primaryimage\"},\"thumbnailUrl\":\"https:\\\/\\\/fermentis.com\\\/wp-content\\\/uploads\\\/2020\\\/05\\\/springcell-manno.jpg\",\"datePublished\":\"2020-05-03T22:00:00+00:00\",\"dateModified\":\"2026-04-13T19:24:56+00:00\",\"description\":\"O produto funcional Fermentis SpringCell Manno \u00e9 ideal para vinhos leves com pouca estrutura e qualquer tipo de vinho, al\u00e9m de borras finas.\",\"breadcrumb\":{\"@id\":\"https:\\\/\\\/fermentis.com\\\/pt-br\\\/produto\\\/springcell-manno\\\/#breadcrumb\"},\"inLanguage\":\"pt-BR\",\"potentialAction\":[{\"@type\":\"ReadAction\",\"target\":[\"https:\\\/\\\/fermentis.com\\\/pt-br\\\/produto\\\/springcell-manno\\\/\"]}]},{\"@type\":\"ImageObject\",\"inLanguage\":\"pt-BR\",\"@id\":\"https:\\\/\\\/fermentis.com\\\/pt-br\\\/produto\\\/springcell-manno\\\/#primaryimage\",\"url\":\"https:\\\/\\\/fermentis.com\\\/wp-content\\\/uploads\\\/2020\\\/05\\\/springcell-manno.jpg\",\"contentUrl\":\"https:\\\/\\\/fermentis.com\\\/wp-content\\\/uploads\\\/2020\\\/05\\\/springcell-manno.jpg\",\"width\":1200,\"height\":1200},{\"@type\":\"BreadcrumbList\",\"@id\":\"https:\\\/\\\/fermentis.com\\\/pt-br\\\/produto\\\/springcell-manno\\\/#breadcrumb\",\"itemListElement\":[{\"@type\":\"ListItem\",\"position\":1,\"name\":\"Home\",\"item\":\"https:\\\/\\\/fermentis.com\\\/pt-br\\\/\"},{\"@type\":\"ListItem\",\"position\":2,\"name\":\"Produtos\"},{\"@type\":\"ListItem\",\"position\":3,\"name\":\"Wine making\",\"item\":\"https:\\\/\\\/fermentis.com\\\/pt-br\\\/fermentation\\\/wine-making-pt-br\\\/\"},{\"@type\":\"ListItem\",\"position\":4,\"name\":\"Produtos funcionais para vinho\",\"item\":\"https:\\\/\\\/fermentis.com\\\/pt-br\\\/fermentation\\\/wine-making-pt-br\\\/functional-products-wine-pt-br\\\/\"},{\"@type\":\"ListItem\",\"position\":5,\"name\":\"SpringCell\u2122&nbsp; Manno\"}]},{\"@type\":\"WebSite\",\"@id\":\"https:\\\/\\\/fermentis.com\\\/pt-br\\\/#website\",\"url\":\"https:\\\/\\\/fermentis.com\\\/pt-br\\\/\",\"name\":\"Fermentis\",\"description\":\"Un site utilisant WordPress\",\"publisher\":{\"@id\":\"https:\\\/\\\/fermentis.com\\\/pt-br\\\/#organization\"},\"potentialAction\":[{\"@type\":\"SearchAction\",\"target\":{\"@type\":\"EntryPoint\",\"urlTemplate\":\"https:\\\/\\\/fermentis.com\\\/pt-br\\\/?s={search_term_string}\"},\"query-input\":{\"@type\":\"PropertyValueSpecification\",\"valueRequired\":true,\"valueName\":\"search_term_string\"}}],\"inLanguage\":\"pt-BR\"},{\"@type\":\"Organization\",\"@id\":\"https:\\\/\\\/fermentis.com\\\/pt-br\\\/#organization\",\"name\":\"Fermentis\",\"url\":\"https:\\\/\\\/fermentis.com\\\/pt-br\\\/\",\"logo\":{\"@type\":\"ImageObject\",\"inLanguage\":\"pt-BR\",\"@id\":\"https:\\\/\\\/fermentis.com\\\/pt-br\\\/#\\\/schema\\\/logo\\\/image\\\/\",\"url\":\"https:\\\/\\\/fermentis.com\\\/wp-content\\\/uploads\\\/2021\\\/07\\\/Logo-Fermentis-5.png\",\"contentUrl\":\"https:\\\/\\\/fermentis.com\\\/wp-content\\\/uploads\\\/2021\\\/07\\\/Logo-Fermentis-5.png\",\"width\":308,\"height\":95,\"caption\":\"Fermentis\"},\"image\":{\"@id\":\"https:\\\/\\\/fermentis.com\\\/pt-br\\\/#\\\/schema\\\/logo\\\/image\\\/\"},\"sameAs\":[\"https:\\\/\\\/www.facebook.com\\\/Fermentis\",\"https:\\\/\\\/x.com\\\/fermentis\",\"https:\\\/\\\/www.instagram.com\\\/fermentisbylesaffre\\\/\",\"https:\\\/\\\/www.linkedin.com\\\/company\\\/fermentis\\\/\",\"https:\\\/\\\/www.youtube.com\\\/channel\\\/UCt_Lp3IZnUNXZeqSi6iiAdA\"]}]}<\/script>\n<meta property=\"product:price:currency\" content=\"GBP\" \/>\n<meta property=\"og:availability\" content=\"instock\" \/>\n<meta property=\"product:availability\" content=\"instock\" \/>\n<meta property=\"product:condition\" content=\"new\" \/>\n<!-- \/ Yoast SEO Premium plugin. -->","yoast_head_json":{"title":"SpringCell Manno - Produto funcional para todos os vinhos - Fermentis","description":"O produto funcional Fermentis SpringCell Manno \u00e9 ideal para vinhos leves com pouca estrutura e qualquer tipo de vinho, al\u00e9m de borras finas.","robots":{"index":"index","follow":"follow","max-snippet":"max-snippet:-1","max-image-preview":"max-image-preview:large","max-video-preview":"max-video-preview:-1"},"canonical":"https:\/\/fermentis.com\/pt-br\/produto\/springcell-manno\/","og_locale":"pt_BR","og_type":"article","og_title":"SpringCell\u2122&nbsp; Manno","og_description":"O produto funcional Fermentis SpringCell Manno \u00e9 ideal para vinhos leves com pouca estrutura e qualquer tipo de vinho, al\u00e9m de borras finas.","og_url":"https:\/\/fermentis.com\/pt-br\/produto\/springcell-manno\/","og_site_name":"Fermentis","article_publisher":"https:\/\/www.facebook.com\/Fermentis","article_modified_time":"2026-04-13T19:24:56+00:00","og_image":[{"width":1200,"height":1200,"url":"https:\/\/fermentis.com\/wp-content\/uploads\/2020\/05\/springcell-manno.jpg","type":"image\/jpeg"}],"twitter_card":"summary_large_image","twitter_site":"@fermentis","twitter_misc":{"Pre\u00e7o":"","Disponibilidade":"Em Estoque"},"schema":{"@context":"https:\/\/schema.org","@graph":[{"@type":"WebPage","@id":"https:\/\/fermentis.com\/pt-br\/produto\/springcell-manno\/","url":"https:\/\/fermentis.com\/pt-br\/produto\/springcell-manno\/","name":"SpringCell Manno - Produto funcional para todos os vinhos - Fermentis","isPartOf":{"@id":"https:\/\/fermentis.com\/pt-br\/#website"},"primaryImageOfPage":{"@id":"https:\/\/fermentis.com\/pt-br\/produto\/springcell-manno\/#primaryimage"},"image":{"@id":"https:\/\/fermentis.com\/pt-br\/produto\/springcell-manno\/#primaryimage"},"thumbnailUrl":"https:\/\/fermentis.com\/wp-content\/uploads\/2020\/05\/springcell-manno.jpg","datePublished":"2020-05-03T22:00:00+00:00","dateModified":"2026-04-13T19:24:56+00:00","description":"O produto funcional Fermentis SpringCell Manno \u00e9 ideal para vinhos leves com pouca estrutura e qualquer tipo de vinho, al\u00e9m de borras finas.","breadcrumb":{"@id":"https:\/\/fermentis.com\/pt-br\/produto\/springcell-manno\/#breadcrumb"},"inLanguage":"pt-BR","potentialAction":[{"@type":"ReadAction","target":["https:\/\/fermentis.com\/pt-br\/produto\/springcell-manno\/"]}]},{"@type":"ImageObject","inLanguage":"pt-BR","@id":"https:\/\/fermentis.com\/pt-br\/produto\/springcell-manno\/#primaryimage","url":"https:\/\/fermentis.com\/wp-content\/uploads\/2020\/05\/springcell-manno.jpg","contentUrl":"https:\/\/fermentis.com\/wp-content\/uploads\/2020\/05\/springcell-manno.jpg","width":1200,"height":1200},{"@type":"BreadcrumbList","@id":"https:\/\/fermentis.com\/pt-br\/produto\/springcell-manno\/#breadcrumb","itemListElement":[{"@type":"ListItem","position":1,"name":"Home","item":"https:\/\/fermentis.com\/pt-br\/"},{"@type":"ListItem","position":2,"name":"Produtos"},{"@type":"ListItem","position":3,"name":"Wine making","item":"https:\/\/fermentis.com\/pt-br\/fermentation\/wine-making-pt-br\/"},{"@type":"ListItem","position":4,"name":"Produtos funcionais para vinho","item":"https:\/\/fermentis.com\/pt-br\/fermentation\/wine-making-pt-br\/functional-products-wine-pt-br\/"},{"@type":"ListItem","position":5,"name":"SpringCell\u2122&nbsp; Manno"}]},{"@type":"WebSite","@id":"https:\/\/fermentis.com\/pt-br\/#website","url":"https:\/\/fermentis.com\/pt-br\/","name":"Fermentis","description":"Un site utilisant WordPress","publisher":{"@id":"https:\/\/fermentis.com\/pt-br\/#organization"},"potentialAction":[{"@type":"SearchAction","target":{"@type":"EntryPoint","urlTemplate":"https:\/\/fermentis.com\/pt-br\/?s={search_term_string}"},"query-input":{"@type":"PropertyValueSpecification","valueRequired":true,"valueName":"search_term_string"}}],"inLanguage":"pt-BR"},{"@type":"Organization","@id":"https:\/\/fermentis.com\/pt-br\/#organization","name":"Fermentis","url":"https:\/\/fermentis.com\/pt-br\/","logo":{"@type":"ImageObject","inLanguage":"pt-BR","@id":"https:\/\/fermentis.com\/pt-br\/#\/schema\/logo\/image\/","url":"https:\/\/fermentis.com\/wp-content\/uploads\/2021\/07\/Logo-Fermentis-5.png","contentUrl":"https:\/\/fermentis.com\/wp-content\/uploads\/2021\/07\/Logo-Fermentis-5.png","width":308,"height":95,"caption":"Fermentis"},"image":{"@id":"https:\/\/fermentis.com\/pt-br\/#\/schema\/logo\/image\/"},"sameAs":["https:\/\/www.facebook.com\/Fermentis","https:\/\/x.com\/fermentis","https:\/\/www.instagram.com\/fermentisbylesaffre\/","https:\/\/www.linkedin.com\/company\/fermentis\/","https:\/\/www.youtube.com\/channel\/UCt_Lp3IZnUNXZeqSi6iiAdA"]}]},"product_price_currency":"GBP","og_availability":"instock","product_availability":"instock","product_condition":"new"},"_links":{"self":[{"href":"https:\/\/fermentis.com\/pt-br\/wp-json\/wp\/v2\/product\/44208","targetHints":{"allow":["GET"]}}],"collection":[{"href":"https:\/\/fermentis.com\/pt-br\/wp-json\/wp\/v2\/product"}],"about":[{"href":"https:\/\/fermentis.com\/pt-br\/wp-json\/wp\/v2\/types\/product"}],"replies":[{"embeddable":true,"href":"https:\/\/fermentis.com\/pt-br\/wp-json\/wp\/v2\/comments?post=44208"}],"wp:featuredmedia":[{"embeddable":true,"href":"https:\/\/fermentis.com\/pt-br\/wp-json\/wp\/v2\/media\/44212"}],"wp:attachment":[{"href":"https:\/\/fermentis.com\/pt-br\/wp-json\/wp\/v2\/media?parent=44208"}],"wp:term":[{"taxonomy":"product_brand","embeddable":true,"href":"https:\/\/fermentis.com\/pt-br\/wp-json\/wp\/v2\/product_brand?post=44208"},{"taxonomy":"product_cat","embeddable":true,"href":"https:\/\/fermentis.com\/pt-br\/wp-json\/wp\/v2\/product_cat?post=44208"},{"taxonomy":"product_tag","embeddable":true,"href":"https:\/\/fermentis.com\/pt-br\/wp-json\/wp\/v2\/product_tag?post=44208"}],"curies":[{"name":"wp","href":"https:\/\/api.w.org\/{rel}","templated":true}]}}