{"id":44214,"date":"2020-05-04T00:00:00","date_gmt":"2020-05-03T22:00:00","guid":{"rendered":"https:\/\/fermentis.com\/product\/springaroml\/"},"modified":"2026-03-25T22:34:45","modified_gmt":"2026-03-25T21:34:45","slug":"springaroml","status":"publish","type":"product","link":"https:\/\/fermentis.com\/pt-br\/produto\/springaroml\/","title":{"rendered":"Primavera Arom\u2122"},"content":{"rendered":"<div class=\"container section-title-container\" ><h2 class=\"section-title section-title-center\"><b aria-hidden=\"true\"><\/b><span class=\"section-title-main\" style=\"font-size:115%;\">PARA PROTEGER A FRESCURA AROM\u00c1TICA DOS VINHOS BRANCOS E ROS\u00c9S<\/span><b aria-hidden=\"true\"><\/b><\/h2><\/div>\nOs vinhos brancos e ros\u00e9s arom\u00e1ticos que se destinam a ser consumidos logo ap\u00f3s o engarrafamento s\u00e3o muito bem-sucedidos entre os novos consumidores de vinho pela sua frescura e intensidade arom\u00e1tica. Para preservar essas caracter\u00edsticas, o en\u00f3logo deve encontrar novas solu\u00e7\u00f5es para alertar os riscos de oxida\u00e7\u00e3o.<\/p>\n<p>A Fermentis\u00ae desenvolveu <strong>o SpringArom\u00ae<\/strong> , uma levedura inativada que possui um importante poder de redu\u00e7\u00e3o gra\u00e7as ao seu alto teor de equivalente natural de glutationa, um tripept\u00eddeo antioxidante contido na levedura que previne rea\u00e7\u00f5es de oxida\u00e7\u00e3o e evita o envelhecimento organol\u00e9ptico.<\/p>\n\t<div id=\"gap-849127270\" class=\"gap-element clearfix\" style=\"display:block; height:auto;\">\n\t\t\n<style>\n#gap-849127270 {\n  padding-top: 30px;\n}\n<\/style>\n\t<\/div>\n\t\n<div class=\"container section-title-container\" ><h3 class=\"section-title section-title-center\"><b aria-hidden=\"true\"><\/b><span class=\"section-title-main\" style=\"font-size:115%;\">Caracter\u00edsticas t\u00e9cnicas do SPRINGAROM\u2122<\/span><b aria-hidden=\"true\"><\/b><\/h3><\/div>\n\n\t\t<div class=\"tabbed-content\">\n\t\t\t\n\t\t\t<ul class=\"nav nav-tabs nav-uppercase nav-size-normal nav-left\" role=\"tablist\"><li id=\"tab-aplica\u00e7\u00e3o\" class=\"tab active has-icon\" role=\"presentation\"><a href=\"#tab_aplica\u00e7\u00e3o\" role=\"tab\" aria-selected=\"true\" aria-controls=\"tab_aplica\u00e7\u00e3o\"><span>Aplica\u00e7\u00e3o<\/span><\/a><\/li>\n<li id=\"tab-propriedades\" class=\"tab has-icon\" role=\"presentation\"><a href=\"#tab_propriedades\" tabindex=\"-1\" role=\"tab\" aria-selected=\"false\" aria-controls=\"tab_propriedades\"><span>Propriedades<\/span><\/a><\/li>\n<li id=\"tab-dosagem-&amp;-composi\u00e7\u00e3o\" class=\"tab has-icon\" role=\"presentation\"><a href=\"#tab_dosagem-&amp;-composi\u00e7\u00e3o\" tabindex=\"-1\" role=\"tab\" aria-selected=\"false\" aria-controls=\"tab_dosagem-&amp;-composi\u00e7\u00e3o\"><span>Dosagem &amp; Composi\u00e7\u00e3o<\/span><\/a><\/li>\n<li id=\"tab-embalagem-e-garantia\" class=\"tab has-icon\" role=\"presentation\"><a href=\"#tab_embalagem-e-garantia\" tabindex=\"-1\" role=\"tab\" aria-selected=\"false\" aria-controls=\"tab_embalagem-e-garantia\"><span>Embalagem e garantia<\/span><\/a><\/li><\/ul><div class=\"tab-panels\"><div id=\"tab_aplica\u00e7\u00e3o\" class=\"panel active entry-content\" role=\"tabpanel\" aria-labelledby=\"tab-aplica\u00e7\u00e3o\">\n<p><strong>SpringArom\u00ae<\/strong> \u00e9 particularmente adaptado<\/p>\n<p>\u2013 Para a elabora\u00e7\u00e3o de vinhos brancos e ros\u00e9s expressivos e bem equilibrados<br \/>\n\u2013 Para vinhos brancos e ros\u00e9s vinificados sem controle de temperatura e, portanto, inclinados a aromas soltos<br \/>\n\u2013 Para variedades ricas em ti\u00f3is (Sauvignon, Petit e Gros Manseng, Cabernet Sauvignon, Merlot)<br \/>\n\u2013 Para vinhos tintos e ros\u00e9s jovens destinados a serem frescos e frutados<\/p>\n<\/div>\n<div id=\"tab_propriedades\" class=\"panel entry-content\" role=\"tabpanel\" aria-labelledby=\"tab-propriedades\">\n<h4><strong>Efeito antioxidante (armadilha de quinona)<\/strong><\/h4>\n<p>Prote\u00e7\u00e3o da cor contra o escurecimento.<br \/>\nPreserva\u00e7\u00e3o de mol\u00e9culas arom\u00e1ticas, nomeadamente ti\u00f3is.<\/p>\n<h4><strong>Efeito colateral nutricional <\/strong><\/h4>\n<p>Riqueza em nitrog\u00eanio org\u00e2nico para \u00f3tima seguran\u00e7a fermentativa em associa\u00e7\u00e3o ou n\u00e3o com DAP.<\/p>\n<h4><strong>Melhoria organol\u00e9ptica <\/strong><\/h4>\n<p>Frescura e sensa\u00e7\u00e3o de gordura na boca.<\/p>\n<\/div>\n<div id=\"tab_dosagem-&amp;-composi\u00e7\u00e3o\" class=\"panel entry-content\" role=\"tabpanel\" aria-labelledby=\"tab-dosagem-&amp;-composi\u00e7\u00e3o\">\n<h4>Dosagem<\/h4>\n<p>Adicionar 20 a 30 g\/hl no mosto imediatamente ap\u00f3s a decanta\u00e7\u00e3o e imediatamente antes da inocula\u00e7\u00e3o das leveduras para beneficiar dos seus elementos de suporte. Recomendamos proceder sistematicamente a um envelhecimento sobre as borras com agita\u00e7\u00e3o quando \u00c9 utilizado <strong>SpringArom\u00ae<\/strong> .<\/p>\n<p><strong>SpringArom\u00ae<\/strong> n\u00e3o pode substituir um verdadeiro auxiliar de fermenta\u00e7\u00e3o.<\/p>\n<p>No caso de mostos altamente deficientes em nitrog\u00eanio, recomenda-se adicionar DAP e SpringFerm\u2122 em dosagens apropriadas (consulte a ficha t\u00e9cnica do SpringFerm\u2122).<\/p>\n<h4>Composi\u00e7\u00e3o<\/h4>\n<p>Mat\u00e9ria seca &gt;94%<br \/>\nMat\u00e9ria prot\u00e9ica, da qual glutationa equivalente 53-63% &gt;1,5%<br \/>\nCarboidratos totais 24-28%<br \/>\nLip\u00eddios 4-8%<br \/>\nMinerais 4-8%<\/p>\n<\/div>\n<div id=\"tab_embalagem-e-garantia\" class=\"panel entry-content\" role=\"tabpanel\" aria-labelledby=\"tab-embalagem-e-garantia\">\n<h4>Armazenamento<\/h4>\n<p>1 caixa de 10 saquetas embaladas a v\u00e1cuo de 1kg cada (peso l\u00edquido da caixa completa: 10 kg)<br \/>\n1 saco de 10kg<br \/>\n1 saco de 25kg<\/p>\n<h4>Garantia<\/h4>\n<p>A Fermentis\u00ae garante um armazenamento \u00f3ptimo deste produto durante 3 anos na sua embalagem original a uma temperatura m\u00e1xima de 20\u00b0C e em local seco.<\/p>\n<p>A Fermentis\u00ae garante que o produto est\u00e1 em conformidade com o Codex Enol\u00f3gico Internacional at\u00e9 a Data de Validade nas condi\u00e7\u00f5es de armazenamento mencionadas acima.<\/p>\n<p>Os auxiliares de fermenta\u00e7\u00e3o e produtos funcionais Fermentis\u00ae s\u00e3o produzidos exclusivamente a partir de produtos de levedura natural. O know-how do grupo Lesaffre garante aos usu\u00e1rios finais, produtos de alto desempenho, conforme exigido pelas aplica\u00e7\u00f5es enol\u00f3gicas modernas.<\/p>\n<\/div><\/div><\/div>\n\t<div id=\"gap-26722220\" class=\"gap-element clearfix\" style=\"display:block; height:auto;\">\n\t\t\n<style>\n#gap-26722220 {\n  padding-top: 30px;\n}\n<\/style>\n\t<\/div>\n\t\n<p><i>Os dados contidos nesta ficha t\u00e9cnica s\u00e3o a transcri\u00e7\u00e3o exata do nosso conhecimento do produto na data mencionada. Eles s\u00e3o propriedade exclusiva da Fermentis-Division da S.I.Lesaffre. \u00c9 de responsabilidade do usu\u00e1rio garantir que o uso deste produto espec\u00edfico esteja em conformidade com a legisla\u00e7\u00e3o.<\/i><\/p>\n","protected":false},"excerpt":{"rendered":"<p>Para proteger a frescura arom\u00e1tica dos vinhos brancos e ros\u00e9s<\/p>\n","protected":false},"featured_media":44209,"comment_status":"closed","ping_status":"closed","template":"","meta":{"_acf_changed":false},"product_brand":[],"product_cat":[2649,2658,2557],"product_tag":[2659,2660,2661],"class_list":{"0":"post-44214","1":"product","2":"type-product","3":"status-publish","4":"has-post-thumbnail","6":"product_cat-functional-products-wine-pt-br","7":"product_cat-springarom-pt-br-2","8":"product_cat-wine-making-pt-br","9":"product_tag-arom-pt-br","10":"product_tag-spring-arom-pt-br","11":"product_tag-springarom-pt-br","13":"first","14":"instock","15":"shipping-taxable","16":"product-type-simple"},"acf":[],"yoast_head":"<!-- This site is optimized with the Yoast SEO Premium plugin v27.3 (Yoast SEO v27.3) - https:\/\/yoast.com\/product\/yoast-seo-premium-wordpress\/ -->\n<title>SpringArom - Produto funcional de ros\u00e9s e brancos - Fermentis<\/title>\n<meta name=\"description\" content=\"O produto funcional para vinho Fermentis SpringArom \u00e9 ideal para preservar a frescura arom\u00e1tica dos ros\u00e9s e brancos. Obtenha ajuda para criar seu pr\u00f3prio vinho com nosso aplicativo!\" \/>\n<meta name=\"robots\" content=\"index, follow, max-snippet:-1, max-image-preview:large, max-video-preview:-1\" \/>\n<link rel=\"canonical\" href=\"https:\/\/fermentis.com\/pt-br\/produto\/springaroml\/\" \/>\n<meta property=\"og:locale\" content=\"pt_BR\" \/>\n<meta property=\"og:type\" content=\"article\" \/>\n<meta property=\"og:title\" content=\"Primavera Arom\u2122\" \/>\n<meta property=\"og:description\" content=\"O produto funcional para vinho Fermentis SpringArom \u00e9 ideal para preservar a frescura arom\u00e1tica dos ros\u00e9s e brancos. Obtenha ajuda para criar seu pr\u00f3prio vinho com nosso aplicativo!\" \/>\n<meta property=\"og:url\" content=\"https:\/\/fermentis.com\/pt-br\/produto\/springaroml\/\" \/>\n<meta property=\"og:site_name\" content=\"Fermentis\" \/>\n<meta property=\"article:publisher\" content=\"https:\/\/www.facebook.com\/Fermentis\" \/>\n<meta property=\"article:modified_time\" content=\"2026-03-25T21:34:45+00:00\" \/>\n<meta property=\"og:image\" content=\"https:\/\/fermentis.com\/wp-content\/uploads\/2020\/05\/springarom.jpg\" \/>\n\t<meta property=\"og:image:width\" content=\"1200\" \/>\n\t<meta property=\"og:image:height\" content=\"1200\" \/>\n\t<meta property=\"og:image:type\" content=\"image\/jpeg\" \/>\n<meta name=\"twitter:card\" content=\"summary_large_image\" \/>\n<meta name=\"twitter:site\" content=\"@fermentis\" \/>\n<meta name=\"twitter:label1\" content=\"Pre\u00e7o\" \/>\n\t<meta name=\"twitter:data1\" content=\"\" \/>\n\t<meta name=\"twitter:label2\" content=\"Disponibilidade\" \/>\n\t<meta name=\"twitter:data2\" content=\"Em Estoque\" \/>\n<script type=\"application\/ld+json\" class=\"yoast-schema-graph\">{\"@context\":\"https:\\\/\\\/schema.org\",\"@graph\":[{\"@type\":\"WebPage\",\"@id\":\"https:\\\/\\\/fermentis.com\\\/pt-br\\\/produto\\\/springaroml\\\/\",\"url\":\"https:\\\/\\\/fermentis.com\\\/pt-br\\\/produto\\\/springaroml\\\/\",\"name\":\"SpringArom - Produto funcional de ros\u00e9s e brancos - Fermentis\",\"isPartOf\":{\"@id\":\"https:\\\/\\\/fermentis.com\\\/pt-br\\\/#website\"},\"primaryImageOfPage\":{\"@id\":\"https:\\\/\\\/fermentis.com\\\/pt-br\\\/produto\\\/springaroml\\\/#primaryimage\"},\"image\":{\"@id\":\"https:\\\/\\\/fermentis.com\\\/pt-br\\\/produto\\\/springaroml\\\/#primaryimage\"},\"thumbnailUrl\":\"https:\\\/\\\/fermentis.com\\\/wp-content\\\/uploads\\\/2020\\\/05\\\/springarom.jpg\",\"datePublished\":\"2020-05-03T22:00:00+00:00\",\"dateModified\":\"2026-03-25T21:34:45+00:00\",\"description\":\"O produto funcional para vinho Fermentis SpringArom \u00e9 ideal para preservar a frescura arom\u00e1tica dos ros\u00e9s e brancos. Obtenha ajuda para criar seu pr\u00f3prio vinho com nosso aplicativo!\",\"breadcrumb\":{\"@id\":\"https:\\\/\\\/fermentis.com\\\/pt-br\\\/produto\\\/springaroml\\\/#breadcrumb\"},\"inLanguage\":\"pt-BR\",\"potentialAction\":[{\"@type\":\"ReadAction\",\"target\":[\"https:\\\/\\\/fermentis.com\\\/pt-br\\\/produto\\\/springaroml\\\/\"]}]},{\"@type\":\"ImageObject\",\"inLanguage\":\"pt-BR\",\"@id\":\"https:\\\/\\\/fermentis.com\\\/pt-br\\\/produto\\\/springaroml\\\/#primaryimage\",\"url\":\"https:\\\/\\\/fermentis.com\\\/wp-content\\\/uploads\\\/2020\\\/05\\\/springarom.jpg\",\"contentUrl\":\"https:\\\/\\\/fermentis.com\\\/wp-content\\\/uploads\\\/2020\\\/05\\\/springarom.jpg\",\"width\":1200,\"height\":1200},{\"@type\":\"BreadcrumbList\",\"@id\":\"https:\\\/\\\/fermentis.com\\\/pt-br\\\/produto\\\/springaroml\\\/#breadcrumb\",\"itemListElement\":[{\"@type\":\"ListItem\",\"position\":1,\"name\":\"Home\",\"item\":\"https:\\\/\\\/fermentis.com\\\/pt-br\\\/\"},{\"@type\":\"ListItem\",\"position\":2,\"name\":\"Produtos\"},{\"@type\":\"ListItem\",\"position\":3,\"name\":\"Wine making\",\"item\":\"https:\\\/\\\/fermentis.com\\\/pt-br\\\/fermentation\\\/wine-making-pt-br\\\/\"},{\"@type\":\"ListItem\",\"position\":4,\"name\":\"Produtos funcionais para vinho\",\"item\":\"https:\\\/\\\/fermentis.com\\\/pt-br\\\/fermentation\\\/wine-making-pt-br\\\/functional-products-wine-pt-br\\\/\"},{\"@type\":\"ListItem\",\"position\":5,\"name\":\"SpringArom\u00ae\",\"item\":\"https:\\\/\\\/fermentis.com\\\/pt-br\\\/fermentation\\\/wine-making-pt-br\\\/functional-products-wine-pt-br\\\/springarom-pt-br-2\\\/\"},{\"@type\":\"ListItem\",\"position\":6,\"name\":\"Primavera Arom\u2122\"}]},{\"@type\":\"WebSite\",\"@id\":\"https:\\\/\\\/fermentis.com\\\/pt-br\\\/#website\",\"url\":\"https:\\\/\\\/fermentis.com\\\/pt-br\\\/\",\"name\":\"Fermentis\",\"description\":\"Un site utilisant WordPress\",\"publisher\":{\"@id\":\"https:\\\/\\\/fermentis.com\\\/pt-br\\\/#organization\"},\"potentialAction\":[{\"@type\":\"SearchAction\",\"target\":{\"@type\":\"EntryPoint\",\"urlTemplate\":\"https:\\\/\\\/fermentis.com\\\/pt-br\\\/?s={search_term_string}\"},\"query-input\":{\"@type\":\"PropertyValueSpecification\",\"valueRequired\":true,\"valueName\":\"search_term_string\"}}],\"inLanguage\":\"pt-BR\"},{\"@type\":\"Organization\",\"@id\":\"https:\\\/\\\/fermentis.com\\\/pt-br\\\/#organization\",\"name\":\"Fermentis\",\"url\":\"https:\\\/\\\/fermentis.com\\\/pt-br\\\/\",\"logo\":{\"@type\":\"ImageObject\",\"inLanguage\":\"pt-BR\",\"@id\":\"https:\\\/\\\/fermentis.com\\\/pt-br\\\/#\\\/schema\\\/logo\\\/image\\\/\",\"url\":\"https:\\\/\\\/fermentis.com\\\/wp-content\\\/uploads\\\/2021\\\/07\\\/Logo-Fermentis-5.png\",\"contentUrl\":\"https:\\\/\\\/fermentis.com\\\/wp-content\\\/uploads\\\/2021\\\/07\\\/Logo-Fermentis-5.png\",\"width\":308,\"height\":95,\"caption\":\"Fermentis\"},\"image\":{\"@id\":\"https:\\\/\\\/fermentis.com\\\/pt-br\\\/#\\\/schema\\\/logo\\\/image\\\/\"},\"sameAs\":[\"https:\\\/\\\/www.facebook.com\\\/Fermentis\",\"https:\\\/\\\/x.com\\\/fermentis\",\"https:\\\/\\\/www.instagram.com\\\/fermentisbylesaffre\\\/\",\"https:\\\/\\\/www.linkedin.com\\\/company\\\/fermentis\\\/\",\"https:\\\/\\\/www.youtube.com\\\/channel\\\/UCt_Lp3IZnUNXZeqSi6iiAdA\"]}]}<\/script>\n<meta property=\"product:price:currency\" content=\"GBP\" \/>\n<meta property=\"og:availability\" content=\"instock\" \/>\n<meta property=\"product:availability\" content=\"instock\" \/>\n<meta property=\"product:condition\" content=\"new\" \/>\n<!-- \/ Yoast SEO Premium plugin. -->","yoast_head_json":{"title":"SpringArom - Produto funcional de ros\u00e9s e brancos - Fermentis","description":"O produto funcional para vinho Fermentis SpringArom \u00e9 ideal para preservar a frescura arom\u00e1tica dos ros\u00e9s e brancos. Obtenha ajuda para criar seu pr\u00f3prio vinho com nosso aplicativo!","robots":{"index":"index","follow":"follow","max-snippet":"max-snippet:-1","max-image-preview":"max-image-preview:large","max-video-preview":"max-video-preview:-1"},"canonical":"https:\/\/fermentis.com\/pt-br\/produto\/springaroml\/","og_locale":"pt_BR","og_type":"article","og_title":"Primavera Arom\u2122","og_description":"O produto funcional para vinho Fermentis SpringArom \u00e9 ideal para preservar a frescura arom\u00e1tica dos ros\u00e9s e brancos. Obtenha ajuda para criar seu pr\u00f3prio vinho com nosso aplicativo!","og_url":"https:\/\/fermentis.com\/pt-br\/produto\/springaroml\/","og_site_name":"Fermentis","article_publisher":"https:\/\/www.facebook.com\/Fermentis","article_modified_time":"2026-03-25T21:34:45+00:00","og_image":[{"width":1200,"height":1200,"url":"https:\/\/fermentis.com\/wp-content\/uploads\/2020\/05\/springarom.jpg","type":"image\/jpeg"}],"twitter_card":"summary_large_image","twitter_site":"@fermentis","twitter_misc":{"Pre\u00e7o":"","Disponibilidade":"Em Estoque"},"schema":{"@context":"https:\/\/schema.org","@graph":[{"@type":"WebPage","@id":"https:\/\/fermentis.com\/pt-br\/produto\/springaroml\/","url":"https:\/\/fermentis.com\/pt-br\/produto\/springaroml\/","name":"SpringArom - Produto funcional de ros\u00e9s e brancos - Fermentis","isPartOf":{"@id":"https:\/\/fermentis.com\/pt-br\/#website"},"primaryImageOfPage":{"@id":"https:\/\/fermentis.com\/pt-br\/produto\/springaroml\/#primaryimage"},"image":{"@id":"https:\/\/fermentis.com\/pt-br\/produto\/springaroml\/#primaryimage"},"thumbnailUrl":"https:\/\/fermentis.com\/wp-content\/uploads\/2020\/05\/springarom.jpg","datePublished":"2020-05-03T22:00:00+00:00","dateModified":"2026-03-25T21:34:45+00:00","description":"O produto funcional para vinho Fermentis SpringArom \u00e9 ideal para preservar a frescura arom\u00e1tica dos ros\u00e9s e brancos. Obtenha ajuda para criar seu pr\u00f3prio vinho com nosso aplicativo!","breadcrumb":{"@id":"https:\/\/fermentis.com\/pt-br\/produto\/springaroml\/#breadcrumb"},"inLanguage":"pt-BR","potentialAction":[{"@type":"ReadAction","target":["https:\/\/fermentis.com\/pt-br\/produto\/springaroml\/"]}]},{"@type":"ImageObject","inLanguage":"pt-BR","@id":"https:\/\/fermentis.com\/pt-br\/produto\/springaroml\/#primaryimage","url":"https:\/\/fermentis.com\/wp-content\/uploads\/2020\/05\/springarom.jpg","contentUrl":"https:\/\/fermentis.com\/wp-content\/uploads\/2020\/05\/springarom.jpg","width":1200,"height":1200},{"@type":"BreadcrumbList","@id":"https:\/\/fermentis.com\/pt-br\/produto\/springaroml\/#breadcrumb","itemListElement":[{"@type":"ListItem","position":1,"name":"Home","item":"https:\/\/fermentis.com\/pt-br\/"},{"@type":"ListItem","position":2,"name":"Produtos"},{"@type":"ListItem","position":3,"name":"Wine making","item":"https:\/\/fermentis.com\/pt-br\/fermentation\/wine-making-pt-br\/"},{"@type":"ListItem","position":4,"name":"Produtos funcionais para vinho","item":"https:\/\/fermentis.com\/pt-br\/fermentation\/wine-making-pt-br\/functional-products-wine-pt-br\/"},{"@type":"ListItem","position":5,"name":"SpringArom\u00ae","item":"https:\/\/fermentis.com\/pt-br\/fermentation\/wine-making-pt-br\/functional-products-wine-pt-br\/springarom-pt-br-2\/"},{"@type":"ListItem","position":6,"name":"Primavera Arom\u2122"}]},{"@type":"WebSite","@id":"https:\/\/fermentis.com\/pt-br\/#website","url":"https:\/\/fermentis.com\/pt-br\/","name":"Fermentis","description":"Un site utilisant WordPress","publisher":{"@id":"https:\/\/fermentis.com\/pt-br\/#organization"},"potentialAction":[{"@type":"SearchAction","target":{"@type":"EntryPoint","urlTemplate":"https:\/\/fermentis.com\/pt-br\/?s={search_term_string}"},"query-input":{"@type":"PropertyValueSpecification","valueRequired":true,"valueName":"search_term_string"}}],"inLanguage":"pt-BR"},{"@type":"Organization","@id":"https:\/\/fermentis.com\/pt-br\/#organization","name":"Fermentis","url":"https:\/\/fermentis.com\/pt-br\/","logo":{"@type":"ImageObject","inLanguage":"pt-BR","@id":"https:\/\/fermentis.com\/pt-br\/#\/schema\/logo\/image\/","url":"https:\/\/fermentis.com\/wp-content\/uploads\/2021\/07\/Logo-Fermentis-5.png","contentUrl":"https:\/\/fermentis.com\/wp-content\/uploads\/2021\/07\/Logo-Fermentis-5.png","width":308,"height":95,"caption":"Fermentis"},"image":{"@id":"https:\/\/fermentis.com\/pt-br\/#\/schema\/logo\/image\/"},"sameAs":["https:\/\/www.facebook.com\/Fermentis","https:\/\/x.com\/fermentis","https:\/\/www.instagram.com\/fermentisbylesaffre\/","https:\/\/www.linkedin.com\/company\/fermentis\/","https:\/\/www.youtube.com\/channel\/UCt_Lp3IZnUNXZeqSi6iiAdA"]}]},"product_price_currency":"GBP","og_availability":"instock","product_availability":"instock","product_condition":"new"},"_links":{"self":[{"href":"https:\/\/fermentis.com\/pt-br\/wp-json\/wp\/v2\/product\/44214","targetHints":{"allow":["GET"]}}],"collection":[{"href":"https:\/\/fermentis.com\/pt-br\/wp-json\/wp\/v2\/product"}],"about":[{"href":"https:\/\/fermentis.com\/pt-br\/wp-json\/wp\/v2\/types\/product"}],"replies":[{"embeddable":true,"href":"https:\/\/fermentis.com\/pt-br\/wp-json\/wp\/v2\/comments?post=44214"}],"wp:featuredmedia":[{"embeddable":true,"href":"https:\/\/fermentis.com\/pt-br\/wp-json\/wp\/v2\/media\/44209"}],"wp:attachment":[{"href":"https:\/\/fermentis.com\/pt-br\/wp-json\/wp\/v2\/media?parent=44214"}],"wp:term":[{"taxonomy":"product_brand","embeddable":true,"href":"https:\/\/fermentis.com\/pt-br\/wp-json\/wp\/v2\/product_brand?post=44214"},{"taxonomy":"product_cat","embeddable":true,"href":"https:\/\/fermentis.com\/pt-br\/wp-json\/wp\/v2\/product_cat?post=44214"},{"taxonomy":"product_tag","embeddable":true,"href":"https:\/\/fermentis.com\/pt-br\/wp-json\/wp\/v2\/product_tag?post=44214"}],"curies":[{"name":"wp","href":"https:\/\/api.w.org\/{rel}","templated":true}]}}