{"id":44215,"date":"2020-05-04T00:00:00","date_gmt":"2020-05-03T22:00:00","guid":{"rendered":"https:\/\/fermentis.com\/product\/springcell-color\/"},"modified":"2025-10-16T12:55:14","modified_gmt":"2025-10-16T10:55:14","slug":"springcell-color","status":"publish","type":"product","link":"https:\/\/fermentis.com\/pt-br\/produto\/springcell-color\/","title":{"rendered":"SpringCell\u2122&nbsp; Cor"},"content":{"rendered":"<div class=\"container section-title-container\" ><h2 class=\"section-title section-title-center\"><b aria-hidden=\"true\"><\/b><span class=\"section-title-main\" style=\"font-size:115%;\">PARA UMA COR EST\u00c1VEL EM VINHOS TINTOS<\/span><b aria-hidden=\"true\"><\/b><\/h2><\/div>\n<div class=\"wpb_text_column wpb_content_elementvc_custom_1573226810900\">\n<div class=\"wpb_wrapper\">\n<p><strong>SpringCell\u2122 Color<\/strong> foi desenvolvido especificamente para atuar na intensidade e estabilidade da cor, bem como na redondeza dos vinhos tintos a longo prazo. Ele cont\u00e9m duas vezes mais polissacar\u00eddeos do que o fermento inativado b\u00e1sico.<\/p>\n<p><strong>SpringCell\u2122 Color<\/strong> provou seu impacto qualitativo em vinhos tintos de primeira qualidade, bem como em vinhos tintos de longa dura\u00e7\u00e3o de alta qualidade.<\/p>\n<\/div>\n<\/div>\n\t<div id=\"gap-1362854248\" class=\"gap-element clearfix\" style=\"display:block; height:auto;\">\n\t\t\n<style>\n#gap-1362854248 {\n  padding-top: 30px;\n}\n<\/style>\n\t<\/div>\n\t\n<div class=\"container section-title-container\" ><h3 class=\"section-title section-title-center\"><b aria-hidden=\"true\"><\/b><span class=\"section-title-main\" style=\"font-size:115%;\">Caracter\u00edsticas t\u00e9cnicas do SPRINGCELL\u2122 Color<\/span><b aria-hidden=\"true\"><\/b><\/h3><\/div>\n\n\t\t<div class=\"tabbed-content\">\n\t\t\t\n\t\t\t<ul class=\"nav nav-tabs nav-uppercase nav-size-normal nav-left\" role=\"tablist\"><li id=\"tab-aplica\u00e7\u00e3o\" class=\"tab active has-icon\" role=\"presentation\"><a href=\"#tab_aplica\u00e7\u00e3o\" role=\"tab\" aria-selected=\"true\" aria-controls=\"tab_aplica\u00e7\u00e3o\"><span>Aplica\u00e7\u00e3o<\/span><\/a><\/li>\n<li id=\"tab-propriedades\" class=\"tab has-icon\" role=\"presentation\"><a href=\"#tab_propriedades\" tabindex=\"-1\" role=\"tab\" aria-selected=\"false\" aria-controls=\"tab_propriedades\"><span>Propriedades<\/span><\/a><\/li>\n<li id=\"tab-dosagem-&amp;-composi\u00e7\u00e3o\" class=\"tab has-icon\" role=\"presentation\"><a href=\"#tab_dosagem-&amp;-composi\u00e7\u00e3o\" tabindex=\"-1\" role=\"tab\" aria-selected=\"false\" aria-controls=\"tab_dosagem-&amp;-composi\u00e7\u00e3o\"><span>Dosagem &amp; Composi\u00e7\u00e3o<\/span><\/a><\/li>\n<li id=\"tab-embalagem-e-garantia\" class=\"tab has-icon\" role=\"presentation\"><a href=\"#tab_embalagem-e-garantia\" tabindex=\"-1\" role=\"tab\" aria-selected=\"false\" aria-controls=\"tab_embalagem-e-garantia\"><span>Embalagem e garantia<\/span><\/a><\/li><\/ul><div class=\"tab-panels\"><div id=\"tab_aplica\u00e7\u00e3o\" class=\"panel active entry-content\" role=\"tabpanel\" aria-labelledby=\"tab-aplica\u00e7\u00e3o\">\n<p><strong>SpringCell\u2122 Color<\/strong> \u00e9 adequado para:<br \/>\n\u2013 A elabora\u00e7\u00e3o de vinhos tintos intensos e redondos<br \/>\n\u2013 Mostos de macera\u00e7\u00e3o longa ou que sofreram uma extra\u00e7\u00e3o muito forte (amolecimento de taninos verdes)<br \/>\n\u2013 Vinhos processados com termovinifica\u00e7\u00f5es<br \/>\n\u2013 Vinhos de cultivares altamente t\u00e2nicos e coloridos<br \/>\n\u2013 Mostos pobres em antocianinas<\/p>\n<\/div>\n<div id=\"tab_propriedades\" class=\"panel entry-content\" role=\"tabpanel\" aria-labelledby=\"tab-propriedades\">\n<h4>Cor<\/h4>\n<p>Aumento da intensidade da cor: gra\u00e7as a uma melhor composi\u00e7\u00e3o em taninos e antocianinas do vinho ap\u00f3s o tratamento (aumento do OD520 e OD280 e da quantidade de antocianinas).<br \/>\nEstabiliza\u00e7\u00e3o da cor: Os polissacar\u00eddeos ajudam na estabiliza\u00e7\u00e3o dos complexos tanino-antocianina e permitem a redu\u00e7\u00e3o da taxa de antocianinas livres.<\/p>\n<h4>Saborear<\/h4>\n<p>Amolecimento significativo dos taninos mais adstringentes gra\u00e7as \u00e0 a\u00e7\u00e3o de revestimento dos polissacar\u00eddeos sobre os taninos verdes (diminui\u00e7\u00e3o da taxa de gelatina)<\/p>\n<h4>Nutri\u00e7\u00e3o, efeito colateral<\/h4>\n<p>Fornecimento de nitrog\u00eanio org\u00e2nico durante a fermenta\u00e7\u00e3o sob a forma de amino\u00e1cidos que s\u00e3o rapidamente assimilados pela levedura.<br \/>\nFornecimento de fatores de sobreviv\u00eancia (ergoster\u00f3is, \u00e1cidos graxos) para garantir o fim da fermenta\u00e7\u00e3o gra\u00e7as \u00e0 sua composi\u00e7\u00e3o nas paredes celulares da levedura SpringCell.<\/p>\n<\/div>\n<div id=\"tab_dosagem-&amp;-composi\u00e7\u00e3o\" class=\"panel entry-content\" role=\"tabpanel\" aria-labelledby=\"tab-dosagem-&amp;-composi\u00e7\u00e3o\">\n<h4>Dosagem<\/h4>\n<p>20 a 30g\/hl de SpringCell\u2122 Color devem ser incorporados imediatamente antes da inocula\u00e7\u00e3o das leveduras para desempenhar seu papel funcional, bem como seu papel de elemento suporte, dilu\u00eddo em dez vezes seu volume de vinho ou \u00e1gua.<\/p>\n<p>Aviso: SpringCell\u2122 Color cont\u00e9m cascas de levedura sujeitas ao limite legal de uso de 40g\/hl de acordo com a legisla\u00e7\u00e3o europeia que deve ser levada em considera\u00e7\u00e3o para eventuais fornecimentos extras. Em caso de fermenta\u00e7\u00e3o dif\u00edcil, as cascas de levedura SpringCell tamb\u00e9m podem ser adicionadas dentro de 10-20g\/hl entre a terceira e a metade da fermenta\u00e7\u00e3o (densidade 1.050-1.040). Para todos os outros usos, entre em contato com a Fermentis.<\/p>\n<p>Pense em verificar eventuais limites aplic\u00e1veis em seu pa\u00eds, levando em considera\u00e7\u00e3o as condi\u00e7\u00f5es de uso do produto.<\/p>\n<h4>Composi\u00e7\u00e3o<\/h4>\n<p>Mat\u00e9ria seca &gt; 94%<br \/>\nNitrog\u00eanio total 4-6%<br \/>\nCarboidratos totais 42-46%<br \/>\nEntre os quais polissacar\u00eddeos 39-43%<br \/>\nLip\u00eddios 11-15%<br \/>\nMat\u00e9rias minerais 4-8%<\/p>\n<\/div>\n<div id=\"tab_embalagem-e-garantia\" class=\"panel entry-content\" role=\"tabpanel\" aria-labelledby=\"tab-embalagem-e-garantia\">\n<h4>Armazenamento<\/h4>\n<p>1 saco de 10 kg<br \/>\nCaixa de 20 saquetas embaladas a v\u00e1cuo de 500 g cada (peso l\u00edquido da caixa completa: 10 kg).<\/p>\n<h4>Garantia<\/h4>\n<p>A Fermentis\u00ae garante um \u00f3timo armazenamento deste produto durante 3 anos em sua embalagem original a uma temperatura m\u00e1xima de 20\u00b0C e em local seco.<\/p>\n<p>A Fermentis\u00ae garante que o produto est\u00e1 em conformidade com o Codex Enol\u00f3gico Internacional at\u00e9 a Data de Validade nas condi\u00e7\u00f5es de armazenamento mencionadas acima<\/p>\n<p>Os auxiliares de fermenta\u00e7\u00e3o e produtos funcionais da Fermentis\u00ae s\u00e3o produzidos exclusivamente a partir de produtos de levedura natural. O know-how do grupo Lesaffre garante aos usu\u00e1rios finais, produtos de alto desempenho, conforme exigido pelas aplica\u00e7\u00f5es enol\u00f3gicas modernas.<\/p>\n<\/div><\/div><\/div>\n\t<div id=\"gap-1261198685\" class=\"gap-element clearfix\" style=\"display:block; height:auto;\">\n\t\t\n<style>\n#gap-1261198685 {\n  padding-top: 30px;\n}\n<\/style>\n\t<\/div>\n\t\n<p><i>Os dados contidos nesta ficha t\u00e9cnica s\u00e3o a transcri\u00e7\u00e3o exata do nosso conhecimento do produto na data mencionada. Eles s\u00e3o propriedade exclusiva da Fermentis-Division da S.I.Lesaffre. \u00c9 de responsabilidade do usu\u00e1rio garantir que o uso deste produto espec\u00edfico esteja em conformidade com a legisla\u00e7\u00e3o.<\/i><\/p>\n","protected":false},"excerpt":{"rendered":"<p>Para uma cor est\u00e1vel em vinhos tintos<\/p>\n","protected":false},"featured_media":44210,"comment_status":"closed","ping_status":"closed","template":"","meta":{"_acf_changed":false},"product_brand":[],"product_cat":[2649,2662,2557],"product_tag":[2663,2655,2664,2665],"class_list":{"0":"post-44215","1":"product","2":"type-product","3":"status-publish","4":"has-post-thumbnail","6":"product_cat-functional-products-wine-pt-br","7":"product_cat-springcell-color-pt-br-2","8":"product_cat-wine-making-pt-br","9":"product_tag-color-pt-br","10":"product_tag-springcell-pt-br","11":"product_tag-springcell-color-pt-br","12":"product_tag-springcellcolor-pt-br","14":"first","15":"instock","16":"shipping-taxable","17":"product-type-simple"},"acf":[],"yoast_head":"<!-- This site is optimized with the Yoast SEO Premium plugin v27.4 (Yoast SEO v27.4) - https:\/\/yoast.com\/product\/yoast-seo-premium-wordpress\/ -->\n<title>SpringCell Color - Produto funcional para vinho tinto - Fermentis<\/title>\n<meta name=\"description\" content=\"O produto funcional Fermentis SpringCell Color \u00e9 ideal para vinhos tintos com redondeza e cor intensa e est\u00e1vel. Crie seu pr\u00f3prio vinho com nosso aplicativo!\" \/>\n<meta name=\"robots\" content=\"index, follow, max-snippet:-1, max-image-preview:large, max-video-preview:-1\" \/>\n<link rel=\"canonical\" href=\"https:\/\/fermentis.com\/pt-br\/produto\/springcell-color\/\" \/>\n<meta property=\"og:locale\" content=\"pt_BR\" \/>\n<meta property=\"og:type\" content=\"article\" \/>\n<meta property=\"og:title\" content=\"SpringCell\u2122&nbsp; Cor\" \/>\n<meta property=\"og:description\" content=\"O produto funcional Fermentis SpringCell Color \u00e9 ideal para vinhos tintos com redondeza e cor intensa e est\u00e1vel. Crie seu pr\u00f3prio vinho com nosso aplicativo!\" \/>\n<meta property=\"og:url\" content=\"https:\/\/fermentis.com\/pt-br\/produto\/springcell-color\/\" \/>\n<meta property=\"og:site_name\" content=\"Fermentis\" \/>\n<meta property=\"article:publisher\" content=\"https:\/\/www.facebook.com\/Fermentis\" \/>\n<meta property=\"article:modified_time\" content=\"2025-10-16T10:55:14+00:00\" \/>\n<meta property=\"og:image\" content=\"https:\/\/fermentis.com\/wp-content\/uploads\/2020\/05\/springcell-color.jpg\" \/>\n\t<meta property=\"og:image:width\" content=\"1200\" \/>\n\t<meta property=\"og:image:height\" content=\"1200\" \/>\n\t<meta property=\"og:image:type\" content=\"image\/jpeg\" \/>\n<meta name=\"twitter:card\" content=\"summary_large_image\" \/>\n<meta name=\"twitter:site\" content=\"@fermentis\" \/>\n<meta name=\"twitter:label1\" content=\"Pre\u00e7o\" \/>\n\t<meta name=\"twitter:data1\" content=\"\" \/>\n\t<meta name=\"twitter:label2\" content=\"Disponibilidade\" \/>\n\t<meta name=\"twitter:data2\" content=\"Em Estoque\" \/>\n<script type=\"application\/ld+json\" class=\"yoast-schema-graph\">{\"@context\":\"https:\\\/\\\/schema.org\",\"@graph\":[{\"@type\":\"WebPage\",\"@id\":\"https:\\\/\\\/fermentis.com\\\/pt-br\\\/produto\\\/springcell-color\\\/\",\"url\":\"https:\\\/\\\/fermentis.com\\\/pt-br\\\/produto\\\/springcell-color\\\/\",\"name\":\"SpringCell Color - Produto funcional para vinho tinto - Fermentis\",\"isPartOf\":{\"@id\":\"https:\\\/\\\/fermentis.com\\\/pt-br\\\/#website\"},\"primaryImageOfPage\":{\"@id\":\"https:\\\/\\\/fermentis.com\\\/pt-br\\\/produto\\\/springcell-color\\\/#primaryimage\"},\"image\":{\"@id\":\"https:\\\/\\\/fermentis.com\\\/pt-br\\\/produto\\\/springcell-color\\\/#primaryimage\"},\"thumbnailUrl\":\"https:\\\/\\\/fermentis.com\\\/wp-content\\\/uploads\\\/2020\\\/05\\\/springcell-color.jpg\",\"datePublished\":\"2020-05-03T22:00:00+00:00\",\"dateModified\":\"2025-10-16T10:55:14+00:00\",\"description\":\"O produto funcional Fermentis SpringCell Color \u00e9 ideal para vinhos tintos com redondeza e cor intensa e est\u00e1vel. Crie seu pr\u00f3prio vinho com nosso aplicativo!\",\"breadcrumb\":{\"@id\":\"https:\\\/\\\/fermentis.com\\\/pt-br\\\/produto\\\/springcell-color\\\/#breadcrumb\"},\"inLanguage\":\"pt-BR\",\"potentialAction\":[{\"@type\":\"ReadAction\",\"target\":[\"https:\\\/\\\/fermentis.com\\\/pt-br\\\/produto\\\/springcell-color\\\/\"]}]},{\"@type\":\"ImageObject\",\"inLanguage\":\"pt-BR\",\"@id\":\"https:\\\/\\\/fermentis.com\\\/pt-br\\\/produto\\\/springcell-color\\\/#primaryimage\",\"url\":\"https:\\\/\\\/fermentis.com\\\/wp-content\\\/uploads\\\/2020\\\/05\\\/springcell-color.jpg\",\"contentUrl\":\"https:\\\/\\\/fermentis.com\\\/wp-content\\\/uploads\\\/2020\\\/05\\\/springcell-color.jpg\",\"width\":1200,\"height\":1200},{\"@type\":\"BreadcrumbList\",\"@id\":\"https:\\\/\\\/fermentis.com\\\/pt-br\\\/produto\\\/springcell-color\\\/#breadcrumb\",\"itemListElement\":[{\"@type\":\"ListItem\",\"position\":1,\"name\":\"Home\",\"item\":\"https:\\\/\\\/fermentis.com\\\/pt-br\\\/\"},{\"@type\":\"ListItem\",\"position\":2,\"name\":\"Produtos\"},{\"@type\":\"ListItem\",\"position\":3,\"name\":\"Wine making\",\"item\":\"https:\\\/\\\/fermentis.com\\\/pt-br\\\/fermentation\\\/wine-making-pt-br\\\/\"},{\"@type\":\"ListItem\",\"position\":4,\"name\":\"Produtos funcionais para vinho\",\"item\":\"https:\\\/\\\/fermentis.com\\\/pt-br\\\/fermentation\\\/wine-making-pt-br\\\/functional-products-wine-pt-br\\\/\"},{\"@type\":\"ListItem\",\"position\":5,\"name\":\"SpringCell\u2122&nbsp; Cor\"}]},{\"@type\":\"WebSite\",\"@id\":\"https:\\\/\\\/fermentis.com\\\/pt-br\\\/#website\",\"url\":\"https:\\\/\\\/fermentis.com\\\/pt-br\\\/\",\"name\":\"Fermentis\",\"description\":\"Un site utilisant WordPress\",\"publisher\":{\"@id\":\"https:\\\/\\\/fermentis.com\\\/pt-br\\\/#organization\"},\"potentialAction\":[{\"@type\":\"SearchAction\",\"target\":{\"@type\":\"EntryPoint\",\"urlTemplate\":\"https:\\\/\\\/fermentis.com\\\/pt-br\\\/?s={search_term_string}\"},\"query-input\":{\"@type\":\"PropertyValueSpecification\",\"valueRequired\":true,\"valueName\":\"search_term_string\"}}],\"inLanguage\":\"pt-BR\"},{\"@type\":\"Organization\",\"@id\":\"https:\\\/\\\/fermentis.com\\\/pt-br\\\/#organization\",\"name\":\"Fermentis\",\"url\":\"https:\\\/\\\/fermentis.com\\\/pt-br\\\/\",\"logo\":{\"@type\":\"ImageObject\",\"inLanguage\":\"pt-BR\",\"@id\":\"https:\\\/\\\/fermentis.com\\\/pt-br\\\/#\\\/schema\\\/logo\\\/image\\\/\",\"url\":\"https:\\\/\\\/fermentis.com\\\/wp-content\\\/uploads\\\/2021\\\/07\\\/Logo-Fermentis-5.png\",\"contentUrl\":\"https:\\\/\\\/fermentis.com\\\/wp-content\\\/uploads\\\/2021\\\/07\\\/Logo-Fermentis-5.png\",\"width\":308,\"height\":95,\"caption\":\"Fermentis\"},\"image\":{\"@id\":\"https:\\\/\\\/fermentis.com\\\/pt-br\\\/#\\\/schema\\\/logo\\\/image\\\/\"},\"sameAs\":[\"https:\\\/\\\/www.facebook.com\\\/Fermentis\",\"https:\\\/\\\/x.com\\\/fermentis\",\"https:\\\/\\\/www.instagram.com\\\/fermentisbylesaffre\\\/\",\"https:\\\/\\\/www.linkedin.com\\\/company\\\/fermentis\\\/\",\"https:\\\/\\\/www.youtube.com\\\/channel\\\/UCt_Lp3IZnUNXZeqSi6iiAdA\"]}]}<\/script>\n<meta property=\"product:price:currency\" content=\"GBP\" \/>\n<meta property=\"og:availability\" content=\"instock\" \/>\n<meta property=\"product:availability\" content=\"instock\" \/>\n<meta property=\"product:condition\" content=\"new\" \/>\n<!-- \/ Yoast SEO Premium plugin. -->","yoast_head_json":{"title":"SpringCell Color - Produto funcional para vinho tinto - Fermentis","description":"O produto funcional Fermentis SpringCell Color \u00e9 ideal para vinhos tintos com redondeza e cor intensa e est\u00e1vel. Crie seu pr\u00f3prio vinho com nosso aplicativo!","robots":{"index":"index","follow":"follow","max-snippet":"max-snippet:-1","max-image-preview":"max-image-preview:large","max-video-preview":"max-video-preview:-1"},"canonical":"https:\/\/fermentis.com\/pt-br\/produto\/springcell-color\/","og_locale":"pt_BR","og_type":"article","og_title":"SpringCell\u2122&nbsp; Cor","og_description":"O produto funcional Fermentis SpringCell Color \u00e9 ideal para vinhos tintos com redondeza e cor intensa e est\u00e1vel. Crie seu pr\u00f3prio vinho com nosso aplicativo!","og_url":"https:\/\/fermentis.com\/pt-br\/produto\/springcell-color\/","og_site_name":"Fermentis","article_publisher":"https:\/\/www.facebook.com\/Fermentis","article_modified_time":"2025-10-16T10:55:14+00:00","og_image":[{"width":1200,"height":1200,"url":"https:\/\/fermentis.com\/wp-content\/uploads\/2020\/05\/springcell-color.jpg","type":"image\/jpeg"}],"twitter_card":"summary_large_image","twitter_site":"@fermentis","twitter_misc":{"Pre\u00e7o":"","Disponibilidade":"Em Estoque"},"schema":{"@context":"https:\/\/schema.org","@graph":[{"@type":"WebPage","@id":"https:\/\/fermentis.com\/pt-br\/produto\/springcell-color\/","url":"https:\/\/fermentis.com\/pt-br\/produto\/springcell-color\/","name":"SpringCell Color - Produto funcional para vinho tinto - Fermentis","isPartOf":{"@id":"https:\/\/fermentis.com\/pt-br\/#website"},"primaryImageOfPage":{"@id":"https:\/\/fermentis.com\/pt-br\/produto\/springcell-color\/#primaryimage"},"image":{"@id":"https:\/\/fermentis.com\/pt-br\/produto\/springcell-color\/#primaryimage"},"thumbnailUrl":"https:\/\/fermentis.com\/wp-content\/uploads\/2020\/05\/springcell-color.jpg","datePublished":"2020-05-03T22:00:00+00:00","dateModified":"2025-10-16T10:55:14+00:00","description":"O produto funcional Fermentis SpringCell Color \u00e9 ideal para vinhos tintos com redondeza e cor intensa e est\u00e1vel. Crie seu pr\u00f3prio vinho com nosso aplicativo!","breadcrumb":{"@id":"https:\/\/fermentis.com\/pt-br\/produto\/springcell-color\/#breadcrumb"},"inLanguage":"pt-BR","potentialAction":[{"@type":"ReadAction","target":["https:\/\/fermentis.com\/pt-br\/produto\/springcell-color\/"]}]},{"@type":"ImageObject","inLanguage":"pt-BR","@id":"https:\/\/fermentis.com\/pt-br\/produto\/springcell-color\/#primaryimage","url":"https:\/\/fermentis.com\/wp-content\/uploads\/2020\/05\/springcell-color.jpg","contentUrl":"https:\/\/fermentis.com\/wp-content\/uploads\/2020\/05\/springcell-color.jpg","width":1200,"height":1200},{"@type":"BreadcrumbList","@id":"https:\/\/fermentis.com\/pt-br\/produto\/springcell-color\/#breadcrumb","itemListElement":[{"@type":"ListItem","position":1,"name":"Home","item":"https:\/\/fermentis.com\/pt-br\/"},{"@type":"ListItem","position":2,"name":"Produtos"},{"@type":"ListItem","position":3,"name":"Wine making","item":"https:\/\/fermentis.com\/pt-br\/fermentation\/wine-making-pt-br\/"},{"@type":"ListItem","position":4,"name":"Produtos funcionais para vinho","item":"https:\/\/fermentis.com\/pt-br\/fermentation\/wine-making-pt-br\/functional-products-wine-pt-br\/"},{"@type":"ListItem","position":5,"name":"SpringCell\u2122&nbsp; Cor"}]},{"@type":"WebSite","@id":"https:\/\/fermentis.com\/pt-br\/#website","url":"https:\/\/fermentis.com\/pt-br\/","name":"Fermentis","description":"Un site utilisant WordPress","publisher":{"@id":"https:\/\/fermentis.com\/pt-br\/#organization"},"potentialAction":[{"@type":"SearchAction","target":{"@type":"EntryPoint","urlTemplate":"https:\/\/fermentis.com\/pt-br\/?s={search_term_string}"},"query-input":{"@type":"PropertyValueSpecification","valueRequired":true,"valueName":"search_term_string"}}],"inLanguage":"pt-BR"},{"@type":"Organization","@id":"https:\/\/fermentis.com\/pt-br\/#organization","name":"Fermentis","url":"https:\/\/fermentis.com\/pt-br\/","logo":{"@type":"ImageObject","inLanguage":"pt-BR","@id":"https:\/\/fermentis.com\/pt-br\/#\/schema\/logo\/image\/","url":"https:\/\/fermentis.com\/wp-content\/uploads\/2021\/07\/Logo-Fermentis-5.png","contentUrl":"https:\/\/fermentis.com\/wp-content\/uploads\/2021\/07\/Logo-Fermentis-5.png","width":308,"height":95,"caption":"Fermentis"},"image":{"@id":"https:\/\/fermentis.com\/pt-br\/#\/schema\/logo\/image\/"},"sameAs":["https:\/\/www.facebook.com\/Fermentis","https:\/\/x.com\/fermentis","https:\/\/www.instagram.com\/fermentisbylesaffre\/","https:\/\/www.linkedin.com\/company\/fermentis\/","https:\/\/www.youtube.com\/channel\/UCt_Lp3IZnUNXZeqSi6iiAdA"]}]},"product_price_currency":"GBP","og_availability":"instock","product_availability":"instock","product_condition":"new"},"_links":{"self":[{"href":"https:\/\/fermentis.com\/pt-br\/wp-json\/wp\/v2\/product\/44215","targetHints":{"allow":["GET"]}}],"collection":[{"href":"https:\/\/fermentis.com\/pt-br\/wp-json\/wp\/v2\/product"}],"about":[{"href":"https:\/\/fermentis.com\/pt-br\/wp-json\/wp\/v2\/types\/product"}],"replies":[{"embeddable":true,"href":"https:\/\/fermentis.com\/pt-br\/wp-json\/wp\/v2\/comments?post=44215"}],"wp:featuredmedia":[{"embeddable":true,"href":"https:\/\/fermentis.com\/pt-br\/wp-json\/wp\/v2\/media\/44210"}],"wp:attachment":[{"href":"https:\/\/fermentis.com\/pt-br\/wp-json\/wp\/v2\/media?parent=44215"}],"wp:term":[{"taxonomy":"product_brand","embeddable":true,"href":"https:\/\/fermentis.com\/pt-br\/wp-json\/wp\/v2\/product_brand?post=44215"},{"taxonomy":"product_cat","embeddable":true,"href":"https:\/\/fermentis.com\/pt-br\/wp-json\/wp\/v2\/product_cat?post=44215"},{"taxonomy":"product_tag","embeddable":true,"href":"https:\/\/fermentis.com\/pt-br\/wp-json\/wp\/v2\/product_tag?post=44215"}],"curies":[{"name":"wp","href":"https:\/\/api.w.org\/{rel}","templated":true}]}}