{"id":44217,"date":"2020-05-04T00:00:00","date_gmt":"2020-05-03T22:00:00","guid":{"rendered":"https:\/\/fermentis.com\/product\/safizym-pres\/"},"modified":"2026-04-19T16:18:34","modified_gmt":"2026-04-19T14:18:34","slug":"safizym-pres","status":"publish","type":"product","link":"https:\/\/fermentis.com\/pt-br\/produto\/safizym-pres\/","title":{"rendered":"Safizym\u00ae Pres"},"content":{"rendered":"<div class=\"container section-title-container\" ><h2 class=\"section-title section-title-center\"><b aria-hidden=\"true\"><\/b><span class=\"section-title-main\" style=\"font-size:115%;\">PREPARA\u00c7\u00c3O ENZIM\u00c1TICA PARA MACERA\u00c7\u00c3O DE VINHOS BRANCOS<\/span><b aria-hidden=\"true\"><\/b><\/h2><\/div>\n<div class=\"wpb_text_column wpb_content_elementvc_custom_1573226810900\">\n<div class=\"wpb_wrapper\">\n<p>Durante o contacto com a pele, <strong>Safizym\u00ae Pres<\/strong> ajuda na degrada\u00e7\u00e3o das pectinas, que s\u00e3o compostos amigos da \u00e1gua. Ao libertar mais sumo de escorrimento livre, esta hidr\u00f3lise reduz o atraso do contacto com a pele, diminuindo assim os riscos de oxida\u00e7\u00e3o e refor\u00e7ando os caracteres organol\u00e9pticos do mosto.<\/p>\n<p>Esta opera\u00e7\u00e3o feita antes da prensagem ajuda fortemente no assentamento e na clarifica\u00e7\u00e3o do mosto. Prepara\u00e7\u00e3o enzim\u00e1tica produzida por uma cepa selecionada de Aspergillus niger.<\/p>\n<\/div>\n<\/div>\n\t<div id=\"gap-302381597\" class=\"gap-element clearfix\" style=\"display:block; height:auto;\">\n\t\t\n<style>\n#gap-302381597 {\n  padding-top: 30px;\n}\n<\/style>\n\t<\/div>\n\t\n<div class=\"container section-title-container\" ><h3 class=\"section-title section-title-center\"><b aria-hidden=\"true\"><\/b><span class=\"section-title-main\" style=\"font-size:115%;\">Caracter\u00edsticas t\u00e9cnicas do Safizym\u00ae Pres<\/span><b aria-hidden=\"true\"><\/b><\/h3><\/div>\n\n\t\t<div class=\"tabbed-content\">\n\t\t\t\n\t\t\t<ul class=\"nav nav-tabs nav-uppercase nav-size-normal nav-left\" role=\"tablist\"><li id=\"tab-aplica\u00e7\u00e3o\" class=\"tab active has-icon\" role=\"presentation\"><a href=\"#tab_aplica\u00e7\u00e3o\" role=\"tab\" aria-selected=\"true\" aria-controls=\"tab_aplica\u00e7\u00e3o\"><span>Aplica\u00e7\u00e3o<\/span><\/a><\/li>\n<li id=\"tab-propriedades\" class=\"tab has-icon\" role=\"presentation\"><a href=\"#tab_propriedades\" tabindex=\"-1\" role=\"tab\" aria-selected=\"false\" aria-controls=\"tab_propriedades\"><span>Propriedades<\/span><\/a><\/li>\n<li id=\"tab-uso-e-dosagem\" class=\"tab has-icon\" role=\"presentation\"><a href=\"#tab_uso-e-dosagem\" tabindex=\"-1\" role=\"tab\" aria-selected=\"false\" aria-controls=\"tab_uso-e-dosagem\"><span>Uso e dosagem<\/span><\/a><\/li>\n<li id=\"tab-an\u00e1lise-microbiol\u00f3gica\" class=\"tab has-icon\" role=\"presentation\"><a href=\"#tab_an\u00e1lise-microbiol\u00f3gica\" tabindex=\"-1\" role=\"tab\" aria-selected=\"false\" aria-controls=\"tab_an\u00e1lise-microbiol\u00f3gica\"><span>An\u00e1lise microbiol\u00f3gica<\/span><\/a><\/li>\n<li id=\"tab-embalagem-e-garantia\" class=\"tab has-icon\" role=\"presentation\"><a href=\"#tab_embalagem-e-garantia\" tabindex=\"-1\" role=\"tab\" aria-selected=\"false\" aria-controls=\"tab_embalagem-e-garantia\"><span>Embalagem e garantia<\/span><\/a><\/li><\/ul><div class=\"tab-panels\"><div id=\"tab_aplica\u00e7\u00e3o\" class=\"panel active entry-content\" role=\"tabpanel\" aria-labelledby=\"tab-aplica\u00e7\u00e3o\">\n<p><strong>O Safizym\u00ae Pres<\/strong> otimiza sua produtividade (contato com a pele e atrasos no ciclo de prensagem, tempo de ocupa\u00e7\u00e3o do tanque, filtra\u00e7\u00e3o) e melhora a qualidade do produto acabado.<\/p>\n<\/div>\n<div id=\"tab_propriedades\" class=\"panel entry-content\" role=\"tabpanel\" aria-labelledby=\"tab-propriedades\">\n<h4><strong>Condi\u00e7\u00f5es de atividade<\/strong><\/h4>\n<ul>\n<li>Pectinases*: Endo poligalacturonase (&gt; 1050 PG\/g), pectina metil esterase (&gt; 210 PE\/g) e pectina liase (&gt; 30 PL\/g)<\/li>\n<li>Ativo em condi\u00e7\u00f5es enol\u00f3gicas (pH, SO <sub>2<\/sub> )<\/li>\n<li>Ativo em baixa temperatura (&gt; 8\u00b0C)<\/li>\n<li>Ativo em alta temperatura (&lt; 60\u00b0C)<\/li>\n<\/ul>\n<p>(*): m\u00e9todo dispon\u00edvel sob demanda.<\/p>\n<h4><strong>Efeitos<\/strong><\/h4>\n<h5>Ciclos de prensagem otimizados:<\/h5>\n<ul>\n<li>Permite a degrada\u00e7\u00e3o da pectina<\/li>\n<li>Encurta o ciclo de despectiniza\u00e7\u00e3o, acelerando assim a clarifica\u00e7\u00e3o<\/li>\n<li>Otimiza os ciclos de prensagem e aumenta o rendimento do suco de corrida livre e\/ou o rendimento total.<\/li>\n<li>Diminui o tempo de contato com a pele<\/li>\n<\/ul>\n<h5>Melhoria da qualidade organol\u00e9ptica do vinho:<\/h5>\n<ul>\n<li style=\"list-style-type: none\">\n<ul>\n<li>Facilita a extra\u00e7\u00e3o de aromas e real\u00e7a os caracteres varietais dos mostos (aromas do tipo terp\u00eanico)<\/li>\n<li>Sem atividades secund\u00e1rias indesej\u00e1veis<\/li>\n<\/ul>\n<\/li>\n<\/ul>\n<\/div>\n<div id=\"tab_uso-e-dosagem\" class=\"panel entry-content\" role=\"tabpanel\" aria-labelledby=\"tab-uso-e-dosagem\">\n<h4><b>Uso<\/b><\/h4>\n<p>Diluir a dose desejada em 10 vezes o seu pr\u00f3prio peso de \u00e1gua ou mosto. Esta solu\u00e7\u00e3o n\u00e3o deve ser armazenada por mais de algumas horas. Incorpore todo o volume no mosto que precisa ser despectinizado no in\u00edcio do enchimento do tanque. Este suprimento ser\u00e1 homogeneizado durante um bombeamento ou usando micro oxigena\u00e7\u00e3o.<\/p>\n<h4><strong>Dosagem<\/strong><\/h4>\n<p><strong>Aplica\u00e7\u00e3o no tanque de macera\u00e7\u00e3o:<\/strong><br \/>\n&lt; 20\u00b0C 0,5 a 1,0 g\/100kg<br \/>\n&lt; 15\u00b0C 1,0 a 2,0 g\/100kg<br \/>\n&lt; 10\u00b0C 2,0 a 3,0 g\/100kg<\/p>\n<p><strong>Aplica\u00e7\u00e3o na prensa 1,0 a 2,0 g\/100kg<\/strong><\/p>\n<\/div>\n<div id=\"tab_an\u00e1lise-microbiol\u00f3gica\" class=\"panel entry-content\" role=\"tabpanel\" aria-labelledby=\"tab-an\u00e1lise-microbiol\u00f3gica\">\n<table>\n<tbody>\n<tr>\n<td>% de Salmonellas:<\/td>\n<td style=\"text-align: center\">Aus\u00eancia em 25g de prepara\u00e7\u00e3o<\/td>\n<\/tr>\n<tr>\n<td>Aus\u00eancia em 25g de prepara\u00e7\u00e3o Coliformes:<\/td>\n<td style=\"text-align: center\">&lt; 30 \/ g de prepara\u00e7\u00e3o<\/td>\n<\/tr>\n<tr>\n<td>Escherichia coli:<\/td>\n<td style=\"text-align: center\">Aus\u00eancia em 25g de prepara\u00e7\u00e3o<\/td>\n<\/tr>\n<tr>\n<td>Total de germes:<\/td>\n<td style=\"text-align: center\">&lt; 5 x 10<span class=\"decale\"><sup>4<\/sup><\/span> \/g<\/td>\n<\/tr>\n<tr>\n<td>Subst\u00e2ncias antibi\u00f3ticas inibidoras:<\/td>\n<td style=\"text-align: center\">Negativo<\/td>\n<\/tr>\n<\/tbody>\n<\/table>\n<\/div>\n<div id=\"tab_embalagem-e-garantia\" class=\"panel entry-content\" role=\"tabpanel\" aria-labelledby=\"tab-embalagem-e-garantia\">\n<h4>Armazenamento<\/h4>\n<p>Caixas de 50 caixas de seguran\u00e7a de 100g (peso l\u00edquido da caixa completa: 5 kg).<br \/>\nCaixas de 10 caixas de seguran\u00e7a de 500g (peso l\u00edquido da caixa completa: 5 kg).<\/p>\n<h4>Garantia<\/h4>\n<p><strong>Esta prepara\u00e7\u00e3o pectol\u00edtica \u00e9 feita a partir de um microrganismo n\u00e3o geneticamente modificado.<\/strong><\/p>\n<p>A Fermentis garante um armazenamento ideal deste produto durante tr\u00eas anos em sua embalagem original, armazenado a uma temperatura m\u00e1xima de 20\u00b0C, longe da umidade e de produtos odor\u00edferos. A Fermentis garante que o produto est\u00e1 em conformidade com o Codex Enol\u00f3gico Internacional at\u00e9 a Data de Validade nas condi\u00e7\u00f5es de armazenamento mencionadas acima.<\/p>\n<p>A qualidade das enzimas Fermentis \u00e9 garantida pelo know-how da empresa Soufflet Biotechnologies.<\/p>\n<\/div><\/div><\/div>\n\t<div id=\"gap-210704253\" class=\"gap-element clearfix\" style=\"display:block; height:auto;\">\n\t\t\n<style>\n#gap-210704253 {\n  padding-top: 30px;\n}\n<\/style>\n\t<\/div>\n\t\n<p><em>Os dados contidos nesta ficha t\u00e9cnica s\u00e3o a transcri\u00e7\u00e3o exata do nosso conhecimento do produto na data mencionada. Eles s\u00e3o propriedade exclusiva da Fermentis-Division da S.I.Lesaffre. \u00c9 de responsabilidade do usu\u00e1rio garantir que o uso deste produto espec\u00edfico esteja em conformidade com a legisla\u00e7\u00e3o.<\/em><\/p>\n","protected":false},"excerpt":{"rendered":"<p>Prepara\u00e7\u00e3o enzim\u00e1tica para macera\u00e7\u00e3o de vinhos brancos<\/p>\n","protected":false},"featured_media":44258,"comment_status":"closed","ping_status":"closed","template":"","meta":{"_acf_changed":false},"product_brand":[],"product_cat":[2671,2672,2557],"product_tag":[2673,2674,2675],"class_list":{"0":"post-44217","1":"product","2":"type-product","3":"status-publish","4":"has-post-thumbnail","6":"product_cat-enzymes-pt-br","7":"product_cat-safizym-pres-pt-br-2","8":"product_cat-wine-making-pt-br","9":"product_tag-pres-pt-br","10":"product_tag-safizym-pres-pt-br","11":"product_tag-safizympres-pt-br","13":"first","14":"instock","15":"shipping-taxable","16":"product-type-simple"},"acf":[],"yoast_head":"<!-- This site is optimized with the Yoast SEO Premium plugin v27.4 (Yoast SEO v27.4) - https:\/\/yoast.com\/product\/yoast-seo-premium-wordpress\/ -->\n<title>Enzima Safizym Pres para macera\u00e7\u00e3o de vinho branco - Fermentis<\/title>\n<meta name=\"description\" content=\"A enzima Fermentis Safizym Pres \u00e9 uma prepara\u00e7\u00e3o para macerar vinhos brancos, para otimizar sua produtividade e melhorar a qualidade do produto acabado.\" \/>\n<meta name=\"robots\" content=\"index, follow, max-snippet:-1, max-image-preview:large, max-video-preview:-1\" \/>\n<link rel=\"canonical\" href=\"https:\/\/fermentis.com\/pt-br\/produto\/safizym-pres\/\" \/>\n<meta property=\"og:locale\" content=\"pt_BR\" \/>\n<meta property=\"og:type\" content=\"article\" \/>\n<meta property=\"og:title\" content=\"Safizym\u00ae Pres\" \/>\n<meta property=\"og:description\" content=\"A enzima Fermentis Safizym Pres \u00e9 uma prepara\u00e7\u00e3o para macerar vinhos brancos, para otimizar sua produtividade e melhorar a qualidade do produto acabado.\" \/>\n<meta property=\"og:url\" content=\"https:\/\/fermentis.com\/pt-br\/produto\/safizym-pres\/\" \/>\n<meta property=\"og:site_name\" content=\"Fermentis\" \/>\n<meta property=\"article:publisher\" content=\"https:\/\/www.facebook.com\/Fermentis\" \/>\n<meta property=\"article:modified_time\" content=\"2026-04-19T14:18:34+00:00\" \/>\n<meta property=\"og:image\" content=\"https:\/\/fermentis.com\/wp-content\/uploads\/2020\/05\/safizym-pres.jpg\" \/>\n\t<meta property=\"og:image:width\" content=\"1200\" \/>\n\t<meta property=\"og:image:height\" content=\"1200\" \/>\n\t<meta property=\"og:image:type\" content=\"image\/jpeg\" \/>\n<meta name=\"twitter:card\" content=\"summary_large_image\" \/>\n<meta name=\"twitter:site\" content=\"@fermentis\" \/>\n<meta name=\"twitter:label1\" content=\"Pre\u00e7o\" \/>\n\t<meta name=\"twitter:data1\" content=\"\" \/>\n\t<meta name=\"twitter:label2\" content=\"Disponibilidade\" \/>\n\t<meta name=\"twitter:data2\" content=\"Em Estoque\" \/>\n<script type=\"application\/ld+json\" class=\"yoast-schema-graph\">{\"@context\":\"https:\\\/\\\/schema.org\",\"@graph\":[{\"@type\":\"WebPage\",\"@id\":\"https:\\\/\\\/fermentis.com\\\/pt-br\\\/produto\\\/safizym-pres\\\/\",\"url\":\"https:\\\/\\\/fermentis.com\\\/pt-br\\\/produto\\\/safizym-pres\\\/\",\"name\":\"Enzima Safizym Pres para macera\u00e7\u00e3o de vinho branco - Fermentis\",\"isPartOf\":{\"@id\":\"https:\\\/\\\/fermentis.com\\\/pt-br\\\/#website\"},\"primaryImageOfPage\":{\"@id\":\"https:\\\/\\\/fermentis.com\\\/pt-br\\\/produto\\\/safizym-pres\\\/#primaryimage\"},\"image\":{\"@id\":\"https:\\\/\\\/fermentis.com\\\/pt-br\\\/produto\\\/safizym-pres\\\/#primaryimage\"},\"thumbnailUrl\":\"https:\\\/\\\/fermentis.com\\\/wp-content\\\/uploads\\\/2020\\\/05\\\/safizym-pres.jpg\",\"datePublished\":\"2020-05-03T22:00:00+00:00\",\"dateModified\":\"2026-04-19T14:18:34+00:00\",\"description\":\"A enzima Fermentis Safizym Pres \u00e9 uma prepara\u00e7\u00e3o para macerar vinhos brancos, para otimizar sua produtividade e melhorar a qualidade do produto acabado.\",\"breadcrumb\":{\"@id\":\"https:\\\/\\\/fermentis.com\\\/pt-br\\\/produto\\\/safizym-pres\\\/#breadcrumb\"},\"inLanguage\":\"pt-BR\",\"potentialAction\":[{\"@type\":\"ReadAction\",\"target\":[\"https:\\\/\\\/fermentis.com\\\/pt-br\\\/produto\\\/safizym-pres\\\/\"]}]},{\"@type\":\"ImageObject\",\"inLanguage\":\"pt-BR\",\"@id\":\"https:\\\/\\\/fermentis.com\\\/pt-br\\\/produto\\\/safizym-pres\\\/#primaryimage\",\"url\":\"https:\\\/\\\/fermentis.com\\\/wp-content\\\/uploads\\\/2020\\\/05\\\/safizym-pres.jpg\",\"contentUrl\":\"https:\\\/\\\/fermentis.com\\\/wp-content\\\/uploads\\\/2020\\\/05\\\/safizym-pres.jpg\",\"width\":1200,\"height\":1200},{\"@type\":\"BreadcrumbList\",\"@id\":\"https:\\\/\\\/fermentis.com\\\/pt-br\\\/produto\\\/safizym-pres\\\/#breadcrumb\",\"itemListElement\":[{\"@type\":\"ListItem\",\"position\":1,\"name\":\"Home\",\"item\":\"https:\\\/\\\/fermentis.com\\\/pt-br\\\/\"},{\"@type\":\"ListItem\",\"position\":2,\"name\":\"Produtos\"},{\"@type\":\"ListItem\",\"position\":3,\"name\":\"Wine making\",\"item\":\"https:\\\/\\\/fermentis.com\\\/pt-br\\\/fermentation\\\/wine-making-pt-br\\\/\"},{\"@type\":\"ListItem\",\"position\":4,\"name\":\"Enzymes\",\"item\":\"https:\\\/\\\/fermentis.com\\\/pt-br\\\/fermentation\\\/wine-making-pt-br\\\/enzymes-pt-br\\\/\"},{\"@type\":\"ListItem\",\"position\":5,\"name\":\"Safizym\u00ae Pres\"}]},{\"@type\":\"WebSite\",\"@id\":\"https:\\\/\\\/fermentis.com\\\/pt-br\\\/#website\",\"url\":\"https:\\\/\\\/fermentis.com\\\/pt-br\\\/\",\"name\":\"Fermentis\",\"description\":\"Un site utilisant WordPress\",\"publisher\":{\"@id\":\"https:\\\/\\\/fermentis.com\\\/pt-br\\\/#organization\"},\"potentialAction\":[{\"@type\":\"SearchAction\",\"target\":{\"@type\":\"EntryPoint\",\"urlTemplate\":\"https:\\\/\\\/fermentis.com\\\/pt-br\\\/?s={search_term_string}\"},\"query-input\":{\"@type\":\"PropertyValueSpecification\",\"valueRequired\":true,\"valueName\":\"search_term_string\"}}],\"inLanguage\":\"pt-BR\"},{\"@type\":\"Organization\",\"@id\":\"https:\\\/\\\/fermentis.com\\\/pt-br\\\/#organization\",\"name\":\"Fermentis\",\"url\":\"https:\\\/\\\/fermentis.com\\\/pt-br\\\/\",\"logo\":{\"@type\":\"ImageObject\",\"inLanguage\":\"pt-BR\",\"@id\":\"https:\\\/\\\/fermentis.com\\\/pt-br\\\/#\\\/schema\\\/logo\\\/image\\\/\",\"url\":\"https:\\\/\\\/fermentis.com\\\/wp-content\\\/uploads\\\/2021\\\/07\\\/Logo-Fermentis-5.png\",\"contentUrl\":\"https:\\\/\\\/fermentis.com\\\/wp-content\\\/uploads\\\/2021\\\/07\\\/Logo-Fermentis-5.png\",\"width\":308,\"height\":95,\"caption\":\"Fermentis\"},\"image\":{\"@id\":\"https:\\\/\\\/fermentis.com\\\/pt-br\\\/#\\\/schema\\\/logo\\\/image\\\/\"},\"sameAs\":[\"https:\\\/\\\/www.facebook.com\\\/Fermentis\",\"https:\\\/\\\/x.com\\\/fermentis\",\"https:\\\/\\\/www.instagram.com\\\/fermentisbylesaffre\\\/\",\"https:\\\/\\\/www.linkedin.com\\\/company\\\/fermentis\\\/\",\"https:\\\/\\\/www.youtube.com\\\/channel\\\/UCt_Lp3IZnUNXZeqSi6iiAdA\"]}]}<\/script>\n<meta property=\"product:price:currency\" content=\"GBP\" \/>\n<meta property=\"og:availability\" content=\"instock\" \/>\n<meta property=\"product:availability\" content=\"instock\" \/>\n<meta property=\"product:condition\" content=\"new\" \/>\n<!-- \/ Yoast SEO Premium plugin. -->","yoast_head_json":{"title":"Enzima Safizym Pres para macera\u00e7\u00e3o de vinho branco - Fermentis","description":"A enzima Fermentis Safizym Pres \u00e9 uma prepara\u00e7\u00e3o para macerar vinhos brancos, para otimizar sua produtividade e melhorar a qualidade do produto acabado.","robots":{"index":"index","follow":"follow","max-snippet":"max-snippet:-1","max-image-preview":"max-image-preview:large","max-video-preview":"max-video-preview:-1"},"canonical":"https:\/\/fermentis.com\/pt-br\/produto\/safizym-pres\/","og_locale":"pt_BR","og_type":"article","og_title":"Safizym\u00ae Pres","og_description":"A enzima Fermentis Safizym Pres \u00e9 uma prepara\u00e7\u00e3o para macerar vinhos brancos, para otimizar sua produtividade e melhorar a qualidade do produto acabado.","og_url":"https:\/\/fermentis.com\/pt-br\/produto\/safizym-pres\/","og_site_name":"Fermentis","article_publisher":"https:\/\/www.facebook.com\/Fermentis","article_modified_time":"2026-04-19T14:18:34+00:00","og_image":[{"width":1200,"height":1200,"url":"https:\/\/fermentis.com\/wp-content\/uploads\/2020\/05\/safizym-pres.jpg","type":"image\/jpeg"}],"twitter_card":"summary_large_image","twitter_site":"@fermentis","twitter_misc":{"Pre\u00e7o":"","Disponibilidade":"Em Estoque"},"schema":{"@context":"https:\/\/schema.org","@graph":[{"@type":"WebPage","@id":"https:\/\/fermentis.com\/pt-br\/produto\/safizym-pres\/","url":"https:\/\/fermentis.com\/pt-br\/produto\/safizym-pres\/","name":"Enzima Safizym Pres para macera\u00e7\u00e3o de vinho branco - Fermentis","isPartOf":{"@id":"https:\/\/fermentis.com\/pt-br\/#website"},"primaryImageOfPage":{"@id":"https:\/\/fermentis.com\/pt-br\/produto\/safizym-pres\/#primaryimage"},"image":{"@id":"https:\/\/fermentis.com\/pt-br\/produto\/safizym-pres\/#primaryimage"},"thumbnailUrl":"https:\/\/fermentis.com\/wp-content\/uploads\/2020\/05\/safizym-pres.jpg","datePublished":"2020-05-03T22:00:00+00:00","dateModified":"2026-04-19T14:18:34+00:00","description":"A enzima Fermentis Safizym Pres \u00e9 uma prepara\u00e7\u00e3o para macerar vinhos brancos, para otimizar sua produtividade e melhorar a qualidade do produto acabado.","breadcrumb":{"@id":"https:\/\/fermentis.com\/pt-br\/produto\/safizym-pres\/#breadcrumb"},"inLanguage":"pt-BR","potentialAction":[{"@type":"ReadAction","target":["https:\/\/fermentis.com\/pt-br\/produto\/safizym-pres\/"]}]},{"@type":"ImageObject","inLanguage":"pt-BR","@id":"https:\/\/fermentis.com\/pt-br\/produto\/safizym-pres\/#primaryimage","url":"https:\/\/fermentis.com\/wp-content\/uploads\/2020\/05\/safizym-pres.jpg","contentUrl":"https:\/\/fermentis.com\/wp-content\/uploads\/2020\/05\/safizym-pres.jpg","width":1200,"height":1200},{"@type":"BreadcrumbList","@id":"https:\/\/fermentis.com\/pt-br\/produto\/safizym-pres\/#breadcrumb","itemListElement":[{"@type":"ListItem","position":1,"name":"Home","item":"https:\/\/fermentis.com\/pt-br\/"},{"@type":"ListItem","position":2,"name":"Produtos"},{"@type":"ListItem","position":3,"name":"Wine making","item":"https:\/\/fermentis.com\/pt-br\/fermentation\/wine-making-pt-br\/"},{"@type":"ListItem","position":4,"name":"Enzymes","item":"https:\/\/fermentis.com\/pt-br\/fermentation\/wine-making-pt-br\/enzymes-pt-br\/"},{"@type":"ListItem","position":5,"name":"Safizym\u00ae Pres"}]},{"@type":"WebSite","@id":"https:\/\/fermentis.com\/pt-br\/#website","url":"https:\/\/fermentis.com\/pt-br\/","name":"Fermentis","description":"Un site utilisant WordPress","publisher":{"@id":"https:\/\/fermentis.com\/pt-br\/#organization"},"potentialAction":[{"@type":"SearchAction","target":{"@type":"EntryPoint","urlTemplate":"https:\/\/fermentis.com\/pt-br\/?s={search_term_string}"},"query-input":{"@type":"PropertyValueSpecification","valueRequired":true,"valueName":"search_term_string"}}],"inLanguage":"pt-BR"},{"@type":"Organization","@id":"https:\/\/fermentis.com\/pt-br\/#organization","name":"Fermentis","url":"https:\/\/fermentis.com\/pt-br\/","logo":{"@type":"ImageObject","inLanguage":"pt-BR","@id":"https:\/\/fermentis.com\/pt-br\/#\/schema\/logo\/image\/","url":"https:\/\/fermentis.com\/wp-content\/uploads\/2021\/07\/Logo-Fermentis-5.png","contentUrl":"https:\/\/fermentis.com\/wp-content\/uploads\/2021\/07\/Logo-Fermentis-5.png","width":308,"height":95,"caption":"Fermentis"},"image":{"@id":"https:\/\/fermentis.com\/pt-br\/#\/schema\/logo\/image\/"},"sameAs":["https:\/\/www.facebook.com\/Fermentis","https:\/\/x.com\/fermentis","https:\/\/www.instagram.com\/fermentisbylesaffre\/","https:\/\/www.linkedin.com\/company\/fermentis\/","https:\/\/www.youtube.com\/channel\/UCt_Lp3IZnUNXZeqSi6iiAdA"]}]},"product_price_currency":"GBP","og_availability":"instock","product_availability":"instock","product_condition":"new"},"_links":{"self":[{"href":"https:\/\/fermentis.com\/pt-br\/wp-json\/wp\/v2\/product\/44217","targetHints":{"allow":["GET"]}}],"collection":[{"href":"https:\/\/fermentis.com\/pt-br\/wp-json\/wp\/v2\/product"}],"about":[{"href":"https:\/\/fermentis.com\/pt-br\/wp-json\/wp\/v2\/types\/product"}],"replies":[{"embeddable":true,"href":"https:\/\/fermentis.com\/pt-br\/wp-json\/wp\/v2\/comments?post=44217"}],"wp:featuredmedia":[{"embeddable":true,"href":"https:\/\/fermentis.com\/pt-br\/wp-json\/wp\/v2\/media\/44258"}],"wp:attachment":[{"href":"https:\/\/fermentis.com\/pt-br\/wp-json\/wp\/v2\/media?parent=44217"}],"wp:term":[{"taxonomy":"product_brand","embeddable":true,"href":"https:\/\/fermentis.com\/pt-br\/wp-json\/wp\/v2\/product_brand?post=44217"},{"taxonomy":"product_cat","embeddable":true,"href":"https:\/\/fermentis.com\/pt-br\/wp-json\/wp\/v2\/product_cat?post=44217"},{"taxonomy":"product_tag","embeddable":true,"href":"https:\/\/fermentis.com\/pt-br\/wp-json\/wp\/v2\/product_tag?post=44217"}],"curies":[{"name":"wp","href":"https:\/\/api.w.org\/{rel}","templated":true}]}}