{"id":44231,"date":"2024-07-30T16:54:25","date_gmt":"2024-07-30T14:54:25","guid":{"rendered":"https:\/\/fermentis.com\/product\/safbrew-br%e2%80%918\/"},"modified":"2026-04-08T12:59:44","modified_gmt":"2026-04-08T10:59:44","slug":"safbrew-br-8","status":"publish","type":"product","link":"https:\/\/fermentis.com\/pt-br\/produto\/safbrew-br-8\/","title":{"rendered":"SafBrew\u2122 BR-8"},"content":{"rendered":"<div class=\"container section-title-container\" ><h2 class=\"section-title section-title-center\"><b aria-hidden=\"true\"><\/b><span class=\"section-title-main\" style=\"font-size:115%;\">O primeiro Brett seco para cervejas saborosas e \u201cmais funky\u201d<\/span><b aria-hidden=\"true\"><\/b><\/h2><\/div>\n<p><strong>SafBrew<sup>\u2122<\/sup> BR-8<\/strong> \u00e9 a primeira levedura <em>Brettanomyces bruxellensis<\/em> dispon\u00edvel para cervejeiros em formato microgranular seco.<\/p>\n<p>Oferece todos os benef\u00edcios de sabor da levedura <em>Brett<\/em> &quot;selvagem&quot;, mas com mais controle e confiabilidade, eliminando o risco de carbonata\u00e7\u00e3o excessiva e vazamento ap\u00f3s o engarrafamento.<\/p>\n<p>Selecionada especificamente para fermenta\u00e7\u00e3o secund\u00e1ria em garrafas ou barris, a SafBrew\u2122 BR-8 produz compostos fen\u00f3licos que criam um toque final distinto que evolui ao longo do tempo conforme a cerveja envelhece, com notas mais funky (curral, cavalo, couro&#8230;) bem equilibradas por notas refrescantes e frutadas.<\/p>\n\t<div id=\"gap-1924791583\" class=\"gap-element clearfix\" style=\"display:block; height:auto;\">\n\t\t\n<style>\n#gap-1924791583 {\n  padding-top: 30px;\n}\n<\/style>\n\t<\/div>\n\t\n<div class=\"container section-title-container\" ><h3 class=\"section-title section-title-center\"><b aria-hidden=\"true\"><\/b><span class=\"section-title-main\" style=\"font-size:115%;\">Perfil sensorial da SafBrew\u2122 BR-8<\/span><b aria-hidden=\"true\"><\/b><\/h3><\/div>\n<p>SafBrew\u2122 BR-8 produz compostos fen\u00f3licos que criam um toque final distinto que evolui ao longo do tempo conforme a cerveja envelhece, com notas mais funky (curral, cavalo, couro&#8230;) bem equilibradas por notas refrescantes e frutadas..<\/p>\n\t<div id=\"gap-1400589435\" class=\"gap-element clearfix\" style=\"display:block; height:auto;\">\n\t\t\n<style>\n#gap-1400589435 {\n  padding-top: 30px;\n}\n<\/style>\n\t<\/div>\n\t\n<div class=\"container section-title-container\" ><h3 class=\"section-title section-title-center\"><b aria-hidden=\"true\"><\/b><span class=\"section-title-main\" style=\"font-size:115%;\">Caracter\u00edsticas t\u00e9cnicas do SafBrew\u2122 BR-8<\/span><b aria-hidden=\"true\"><\/b><\/h3><\/div>\n\n\t\t<div class=\"tabbed-content\">\n\t\t\t\n\t\t\t<ul class=\"nav nav-tabs nav-uppercase nav-size-normal nav-left\" role=\"tablist\"><li id=\"tab-dosagem-e-uso\" class=\"tab active has-icon\" role=\"presentation\"><a href=\"#tab_dosagem-e-uso\" role=\"tab\" aria-selected=\"true\" aria-controls=\"tab_dosagem-e-uso\"><span>Dosagem e uso<\/span><\/a><\/li>\n<li id=\"tab-an\u00e1lise-t\u00edpica\" class=\"tab has-icon\" role=\"presentation\"><a href=\"#tab_an\u00e1lise-t\u00edpica\" tabindex=\"-1\" role=\"tab\" aria-selected=\"false\" aria-controls=\"tab_an\u00e1lise-t\u00edpica\"><span>An\u00e1lise t\u00edpica<\/span><\/a><\/li>\n<li id=\"tab-armazenamento-e-prazo-de-validade\" class=\"tab has-icon\" role=\"presentation\"><a href=\"#tab_armazenamento-e-prazo-de-validade\" tabindex=\"-1\" role=\"tab\" aria-selected=\"false\" aria-controls=\"tab_armazenamento-e-prazo-de-validade\"><span>Armazenamento e prazo de validade<\/span><\/a><\/li><\/ul><div class=\"tab-panels\"><div id=\"tab_dosagem-e-uso\" class=\"panel active entry-content\" role=\"tabpanel\" aria-labelledby=\"tab-dosagem-e-uso\">\n<h4><span style=\"font-size: 18pt\">Dosagem\/Temperatura<\/span><\/h4>\n<p><strong>Temperatura ideal de fermenta\u00e7\u00e3o 15\u00b0C \u2013 25\u00b0C (59\u00b0F \u2013 77\u00b0F) <\/strong><\/p>\n<h3><strong>Instru\u00e7\u00f5es de uso:<\/strong><\/h3>\n<p><strong>Reidrata\u00e7\u00e3o: <\/strong><strong>O SafBrew\u2122 BR-8 n\u00e3o deve ser reidratado diretamente na cerveja.<\/strong><\/p>\n<p>Polvilhe o fermento em, no m\u00ednimo, 10 vezes o seu peso em \u00e1gua est\u00e9ril a uma temperatura de 25\u00b0C a 29\u00b0C (77\u00b0F a 84,2\u00b0F). Deixe descansar por 15 a 30 minutos. Misture delicadamente at\u00e9 obter um creme de levedura.<\/p>\n<p><strong>Uso: <\/strong>Adicione de 5 a 10 gramas de a\u00e7\u00facar por litro de cerveja (0,67 a 1,34 oz de a\u00e7\u00facar por gal\u00e3o de cerveja) para obter uma satura\u00e7\u00e3o adicional de 2,5 a 5,0 g\/L de CO<sub>2 <\/sub>(0,33 a 0,67 oz\/gal\u00e3o de CO<sub>2<\/sub>). Adicione a cerveja ado\u00e7ada \u00e0 temperatura de fermenta\u00e7\u00e3o com o fermento reidratado.<\/p>\n<p>A carbonata\u00e7\u00e3o ser\u00e1 alcan\u00e7ada em 1 a 3 meses de matura\u00e7\u00e3o.<\/p>\n<p>*No final da refermenta\u00e7\u00e3o, a cerveja pode ser resfriada e ganhar\u00e1 em redondez ap\u00f3s 2 a 3 semanas.<br \/>\n*A carbonata\u00e7\u00e3o em temperaturas mais baixas (por exemplo, 15\u00b0C \/ 59\u00b0F) pode levar mais de 3 meses.<\/p>\n<\/div>\n<div id=\"tab_an\u00e1lise-t\u00edpica\" class=\"panel entry-content\" role=\"tabpanel\" aria-labelledby=\"tab-an\u00e1lise-t\u00edpica\">\n<ul>\n<li>Viable yeast\u00a0: &gt; 5.0 *10<sup>9 <\/sup>cfu\/g<\/li>\n<li>Purity :\n<ul>\n<li>Lactic acid bacteria: &lt; 1 cfu \/10<sup>6<\/sup> yeast cell<\/li>\n<li>Acetic acid bacteria: &lt; 1 cfu \/10<sup>6<\/sup> yeast cell<\/li>\n<li>Pediococcus: &lt; 1 cfu \/10<sup>6<\/sup> yeast cell<\/li>\n<li>Total Bacteria: &lt; 5 cfu \/10<sup>6<\/sup> yeast cell<\/li>\n<li>\u201cWild\u201d Yeast<sup>1<\/sup>: &lt; 5 cfu \/10<sup>6<\/sup> yeast cell<\/li>\n<li>Pathogenic micro-organisms: in accordance with regulation<\/li>\n<\/ul>\n<\/li>\n<\/ul>\n<p><em style=\"color: #555555;font-size: 14.4px\">Analysis done according to our HACCP study.<\/em><em><sup>1<\/sup>Other than Brettanomyces spp.<\/em><\/p>\n<\/div>\n<div id=\"tab_armazenamento-e-prazo-de-validade\" class=\"panel entry-content\" role=\"tabpanel\" aria-labelledby=\"tab-armazenamento-e-prazo-de-validade\">\n<h4>Storage<\/h4>\n<p>The product must be stored\/transported in dry conditions and protected from direct heat sources (e.g. sunlight, \u2026). For up to 6 months, the product can be stored\/transported at ambient temperature below 25\u00b0C\/77\u00b0F without affecting its performances.<\/p>\n<p>Peaks up to 40\u00b0C\/104\u00b0F are allowed for a limited period of time (less than 7 days in total). For prolonged storage times (beyond 6 months) after product has arrived at final destination, Fermentis recommends storage at a controlled temperature (below 15\u00b0C\/59\u00b0F).<\/p>\n<h4>Shelf life<\/h4>\n<p>24 months from production date. Refer to best before end date printed on the sachet. Opened sachets must be sealed and stored at 4\u00b0C (39.2\u00b0F) and used within 7 days of opening. Do not use soft or damaged sachets.<\/p>\n<p><em>Each Fermentis yeast is developed under a specific production scheme and benefits from the know-how of the Lesaffre group, world leader in yeast manufacturing. This guarantees the highest microbiological purity and maximum fermentation activity.<\/em><\/p>\n<\/div><\/div><\/div>\n\t<div id=\"gap-1311244668\" class=\"gap-element clearfix\" style=\"display:block; height:auto;\">\n\t\t\n<style>\n#gap-1311244668 {\n  padding-top: 30px;\n}\n<\/style>\n\t<\/div>\n\t\n\t<div id=\"gap-1307299772\" class=\"gap-element clearfix\" style=\"display:block; height:auto;\">\n\t\t\n<style>\n#gap-1307299772 {\n  padding-top: 30px;\n}\n<\/style>\n\t<\/div>\n\t\n<p><em>As leveduras secas para cerveja Fermentis s\u00e3o bem conhecidas por sua capacidade de produzir uma grande variedade de estilos de cerveja. Para comparar nossas cepas, realizamos testes de fermenta\u00e7\u00e3o em condi\u00e7\u00f5es de laborat\u00f3rio com um mosto padr\u00e3o para todas as cepas e condi\u00e7\u00f5es de temperatura padr\u00e3o (SafLager: 12\u00b0C por 48h e depois 14\u00b0C \/ SafAle: 20\u00b0C). N\u00f3s focamos nos seguintes par\u00e2metros: Produ\u00e7\u00e3o de \u00e1lcool, a\u00e7\u00facares residuais, flocula\u00e7\u00e3o e cin\u00e9tica de fermenta\u00e7\u00e3o. Dado o impacto da levedura na qualidade da cerveja final, \u00e9 recomend\u00e1vel respeitar as instru\u00e7\u00f5es de fermenta\u00e7\u00e3o recomendadas. Recomendamos fortemente que os usu\u00e1rios fa\u00e7am testes de fermenta\u00e7\u00e3o antes de qualquer uso comercial de nossos produtos.<\/em><\/p>\n<div class=\"container section-title-container\" ><h3 class=\"section-title section-title-center\"><b aria-hidden=\"true\"><\/b><span class=\"section-title-main\" style=\"font-size:115%;\">Conte\u00fado relacionado<\/span><b aria-hidden=\"true\"><\/b><\/h3><\/div>\n<div class=\"row\"  id=\"row-181836955\">\n\n\t<div id=\"col-690625150\" class=\"col medium-4 small-12 large-4\"  >\n\t\t\t\t<div class=\"col-inner\"  >\n\t\t\t\n\t\t\t\n\t<div class=\"box has-hover   has-hover box-text-bottom\" >\n\n\t\t<div class=\"box-image\" >\n\t\t\t<a href=\"https:\/\/fermentis.com\/en\/news\/fermentation\/beer-brewing\/safbrew-br-8-is-now-available-for-homebrewers\/\" >\t\t\t<div class=\"\" >\n\t\t\t\t<img loading=\"lazy\" decoding=\"async\" width=\"1039\" height=\"742\" src=\"https:\/\/fermentis.com\/wp-content\/uploads\/2023\/01\/SafBrew-BR-8.jpg\" class=\"attachment- size-\" alt=\"SafBrew-BR-8\" srcset=\"https:\/\/fermentis.com\/wp-content\/uploads\/2023\/01\/SafBrew-BR-8.jpg 1039w, https:\/\/fermentis.com\/wp-content\/uploads\/2023\/01\/SafBrew-BR-8-800x571.jpg 800w, https:\/\/fermentis.com\/wp-content\/uploads\/2023\/01\/SafBrew-BR-8-1024x731.jpg 1024w, https:\/\/fermentis.com\/wp-content\/uploads\/2023\/01\/SafBrew-BR-8-768x548.jpg 768w, https:\/\/fermentis.com\/wp-content\/uploads\/2023\/01\/SafBrew-BR-8-600x428.jpg 600w\" sizes=\"auto, (max-width: 1039px) 100vw, 1039px\" \/>\t\t\t\t\t\t\t\t\t\t\t<\/div>\n\t\t\t<\/a>\t\t<\/div>\n\n\t\t<div class=\"box-text text-center dark\" style=\"background-color:rgb(236, 140, 30);\">\n\t\t\t<div class=\"box-text-inner\">\n\t\t\t\t\n<h4>SafBrew\u2122 BR-8 agora est\u00e1 dispon\u00edvel para cervejeiros caseiros!<\/h4>\n<a href=\"https:\/\/fermentis.com\/en\/news\/fermentation\/beer-brewing\/safbrew-br-8-is-now-available-for-homebrewers\/\" class=\"button white is-outline\" >\n\t\t<span>Clique aqui para acessar o artigo<\/span>\n\t<\/a>\n\n\t\t\t<\/div>\n\t\t<\/div>\n\t<\/div>\n\t\n\t\t<\/div>\n\t\t\t\t\t<\/div>\n\n\t\n\n\t<div id=\"col-2050352304\" class=\"col medium-4 small-12 large-4\"  >\n\t\t\t\t<div class=\"col-inner\"  >\n\t\t\t\n\t\t\t\n\t\t<\/div>\n\t\t\t\t\t<\/div>\n\n\t\n\n\t<div id=\"col-708566060\" class=\"col medium-4 small-12 large-4\"  >\n\t\t\t\t<div class=\"col-inner\"  >\n\t\t\t\n\t\t\t\n\t\t<\/div>\n\t\t\t\t\t<\/div>\n\n\t\n<\/div>\n","protected":false},"excerpt":{"rendered":"<p>O primeiro Brett seco projetado para o condicionamento de sua garrafa e\/ou barril<\/p>\n","protected":false},"featured_media":403557,"comment_status":"closed","ping_status":"closed","template":"","meta":{"_acf_changed":false},"product_brand":[],"product_cat":[1485,2676,1486],"product_tag":[2780,2781],"class_list":{"0":"post-44231","1":"product","2":"type-product","3":"status-publish","4":"has-post-thumbnail","6":"product_cat-active-dry-yeast-pt-br","7":"product_cat-safbrew-pt-br","8":"product_cat-beer-brewing-solutions-pt-br","9":"product_tag-br-8-pt-br","10":"product_tag-br8-pt-br","11":"pa_yeast-range-safbrew-pt-br","12":"pa_yeast-variety-brettanomyces-bruxellensis-pt-br","14":"first","15":"instock","16":"shipping-taxable","17":"product-type-simple"},"acf":[],"yoast_head":"<!-- This site is optimized with the Yoast SEO Premium plugin v27.3 (Yoast SEO v27.3) - https:\/\/yoast.com\/product\/yoast-seo-premium-wordpress\/ -->\n<title>SafBrew\u2122 BR-8 - O primeiro Brett seco para cervejas saborosas e &quot;mais funky&quot;<\/title>\n<meta name=\"description\" content=\"SafBrew\u2122 BR-8 da Fermentis \u00e9 o primeiro Brett seco projetado para o condicionamento de sua garrafa e\/ou barril. Traz notas interessantes e &quot;funky&quot; \u00e0 cerveja.\" \/>\n<meta name=\"robots\" content=\"index, follow, max-snippet:-1, max-image-preview:large, max-video-preview:-1\" \/>\n<link rel=\"canonical\" href=\"https:\/\/fermentis.com\/pt-br\/produto\/safbrew-br-8\/\" \/>\n<meta property=\"og:locale\" content=\"pt_BR\" \/>\n<meta property=\"og:type\" content=\"article\" \/>\n<meta property=\"og:title\" content=\"SafBrew\u2122 BR-8\" \/>\n<meta property=\"og:description\" content=\"SafBrew\u2122 BR-8 da Fermentis \u00e9 o primeiro Brett seco projetado para o condicionamento de sua garrafa e\/ou barril. Traz notas interessantes e &quot;funky&quot; \u00e0 cerveja.\" \/>\n<meta property=\"og:url\" content=\"https:\/\/fermentis.com\/pt-br\/produto\/safbrew-br-8\/\" \/>\n<meta property=\"og:site_name\" content=\"Fermentis\" \/>\n<meta property=\"article:publisher\" content=\"https:\/\/www.facebook.com\/Fermentis\" \/>\n<meta property=\"article:modified_time\" content=\"2026-04-08T10:59:44+00:00\" \/>\n<meta property=\"og:image\" content=\"https:\/\/cdn.bfldr.com\/G7S7MSWL\/at\/bpq5whbgpj5j6kqqc8gkg\/SafBrew-BR-8_100g_Half-Front.jpg?auto=webp&format=jpg\" \/>\n<meta name=\"twitter:card\" content=\"summary_large_image\" \/>\n<meta name=\"twitter:image\" content=\"https:\/\/cdn.bfldr.com\/G7S7MSWL\/at\/bpq5whbgpj5j6kqqc8gkg\/SafBrew-BR-8_100g_Half-Front.jpg?auto=webp&format=jpg\" \/>\n<meta name=\"twitter:site\" content=\"@fermentis\" \/>\n<meta name=\"twitter:label1\" content=\"Pre\u00e7o\" \/>\n\t<meta name=\"twitter:data1\" content=\"\" \/>\n\t<meta name=\"twitter:label2\" content=\"Disponibilidade\" \/>\n\t<meta name=\"twitter:data2\" content=\"Em Estoque\" \/>\n<script type=\"application\/ld+json\" class=\"yoast-schema-graph\">{\"@context\":\"https:\\\/\\\/schema.org\",\"@graph\":[{\"@type\":\"WebPage\",\"@id\":\"https:\\\/\\\/fermentis.com\\\/pt-br\\\/produto\\\/safbrew-br-8\\\/\",\"url\":\"https:\\\/\\\/fermentis.com\\\/pt-br\\\/produto\\\/safbrew-br-8\\\/\",\"name\":\"SafBrew\u2122 BR-8 - O primeiro Brett seco para cervejas saborosas e \\\"mais funky\\\"\",\"isPartOf\":{\"@id\":\"https:\\\/\\\/fermentis.com\\\/pt-br\\\/#website\"},\"primaryImageOfPage\":{\"@id\":\"https:\\\/\\\/fermentis.com\\\/pt-br\\\/produto\\\/safbrew-br-8\\\/#primaryimage\"},\"image\":{\"@id\":\"https:\\\/\\\/fermentis.com\\\/pt-br\\\/produto\\\/safbrew-br-8\\\/#primaryimage\"},\"thumbnailUrl\":\"https:\\\/\\\/cdn.bfldr.com\\\/G7S7MSWL\\\/at\\\/bpq5whbgpj5j6kqqc8gkg\\\/SafBrew-BR-8_100g_Half-Front.jpg?auto=webp&format=jpg\",\"datePublished\":\"2024-07-30T14:54:25+00:00\",\"dateModified\":\"2026-04-08T10:59:44+00:00\",\"description\":\"SafBrew\u2122 BR-8 da Fermentis \u00e9 o primeiro Brett seco projetado para o condicionamento de sua garrafa e\\\/ou barril. Traz notas interessantes e \\\"funky\\\" \u00e0 cerveja.\",\"breadcrumb\":{\"@id\":\"https:\\\/\\\/fermentis.com\\\/pt-br\\\/produto\\\/safbrew-br-8\\\/#breadcrumb\"},\"inLanguage\":\"pt-BR\",\"potentialAction\":[{\"@type\":\"ReadAction\",\"target\":[\"https:\\\/\\\/fermentis.com\\\/pt-br\\\/produto\\\/safbrew-br-8\\\/\"]}]},{\"@type\":\"ImageObject\",\"inLanguage\":\"pt-BR\",\"@id\":\"https:\\\/\\\/fermentis.com\\\/pt-br\\\/produto\\\/safbrew-br-8\\\/#primaryimage\",\"url\":\"https:\\\/\\\/cdn.bfldr.com\\\/G7S7MSWL\\\/at\\\/bpq5whbgpj5j6kqqc8gkg\\\/SafBrew-BR-8_100g_Half-Front.jpg?auto=webp&format=jpg\",\"contentUrl\":\"https:\\\/\\\/cdn.bfldr.com\\\/G7S7MSWL\\\/at\\\/bpq5whbgpj5j6kqqc8gkg\\\/SafBrew-BR-8_100g_Half-Front.jpg?auto=webp&format=jpg\",\"width\":\"1600\",\"height\":\"1600\"},{\"@type\":\"BreadcrumbList\",\"@id\":\"https:\\\/\\\/fermentis.com\\\/pt-br\\\/produto\\\/safbrew-br-8\\\/#breadcrumb\",\"itemListElement\":[{\"@type\":\"ListItem\",\"position\":1,\"name\":\"Home\",\"item\":\"https:\\\/\\\/fermentis.com\\\/pt-br\\\/\"},{\"@type\":\"ListItem\",\"position\":2,\"name\":\"Produtos\"},{\"@type\":\"ListItem\",\"position\":3,\"name\":\"Solu\u00e7\u00f5es para cerveja e cervejaria\",\"item\":\"https:\\\/\\\/fermentis.com\\\/pt-br\\\/fermentation\\\/beer-brewing-solutions-pt-br\\\/\"},{\"@type\":\"ListItem\",\"position\":4,\"name\":\"SafBrew\u2122 BR-8\"}]},{\"@type\":\"WebSite\",\"@id\":\"https:\\\/\\\/fermentis.com\\\/pt-br\\\/#website\",\"url\":\"https:\\\/\\\/fermentis.com\\\/pt-br\\\/\",\"name\":\"Fermentis\",\"description\":\"Un site utilisant WordPress\",\"publisher\":{\"@id\":\"https:\\\/\\\/fermentis.com\\\/pt-br\\\/#organization\"},\"potentialAction\":[{\"@type\":\"SearchAction\",\"target\":{\"@type\":\"EntryPoint\",\"urlTemplate\":\"https:\\\/\\\/fermentis.com\\\/pt-br\\\/?s={search_term_string}\"},\"query-input\":{\"@type\":\"PropertyValueSpecification\",\"valueRequired\":true,\"valueName\":\"search_term_string\"}}],\"inLanguage\":\"pt-BR\"},{\"@type\":\"Organization\",\"@id\":\"https:\\\/\\\/fermentis.com\\\/pt-br\\\/#organization\",\"name\":\"Fermentis\",\"url\":\"https:\\\/\\\/fermentis.com\\\/pt-br\\\/\",\"logo\":{\"@type\":\"ImageObject\",\"inLanguage\":\"pt-BR\",\"@id\":\"https:\\\/\\\/fermentis.com\\\/pt-br\\\/#\\\/schema\\\/logo\\\/image\\\/\",\"url\":\"https:\\\/\\\/fermentis.com\\\/wp-content\\\/uploads\\\/2021\\\/07\\\/Logo-Fermentis-5.png\",\"contentUrl\":\"https:\\\/\\\/fermentis.com\\\/wp-content\\\/uploads\\\/2021\\\/07\\\/Logo-Fermentis-5.png\",\"width\":308,\"height\":95,\"caption\":\"Fermentis\"},\"image\":{\"@id\":\"https:\\\/\\\/fermentis.com\\\/pt-br\\\/#\\\/schema\\\/logo\\\/image\\\/\"},\"sameAs\":[\"https:\\\/\\\/www.facebook.com\\\/Fermentis\",\"https:\\\/\\\/x.com\\\/fermentis\",\"https:\\\/\\\/www.instagram.com\\\/fermentisbylesaffre\\\/\",\"https:\\\/\\\/www.linkedin.com\\\/company\\\/fermentis\\\/\",\"https:\\\/\\\/www.youtube.com\\\/channel\\\/UCt_Lp3IZnUNXZeqSi6iiAdA\"]}]}<\/script>\n<meta property=\"product:price:currency\" content=\"GBP\" \/>\n<meta property=\"og:availability\" content=\"instock\" \/>\n<meta property=\"product:availability\" content=\"instock\" \/>\n<meta property=\"product:condition\" content=\"new\" \/>\n<!-- \/ Yoast SEO Premium plugin. -->","yoast_head_json":{"title":"SafBrew\u2122 BR-8 - O primeiro Brett seco para cervejas saborosas e \"mais funky\"","description":"SafBrew\u2122 BR-8 da Fermentis \u00e9 o primeiro Brett seco projetado para o condicionamento de sua garrafa e\/ou barril. Traz notas interessantes e \"funky\" \u00e0 cerveja.","robots":{"index":"index","follow":"follow","max-snippet":"max-snippet:-1","max-image-preview":"max-image-preview:large","max-video-preview":"max-video-preview:-1"},"canonical":"https:\/\/fermentis.com\/pt-br\/produto\/safbrew-br-8\/","og_locale":"pt_BR","og_type":"article","og_title":"SafBrew\u2122 BR-8","og_description":"SafBrew\u2122 BR-8 da Fermentis \u00e9 o primeiro Brett seco projetado para o condicionamento de sua garrafa e\/ou barril. Traz notas interessantes e \"funky\" \u00e0 cerveja.","og_url":"https:\/\/fermentis.com\/pt-br\/produto\/safbrew-br-8\/","og_site_name":"Fermentis","article_publisher":"https:\/\/www.facebook.com\/Fermentis","article_modified_time":"2026-04-08T10:59:44+00:00","og_image":[{"url":"https:\/\/cdn.bfldr.com\/G7S7MSWL\/at\/bpq5whbgpj5j6kqqc8gkg\/SafBrew-BR-8_100g_Half-Front.jpg?auto=webp&format=jpg","type":"","width":"","height":""}],"twitter_card":"summary_large_image","twitter_image":"https:\/\/cdn.bfldr.com\/G7S7MSWL\/at\/bpq5whbgpj5j6kqqc8gkg\/SafBrew-BR-8_100g_Half-Front.jpg?auto=webp&format=jpg","twitter_site":"@fermentis","twitter_misc":{"Pre\u00e7o":"","Disponibilidade":"Em Estoque"},"schema":{"@context":"https:\/\/schema.org","@graph":[{"@type":"WebPage","@id":"https:\/\/fermentis.com\/pt-br\/produto\/safbrew-br-8\/","url":"https:\/\/fermentis.com\/pt-br\/produto\/safbrew-br-8\/","name":"SafBrew\u2122 BR-8 - O primeiro Brett seco para cervejas saborosas e \"mais funky\"","isPartOf":{"@id":"https:\/\/fermentis.com\/pt-br\/#website"},"primaryImageOfPage":{"@id":"https:\/\/fermentis.com\/pt-br\/produto\/safbrew-br-8\/#primaryimage"},"image":{"@id":"https:\/\/fermentis.com\/pt-br\/produto\/safbrew-br-8\/#primaryimage"},"thumbnailUrl":"https:\/\/cdn.bfldr.com\/G7S7MSWL\/at\/bpq5whbgpj5j6kqqc8gkg\/SafBrew-BR-8_100g_Half-Front.jpg?auto=webp&format=jpg","datePublished":"2024-07-30T14:54:25+00:00","dateModified":"2026-04-08T10:59:44+00:00","description":"SafBrew\u2122 BR-8 da Fermentis \u00e9 o primeiro Brett seco projetado para o condicionamento de sua garrafa e\/ou barril. Traz notas interessantes e \"funky\" \u00e0 cerveja.","breadcrumb":{"@id":"https:\/\/fermentis.com\/pt-br\/produto\/safbrew-br-8\/#breadcrumb"},"inLanguage":"pt-BR","potentialAction":[{"@type":"ReadAction","target":["https:\/\/fermentis.com\/pt-br\/produto\/safbrew-br-8\/"]}]},{"@type":"ImageObject","inLanguage":"pt-BR","@id":"https:\/\/fermentis.com\/pt-br\/produto\/safbrew-br-8\/#primaryimage","url":"https:\/\/cdn.bfldr.com\/G7S7MSWL\/at\/bpq5whbgpj5j6kqqc8gkg\/SafBrew-BR-8_100g_Half-Front.jpg?auto=webp&format=jpg","contentUrl":"https:\/\/cdn.bfldr.com\/G7S7MSWL\/at\/bpq5whbgpj5j6kqqc8gkg\/SafBrew-BR-8_100g_Half-Front.jpg?auto=webp&format=jpg","width":"1600","height":"1600"},{"@type":"BreadcrumbList","@id":"https:\/\/fermentis.com\/pt-br\/produto\/safbrew-br-8\/#breadcrumb","itemListElement":[{"@type":"ListItem","position":1,"name":"Home","item":"https:\/\/fermentis.com\/pt-br\/"},{"@type":"ListItem","position":2,"name":"Produtos"},{"@type":"ListItem","position":3,"name":"Solu\u00e7\u00f5es para cerveja e cervejaria","item":"https:\/\/fermentis.com\/pt-br\/fermentation\/beer-brewing-solutions-pt-br\/"},{"@type":"ListItem","position":4,"name":"SafBrew\u2122 BR-8"}]},{"@type":"WebSite","@id":"https:\/\/fermentis.com\/pt-br\/#website","url":"https:\/\/fermentis.com\/pt-br\/","name":"Fermentis","description":"Un site utilisant WordPress","publisher":{"@id":"https:\/\/fermentis.com\/pt-br\/#organization"},"potentialAction":[{"@type":"SearchAction","target":{"@type":"EntryPoint","urlTemplate":"https:\/\/fermentis.com\/pt-br\/?s={search_term_string}"},"query-input":{"@type":"PropertyValueSpecification","valueRequired":true,"valueName":"search_term_string"}}],"inLanguage":"pt-BR"},{"@type":"Organization","@id":"https:\/\/fermentis.com\/pt-br\/#organization","name":"Fermentis","url":"https:\/\/fermentis.com\/pt-br\/","logo":{"@type":"ImageObject","inLanguage":"pt-BR","@id":"https:\/\/fermentis.com\/pt-br\/#\/schema\/logo\/image\/","url":"https:\/\/fermentis.com\/wp-content\/uploads\/2021\/07\/Logo-Fermentis-5.png","contentUrl":"https:\/\/fermentis.com\/wp-content\/uploads\/2021\/07\/Logo-Fermentis-5.png","width":308,"height":95,"caption":"Fermentis"},"image":{"@id":"https:\/\/fermentis.com\/pt-br\/#\/schema\/logo\/image\/"},"sameAs":["https:\/\/www.facebook.com\/Fermentis","https:\/\/x.com\/fermentis","https:\/\/www.instagram.com\/fermentisbylesaffre\/","https:\/\/www.linkedin.com\/company\/fermentis\/","https:\/\/www.youtube.com\/channel\/UCt_Lp3IZnUNXZeqSi6iiAdA"]}]},"product_price_currency":"GBP","og_availability":"instock","product_availability":"instock","product_condition":"new"},"fifu_image_url":"https:\/\/cdn.bfldr.com\/G7S7MSWL\/at\/bpq5whbgpj5j6kqqc8gkg\/SafBrew-BR-8_100g_Half-Front.jpg?auto=webp&format=jpg","_links":{"self":[{"href":"https:\/\/fermentis.com\/pt-br\/wp-json\/wp\/v2\/product\/44231","targetHints":{"allow":["GET"]}}],"collection":[{"href":"https:\/\/fermentis.com\/pt-br\/wp-json\/wp\/v2\/product"}],"about":[{"href":"https:\/\/fermentis.com\/pt-br\/wp-json\/wp\/v2\/types\/product"}],"replies":[{"embeddable":true,"href":"https:\/\/fermentis.com\/pt-br\/wp-json\/wp\/v2\/comments?post=44231"}],"wp:featuredmedia":[{"embeddable":true,"href":"https:\/\/fermentis.com\/pt-br\/wp-json\/wp\/v2\/media\/403557"}],"wp:attachment":[{"href":"https:\/\/fermentis.com\/pt-br\/wp-json\/wp\/v2\/media?parent=44231"}],"wp:term":[{"taxonomy":"product_brand","embeddable":true,"href":"https:\/\/fermentis.com\/pt-br\/wp-json\/wp\/v2\/product_brand?post=44231"},{"taxonomy":"product_cat","embeddable":true,"href":"https:\/\/fermentis.com\/pt-br\/wp-json\/wp\/v2\/product_cat?post=44231"},{"taxonomy":"product_tag","embeddable":true,"href":"https:\/\/fermentis.com\/pt-br\/wp-json\/wp\/v2\/product_tag?post=44231"}],"curies":[{"name":"wp","href":"https:\/\/api.w.org\/{rel}","templated":true}]}}