{"id":44233,"date":"2020-05-04T00:00:00","date_gmt":"2020-05-03T22:00:00","guid":{"rendered":"https:\/\/fermentis.com\/product\/safizym-col-plus\/"},"modified":"2026-04-20T20:10:05","modified_gmt":"2026-04-20T18:10:05","slug":"safizym-col-plus","status":"publish","type":"product","link":"https:\/\/fermentis.com\/pt-br\/produto\/safizym-col-plus\/","title":{"rendered":"Safizym\u00ae Col&nbsp; Mais"},"content":{"rendered":"<div class=\"container section-title-container\" ><h2 class=\"section-title section-title-center\"><b aria-hidden=\"true\"><\/b><span class=\"section-title-main\" style=\"font-size:115%;\">PREPARA\u00c7\u00c3O ENZIM\u00c1TICA PERMITINDO A EXTRA\u00c7\u00c3O DE COR E ESTABILIZA\u00c7\u00c3O<\/span><b aria-hidden=\"true\"><\/b><\/h2><\/div>\n<div class=\"wpb_text_column wpb_content_elementvc_custom_1573226810900\">\n<div class=\"wpb_wrapper\">\n<p><strong>Safizym\u00ae Col Plus<\/strong> \u00e9 uma prepara\u00e7\u00e3o enzim\u00e1tica que depectina o mosto e desestabiliza as paredes celulares da pele, facilitando assim a migra\u00e7\u00e3o de compostos nobres (taninos, antocianinas) para a fase l\u00edquida.<\/p>\n<p>A prensagem \u00e9 facilitada e o desaparecimento das pectinas (col\u00f3ides incrustantes) permite uma filtra\u00e7\u00e3o posterior mais f\u00e1cil e menos estressante no produto acabado. Prepara\u00e7\u00e3o enzim\u00e1tica produzida por uma cepa selecionada de Aspergillus niger.<\/p>\n<\/div>\n<\/div>\n\t<div id=\"gap-882404073\" class=\"gap-element clearfix\" style=\"display:block; height:auto;\">\n\t\t\n<style>\n#gap-882404073 {\n  padding-top: 30px;\n}\n<\/style>\n\t<\/div>\n\t\n<div class=\"container section-title-container\" ><h3 class=\"section-title section-title-center\"><b aria-hidden=\"true\"><\/b><span class=\"section-title-main\" style=\"font-size:115%;\">Caracter\u00edsticas t\u00e9cnicas do Safizym\u00ae Col Plus<\/span><b aria-hidden=\"true\"><\/b><\/h3><\/div>\n\n\t\t<div class=\"tabbed-content\">\n\t\t\t\n\t\t\t<ul class=\"nav nav-tabs nav-uppercase nav-size-normal nav-left\" role=\"tablist\"><li id=\"tab-aplica\u00e7\u00e3o\" class=\"tab active has-icon\" role=\"presentation\"><a href=\"#tab_aplica\u00e7\u00e3o\" role=\"tab\" aria-selected=\"true\" aria-controls=\"tab_aplica\u00e7\u00e3o\"><span>Aplica\u00e7\u00e3o<\/span><\/a><\/li>\n<li id=\"tab-propriedades\" class=\"tab has-icon\" role=\"presentation\"><a href=\"#tab_propriedades\" tabindex=\"-1\" role=\"tab\" aria-selected=\"false\" aria-controls=\"tab_propriedades\"><span>Propriedades<\/span><\/a><\/li>\n<li id=\"tab-uso-e-dosagem\" class=\"tab has-icon\" role=\"presentation\"><a href=\"#tab_uso-e-dosagem\" tabindex=\"-1\" role=\"tab\" aria-selected=\"false\" aria-controls=\"tab_uso-e-dosagem\"><span>Uso e dosagem<\/span><\/a><\/li>\n<li id=\"tab-an\u00e1lise-microbiol\u00f3gica\" class=\"tab has-icon\" role=\"presentation\"><a href=\"#tab_an\u00e1lise-microbiol\u00f3gica\" tabindex=\"-1\" role=\"tab\" aria-selected=\"false\" aria-controls=\"tab_an\u00e1lise-microbiol\u00f3gica\"><span>An\u00e1lise microbiol\u00f3gica<\/span><\/a><\/li>\n<li id=\"tab-embalagem-e-garantia\" class=\"tab has-icon\" role=\"presentation\"><a href=\"#tab_embalagem-e-garantia\" tabindex=\"-1\" role=\"tab\" aria-selected=\"false\" aria-controls=\"tab_embalagem-e-garantia\"><span>Embalagem e garantia<\/span><\/a><\/li><\/ul><div class=\"tab-panels\"><div id=\"tab_aplica\u00e7\u00e3o\" class=\"panel active entry-content\" role=\"tabpanel\" aria-labelledby=\"tab-aplica\u00e7\u00e3o\">\n<p>\u2022 Macera\u00e7\u00e3o curta: <strong>Safizym\u00ae Col Plus<\/strong> melhora as express\u00f5es varietais e arom\u00e1ticas. A extra\u00e7\u00e3o \u00e9 reduzida, o que favorece taninos macios.<\/p>\n<p>\u2022 Macera\u00e7\u00e3o longa: <strong>Safizym\u00ae Col Plus<\/strong> ajuda a refor\u00e7ar a estrutura t\u00e2nica do seu vinho sem amplificar a sensa\u00e7\u00e3o de adstring\u00eancia.<\/p>\n<\/div>\n<div id=\"tab_propriedades\" class=\"panel entry-content\" role=\"tabpanel\" aria-labelledby=\"tab-propriedades\">\n<h4><strong>Condi\u00e7\u00f5es de atividade<\/strong><\/h4>\n<ul>\n<li>Pectinases* : Endo poligalacturonase (&gt; 1050 PG\/g), pectina metil esterase (&gt; 210 PE\/g) e pectina liase (&gt;30 PL\/g)<\/li>\n<li>Ativo em condi\u00e7\u00f5es enol\u00f3gicas (pH, SO <sub>2<\/sub> , altos n\u00edveis de polifen\u00f3is)<\/li>\n<li>Ativo a baixa temperatura (&gt; 8\u00b0C): macera\u00e7\u00e3o a frio<\/li>\n<li>Ativo em alta temperatura (&lt; 60 \u00b0 C): macera\u00e7\u00e3o a quente<\/li>\n<li>Rico em atividade hemicelulase secund\u00e1ria<\/li>\n<\/ul>\n<p>(*): m\u00e9todo dispon\u00edvel sob demanda.<\/p>\n<h4><strong>Efeitos<\/strong><\/h4>\n<ul>\n<li>Hidrolisa as cadeias de pectina do mosto<\/li>\n<li>Permite a clarifica\u00e7\u00e3o e melhora a capacidade de prensagem do mosto<\/li>\n<li>Enfraquece a parede celular e facilita a extra\u00e7\u00e3o de compostos fen\u00f3licos (taninos e antocianinas) e polissacar\u00eddeos sem intensificar as a\u00e7\u00f5es mec\u00e2nicas gra\u00e7as \u00e0 sua atividade hemicelulase<\/li>\n<li>Contribui para o amolecimento da estrutura t\u00e2nica e o equil\u00edbrio final do vinho<\/li>\n<li>Contribui para a estabiliza\u00e7\u00e3o da cor (livre de atividades secund\u00e1rias do tipo antocianase que s\u00e3o prejudiciais \u00e0 estabilidade da cor)<\/li>\n<\/ul>\n<\/div>\n<div id=\"tab_uso-e-dosagem\" class=\"panel entry-content\" role=\"tabpanel\" aria-labelledby=\"tab-uso-e-dosagem\">\n<h4><b>Uso<\/b><\/h4>\n<p>Diluir a dose desejada em 10 vezes o seu pr\u00f3prio peso de \u00e1gua ou mosto. Esta solu\u00e7\u00e3o n\u00e3o deve ser armazenada por mais de algumas horas. Incorpore todo o volume no mosto que precisa ser despectinizado no in\u00edcio do enchimento do tanque. Este suprimento ser\u00e1 homogeneizado durante um bombeamento ou usando micro oxigena\u00e7\u00e3o.<\/p>\n<h4><strong>Dosagem<\/strong><\/h4>\n<p>A dosagem de <strong>Safizym\u00ae Col Plus<\/strong> depender\u00e1 da cultivar, do grau de maturidade e do processo de vinifica\u00e7\u00e3o. De um modo geral, as dosagens s\u00e3o as seguintes:<\/p>\n<p>Aplica\u00e7\u00e3o em cuba: 1,0 a 3,0 g\/hl<br \/>\nAplica\u00e7\u00e3o em vinomacera\u00e7\u00e3o: 1,0 a 2,0 g\/hl<br \/>\nAplica\u00e7\u00e3o em macera\u00e7\u00e3o a frio: 3,0 a 5,0 g\/hl<br \/>\nAplica\u00e7\u00e3o no vinho de prensagem: 2,0 a 4,0 g\/hl<\/p>\n<\/div>\n<div id=\"tab_an\u00e1lise-microbiol\u00f3gica\" class=\"panel entry-content\" role=\"tabpanel\" aria-labelledby=\"tab-an\u00e1lise-microbiol\u00f3gica\">\n<table>\n<tbody>\n<tr>\n<td>% de Salmonellas:<\/td>\n<td style=\"text-align: center\">Aus\u00eancia em 25g de prepara\u00e7\u00e3o<\/td>\n<\/tr>\n<tr>\n<td>Aus\u00eancia em 25g de prepara\u00e7\u00e3o Coliformes:<\/td>\n<td style=\"text-align: center\">&lt; 30 \/ g de prepara\u00e7\u00e3o<\/td>\n<\/tr>\n<tr>\n<td>Escherichia coli:<\/td>\n<td style=\"text-align: center\">Aus\u00eancia em 25g de prepara\u00e7\u00e3o<\/td>\n<\/tr>\n<tr>\n<td>Total de germes:<\/td>\n<td style=\"text-align: center\">&lt; 5 x 10<span class=\"decale\"><sup>4<\/sup><\/span> \/g<\/td>\n<\/tr>\n<tr>\n<td>Subst\u00e2ncias antibi\u00f3ticas inibidoras:<\/td>\n<td style=\"text-align: center\">Negativo<\/td>\n<\/tr>\n<\/tbody>\n<\/table>\n<\/div>\n<div id=\"tab_embalagem-e-garantia\" class=\"panel entry-content\" role=\"tabpanel\" aria-labelledby=\"tab-embalagem-e-garantia\">\n<h4><strong>Armazenamento<\/strong><\/h4>\n<p>Caixas de 50 caixas de seguran\u00e7a de 100g (peso l\u00edquido da caixa completa: 5 kg).<br \/>\nCaixas de 10 caixas de seguran\u00e7a de 500g (peso l\u00edquido da caixa completa: 5 kg).<\/p>\n<h4><strong>Garantia<\/strong><\/h4>\n<p><b>Esta prepara\u00e7\u00e3o pectol\u00edtica \u00e9 feita a partir de um microrganismo n\u00e3o geneticamente modificado.<\/b><\/p>\n<p>A Fermentis garante um armazenamento ideal deste produto durante tr\u00eas anos em sua embalagem original, armazenado a uma temperatura m\u00e1xima de 20\u00b0C, longe da umidade e de produtos odor\u00edferos.<br \/>\nA Fermentis garante que o produto est\u00e1 em conformidade com o Codex Enol\u00f3gico Internacional at\u00e9 a Data de Validade nas condi\u00e7\u00f5es de armazenamento mencionadas acima.<\/p>\n<p>A qualidade das enzimas Fermentis \u00e9 garantida pelo know-how da empresa Soufflet Biotechnologies.<\/p>\n<\/div><\/div><\/div>\n\t<div id=\"gap-1163195839\" class=\"gap-element clearfix\" style=\"display:block; height:auto;\">\n\t\t\n<style>\n#gap-1163195839 {\n  padding-top: 30px;\n}\n<\/style>\n\t<\/div>\n\t\n<p><em>Os dados contidos nesta ficha t\u00e9cnica s\u00e3o a transcri\u00e7\u00e3o exata do nosso conhecimento do produto na data mencionada. Eles s\u00e3o propriedade exclusiva da Fermentis-Division da S.I.Lesaffre. \u00c9 de responsabilidade do usu\u00e1rio garantir que o uso deste produto espec\u00edfico esteja em conformidade com a legisla\u00e7\u00e3o.<\/em><\/p>\n","protected":false},"excerpt":{"rendered":"<p>Prepara\u00e7\u00e3o enzim\u00e1tica permitindo a extra\u00e7\u00e3o de cor e estabiliza\u00e7\u00e3o<\/p>\n","protected":false},"featured_media":44257,"comment_status":"closed","ping_status":"closed","template":"","meta":{"_acf_changed":false},"product_brand":[],"product_cat":[2671,2783,2557],"product_tag":[2784,2785,2786,2787,2788],"class_list":{"0":"post-44233","1":"product","2":"type-product","3":"status-publish","4":"has-post-thumbnail","6":"product_cat-enzymes-pt-br","7":"product_cat-safizym-col-plus-pt-br-2","8":"product_cat-wine-making-pt-br","9":"product_tag-col-plus-pt-br","10":"product_tag-colplus-pt-br","11":"product_tag-safizym-col-plus-pt-br","12":"product_tag-safizym-colplus-pt-br","13":"product_tag-safizymcolplus-pt-br","15":"first","16":"instock","17":"shipping-taxable","18":"product-type-simple"},"acf":[],"yoast_head":"<!-- This site is optimized with the Yoast SEO Premium plugin v27.4 (Yoast SEO v27.4) - https:\/\/yoast.com\/product\/yoast-seo-premium-wordpress\/ -->\n<title>Enzima Safizym Col Plus para extra\u00e7\u00e3o de cor - Fermentis<\/title>\n<meta name=\"description\" content=\"A enzima Fermentis Safizym Col Plus \u00e9 ideal para extra\u00e7\u00e3o de cor e estabiliza\u00e7\u00e3o de vinhos tintos, ros\u00e9s e brancos. Crie seu pr\u00f3prio vinho com nosso aplicativo!\" \/>\n<meta name=\"robots\" content=\"index, follow, max-snippet:-1, max-image-preview:large, max-video-preview:-1\" \/>\n<link rel=\"canonical\" href=\"https:\/\/fermentis.com\/pt-br\/produto\/safizym-col-plus\/\" \/>\n<meta property=\"og:locale\" content=\"pt_BR\" \/>\n<meta property=\"og:type\" content=\"article\" \/>\n<meta property=\"og:title\" content=\"Safizym\u00ae Col&nbsp; Mais\" \/>\n<meta property=\"og:description\" content=\"A enzima Fermentis Safizym Col Plus \u00e9 ideal para extra\u00e7\u00e3o de cor e estabiliza\u00e7\u00e3o de vinhos tintos, ros\u00e9s e brancos. Crie seu pr\u00f3prio vinho com nosso aplicativo!\" \/>\n<meta property=\"og:url\" content=\"https:\/\/fermentis.com\/pt-br\/produto\/safizym-col-plus\/\" \/>\n<meta property=\"og:site_name\" content=\"Fermentis\" \/>\n<meta property=\"article:publisher\" content=\"https:\/\/www.facebook.com\/Fermentis\" \/>\n<meta property=\"article:modified_time\" content=\"2026-04-20T18:10:05+00:00\" \/>\n<meta property=\"og:image\" content=\"https:\/\/fermentis.com\/wp-content\/uploads\/2020\/05\/safizym-col-plus.jpg\" \/>\n\t<meta property=\"og:image:width\" content=\"1200\" \/>\n\t<meta property=\"og:image:height\" content=\"1200\" \/>\n\t<meta property=\"og:image:type\" content=\"image\/jpeg\" \/>\n<meta name=\"twitter:card\" content=\"summary_large_image\" \/>\n<meta name=\"twitter:site\" content=\"@fermentis\" \/>\n<meta name=\"twitter:label1\" content=\"Pre\u00e7o\" \/>\n\t<meta name=\"twitter:data1\" content=\"\" \/>\n\t<meta name=\"twitter:label2\" content=\"Disponibilidade\" \/>\n\t<meta name=\"twitter:data2\" content=\"Em Estoque\" \/>\n<script type=\"application\/ld+json\" class=\"yoast-schema-graph\">{\"@context\":\"https:\\\/\\\/schema.org\",\"@graph\":[{\"@type\":\"WebPage\",\"@id\":\"https:\\\/\\\/fermentis.com\\\/pt-br\\\/produto\\\/safizym-col-plus\\\/\",\"url\":\"https:\\\/\\\/fermentis.com\\\/pt-br\\\/produto\\\/safizym-col-plus\\\/\",\"name\":\"Enzima Safizym Col Plus para extra\u00e7\u00e3o de cor - Fermentis\",\"isPartOf\":{\"@id\":\"https:\\\/\\\/fermentis.com\\\/pt-br\\\/#website\"},\"primaryImageOfPage\":{\"@id\":\"https:\\\/\\\/fermentis.com\\\/pt-br\\\/produto\\\/safizym-col-plus\\\/#primaryimage\"},\"image\":{\"@id\":\"https:\\\/\\\/fermentis.com\\\/pt-br\\\/produto\\\/safizym-col-plus\\\/#primaryimage\"},\"thumbnailUrl\":\"https:\\\/\\\/fermentis.com\\\/wp-content\\\/uploads\\\/2020\\\/05\\\/safizym-col-plus.jpg\",\"datePublished\":\"2020-05-03T22:00:00+00:00\",\"dateModified\":\"2026-04-20T18:10:05+00:00\",\"description\":\"A enzima Fermentis Safizym Col Plus \u00e9 ideal para extra\u00e7\u00e3o de cor e estabiliza\u00e7\u00e3o de vinhos tintos, ros\u00e9s e brancos. Crie seu pr\u00f3prio vinho com nosso aplicativo!\",\"breadcrumb\":{\"@id\":\"https:\\\/\\\/fermentis.com\\\/pt-br\\\/produto\\\/safizym-col-plus\\\/#breadcrumb\"},\"inLanguage\":\"pt-BR\",\"potentialAction\":[{\"@type\":\"ReadAction\",\"target\":[\"https:\\\/\\\/fermentis.com\\\/pt-br\\\/produto\\\/safizym-col-plus\\\/\"]}]},{\"@type\":\"ImageObject\",\"inLanguage\":\"pt-BR\",\"@id\":\"https:\\\/\\\/fermentis.com\\\/pt-br\\\/produto\\\/safizym-col-plus\\\/#primaryimage\",\"url\":\"https:\\\/\\\/fermentis.com\\\/wp-content\\\/uploads\\\/2020\\\/05\\\/safizym-col-plus.jpg\",\"contentUrl\":\"https:\\\/\\\/fermentis.com\\\/wp-content\\\/uploads\\\/2020\\\/05\\\/safizym-col-plus.jpg\",\"width\":1200,\"height\":1200},{\"@type\":\"BreadcrumbList\",\"@id\":\"https:\\\/\\\/fermentis.com\\\/pt-br\\\/produto\\\/safizym-col-plus\\\/#breadcrumb\",\"itemListElement\":[{\"@type\":\"ListItem\",\"position\":1,\"name\":\"Home\",\"item\":\"https:\\\/\\\/fermentis.com\\\/pt-br\\\/\"},{\"@type\":\"ListItem\",\"position\":2,\"name\":\"Produtos\"},{\"@type\":\"ListItem\",\"position\":3,\"name\":\"Wine making\",\"item\":\"https:\\\/\\\/fermentis.com\\\/pt-br\\\/fermentation\\\/wine-making-pt-br\\\/\"},{\"@type\":\"ListItem\",\"position\":4,\"name\":\"Enzymes\",\"item\":\"https:\\\/\\\/fermentis.com\\\/pt-br\\\/fermentation\\\/wine-making-pt-br\\\/enzymes-pt-br\\\/\"},{\"@type\":\"ListItem\",\"position\":5,\"name\":\"Safizym\u00ae Col&nbsp; Mais\"}]},{\"@type\":\"WebSite\",\"@id\":\"https:\\\/\\\/fermentis.com\\\/pt-br\\\/#website\",\"url\":\"https:\\\/\\\/fermentis.com\\\/pt-br\\\/\",\"name\":\"Fermentis\",\"description\":\"Un site utilisant WordPress\",\"publisher\":{\"@id\":\"https:\\\/\\\/fermentis.com\\\/pt-br\\\/#organization\"},\"potentialAction\":[{\"@type\":\"SearchAction\",\"target\":{\"@type\":\"EntryPoint\",\"urlTemplate\":\"https:\\\/\\\/fermentis.com\\\/pt-br\\\/?s={search_term_string}\"},\"query-input\":{\"@type\":\"PropertyValueSpecification\",\"valueRequired\":true,\"valueName\":\"search_term_string\"}}],\"inLanguage\":\"pt-BR\"},{\"@type\":\"Organization\",\"@id\":\"https:\\\/\\\/fermentis.com\\\/pt-br\\\/#organization\",\"name\":\"Fermentis\",\"url\":\"https:\\\/\\\/fermentis.com\\\/pt-br\\\/\",\"logo\":{\"@type\":\"ImageObject\",\"inLanguage\":\"pt-BR\",\"@id\":\"https:\\\/\\\/fermentis.com\\\/pt-br\\\/#\\\/schema\\\/logo\\\/image\\\/\",\"url\":\"https:\\\/\\\/fermentis.com\\\/wp-content\\\/uploads\\\/2021\\\/07\\\/Logo-Fermentis-5.png\",\"contentUrl\":\"https:\\\/\\\/fermentis.com\\\/wp-content\\\/uploads\\\/2021\\\/07\\\/Logo-Fermentis-5.png\",\"width\":308,\"height\":95,\"caption\":\"Fermentis\"},\"image\":{\"@id\":\"https:\\\/\\\/fermentis.com\\\/pt-br\\\/#\\\/schema\\\/logo\\\/image\\\/\"},\"sameAs\":[\"https:\\\/\\\/www.facebook.com\\\/Fermentis\",\"https:\\\/\\\/x.com\\\/fermentis\",\"https:\\\/\\\/www.instagram.com\\\/fermentisbylesaffre\\\/\",\"https:\\\/\\\/www.linkedin.com\\\/company\\\/fermentis\\\/\",\"https:\\\/\\\/www.youtube.com\\\/channel\\\/UCt_Lp3IZnUNXZeqSi6iiAdA\"]}]}<\/script>\n<meta property=\"product:price:currency\" content=\"GBP\" \/>\n<meta property=\"og:availability\" content=\"instock\" \/>\n<meta property=\"product:availability\" content=\"instock\" \/>\n<meta property=\"product:condition\" content=\"new\" \/>\n<!-- \/ Yoast SEO Premium plugin. -->","yoast_head_json":{"title":"Enzima Safizym Col Plus para extra\u00e7\u00e3o de cor - Fermentis","description":"A enzima Fermentis Safizym Col Plus \u00e9 ideal para extra\u00e7\u00e3o de cor e estabiliza\u00e7\u00e3o de vinhos tintos, ros\u00e9s e brancos. Crie seu pr\u00f3prio vinho com nosso aplicativo!","robots":{"index":"index","follow":"follow","max-snippet":"max-snippet:-1","max-image-preview":"max-image-preview:large","max-video-preview":"max-video-preview:-1"},"canonical":"https:\/\/fermentis.com\/pt-br\/produto\/safizym-col-plus\/","og_locale":"pt_BR","og_type":"article","og_title":"Safizym\u00ae Col&nbsp; Mais","og_description":"A enzima Fermentis Safizym Col Plus \u00e9 ideal para extra\u00e7\u00e3o de cor e estabiliza\u00e7\u00e3o de vinhos tintos, ros\u00e9s e brancos. Crie seu pr\u00f3prio vinho com nosso aplicativo!","og_url":"https:\/\/fermentis.com\/pt-br\/produto\/safizym-col-plus\/","og_site_name":"Fermentis","article_publisher":"https:\/\/www.facebook.com\/Fermentis","article_modified_time":"2026-04-20T18:10:05+00:00","og_image":[{"width":1200,"height":1200,"url":"https:\/\/fermentis.com\/wp-content\/uploads\/2020\/05\/safizym-col-plus.jpg","type":"image\/jpeg"}],"twitter_card":"summary_large_image","twitter_site":"@fermentis","twitter_misc":{"Pre\u00e7o":"","Disponibilidade":"Em Estoque"},"schema":{"@context":"https:\/\/schema.org","@graph":[{"@type":"WebPage","@id":"https:\/\/fermentis.com\/pt-br\/produto\/safizym-col-plus\/","url":"https:\/\/fermentis.com\/pt-br\/produto\/safizym-col-plus\/","name":"Enzima Safizym Col Plus para extra\u00e7\u00e3o de cor - Fermentis","isPartOf":{"@id":"https:\/\/fermentis.com\/pt-br\/#website"},"primaryImageOfPage":{"@id":"https:\/\/fermentis.com\/pt-br\/produto\/safizym-col-plus\/#primaryimage"},"image":{"@id":"https:\/\/fermentis.com\/pt-br\/produto\/safizym-col-plus\/#primaryimage"},"thumbnailUrl":"https:\/\/fermentis.com\/wp-content\/uploads\/2020\/05\/safizym-col-plus.jpg","datePublished":"2020-05-03T22:00:00+00:00","dateModified":"2026-04-20T18:10:05+00:00","description":"A enzima Fermentis Safizym Col Plus \u00e9 ideal para extra\u00e7\u00e3o de cor e estabiliza\u00e7\u00e3o de vinhos tintos, ros\u00e9s e brancos. Crie seu pr\u00f3prio vinho com nosso aplicativo!","breadcrumb":{"@id":"https:\/\/fermentis.com\/pt-br\/produto\/safizym-col-plus\/#breadcrumb"},"inLanguage":"pt-BR","potentialAction":[{"@type":"ReadAction","target":["https:\/\/fermentis.com\/pt-br\/produto\/safizym-col-plus\/"]}]},{"@type":"ImageObject","inLanguage":"pt-BR","@id":"https:\/\/fermentis.com\/pt-br\/produto\/safizym-col-plus\/#primaryimage","url":"https:\/\/fermentis.com\/wp-content\/uploads\/2020\/05\/safizym-col-plus.jpg","contentUrl":"https:\/\/fermentis.com\/wp-content\/uploads\/2020\/05\/safizym-col-plus.jpg","width":1200,"height":1200},{"@type":"BreadcrumbList","@id":"https:\/\/fermentis.com\/pt-br\/produto\/safizym-col-plus\/#breadcrumb","itemListElement":[{"@type":"ListItem","position":1,"name":"Home","item":"https:\/\/fermentis.com\/pt-br\/"},{"@type":"ListItem","position":2,"name":"Produtos"},{"@type":"ListItem","position":3,"name":"Wine making","item":"https:\/\/fermentis.com\/pt-br\/fermentation\/wine-making-pt-br\/"},{"@type":"ListItem","position":4,"name":"Enzymes","item":"https:\/\/fermentis.com\/pt-br\/fermentation\/wine-making-pt-br\/enzymes-pt-br\/"},{"@type":"ListItem","position":5,"name":"Safizym\u00ae Col&nbsp; Mais"}]},{"@type":"WebSite","@id":"https:\/\/fermentis.com\/pt-br\/#website","url":"https:\/\/fermentis.com\/pt-br\/","name":"Fermentis","description":"Un site utilisant WordPress","publisher":{"@id":"https:\/\/fermentis.com\/pt-br\/#organization"},"potentialAction":[{"@type":"SearchAction","target":{"@type":"EntryPoint","urlTemplate":"https:\/\/fermentis.com\/pt-br\/?s={search_term_string}"},"query-input":{"@type":"PropertyValueSpecification","valueRequired":true,"valueName":"search_term_string"}}],"inLanguage":"pt-BR"},{"@type":"Organization","@id":"https:\/\/fermentis.com\/pt-br\/#organization","name":"Fermentis","url":"https:\/\/fermentis.com\/pt-br\/","logo":{"@type":"ImageObject","inLanguage":"pt-BR","@id":"https:\/\/fermentis.com\/pt-br\/#\/schema\/logo\/image\/","url":"https:\/\/fermentis.com\/wp-content\/uploads\/2021\/07\/Logo-Fermentis-5.png","contentUrl":"https:\/\/fermentis.com\/wp-content\/uploads\/2021\/07\/Logo-Fermentis-5.png","width":308,"height":95,"caption":"Fermentis"},"image":{"@id":"https:\/\/fermentis.com\/pt-br\/#\/schema\/logo\/image\/"},"sameAs":["https:\/\/www.facebook.com\/Fermentis","https:\/\/x.com\/fermentis","https:\/\/www.instagram.com\/fermentisbylesaffre\/","https:\/\/www.linkedin.com\/company\/fermentis\/","https:\/\/www.youtube.com\/channel\/UCt_Lp3IZnUNXZeqSi6iiAdA"]}]},"product_price_currency":"GBP","og_availability":"instock","product_availability":"instock","product_condition":"new"},"_links":{"self":[{"href":"https:\/\/fermentis.com\/pt-br\/wp-json\/wp\/v2\/product\/44233","targetHints":{"allow":["GET"]}}],"collection":[{"href":"https:\/\/fermentis.com\/pt-br\/wp-json\/wp\/v2\/product"}],"about":[{"href":"https:\/\/fermentis.com\/pt-br\/wp-json\/wp\/v2\/types\/product"}],"replies":[{"embeddable":true,"href":"https:\/\/fermentis.com\/pt-br\/wp-json\/wp\/v2\/comments?post=44233"}],"wp:featuredmedia":[{"embeddable":true,"href":"https:\/\/fermentis.com\/pt-br\/wp-json\/wp\/v2\/media\/44257"}],"wp:attachment":[{"href":"https:\/\/fermentis.com\/pt-br\/wp-json\/wp\/v2\/media?parent=44233"}],"wp:term":[{"taxonomy":"product_brand","embeddable":true,"href":"https:\/\/fermentis.com\/pt-br\/wp-json\/wp\/v2\/product_brand?post=44233"},{"taxonomy":"product_cat","embeddable":true,"href":"https:\/\/fermentis.com\/pt-br\/wp-json\/wp\/v2\/product_cat?post=44233"},{"taxonomy":"product_tag","embeddable":true,"href":"https:\/\/fermentis.com\/pt-br\/wp-json\/wp\/v2\/product_tag?post=44233"}],"curies":[{"name":"wp","href":"https:\/\/api.w.org\/{rel}","templated":true}]}}