{"id":44239,"date":"2019-06-08T15:11:29","date_gmt":"2019-06-08T13:11:29","guid":{"rendered":"https:\/\/fermentis.com\/product\/safsour-lb-1\/"},"modified":"2025-05-19T14:45:35","modified_gmt":"2025-05-19T12:45:35","slug":"safsour-lb-1","status":"publish","type":"product","link":"https:\/\/fermentis.com\/pt-br\/produto\/safsour-lb-1\/","title":{"rendered":"SafSour\u2122 LB&nbsp;1"},"content":{"rendered":"<div class=\"container section-title-container\" ><h2 class=\"section-title section-title-center\"><b aria-hidden=\"true\"><\/b><span class=\"section-title-main\" style=\"font-size:115%;\">Uma bact\u00e9ria azeda que respeita a express\u00e3o do sabor da levedura<\/span><b aria-hidden=\"true\"><\/b><\/h2><\/div>\n<p>SafSour LB 1\u2122 \u00e9 uma <strong>bact\u00e9ria heterofermentativa do \u00e1cido l\u00e1ctico<\/strong>. Foi selecionado pela Fermentis especificamente por sua capacidade de fornecer uma acidez precisa relacionada \u00e0 produ\u00e7\u00e3o combinada de \u00e1cidos l\u00e1tico e ac\u00e9tico. O SafSour LB 1\u2122 tamb\u00e9m revela um perfil arom\u00e1tico neutro, respeitando a assinatura arom\u00e1tica da levedura no produto final. <strong>Recomendamos para produzir Gose, Berliner Weisse e muitas outras cervejas \u00e1cidas equilibradas.<\/strong><\/p>\n<p><strong>Ingredientes<\/strong>: bact\u00e9rias (Levilactobacillus brevis); maltodextrina como transportador.<\/p>\n\t<div id=\"gap-1951670844\" class=\"gap-element clearfix\" style=\"display:block; height:auto;\">\n\t\t\n<style>\n#gap-1951670844 {\n  padding-top: 30px;\n}\n<\/style>\n\t<\/div>\n\t\n<div class=\"container section-title-container\" ><h3 class=\"section-title section-title-center\"><b aria-hidden=\"true\"><\/b><span class=\"section-title-main\" style=\"font-size:115%;\">Caracter\u00edsticas sensoriais do SafSour LB 1\u2122<\/span><b aria-hidden=\"true\"><\/b><\/h3><\/div>\n<p>SafSour LB 1\u2122 revela um perfil arom\u00e1tico neutro, respeitando a assinatura arom\u00e1tica da levedura no produto final.<\/p>\n\t<div id=\"gap-517276441\" class=\"gap-element clearfix\" style=\"display:block; height:auto;\">\n\t\t\n<style>\n#gap-517276441 {\n  padding-top: 30px;\n}\n<\/style>\n\t<\/div>\n\t\n<div class=\"container section-title-container\" ><h3 class=\"section-title section-title-center\"><b aria-hidden=\"true\"><\/b><span class=\"section-title-main\" style=\"font-size:115%;\">Caracter\u00edsticas t\u00e9cnicas do SafSour LB 1\u2122<\/span><b aria-hidden=\"true\"><\/b><\/h3><\/div>\n\n\t\t<div class=\"tabbed-content\">\n\t\t\t\n\t\t\t<ul class=\"nav nav-tabs nav-uppercase nav-size-normal nav-left\" role=\"tablist\"><li id=\"tab-dosagem-e-uso\" class=\"tab active has-icon\" role=\"presentation\"><a href=\"#tab_dosagem-e-uso\" role=\"tab\" aria-selected=\"true\" aria-controls=\"tab_dosagem-e-uso\"><span>Dosagem e uso<\/span><\/a><\/li>\n<li id=\"tab-propriedades\" class=\"tab has-icon\" role=\"presentation\"><a href=\"#tab_propriedades\" tabindex=\"-1\" role=\"tab\" aria-selected=\"false\" aria-controls=\"tab_propriedades\"><span>Propriedades<\/span><\/a><\/li>\n<li id=\"tab-an\u00e1lise-microbiana\" class=\"tab has-icon\" role=\"presentation\"><a href=\"#tab_an\u00e1lise-microbiana\" tabindex=\"-1\" role=\"tab\" aria-selected=\"false\" aria-controls=\"tab_an\u00e1lise-microbiana\"><span>An\u00e1lise microbiana<\/span><\/a><\/li>\n<li id=\"tab-armazenamento-e-prazo-de-validade\" class=\"tab has-icon\" role=\"presentation\"><a href=\"#tab_armazenamento-e-prazo-de-validade\" tabindex=\"-1\" role=\"tab\" aria-selected=\"false\" aria-controls=\"tab_armazenamento-e-prazo-de-validade\"><span>Armazenamento e prazo de validade<\/span><\/a><\/li><\/ul><div class=\"tab-panels\"><div id=\"tab_dosagem-e-uso\" class=\"panel active entry-content\" role=\"tabpanel\" aria-labelledby=\"tab-dosagem-e-uso\">\n<p><strong>Dosagem<\/strong>:<br \/>\nA taxa de dosagem ideal \u00e9 de 10 g\/hL<\/p>\n<p><strong>Uso<\/strong>:<br \/>\nRecomenda-se adicionar diretamente no mosto n\u00e3o lupulado \u00e0 temperatura de 32\u00b0C (+\/- 5\u00b0C).<\/p>\n<\/div>\n<div id=\"tab_propriedades\" class=\"panel entry-content\" role=\"tabpanel\" aria-labelledby=\"tab-propriedades\">\n<ul>\n<li>SafSour LB 1\u2122 acidifica o mosto <strong>sem l\u00fapulo<\/strong> dentro de <strong>30h \u2013 48h<\/strong> a uma temperatura de 32\u00b0C (+\/- 5\u00b0C).<\/li>\n<li>SafSour LB 1\u2122 como bact\u00e9ria heterofermentativa do \u00e1cido l\u00e1ctico, produz \u00e1cido l\u00e1ctico e \u00e1cido ac\u00e9tico.<\/li>\n<li>SafSour LB 1\u2122 apresenta uma <strong>baixa toler\u00e2ncia<\/strong> aos \u00e1cidos iso alfa (metade do crescimento do SafSour LB 1\u2122 \u00e9 inibido, IC<sub>50<\/sub> de 10 ppm).<\/li>\n<li>O SafSour LB 1\u2122 atinge um <strong>pH final de 3,6 \u2013 3,9<\/strong> normalmente.<\/li>\n<\/ul>\n<\/div>\n<div id=\"tab_an\u00e1lise-microbiana\" class=\"panel entry-content\" role=\"tabpanel\" aria-labelledby=\"tab-an\u00e1lise-microbiana\">\n<ul>\n<li>Mat\u00e9ria seca: &gt; 90%<\/li>\n<li>C\u00e9lulas vi\u00e1veis na embalagem: &gt; 1,5&#215;10<sup>11<\/sup> ufc\/g<\/li>\n<li>Bact\u00e9rias do \u00e1cido ac\u00e9tico: &lt; 1000 cfu\/g<\/li>\n<li>Coliformes: &lt; 100 cfu\/g<\/li>\n<li>Levedura: &lt; 1000 cfu\/g<\/li>\n<li>Molde: &lt; 1000 cfu\/g<\/li>\n<\/ul>\n<\/div>\n<div id=\"tab_armazenamento-e-prazo-de-validade\" class=\"panel entry-content\" role=\"tabpanel\" aria-labelledby=\"tab-armazenamento-e-prazo-de-validade\">\n<p><strong>Armazenamento:<\/strong><\/p>\n<p>O produto pode ser transportado em temperatura ambiente, idealmente n\u00e3o superior a 30\u00b0C, por per\u00edodos prolongados, ou seja, no m\u00e1ximo 14 dias. Picos de at\u00e9 40\u00b0C s\u00e3o permitidos.<br \/>\nDeve ser armazenado em <strong>condi\u00e7\u00f5es frescas e secas<\/strong> (&lt; 4\u00b0C\/39.2\u00b0F)<\/p>\n<p><strong>Prazo de Validade:<\/strong><\/p>\n<p>Melhor se usado dentro de 36 meses ap\u00f3s a data de produ\u00e7\u00e3o quando armazenado em <strong>temperaturas frias<\/strong> (&lt; 4\u00b0C\/39.2\u00b0F). Consulte a embalagem para saber a \u201cData de validade\u201d. N\u00e3o use sach\u00eas macios ou danificados.<\/p>\n<p><strong>Seguran\u00e7a:<\/strong><\/p>\n<p>O SafSour LB 1\u2122 \u00e9 sens\u00edvel a todos os antibi\u00f3ticos clinicamente relevantes e n\u00e3o apresenta risco de difus\u00e3o de genes de resist\u00eancia a antibi\u00f3ticos.<br \/>\nLivre de aminas biog\u00eanicas.<\/p>\n<\/div><\/div><\/div>\n\t<div id=\"gap-556582954\" class=\"gap-element clearfix\" style=\"display:block; height:auto;\">\n\t\t\n<style>\n#gap-556582954 {\n  padding-top: 30px;\n}\n<\/style>\n\t<\/div>\n\t\n<p><em>As leveduras secas para cerveja Fermentis s\u00e3o bem conhecidas por sua capacidade de produzir uma grande variedade de estilos de cerveja. Para comparar nossas cepas, realizamos testes de fermenta\u00e7\u00e3o em condi\u00e7\u00f5es de laborat\u00f3rio com um mosto padr\u00e3o para todas as cepas e condi\u00e7\u00f5es de temperatura padr\u00e3o (SafLager\u2122: 12\u00b0C por 48h e depois 14\u00b0C \/ SafAle\u2122: 20\u00b0C). N\u00f3s focamos nos seguintes par\u00e2metros: Produ\u00e7\u00e3o de \u00e1lcool, a\u00e7\u00facares residuais, flocula\u00e7\u00e3o e cin\u00e9tica de fermenta\u00e7\u00e3o. Dado o impacto da levedura na qualidade da cerveja final, \u00e9 recomend\u00e1vel respeitar as instru\u00e7\u00f5es de fermenta\u00e7\u00e3o recomendadas. Recomendamos fortemente que os usu\u00e1rios fa\u00e7am testes de fermenta\u00e7\u00e3o antes de qualquer uso comercial de nossos produtos.<\/em><\/p>\n","protected":false},"excerpt":{"rendered":"<p>Uma bact\u00e9ria azeda que respeita a express\u00e3o do sabor da levedura<\/p>\n","protected":false},"featured_media":200918,"comment_status":"closed","ping_status":"closed","template":"","meta":{"_acf_changed":false},"product_brand":[],"product_cat":[2778,2779,1486],"product_tag":[2796,2797],"class_list":{"0":"post-44239","1":"product","2":"type-product","3":"status-publish","4":"has-post-thumbnail","6":"product_cat-bacteria-pt-br","7":"product_cat-safsour-pt-br-2","8":"product_cat-beer-brewing-solutions-pt-br","9":"product_tag-lb-1-pt-br","10":"product_tag-lb1-pt-br","12":"first","13":"instock","14":"shipping-taxable","15":"product-type-simple"},"acf":[],"yoast_head":"<!-- This site is optimized with the Yoast SEO Premium plugin v27.4 (Yoast SEO v27.4) - https:\/\/yoast.com\/product\/yoast-seo-premium-wordpress\/ -->\n<title>SafSour LB 1 \u2122 - Bact\u00e9rias para cervejas \u00e1cidas - Fermentis<\/title>\n<meta name=\"description\" content=\"Fermentis SafSour LB 1\u2122 bact\u00e9ria que respeita a express\u00e3o do sabor da levedura, para criar cervejas \u00e1cidas equilibradas, como o estilo Gose e muito mais.\" \/>\n<meta name=\"robots\" content=\"index, follow, max-snippet:-1, max-image-preview:large, max-video-preview:-1\" \/>\n<link rel=\"canonical\" href=\"https:\/\/fermentis.com\/pt-br\/produto\/safsour-lb-1\/\" \/>\n<meta property=\"og:locale\" content=\"pt_BR\" \/>\n<meta property=\"og:type\" content=\"article\" \/>\n<meta property=\"og:title\" content=\"SafSour\u2122 LB&nbsp;1\" \/>\n<meta property=\"og:description\" content=\"Fermentis SafSour LB 1\u2122 bact\u00e9ria que respeita a express\u00e3o do sabor da levedura, para criar cervejas \u00e1cidas equilibradas, como o estilo Gose e muito mais.\" \/>\n<meta property=\"og:url\" content=\"https:\/\/fermentis.com\/pt-br\/produto\/safsour-lb-1\/\" \/>\n<meta property=\"og:site_name\" content=\"Fermentis\" \/>\n<meta property=\"article:publisher\" content=\"https:\/\/www.facebook.com\/Fermentis\" \/>\n<meta property=\"article:modified_time\" content=\"2025-05-19T12:45:35+00:00\" \/>\n<meta property=\"og:image\" content=\"https:\/\/fermentis.com\/wp-content\/uploads\/2020\/10\/saf-sour-lb1.jpg\" \/>\n\t<meta property=\"og:image:width\" content=\"1200\" \/>\n\t<meta property=\"og:image:height\" content=\"1200\" \/>\n\t<meta property=\"og:image:type\" content=\"image\/jpeg\" \/>\n<meta name=\"twitter:card\" content=\"summary_large_image\" \/>\n<meta name=\"twitter:site\" content=\"@fermentis\" \/>\n<meta name=\"twitter:label1\" content=\"Pre\u00e7o\" \/>\n\t<meta name=\"twitter:data1\" content=\"\" \/>\n\t<meta name=\"twitter:label2\" content=\"Disponibilidade\" \/>\n\t<meta name=\"twitter:data2\" content=\"Em Estoque\" \/>\n<script type=\"application\/ld+json\" class=\"yoast-schema-graph\">{\"@context\":\"https:\\\/\\\/schema.org\",\"@graph\":[{\"@type\":\"WebPage\",\"@id\":\"https:\\\/\\\/fermentis.com\\\/pt-br\\\/produto\\\/safsour-lb-1\\\/\",\"url\":\"https:\\\/\\\/fermentis.com\\\/pt-br\\\/produto\\\/safsour-lb-1\\\/\",\"name\":\"SafSour LB 1 \u2122 - Bact\u00e9rias para cervejas \u00e1cidas - Fermentis\",\"isPartOf\":{\"@id\":\"https:\\\/\\\/fermentis.com\\\/pt-br\\\/#website\"},\"primaryImageOfPage\":{\"@id\":\"https:\\\/\\\/fermentis.com\\\/pt-br\\\/produto\\\/safsour-lb-1\\\/#primaryimage\"},\"image\":{\"@id\":\"https:\\\/\\\/fermentis.com\\\/pt-br\\\/produto\\\/safsour-lb-1\\\/#primaryimage\"},\"thumbnailUrl\":\"https:\\\/\\\/fermentis.com\\\/wp-content\\\/uploads\\\/2020\\\/10\\\/saf-sour-lb1.jpg\",\"datePublished\":\"2019-06-08T13:11:29+00:00\",\"dateModified\":\"2025-05-19T12:45:35+00:00\",\"description\":\"Fermentis SafSour LB 1\u2122 bact\u00e9ria que respeita a express\u00e3o do sabor da levedura, para criar cervejas \u00e1cidas equilibradas, como o estilo Gose e muito mais.\",\"breadcrumb\":{\"@id\":\"https:\\\/\\\/fermentis.com\\\/pt-br\\\/produto\\\/safsour-lb-1\\\/#breadcrumb\"},\"inLanguage\":\"pt-BR\",\"potentialAction\":[{\"@type\":\"ReadAction\",\"target\":[\"https:\\\/\\\/fermentis.com\\\/pt-br\\\/produto\\\/safsour-lb-1\\\/\"]}]},{\"@type\":\"ImageObject\",\"inLanguage\":\"pt-BR\",\"@id\":\"https:\\\/\\\/fermentis.com\\\/pt-br\\\/produto\\\/safsour-lb-1\\\/#primaryimage\",\"url\":\"https:\\\/\\\/fermentis.com\\\/wp-content\\\/uploads\\\/2020\\\/10\\\/saf-sour-lb1.jpg\",\"contentUrl\":\"https:\\\/\\\/fermentis.com\\\/wp-content\\\/uploads\\\/2020\\\/10\\\/saf-sour-lb1.jpg\",\"width\":1200,\"height\":1200},{\"@type\":\"BreadcrumbList\",\"@id\":\"https:\\\/\\\/fermentis.com\\\/pt-br\\\/produto\\\/safsour-lb-1\\\/#breadcrumb\",\"itemListElement\":[{\"@type\":\"ListItem\",\"position\":1,\"name\":\"Home\",\"item\":\"https:\\\/\\\/fermentis.com\\\/pt-br\\\/\"},{\"@type\":\"ListItem\",\"position\":2,\"name\":\"Produtos\"},{\"@type\":\"ListItem\",\"position\":3,\"name\":\"Solu\u00e7\u00f5es para cerveja e cervejaria\",\"item\":\"https:\\\/\\\/fermentis.com\\\/pt-br\\\/fermentation\\\/beer-brewing-solutions-pt-br\\\/\"},{\"@type\":\"ListItem\",\"position\":4,\"name\":\"Bact\u00e9rias\",\"item\":\"https:\\\/\\\/fermentis.com\\\/pt-br\\\/fermentation\\\/beer-brewing-solutions-pt-br\\\/bacteria-pt-br\\\/\"},{\"@type\":\"ListItem\",\"position\":5,\"name\":\"SafSour\u2122\",\"item\":\"https:\\\/\\\/fermentis.com\\\/pt-br\\\/fermentation\\\/beer-brewing-solutions-pt-br\\\/bacteria-pt-br\\\/safsour-pt-br-2\\\/\"},{\"@type\":\"ListItem\",\"position\":6,\"name\":\"SafSour\u2122 LB&nbsp;1\"}]},{\"@type\":\"WebSite\",\"@id\":\"https:\\\/\\\/fermentis.com\\\/pt-br\\\/#website\",\"url\":\"https:\\\/\\\/fermentis.com\\\/pt-br\\\/\",\"name\":\"Fermentis\",\"description\":\"Un site utilisant WordPress\",\"publisher\":{\"@id\":\"https:\\\/\\\/fermentis.com\\\/pt-br\\\/#organization\"},\"potentialAction\":[{\"@type\":\"SearchAction\",\"target\":{\"@type\":\"EntryPoint\",\"urlTemplate\":\"https:\\\/\\\/fermentis.com\\\/pt-br\\\/?s={search_term_string}\"},\"query-input\":{\"@type\":\"PropertyValueSpecification\",\"valueRequired\":true,\"valueName\":\"search_term_string\"}}],\"inLanguage\":\"pt-BR\"},{\"@type\":\"Organization\",\"@id\":\"https:\\\/\\\/fermentis.com\\\/pt-br\\\/#organization\",\"name\":\"Fermentis\",\"url\":\"https:\\\/\\\/fermentis.com\\\/pt-br\\\/\",\"logo\":{\"@type\":\"ImageObject\",\"inLanguage\":\"pt-BR\",\"@id\":\"https:\\\/\\\/fermentis.com\\\/pt-br\\\/#\\\/schema\\\/logo\\\/image\\\/\",\"url\":\"https:\\\/\\\/fermentis.com\\\/wp-content\\\/uploads\\\/2021\\\/07\\\/Logo-Fermentis-5.png\",\"contentUrl\":\"https:\\\/\\\/fermentis.com\\\/wp-content\\\/uploads\\\/2021\\\/07\\\/Logo-Fermentis-5.png\",\"width\":308,\"height\":95,\"caption\":\"Fermentis\"},\"image\":{\"@id\":\"https:\\\/\\\/fermentis.com\\\/pt-br\\\/#\\\/schema\\\/logo\\\/image\\\/\"},\"sameAs\":[\"https:\\\/\\\/www.facebook.com\\\/Fermentis\",\"https:\\\/\\\/x.com\\\/fermentis\",\"https:\\\/\\\/www.instagram.com\\\/fermentisbylesaffre\\\/\",\"https:\\\/\\\/www.linkedin.com\\\/company\\\/fermentis\\\/\",\"https:\\\/\\\/www.youtube.com\\\/channel\\\/UCt_Lp3IZnUNXZeqSi6iiAdA\"]}]}<\/script>\n<meta property=\"product:price:currency\" content=\"GBP\" \/>\n<meta property=\"og:availability\" content=\"instock\" \/>\n<meta property=\"product:availability\" content=\"instock\" \/>\n<meta property=\"product:condition\" content=\"new\" \/>\n<!-- \/ Yoast SEO Premium plugin. -->","yoast_head_json":{"title":"SafSour LB 1 \u2122 - Bact\u00e9rias para cervejas \u00e1cidas - Fermentis","description":"Fermentis SafSour LB 1\u2122 bact\u00e9ria que respeita a express\u00e3o do sabor da levedura, para criar cervejas \u00e1cidas equilibradas, como o estilo Gose e muito mais.","robots":{"index":"index","follow":"follow","max-snippet":"max-snippet:-1","max-image-preview":"max-image-preview:large","max-video-preview":"max-video-preview:-1"},"canonical":"https:\/\/fermentis.com\/pt-br\/produto\/safsour-lb-1\/","og_locale":"pt_BR","og_type":"article","og_title":"SafSour\u2122 LB&nbsp;1","og_description":"Fermentis SafSour LB 1\u2122 bact\u00e9ria que respeita a express\u00e3o do sabor da levedura, para criar cervejas \u00e1cidas equilibradas, como o estilo Gose e muito mais.","og_url":"https:\/\/fermentis.com\/pt-br\/produto\/safsour-lb-1\/","og_site_name":"Fermentis","article_publisher":"https:\/\/www.facebook.com\/Fermentis","article_modified_time":"2025-05-19T12:45:35+00:00","og_image":[{"width":1200,"height":1200,"url":"https:\/\/fermentis.com\/wp-content\/uploads\/2020\/10\/saf-sour-lb1.jpg","type":"image\/jpeg"}],"twitter_card":"summary_large_image","twitter_site":"@fermentis","twitter_misc":{"Pre\u00e7o":"","Disponibilidade":"Em Estoque"},"schema":{"@context":"https:\/\/schema.org","@graph":[{"@type":"WebPage","@id":"https:\/\/fermentis.com\/pt-br\/produto\/safsour-lb-1\/","url":"https:\/\/fermentis.com\/pt-br\/produto\/safsour-lb-1\/","name":"SafSour LB 1 \u2122 - Bact\u00e9rias para cervejas \u00e1cidas - Fermentis","isPartOf":{"@id":"https:\/\/fermentis.com\/pt-br\/#website"},"primaryImageOfPage":{"@id":"https:\/\/fermentis.com\/pt-br\/produto\/safsour-lb-1\/#primaryimage"},"image":{"@id":"https:\/\/fermentis.com\/pt-br\/produto\/safsour-lb-1\/#primaryimage"},"thumbnailUrl":"https:\/\/fermentis.com\/wp-content\/uploads\/2020\/10\/saf-sour-lb1.jpg","datePublished":"2019-06-08T13:11:29+00:00","dateModified":"2025-05-19T12:45:35+00:00","description":"Fermentis SafSour LB 1\u2122 bact\u00e9ria que respeita a express\u00e3o do sabor da levedura, para criar cervejas \u00e1cidas equilibradas, como o estilo Gose e muito mais.","breadcrumb":{"@id":"https:\/\/fermentis.com\/pt-br\/produto\/safsour-lb-1\/#breadcrumb"},"inLanguage":"pt-BR","potentialAction":[{"@type":"ReadAction","target":["https:\/\/fermentis.com\/pt-br\/produto\/safsour-lb-1\/"]}]},{"@type":"ImageObject","inLanguage":"pt-BR","@id":"https:\/\/fermentis.com\/pt-br\/produto\/safsour-lb-1\/#primaryimage","url":"https:\/\/fermentis.com\/wp-content\/uploads\/2020\/10\/saf-sour-lb1.jpg","contentUrl":"https:\/\/fermentis.com\/wp-content\/uploads\/2020\/10\/saf-sour-lb1.jpg","width":1200,"height":1200},{"@type":"BreadcrumbList","@id":"https:\/\/fermentis.com\/pt-br\/produto\/safsour-lb-1\/#breadcrumb","itemListElement":[{"@type":"ListItem","position":1,"name":"Home","item":"https:\/\/fermentis.com\/pt-br\/"},{"@type":"ListItem","position":2,"name":"Produtos"},{"@type":"ListItem","position":3,"name":"Solu\u00e7\u00f5es para cerveja e cervejaria","item":"https:\/\/fermentis.com\/pt-br\/fermentation\/beer-brewing-solutions-pt-br\/"},{"@type":"ListItem","position":4,"name":"Bact\u00e9rias","item":"https:\/\/fermentis.com\/pt-br\/fermentation\/beer-brewing-solutions-pt-br\/bacteria-pt-br\/"},{"@type":"ListItem","position":5,"name":"SafSour\u2122","item":"https:\/\/fermentis.com\/pt-br\/fermentation\/beer-brewing-solutions-pt-br\/bacteria-pt-br\/safsour-pt-br-2\/"},{"@type":"ListItem","position":6,"name":"SafSour\u2122 LB&nbsp;1"}]},{"@type":"WebSite","@id":"https:\/\/fermentis.com\/pt-br\/#website","url":"https:\/\/fermentis.com\/pt-br\/","name":"Fermentis","description":"Un site utilisant WordPress","publisher":{"@id":"https:\/\/fermentis.com\/pt-br\/#organization"},"potentialAction":[{"@type":"SearchAction","target":{"@type":"EntryPoint","urlTemplate":"https:\/\/fermentis.com\/pt-br\/?s={search_term_string}"},"query-input":{"@type":"PropertyValueSpecification","valueRequired":true,"valueName":"search_term_string"}}],"inLanguage":"pt-BR"},{"@type":"Organization","@id":"https:\/\/fermentis.com\/pt-br\/#organization","name":"Fermentis","url":"https:\/\/fermentis.com\/pt-br\/","logo":{"@type":"ImageObject","inLanguage":"pt-BR","@id":"https:\/\/fermentis.com\/pt-br\/#\/schema\/logo\/image\/","url":"https:\/\/fermentis.com\/wp-content\/uploads\/2021\/07\/Logo-Fermentis-5.png","contentUrl":"https:\/\/fermentis.com\/wp-content\/uploads\/2021\/07\/Logo-Fermentis-5.png","width":308,"height":95,"caption":"Fermentis"},"image":{"@id":"https:\/\/fermentis.com\/pt-br\/#\/schema\/logo\/image\/"},"sameAs":["https:\/\/www.facebook.com\/Fermentis","https:\/\/x.com\/fermentis","https:\/\/www.instagram.com\/fermentisbylesaffre\/","https:\/\/www.linkedin.com\/company\/fermentis\/","https:\/\/www.youtube.com\/channel\/UCt_Lp3IZnUNXZeqSi6iiAdA"]}]},"product_price_currency":"GBP","og_availability":"instock","product_availability":"instock","product_condition":"new"},"_links":{"self":[{"href":"https:\/\/fermentis.com\/pt-br\/wp-json\/wp\/v2\/product\/44239","targetHints":{"allow":["GET"]}}],"collection":[{"href":"https:\/\/fermentis.com\/pt-br\/wp-json\/wp\/v2\/product"}],"about":[{"href":"https:\/\/fermentis.com\/pt-br\/wp-json\/wp\/v2\/types\/product"}],"replies":[{"embeddable":true,"href":"https:\/\/fermentis.com\/pt-br\/wp-json\/wp\/v2\/comments?post=44239"}],"wp:featuredmedia":[{"embeddable":true,"href":"https:\/\/fermentis.com\/pt-br\/wp-json\/wp\/v2\/media\/200918"}],"wp:attachment":[{"href":"https:\/\/fermentis.com\/pt-br\/wp-json\/wp\/v2\/media?parent=44239"}],"wp:term":[{"taxonomy":"product_brand","embeddable":true,"href":"https:\/\/fermentis.com\/pt-br\/wp-json\/wp\/v2\/product_brand?post=44239"},{"taxonomy":"product_cat","embeddable":true,"href":"https:\/\/fermentis.com\/pt-br\/wp-json\/wp\/v2\/product_cat?post=44239"},{"taxonomy":"product_tag","embeddable":true,"href":"https:\/\/fermentis.com\/pt-br\/wp-json\/wp\/v2\/product_tag?post=44239"}],"curies":[{"name":"wp","href":"https:\/\/api.w.org\/{rel}","templated":true}]}}