{"id":44241,"date":"2019-06-08T00:00:00","date_gmt":"2019-06-07T22:00:00","guid":{"rendered":"https:\/\/fermentis.com\/product\/saf-sour-lp-652\/"},"modified":"2026-04-20T18:30:35","modified_gmt":"2026-04-20T16:30:35","slug":"saf-sour-lp-652","status":"publish","type":"product","link":"https:\/\/fermentis.com\/pt-br\/produto\/saf-sour-lp-652\/","title":{"rendered":"SafSour LP\u00a0652\u2122"},"content":{"rendered":"<div class=\"container section-title-container\" ><h2 class=\"section-title section-title-center\"><b aria-hidden=\"true\"><\/b><span class=\"section-title-main\" style=\"font-size:115%;\">Uma bact\u00e9ria altamente confi\u00e1vel para criar cervejas \u00e1cidas equilibradas<\/span><b aria-hidden=\"true\"><\/b><\/h2><\/div>\n<p>O SafSour LP 652 foi especificamente selecionado pela Fermentis por sua capacidade de fornecer <strong style=\"font-size: 14.4px\">notas tropicais, c\u00edtricas e frutadas<\/strong><span style=\"font-size: 14.4px\"> quando usado em acidifica\u00e7\u00e3o de chaleira. Dando um bom frescor \u00e0 cerveja, SafSour LP 652<\/span><span style=\"font-size: 14.4px\">\u2122<\/span><span style=\"font-size: 14.4px\"> \u00e9 uma <\/span><strong style=\"font-size: 14.4px\">bact\u00e9ria homofermentativa do \u00e1cido l\u00e1tico.<\/strong><\/p>\n<p><strong>Ideal para receitas de cerveja \u00e1cida.<\/strong><\/p>\n<p><strong>Ingredientes<\/strong>: bact\u00e9rias (Lactiplantibacillus plantarum); maltodextrina como portador<\/p>\n\t<div id=\"gap-1993515303\" class=\"gap-element clearfix\" style=\"display:block; height:auto;\">\n\t\t\n<style>\n#gap-1993515303 {\n  padding-top: 30px;\n}\n<\/style>\n\t<\/div>\n\t\n<div class=\"container section-title-container\" ><h3 class=\"section-title section-title-center\"><b aria-hidden=\"true\"><\/b><span class=\"section-title-main\" style=\"font-size:115%;\">Caracter\u00edsticas sensoriais do SafSour LP 652\u2122<\/span><b aria-hidden=\"true\"><\/b><\/h3><\/div>\n<p>SafSour LP 652<span style=\"font-size: 14.4px\">\u2122<\/span><span style=\"font-size: 14.4px\"> fornece notas tropicais, c\u00edtricas e frutadas frescas e \u00e9 ideal para receitas de chaleira azeda.<\/span><\/p>\n\t<div id=\"gap-1582622349\" class=\"gap-element clearfix\" style=\"display:block; height:auto;\">\n\t\t\n<style>\n#gap-1582622349 {\n  padding-top: 30px;\n}\n<\/style>\n\t<\/div>\n\t\n<div class=\"container section-title-container\" ><h3 class=\"section-title section-title-center\"><b aria-hidden=\"true\"><\/b><span class=\"section-title-main\" style=\"font-size:115%;\">Caracter\u00edsticas t\u00e9cnicas do SafSour LP 652\u2122<\/span><b aria-hidden=\"true\"><\/b><\/h3><\/div>\n<p><span data-mce-type=\"bookmark\" style=\"width: 0px;overflow: hidden;line-height: 0\" class=\"mce_SELRES_start\">\ufeff<\/span>\n\t\t<div class=\"tabbed-content\">\n\t\t\t\n\t\t\t<ul class=\"nav nav-tabs nav-uppercase nav-size-normal nav-left\" role=\"tablist\"><li id=\"tab-dosagem-e-uso\" class=\"tab active has-icon\" role=\"presentation\"><a href=\"#tab_dosagem-e-uso\" role=\"tab\" aria-selected=\"true\" aria-controls=\"tab_dosagem-e-uso\"><span>Dosagem e uso<\/span><\/a><\/li>\n<li id=\"tab-propriedades\" class=\"tab has-icon\" role=\"presentation\"><a href=\"#tab_propriedades\" tabindex=\"-1\" role=\"tab\" aria-selected=\"false\" aria-controls=\"tab_propriedades\"><span>Propriedades<\/span><\/a><\/li>\n<li id=\"tab-an\u00e1lise-microbiana\" class=\"tab has-icon\" role=\"presentation\"><a href=\"#tab_an\u00e1lise-microbiana\" tabindex=\"-1\" role=\"tab\" aria-selected=\"false\" aria-controls=\"tab_an\u00e1lise-microbiana\"><span>An\u00e1lise microbiana<\/span><\/a><\/li>\n<li id=\"tab-armazenamento-e-prazo-de-validade\" class=\"tab has-icon\" role=\"presentation\"><a href=\"#tab_armazenamento-e-prazo-de-validade\" tabindex=\"-1\" role=\"tab\" aria-selected=\"false\" aria-controls=\"tab_armazenamento-e-prazo-de-validade\"><span>Armazenamento e prazo de validade<\/span><\/a><\/li><\/ul><div class=\"tab-panels\"><div id=\"tab_dosagem-e-uso\" class=\"panel active entry-content\" role=\"tabpanel\" aria-labelledby=\"tab-dosagem-e-uso\">\n<h4><span style=\"font-size: 18pt\">Dosagem \/ Temperatura<\/span><\/h4>\n<p><strong>Uma taxa de dosagem ideal de 10 g\/hL fornece uma fermenta\u00e7\u00e3o l\u00e1ctica dentro de 24h a 48h.<\/strong><\/p>\n<h5>Uso<\/h5>\n<p>Recomenda-se aplicar diretamente no mosto sem l\u00fapulo \u00e0 temperatura de 37\u00b0C.<\/p>\n<\/div>\n<div id=\"tab_propriedades\" class=\"panel entry-content\" role=\"tabpanel\" aria-labelledby=\"tab-propriedades\">\n<ul>\n<li>O SafSour LP 652<span style=\"font-size: 14.4px\">\u2122<\/span> acidifica o mosto <strong>sem l\u00fapulo<\/strong> dentro de <strong>24h a 36h<\/strong> a uma faixa de temperatura de 37\u00b0C (+\/- 3\u00b0C).<\/li>\n<li>SafSour LP 652<span style=\"font-size: 14.4px\">\u2122<\/span> como bact\u00e9ria l\u00e1ctica homofermentativa produz principalmente \u00e1cido l\u00e1tico e uma baixa quantidade de \u00e1cido ac\u00e9tico.<\/li>\n<li>O SafSour LP 652<span style=\"font-size: 14.4px\">\u2122<\/span> apresenta uma <strong>baixa toler\u00e2ncia<\/strong> aos \u00e1cidos iso alfa (metade do <span style=\"font-size: 14.4px\">crescimento do SafSour LP 652\u2122<\/span> \u00e9 inibido, IC<sub>50<\/sub> de 5 ppm).<\/li>\n<li>O SafSour LP 652<span style=\"font-size: 14.4px\">\u2122<\/span> atinge um <strong>pH final de 3,2 \u2013 3,6<\/strong>.<\/li>\n<li>SafSour LP 652<span style=\"font-size: 14.4px\">\u2122<\/span> <strong>libera notas tropicais, c\u00edtricas e frutadas<\/strong> com sensa\u00e7\u00e3o de frescor<\/li>\n<\/ul>\n<\/div>\n<div id=\"tab_an\u00e1lise-microbiana\" class=\"panel entry-content\" role=\"tabpanel\" aria-labelledby=\"tab-an\u00e1lise-microbiana\">\n<ul>\n<li>C\u00e9lulas vi\u00e1veis na embalagem: &gt; 10<sup>11<\/sup> UFC \/ g<\/li>\n<li>Bact\u00e9rias totais*: &lt; 10000 UFC \/ g<\/li>\n<li>Bact\u00e9rias ac\u00e9ticas: &lt; 1000 UFC \/ g<\/li>\n<li>Coliformes: &lt; 100 UFC \/ g<\/li>\n<li>Leveduras selvagens n\u00e3o-Saccharomyces*: &lt; 1000 UFC \/ g<\/li>\n<li>Molde: &lt; 1000 UFC \/ g<\/li>\n<\/ul>\n<\/div>\n<div id=\"tab_armazenamento-e-prazo-de-validade\" class=\"panel entry-content\" role=\"tabpanel\" aria-labelledby=\"tab-armazenamento-e-prazo-de-validade\">\n<h4>Armazenamento<\/h4>\n<p>O armazenamento deve ser feito em <strong>temperaturas frias<\/strong> (&lt; 4\u00b0C\/39,2\u00b0F) e em <strong>condi\u00e7\u00f5es secas<\/strong>.<\/p>\n<h4>Prazo de validade<\/h4>\n<p><strong>36 meses<\/strong> a partir da data de produ\u00e7\u00e3o (ver informa\u00e7\u00f5es impressas no sach\u00ea).<\/p>\n<ul>\n<li><em>Certifique-se de manter o produto a 4 \u00b0 C (39,2 \u00b0 F) ou menos.<\/em><\/li>\n<li><em>Aconselhamos fortemente os usu\u00e1rios a fazer testes de fermenta\u00e7\u00e3o antes de qualquer uso comercial<\/em><\/li>\n<\/ul>\n<p>O transporte do produto pode ser realizado em <strong>temperatura ambiente, idealmente n\u00e3o superior a 30 \u00b0 C (86 \u00b0 F)<\/strong> por per\u00edodos prolongados de tempo, ou seja, no m\u00e1ximo <strong>14 dias.<\/strong> Picos de at\u00e9 40 \u00b0 C (104 \u00b0 F) s\u00e3o permitidos.<\/p>\n<\/div><\/div><\/div><span data-mce-type=\"bookmark\" style=\"width: 0px;overflow: hidden;line-height: 0\" class=\"mce_SELRES_end\">\ufeff<\/span><br \/>\n\t<div id=\"gap-747396564\" class=\"gap-element clearfix\" style=\"display:block; height:auto;\">\n\t\t\n<style>\n#gap-747396564 {\n  padding-top: 30px;\n}\n<\/style>\n\t<\/div>\n\t\n<p><em>As leveduras de cerveja seca Fermentis s\u00e3o bem conhecidas por sua capacidade de produzir uma grande variedade de estilos de cerveja. Para comparar nossas cepas, realizamos testes de fermenta\u00e7\u00e3o em condi\u00e7\u00f5es de laborat\u00f3rio com um mosto padr\u00e3o para todas as cepas e condi\u00e7\u00f5es de temperatura padr\u00e3o (SafLager\u2122: 12\u00b0C por 48h e depois 14\u00b0C \/ SafAle\u2122: 20\u00b0C). Focamos nos seguintes par\u00e2metros: produ\u00e7\u00e3o de \u00e1lcool, a\u00e7\u00facares residuais, flocula\u00e7\u00e3o e cin\u00e9tica de fermenta\u00e7\u00e3o. Dado o impacto da levedura na qualidade da cerveja final, \u00e9 recomend\u00e1vel respeitar as instru\u00e7\u00f5es de fermenta\u00e7\u00e3o recomendadas. Recomendamos fortemente que os usu\u00e1rios fa\u00e7am testes de fermenta\u00e7\u00e3o antes de qualquer uso comercial de nossos produtos.<\/em><br \/>\n<div class=\"container section-title-container\" ><h3 class=\"section-title section-title-center\"><b aria-hidden=\"true\"><\/b><span class=\"section-title-main\" style=\"font-size:115%;\">Conte\u00fado relacionado<\/span><b aria-hidden=\"true\"><\/b><\/h3><\/div>\n\n  \n    <div id=\"row-1654976837\" class=\"row large-columns-3 medium-columns- small-columns-1 has-shadow row-box-shadow-2 row-masonry\" data-packery-options='{\"itemSelector\": \".col\", \"gutter\": 0, \"presentageWidth\" : true}'>\n\n  <\/div>\n","protected":false},"excerpt":{"rendered":"<p>Uma bact\u00e9ria altamente confi\u00e1vel para criar cervejas \u00e1cidas equilibradas<\/p>\n","protected":false},"featured_media":44242,"comment_status":"closed","ping_status":"closed","template":"","meta":{"_acf_changed":false},"product_brand":[],"product_cat":[2778,2779,1486],"product_tag":[2802,2803,2804,2805,2806,2807],"class_list":{"0":"post-44241","1":"product","2":"type-product","3":"status-publish","4":"has-post-thumbnail","6":"product_cat-bacteria-pt-br","7":"product_cat-safsour-pt-br-2","8":"product_cat-beer-brewing-solutions-pt-br","9":"product_tag-lp-652-pt-br","10":"product_tag-lp652-pt-br","11":"product_tag-safsour-pt-br","12":"product_tag-safsour-lp-652-pt-br","13":"product_tag-safsour-lp652-pt-br","14":"product_tag-safsourlp652-pt-br","16":"first","17":"instock","18":"shipping-taxable","19":"product-type-simple"},"acf":[],"yoast_head":"<!-- This site is optimized with the Yoast SEO Premium plugin v27.4 (Yoast SEO v27.4) - https:\/\/yoast.com\/product\/yoast-seo-premium-wordpress\/ -->\n<title>SafSour LP 652\u2122 - Bact\u00e9rias para cervejas \u00e1cidas - Fermentis<\/title>\n<meta name=\"description\" content=\"A bact\u00e9ria Fermentis SafSour LP 652\u2122 \u00e9 ideal para cervejas \u00e1cidas equilibradas, com notas tropicais, c\u00edtricas e frutadas quando usado na fabrica\u00e7\u00e3o de cerveja \u00e1cida\" \/>\n<meta name=\"robots\" content=\"index, follow, max-snippet:-1, max-image-preview:large, max-video-preview:-1\" \/>\n<link rel=\"canonical\" href=\"https:\/\/fermentis.com\/pt-br\/produto\/saf-sour-lp-652\/\" \/>\n<meta property=\"og:locale\" content=\"pt_BR\" \/>\n<meta property=\"og:type\" content=\"article\" \/>\n<meta property=\"og:title\" content=\"SafSour LP\u00a0652\u2122\" \/>\n<meta property=\"og:description\" content=\"A bact\u00e9ria Fermentis SafSour LP 652\u2122 \u00e9 ideal para cervejas \u00e1cidas equilibradas, com notas tropicais, c\u00edtricas e frutadas quando usado na fabrica\u00e7\u00e3o de cerveja \u00e1cida\" \/>\n<meta property=\"og:url\" content=\"https:\/\/fermentis.com\/pt-br\/produto\/saf-sour-lp-652\/\" \/>\n<meta property=\"og:site_name\" content=\"Fermentis\" \/>\n<meta property=\"article:publisher\" content=\"https:\/\/www.facebook.com\/Fermentis\" \/>\n<meta property=\"article:modified_time\" content=\"2026-04-20T16:30:35+00:00\" \/>\n<meta property=\"og:image\" content=\"https:\/\/fermentis.com\/wp-content\/uploads\/2020\/06\/saf-sour-lp652.jpg\" \/>\n\t<meta property=\"og:image:width\" content=\"1200\" \/>\n\t<meta property=\"og:image:height\" content=\"1200\" \/>\n\t<meta property=\"og:image:type\" content=\"image\/jpeg\" \/>\n<meta name=\"twitter:card\" content=\"summary_large_image\" \/>\n<meta name=\"twitter:site\" content=\"@fermentis\" \/>\n<meta name=\"twitter:label1\" content=\"Pre\u00e7o\" \/>\n\t<meta name=\"twitter:data1\" content=\"\" \/>\n\t<meta name=\"twitter:label2\" content=\"Disponibilidade\" \/>\n\t<meta name=\"twitter:data2\" content=\"Em Estoque\" \/>\n<script type=\"application\/ld+json\" class=\"yoast-schema-graph\">{\"@context\":\"https:\\\/\\\/schema.org\",\"@graph\":[{\"@type\":\"WebPage\",\"@id\":\"https:\\\/\\\/fermentis.com\\\/pt-br\\\/produto\\\/saf-sour-lp-652\\\/\",\"url\":\"https:\\\/\\\/fermentis.com\\\/pt-br\\\/produto\\\/saf-sour-lp-652\\\/\",\"name\":\"SafSour LP 652\u2122 - Bact\u00e9rias para cervejas \u00e1cidas - Fermentis\",\"isPartOf\":{\"@id\":\"https:\\\/\\\/fermentis.com\\\/pt-br\\\/#website\"},\"primaryImageOfPage\":{\"@id\":\"https:\\\/\\\/fermentis.com\\\/pt-br\\\/produto\\\/saf-sour-lp-652\\\/#primaryimage\"},\"image\":{\"@id\":\"https:\\\/\\\/fermentis.com\\\/pt-br\\\/produto\\\/saf-sour-lp-652\\\/#primaryimage\"},\"thumbnailUrl\":\"https:\\\/\\\/fermentis.com\\\/wp-content\\\/uploads\\\/2020\\\/06\\\/saf-sour-lp652.jpg\",\"datePublished\":\"2019-06-07T22:00:00+00:00\",\"dateModified\":\"2026-04-20T16:30:35+00:00\",\"description\":\"A bact\u00e9ria Fermentis SafSour LP 652\u2122 \u00e9 ideal para cervejas \u00e1cidas equilibradas, com notas tropicais, c\u00edtricas e frutadas quando usado na fabrica\u00e7\u00e3o de cerveja \u00e1cida\",\"breadcrumb\":{\"@id\":\"https:\\\/\\\/fermentis.com\\\/pt-br\\\/produto\\\/saf-sour-lp-652\\\/#breadcrumb\"},\"inLanguage\":\"pt-BR\",\"potentialAction\":[{\"@type\":\"ReadAction\",\"target\":[\"https:\\\/\\\/fermentis.com\\\/pt-br\\\/produto\\\/saf-sour-lp-652\\\/\"]}]},{\"@type\":\"ImageObject\",\"inLanguage\":\"pt-BR\",\"@id\":\"https:\\\/\\\/fermentis.com\\\/pt-br\\\/produto\\\/saf-sour-lp-652\\\/#primaryimage\",\"url\":\"https:\\\/\\\/fermentis.com\\\/wp-content\\\/uploads\\\/2020\\\/06\\\/saf-sour-lp652.jpg\",\"contentUrl\":\"https:\\\/\\\/fermentis.com\\\/wp-content\\\/uploads\\\/2020\\\/06\\\/saf-sour-lp652.jpg\",\"width\":1200,\"height\":1200},{\"@type\":\"BreadcrumbList\",\"@id\":\"https:\\\/\\\/fermentis.com\\\/pt-br\\\/produto\\\/saf-sour-lp-652\\\/#breadcrumb\",\"itemListElement\":[{\"@type\":\"ListItem\",\"position\":1,\"name\":\"Home\",\"item\":\"https:\\\/\\\/fermentis.com\\\/pt-br\\\/\"},{\"@type\":\"ListItem\",\"position\":2,\"name\":\"Produtos\"},{\"@type\":\"ListItem\",\"position\":3,\"name\":\"Solu\u00e7\u00f5es para cerveja e cervejaria\",\"item\":\"https:\\\/\\\/fermentis.com\\\/pt-br\\\/fermentation\\\/beer-brewing-solutions-pt-br\\\/\"},{\"@type\":\"ListItem\",\"position\":4,\"name\":\"Bact\u00e9rias\",\"item\":\"https:\\\/\\\/fermentis.com\\\/pt-br\\\/fermentation\\\/beer-brewing-solutions-pt-br\\\/bacteria-pt-br\\\/\"},{\"@type\":\"ListItem\",\"position\":5,\"name\":\"SafSour\u2122\",\"item\":\"https:\\\/\\\/fermentis.com\\\/pt-br\\\/fermentation\\\/beer-brewing-solutions-pt-br\\\/bacteria-pt-br\\\/safsour-pt-br-2\\\/\"},{\"@type\":\"ListItem\",\"position\":6,\"name\":\"SafSour LP\u00a0652\u2122\"}]},{\"@type\":\"WebSite\",\"@id\":\"https:\\\/\\\/fermentis.com\\\/pt-br\\\/#website\",\"url\":\"https:\\\/\\\/fermentis.com\\\/pt-br\\\/\",\"name\":\"Fermentis\",\"description\":\"Un site utilisant WordPress\",\"publisher\":{\"@id\":\"https:\\\/\\\/fermentis.com\\\/pt-br\\\/#organization\"},\"potentialAction\":[{\"@type\":\"SearchAction\",\"target\":{\"@type\":\"EntryPoint\",\"urlTemplate\":\"https:\\\/\\\/fermentis.com\\\/pt-br\\\/?s={search_term_string}\"},\"query-input\":{\"@type\":\"PropertyValueSpecification\",\"valueRequired\":true,\"valueName\":\"search_term_string\"}}],\"inLanguage\":\"pt-BR\"},{\"@type\":\"Organization\",\"@id\":\"https:\\\/\\\/fermentis.com\\\/pt-br\\\/#organization\",\"name\":\"Fermentis\",\"url\":\"https:\\\/\\\/fermentis.com\\\/pt-br\\\/\",\"logo\":{\"@type\":\"ImageObject\",\"inLanguage\":\"pt-BR\",\"@id\":\"https:\\\/\\\/fermentis.com\\\/pt-br\\\/#\\\/schema\\\/logo\\\/image\\\/\",\"url\":\"https:\\\/\\\/fermentis.com\\\/wp-content\\\/uploads\\\/2021\\\/07\\\/Logo-Fermentis-5.png\",\"contentUrl\":\"https:\\\/\\\/fermentis.com\\\/wp-content\\\/uploads\\\/2021\\\/07\\\/Logo-Fermentis-5.png\",\"width\":308,\"height\":95,\"caption\":\"Fermentis\"},\"image\":{\"@id\":\"https:\\\/\\\/fermentis.com\\\/pt-br\\\/#\\\/schema\\\/logo\\\/image\\\/\"},\"sameAs\":[\"https:\\\/\\\/www.facebook.com\\\/Fermentis\",\"https:\\\/\\\/x.com\\\/fermentis\",\"https:\\\/\\\/www.instagram.com\\\/fermentisbylesaffre\\\/\",\"https:\\\/\\\/www.linkedin.com\\\/company\\\/fermentis\\\/\",\"https:\\\/\\\/www.youtube.com\\\/channel\\\/UCt_Lp3IZnUNXZeqSi6iiAdA\"]}]}<\/script>\n<meta property=\"product:price:currency\" content=\"GBP\" \/>\n<meta property=\"og:availability\" content=\"instock\" \/>\n<meta property=\"product:availability\" content=\"instock\" \/>\n<meta property=\"product:condition\" content=\"new\" \/>\n<!-- \/ Yoast SEO Premium plugin. -->","yoast_head_json":{"title":"SafSour LP 652\u2122 - Bact\u00e9rias para cervejas \u00e1cidas - Fermentis","description":"A bact\u00e9ria Fermentis SafSour LP 652\u2122 \u00e9 ideal para cervejas \u00e1cidas equilibradas, com notas tropicais, c\u00edtricas e frutadas quando usado na fabrica\u00e7\u00e3o de cerveja \u00e1cida","robots":{"index":"index","follow":"follow","max-snippet":"max-snippet:-1","max-image-preview":"max-image-preview:large","max-video-preview":"max-video-preview:-1"},"canonical":"https:\/\/fermentis.com\/pt-br\/produto\/saf-sour-lp-652\/","og_locale":"pt_BR","og_type":"article","og_title":"SafSour LP\u00a0652\u2122","og_description":"A bact\u00e9ria Fermentis SafSour LP 652\u2122 \u00e9 ideal para cervejas \u00e1cidas equilibradas, com notas tropicais, c\u00edtricas e frutadas quando usado na fabrica\u00e7\u00e3o de cerveja \u00e1cida","og_url":"https:\/\/fermentis.com\/pt-br\/produto\/saf-sour-lp-652\/","og_site_name":"Fermentis","article_publisher":"https:\/\/www.facebook.com\/Fermentis","article_modified_time":"2026-04-20T16:30:35+00:00","og_image":[{"width":1200,"height":1200,"url":"https:\/\/fermentis.com\/wp-content\/uploads\/2020\/06\/saf-sour-lp652.jpg","type":"image\/jpeg"}],"twitter_card":"summary_large_image","twitter_site":"@fermentis","twitter_misc":{"Pre\u00e7o":"","Disponibilidade":"Em Estoque"},"schema":{"@context":"https:\/\/schema.org","@graph":[{"@type":"WebPage","@id":"https:\/\/fermentis.com\/pt-br\/produto\/saf-sour-lp-652\/","url":"https:\/\/fermentis.com\/pt-br\/produto\/saf-sour-lp-652\/","name":"SafSour LP 652\u2122 - Bact\u00e9rias para cervejas \u00e1cidas - Fermentis","isPartOf":{"@id":"https:\/\/fermentis.com\/pt-br\/#website"},"primaryImageOfPage":{"@id":"https:\/\/fermentis.com\/pt-br\/produto\/saf-sour-lp-652\/#primaryimage"},"image":{"@id":"https:\/\/fermentis.com\/pt-br\/produto\/saf-sour-lp-652\/#primaryimage"},"thumbnailUrl":"https:\/\/fermentis.com\/wp-content\/uploads\/2020\/06\/saf-sour-lp652.jpg","datePublished":"2019-06-07T22:00:00+00:00","dateModified":"2026-04-20T16:30:35+00:00","description":"A bact\u00e9ria Fermentis SafSour LP 652\u2122 \u00e9 ideal para cervejas \u00e1cidas equilibradas, com notas tropicais, c\u00edtricas e frutadas quando usado na fabrica\u00e7\u00e3o de cerveja \u00e1cida","breadcrumb":{"@id":"https:\/\/fermentis.com\/pt-br\/produto\/saf-sour-lp-652\/#breadcrumb"},"inLanguage":"pt-BR","potentialAction":[{"@type":"ReadAction","target":["https:\/\/fermentis.com\/pt-br\/produto\/saf-sour-lp-652\/"]}]},{"@type":"ImageObject","inLanguage":"pt-BR","@id":"https:\/\/fermentis.com\/pt-br\/produto\/saf-sour-lp-652\/#primaryimage","url":"https:\/\/fermentis.com\/wp-content\/uploads\/2020\/06\/saf-sour-lp652.jpg","contentUrl":"https:\/\/fermentis.com\/wp-content\/uploads\/2020\/06\/saf-sour-lp652.jpg","width":1200,"height":1200},{"@type":"BreadcrumbList","@id":"https:\/\/fermentis.com\/pt-br\/produto\/saf-sour-lp-652\/#breadcrumb","itemListElement":[{"@type":"ListItem","position":1,"name":"Home","item":"https:\/\/fermentis.com\/pt-br\/"},{"@type":"ListItem","position":2,"name":"Produtos"},{"@type":"ListItem","position":3,"name":"Solu\u00e7\u00f5es para cerveja e cervejaria","item":"https:\/\/fermentis.com\/pt-br\/fermentation\/beer-brewing-solutions-pt-br\/"},{"@type":"ListItem","position":4,"name":"Bact\u00e9rias","item":"https:\/\/fermentis.com\/pt-br\/fermentation\/beer-brewing-solutions-pt-br\/bacteria-pt-br\/"},{"@type":"ListItem","position":5,"name":"SafSour\u2122","item":"https:\/\/fermentis.com\/pt-br\/fermentation\/beer-brewing-solutions-pt-br\/bacteria-pt-br\/safsour-pt-br-2\/"},{"@type":"ListItem","position":6,"name":"SafSour LP\u00a0652\u2122"}]},{"@type":"WebSite","@id":"https:\/\/fermentis.com\/pt-br\/#website","url":"https:\/\/fermentis.com\/pt-br\/","name":"Fermentis","description":"Un site utilisant WordPress","publisher":{"@id":"https:\/\/fermentis.com\/pt-br\/#organization"},"potentialAction":[{"@type":"SearchAction","target":{"@type":"EntryPoint","urlTemplate":"https:\/\/fermentis.com\/pt-br\/?s={search_term_string}"},"query-input":{"@type":"PropertyValueSpecification","valueRequired":true,"valueName":"search_term_string"}}],"inLanguage":"pt-BR"},{"@type":"Organization","@id":"https:\/\/fermentis.com\/pt-br\/#organization","name":"Fermentis","url":"https:\/\/fermentis.com\/pt-br\/","logo":{"@type":"ImageObject","inLanguage":"pt-BR","@id":"https:\/\/fermentis.com\/pt-br\/#\/schema\/logo\/image\/","url":"https:\/\/fermentis.com\/wp-content\/uploads\/2021\/07\/Logo-Fermentis-5.png","contentUrl":"https:\/\/fermentis.com\/wp-content\/uploads\/2021\/07\/Logo-Fermentis-5.png","width":308,"height":95,"caption":"Fermentis"},"image":{"@id":"https:\/\/fermentis.com\/pt-br\/#\/schema\/logo\/image\/"},"sameAs":["https:\/\/www.facebook.com\/Fermentis","https:\/\/x.com\/fermentis","https:\/\/www.instagram.com\/fermentisbylesaffre\/","https:\/\/www.linkedin.com\/company\/fermentis\/","https:\/\/www.youtube.com\/channel\/UCt_Lp3IZnUNXZeqSi6iiAdA"]}]},"product_price_currency":"GBP","og_availability":"instock","product_availability":"instock","product_condition":"new"},"_links":{"self":[{"href":"https:\/\/fermentis.com\/pt-br\/wp-json\/wp\/v2\/product\/44241","targetHints":{"allow":["GET"]}}],"collection":[{"href":"https:\/\/fermentis.com\/pt-br\/wp-json\/wp\/v2\/product"}],"about":[{"href":"https:\/\/fermentis.com\/pt-br\/wp-json\/wp\/v2\/types\/product"}],"replies":[{"embeddable":true,"href":"https:\/\/fermentis.com\/pt-br\/wp-json\/wp\/v2\/comments?post=44241"}],"wp:featuredmedia":[{"embeddable":true,"href":"https:\/\/fermentis.com\/pt-br\/wp-json\/wp\/v2\/media\/44242"}],"wp:attachment":[{"href":"https:\/\/fermentis.com\/pt-br\/wp-json\/wp\/v2\/media?parent=44241"}],"wp:term":[{"taxonomy":"product_brand","embeddable":true,"href":"https:\/\/fermentis.com\/pt-br\/wp-json\/wp\/v2\/product_brand?post=44241"},{"taxonomy":"product_cat","embeddable":true,"href":"https:\/\/fermentis.com\/pt-br\/wp-json\/wp\/v2\/product_cat?post=44241"},{"taxonomy":"product_tag","embeddable":true,"href":"https:\/\/fermentis.com\/pt-br\/wp-json\/wp\/v2\/product_tag?post=44241"}],"curies":[{"name":"wp","href":"https:\/\/api.w.org\/{rel}","templated":true}]}}