{"id":44246,"date":"2020-10-20T10:32:02","date_gmt":"2020-10-20T08:32:02","guid":{"rendered":"https:\/\/fermentis.com\/product\/saison-beers\/"},"modified":"2026-04-20T16:28:27","modified_gmt":"2026-04-20T14:28:27","slug":"saison-beers","status":"publish","type":"product","link":"https:\/\/fermentis.com\/pt-br\/produto\/saison-beers\/","title":{"rendered":"Saison &#8211; estilo Farmhouse Ale"},"content":{"rendered":"<div class=\"container section-title-container\" ><h2 class=\"section-title section-title-center\"><b aria-hidden=\"true\"><\/b><span class=\"section-title-main\" style=\"font-size:115%;\">A cerveja belga de fazenda<\/span><b aria-hidden=\"true\"><\/b><\/h2><\/div>\n<p>Embora historicamente sazonais, hoje em dia, as cervejas Saison (palavra francesa para esta\u00e7\u00e3o) est\u00e3o dispon\u00edveis durante todo o ano se voc\u00ea estiver procurando por cervejas espumantes intensas, refrescantes e arom\u00e1ticas excepcionais, com amargor moderado, teor alco\u00f3lico e uma secura t\u00edpica.\\r<\/p>\n\t<div id=\"gap-535561485\" class=\"gap-element clearfix\" style=\"display:block; height:auto;\">\n\t\t\n<style>\n#gap-535561485 {\n  padding-top: 30px;\n}\n<\/style>\n\t<\/div>\n\t\n<div class=\"container section-title-container\" ><h3 class=\"section-title section-title-center\"><b aria-hidden=\"true\"><\/b><span class=\"section-title-main\" style=\"font-size:115%;\">Caracter\u00edsticas do estilo Saison<\/span><b aria-hidden=\"true\"><\/b><\/h3><\/div>\n\n\t\t<div class=\"tabbed-content\">\n\t\t\t\n\t\t\t<ul class=\"nav nav-tabs nav-uppercase nav-size-normal nav-left\" role=\"tablist\"><li id=\"tab-estilo-de-cerveja\" class=\"tab active has-icon\" role=\"presentation\"><a href=\"#tab_estilo-de-cerveja\" role=\"tab\" aria-selected=\"true\" aria-controls=\"tab_estilo-de-cerveja\"><span>Estilo de cerveja<\/span><\/a><\/li>\n<li id=\"tab-fabrica\u00e7\u00e3o-de-cerveja-e-impacto-da-levedura\" class=\"tab has-icon\" role=\"presentation\"><a href=\"#tab_fabrica\u00e7\u00e3o-de-cerveja-e-impacto-da-levedura\" tabindex=\"-1\" role=\"tab\" aria-selected=\"false\" aria-controls=\"tab_fabrica\u00e7\u00e3o-de-cerveja-e-impacto-da-levedura\"><span>Fabrica\u00e7\u00e3o de cerveja e Impacto da levedura<\/span><\/a><\/li><\/ul><div class=\"tab-panels\"><div id=\"tab_estilo-de-cerveja\" class=\"panel active entry-content\" role=\"tabpanel\" aria-labelledby=\"tab-estilo-de-cerveja\">\n<h4>Hist\u00f3ria da cerveja estilo saison<\/h4>\n<p>Originalmente produzidas no s\u00e9culo 17 na B\u00e9lgica (na parte franc\u00f3fona da Val\u00f4nia), as cervejas Saison foram projetadas para consumo por trabalhadores do campo durante o per\u00edodo de agricultura ativa e colheita. Verdadeiras cervejas artesanais, com ingredientes produzidos na fazenda local que sobraram da safra anterior e longo tempo de matura\u00e7\u00e3o, essas cervejas de fazenda tinham baixos n\u00edveis de \u00e1lcool, com o objetivo de refrescar os trabalhadores de campo sem inebri\u00e1-los.<\/p>\n<p>Esse estilo come\u00e7ou a se diversificar em vers\u00f5es de maior teor alco\u00f3lico e outras varia\u00e7\u00f5es ap\u00f3s a Segunda Guerra Mundial e hoje podemos dividir essa fam\u00edlia em 2 categorias: cervejas Saison &#039;tradicionais&#039; e &#039;contempor\u00e2neas&#039;.<\/p>\n<p>Se voc\u00ea \u00e9 um f\u00e3 de cerveja belga, apreciar\u00e1 completamente o &#039;campo Saison&#039; e sua impressionante diversidade, com uma enorme quantidade de varia\u00e7\u00f5es dispon\u00edveis nas prateleiras de hoje.<\/p>\n<\/div>\n<div id=\"tab_fabrica\u00e7\u00e3o-de-cerveja-e-impacto-da-levedura\" class=\"panel entry-content\" role=\"tabpanel\" aria-labelledby=\"tab-fabrica\u00e7\u00e3o-de-cerveja-e-impacto-da-levedura\">\n<h3>Cervejas estilo Yeast e Saison<\/h3>\n<p>Como um amante da cerveja belga, voc\u00ea provavelmente tamb\u00e9m \u00e9 um &#039;amante de fermento&#039; e essa \u00e9 outra raz\u00e3o pela qual voc\u00ea apreciar\u00e1 as cervejas estilo Saison, j\u00e1 que o fermento \u00e9 um fator chave na express\u00e3o sensorial deste estilo de cerveja muito especial. Ele proporcionar\u00e1 um frutado intenso, picante e, especialmente para o estilo Saison, seu final muito seco. De um modo geral, \u00e9 uma variedade de levedura em particular, nl. <em>Saccharomyces cerevisiae<\/em> var <em>diastaticus,<\/em> que desempenha um papel importante no desenvolvimento do sabor.<\/p>\n<p>De fato, embora as cervejas Saison sejam ricas em especiarias, elas normalmente n\u00e3o s\u00e3o condimentadas (sem adi\u00e7\u00e3o de especiarias). \u00c9 principalmente a levedura &#8211; e, ocasionalmente, certas variedades de l\u00fapulo &#8211; que fornecer\u00e3o esse atributo \u00e0 cerveja final.<\/p>\n<p>No entanto, nos tipos modernos de hoje, voc\u00ea pode encontrar cervejas Saison com especiarias produzidas com a adi\u00e7\u00e3o de ervas, flores e outros condimentos. Os maltes b\u00e1sicos s\u00e3o t\u00edpicos, mas o gr\u00e3o frequentemente cont\u00e9m outros gr\u00e3os, como trigo, aveia, centeio &#8211; e tradicionalmente espelta &#8211; que tamb\u00e9m fornecem sabores picantes e seus precursores para o fermento.<\/p>\n<p>Adjuvantes como a\u00e7\u00facar e mel tamb\u00e9m podem ajudar a aumentar o ressecamento. Hoje \u00e9 f\u00e1cil encontrar vers\u00f5es pesadas e com l\u00fapulo seco, nas quais voc\u00ea combina o poder do fermento com uma carga extra de sabor e l\u00fapulo moderno &#8211; embora, tradicionalmente, o l\u00fapulo da Europa continental fosse o favorito.<\/p>\n<p>Vers\u00f5es ainda mais escuras usando maltes escuros e caramelo &#8211; mas n\u00e3o tipos torrados &#8211; podem ser encontradas. Para adicionar ainda mais diversidade, as cervejas Saison modernas \u00e0s vezes s\u00e3o produzidas por fermenta\u00e7\u00f5es mistas.<\/p>\n<p>Historicamente, as &#039;fermenta\u00e7\u00f5es puras&#039; eram naturalmente escassas e hoje, os cervejeiros est\u00e3o voltando a esses tempos antigos adicionando intencionalmente &#039;leveduras selvagens&#039; (como <em>Brettanomyces)<\/em> nas etapas de fermenta\u00e7\u00e3o principal e \/ ou fermenta\u00e7\u00e3o secund\u00e1ria.<\/p>\n<p>Embora n\u00e3o seja t\u00edpico para este estilo (j\u00e1 que preferiria ser considerada uma &#039;cerveja selvagem&#039; ou poderia se enquadrar nas categorias de cerveja fermentada mista), esses microrganismos certamente adicionar\u00e3o outras camadas de complexidade dentro do sabor picante, frutado e car\u00e1ter descolado nesta categoria.<\/p>\n<p>Finalmente, a regra \u00e9: se voc\u00ea quer ser criativo e brincar com o incr\u00edvel mundo do fermento de cerveja e ingredientes saborosos, o estilo Saison pode ser aquele em que voc\u00ea pode destilar o melhor da sua imagina\u00e7\u00e3o!<\/p>\n<\/div><\/div><\/div>\n\t<div id=\"gap-1561669458\" class=\"gap-element clearfix\" style=\"display:block; height:auto;\">\n\t\t\n<style>\n#gap-1561669458 {\n  padding-top: 30px;\n}\n<\/style>\n\t<\/div>\n\t\n<div class=\"container section-title-container\" ><h3 class=\"section-title section-title-center\"><b aria-hidden=\"true\"><\/b><span class=\"section-title-main\" style=\"font-size:115%;\">Sugest\u00f5es de fermento estilo Saison<\/span><b aria-hidden=\"true\"><\/b><\/h3><\/div>\n\t\n  \n    <div class=\"row large-columns-&quot;3&quot; medium-columns- small-columns- row-&quot;xsmall&quot;\" >\n  \n\t     <div class=\"col\" >\n\t\t\t\t\t\t<div class=\"col-inner\">\n\t\t\t\t\t\t\n<div class=\"badge-container absolute left top z-1\">\n\n<\/div>\n\t\t\t\t\t\t<div class=\"product-small box has-hover box-&quot;bounce&quot; box-text-bottom\">\n\t\t\t\t\t\t\t<div class=\"box-image\" >\n\t\t\t\t\t\t\t\t<div class=\"\" >\n\t\t\t\t\t\t\t\t\t<a href=\"https:\/\/fermentis.com\/pt-br\/produto\/safale-wb-06\/\" aria-label=\"SafAle\u2122 WB-06\">\n\t\t\t\t\t\t\t\t\t\t<img loading=\"lazy\" decoding=\"async\" width=\"300\" height=\"300\" src=\"https:\/\/cdn.bfldr.com\/G7S7MSWL\/at\/53hwhmqw9xkwtrkcvqsmnv27\/SafAleTM_WB-06_All_.jpg?auto=webp&amp;format=png\" class=\"attachment-woocommerce_thumbnail size-woocommerce_thumbnail\" alt=\"SafAle\u2122 WB-06\" title=\"SafAle\u2122 WB-06\" \/>\t\t\t\t\t\t\t\t\t<\/a>\n\t\t\t\t\t\t\t\t\t\t\t\t\t\t\t\t\t\t \t\t\t\t\t\t\t\t<\/div>\n\t\t\t\t\t\t\t\t<div class=\"image-tools top right show-on-hover\">\n\t\t\t\t\t\t\t\t\t\t\t\t\t\t\t\t\t<\/div>\n\t\t\t\t\t\t\t\t\t\t\t\t\t\t\t\t\t<div class=\"image-tools grid-tools text-center hide-for-small bottom hover-slide-in show-on-hover\">\n\t\t\t\t\t\t\t\t\t\t\t\t\t\t\t\t\t\t\t<\/div>\n\t\t\t\t\t\t\t\t\t\t\t\t\t\t\t\t\t\t\t\t\t\t\t<\/div>\n\n\t\t\t\t\t\t\t<div class=\"box-text text-center\" >\n\t\t\t\t\t\t\t\t<div class=\"title-wrapper\"><p class=\"name product-title woocommerce-loop-product__title\"><a href=\"https:\/\/fermentis.com\/pt-br\/produto\/safale-wb-06\/\" class=\"woocommerce-LoopProduct-link woocommerce-loop-product__link\">SafAle\u2122 WB-06<\/a><\/p><\/div><div class=\"price-wrapper\">\n<\/div>\t\t<p class=\"box-excerpt is-small\">\n\t\t\tA solu\u00e7\u00e3o perfeita para cervejas \u00e0 base de trigo\t\t<\/p>\n\t\t\t\t\t\t\t\t\t<\/div>\n\t\t\t\t\t\t<\/div>\n\t\t\t\t\t\t<\/div>\n\t\t\t\t\t<\/div><\/div>\n\t<div id=\"gap-1093179652\" class=\"gap-element clearfix\" style=\"display:block; height:auto;\">\n\t\t\n<style>\n#gap-1093179652 {\n  padding-top: 30px;\n}\n<\/style>\n\t<\/div>\n\t\n<p><em>Nossas recomenda\u00e7\u00f5es de levedura servem apenas como um guia para ajud\u00e1-lo a escolher a cepa certa de nossa linha. \u00c9 perfeitamente poss\u00edvel preparar um estilo espec\u00edfico de cerveja com uma variedade diferente: sinta-se \u00e0 vontade para experimentar e ser criativo! <\/em><\/p>\n","protected":false},"excerpt":{"rendered":"<p>Uma cerveja sazonal belga<\/p>\n","protected":false},"featured_media":470651,"comment_status":"closed","ping_status":"closed","template":"","meta":{"_acf_changed":false},"product_brand":[],"product_cat":[2808],"product_tag":[2810,2811,2812],"class_list":{"0":"post-44246","1":"product","2":"type-product","3":"status-publish","4":"has-post-thumbnail","6":"product_cat-beer-styles-pt-br","7":"product_tag-farmhouse-pt-br","8":"product_tag-farmhouse-ale-pt-br","9":"product_tag-saison-pt-br","10":"pa_alcohol-tolerance-10-pt-br","11":"pa_alcohol-tolerance-11-pt-br","12":"pa_alcohol-tolerance-12-pt-br","13":"pa_alcohol-tolerance-13-pt-br","14":"pa_alcohol-tolerance-9-pt-br","15":"pa_apparent-attenuation-80-pt-br","16":"pa_apparent-attenuation-81-pt-br","17":"pa_apparent-attenuation-82-pt-br","18":"pa_apparent-attenuation-83-pt-br","19":"pa_apparent-attenuation-84-pt-br","20":"pa_beer-style-pils-and-special-lager-pt-br","21":"pa_phenolic-off-flavor-negative-pt-br","22":"pa_sedimentation-fast-pt-br","23":"pa_total-esters-low-pt-br","24":"pa_total-superior-alcohols-low-pt-br","25":"pa_yeast-variety-saccharomyces-pastorianus-pt-br","27":"first","28":"instock","29":"shipping-taxable","30":"product-type-simple"},"acf":[],"yoast_head":"<!-- This site is optimized with the Yoast SEO Premium plugin v27.4 (Yoast SEO v27.4) - https:\/\/yoast.com\/product\/yoast-seo-premium-wordpress\/ -->\n<title>Levedura seca para cervejas belgas estilo Saison - Fermentis<\/title>\n<meta name=\"description\" content=\"A Fermentis oferece uma variedade de excelentes cepas de levedura para a cerveja estilo Belgian Saison - uma cerveja seca e refrescante do tipo farmhouse ale.\" \/>\n<meta name=\"robots\" content=\"index, follow, max-snippet:-1, max-image-preview:large, max-video-preview:-1\" \/>\n<link rel=\"canonical\" href=\"https:\/\/fermentis.com\/pt-br\/produto\/saison-beers\/\" \/>\n<meta property=\"og:locale\" content=\"pt_BR\" \/>\n<meta property=\"og:type\" content=\"article\" \/>\n<meta property=\"og:title\" content=\"Saison - estilo Farmhouse Ale\" \/>\n<meta property=\"og:description\" content=\"A Fermentis oferece uma variedade de excelentes cepas de levedura para a cerveja estilo Belgian Saison - uma cerveja seca e refrescante do tipo farmhouse ale.\" \/>\n<meta property=\"og:url\" content=\"https:\/\/fermentis.com\/pt-br\/produto\/saison-beers\/\" \/>\n<meta property=\"og:site_name\" content=\"Fermentis\" \/>\n<meta property=\"article:publisher\" content=\"https:\/\/www.facebook.com\/Fermentis\" \/>\n<meta property=\"article:modified_time\" content=\"2026-04-20T14:28:27+00:00\" \/>\n<meta property=\"og:image\" content=\"https:\/\/cdn.bfldr.com\/G7S7MSWL\/at\/53hwhmqw9xkwtrkcvqsmnv27\/SafAleTM_WB-06_All_.jpg?auto=webp&format=png\" \/><meta property=\"og:image\" content=\"https:\/\/cdn.bfldr.com\/G7S7MSWL\/at\/53hwhmqw9xkwtrkcvqsmnv27\/SafAleTM_WB-06_All_.jpg?auto=webp&format=png\" \/>\n\t<meta property=\"og:image:width\" content=\"600\" \/>\n\t<meta property=\"og:image:height\" content=\"450\" \/>\n\t<meta property=\"og:image:type\" content=\"image\/jpeg\" \/>\n<meta name=\"twitter:card\" content=\"summary_large_image\" \/>\n<meta name=\"twitter:image\" content=\"https:\/\/cdn.bfldr.com\/G7S7MSWL\/at\/53hwhmqw9xkwtrkcvqsmnv27\/SafAleTM_WB-06_All_.jpg?auto=webp&format=png\" \/>\n<meta name=\"twitter:site\" content=\"@fermentis\" \/>\n<meta name=\"twitter:label1\" content=\"Pre\u00e7o\" \/>\n\t<meta name=\"twitter:data1\" content=\"\" \/>\n\t<meta name=\"twitter:label2\" content=\"Disponibilidade\" \/>\n\t<meta name=\"twitter:data2\" content=\"Em Estoque\" \/>\n<script type=\"application\/ld+json\" class=\"yoast-schema-graph\">{\"@context\":\"https:\\\/\\\/schema.org\",\"@graph\":[{\"@type\":\"WebPage\",\"@id\":\"https:\\\/\\\/fermentis.com\\\/pt-br\\\/produto\\\/saison-beers\\\/\",\"url\":\"https:\\\/\\\/fermentis.com\\\/pt-br\\\/produto\\\/saison-beers\\\/\",\"name\":\"Levedura seca para cervejas belgas estilo Saison - Fermentis\",\"isPartOf\":{\"@id\":\"https:\\\/\\\/fermentis.com\\\/pt-br\\\/#website\"},\"primaryImageOfPage\":{\"@id\":\"https:\\\/\\\/fermentis.com\\\/pt-br\\\/produto\\\/saison-beers\\\/#primaryimage\"},\"image\":{\"@id\":\"https:\\\/\\\/fermentis.com\\\/pt-br\\\/produto\\\/saison-beers\\\/#primaryimage\"},\"thumbnailUrl\":\"https:\\\/\\\/fermentis.com\\\/wp-content\\\/uploads\\\/2020\\\/10\\\/Beerstyle_Plan-de-travail-1-04-1.jpg\",\"datePublished\":\"2020-10-20T08:32:02+00:00\",\"dateModified\":\"2026-04-20T14:28:27+00:00\",\"description\":\"A Fermentis oferece uma variedade de excelentes cepas de levedura para a cerveja estilo Belgian Saison - uma cerveja seca e refrescante do tipo farmhouse ale.\",\"breadcrumb\":{\"@id\":\"https:\\\/\\\/fermentis.com\\\/pt-br\\\/produto\\\/saison-beers\\\/#breadcrumb\"},\"inLanguage\":\"pt-BR\",\"potentialAction\":[{\"@type\":\"ReadAction\",\"target\":[\"https:\\\/\\\/fermentis.com\\\/pt-br\\\/produto\\\/saison-beers\\\/\"]}]},{\"@type\":\"ImageObject\",\"inLanguage\":\"pt-BR\",\"@id\":\"https:\\\/\\\/fermentis.com\\\/pt-br\\\/produto\\\/saison-beers\\\/#primaryimage\",\"url\":\"https:\\\/\\\/fermentis.com\\\/wp-content\\\/uploads\\\/2020\\\/10\\\/Beerstyle_Plan-de-travail-1-04-1.jpg\",\"contentUrl\":\"https:\\\/\\\/fermentis.com\\\/wp-content\\\/uploads\\\/2020\\\/10\\\/Beerstyle_Plan-de-travail-1-04-1.jpg\",\"width\":600,\"height\":450},{\"@type\":\"BreadcrumbList\",\"@id\":\"https:\\\/\\\/fermentis.com\\\/pt-br\\\/produto\\\/saison-beers\\\/#breadcrumb\",\"itemListElement\":[{\"@type\":\"ListItem\",\"position\":1,\"name\":\"Home\",\"item\":\"https:\\\/\\\/fermentis.com\\\/pt-br\\\/\"},{\"@type\":\"ListItem\",\"position\":2,\"name\":\"Produtos\"},{\"@type\":\"ListItem\",\"position\":3,\"name\":\"Beer styles\",\"item\":\"https:\\\/\\\/fermentis.com\\\/pt-br\\\/fermentation\\\/beer-styles-pt-br\\\/\"},{\"@type\":\"ListItem\",\"position\":4,\"name\":\"Saison &#8211; estilo Farmhouse Ale\"}]},{\"@type\":\"WebSite\",\"@id\":\"https:\\\/\\\/fermentis.com\\\/pt-br\\\/#website\",\"url\":\"https:\\\/\\\/fermentis.com\\\/pt-br\\\/\",\"name\":\"Fermentis\",\"description\":\"Un site utilisant WordPress\",\"publisher\":{\"@id\":\"https:\\\/\\\/fermentis.com\\\/pt-br\\\/#organization\"},\"potentialAction\":[{\"@type\":\"SearchAction\",\"target\":{\"@type\":\"EntryPoint\",\"urlTemplate\":\"https:\\\/\\\/fermentis.com\\\/pt-br\\\/?s={search_term_string}\"},\"query-input\":{\"@type\":\"PropertyValueSpecification\",\"valueRequired\":true,\"valueName\":\"search_term_string\"}}],\"inLanguage\":\"pt-BR\"},{\"@type\":\"Organization\",\"@id\":\"https:\\\/\\\/fermentis.com\\\/pt-br\\\/#organization\",\"name\":\"Fermentis\",\"url\":\"https:\\\/\\\/fermentis.com\\\/pt-br\\\/\",\"logo\":{\"@type\":\"ImageObject\",\"inLanguage\":\"pt-BR\",\"@id\":\"https:\\\/\\\/fermentis.com\\\/pt-br\\\/#\\\/schema\\\/logo\\\/image\\\/\",\"url\":\"https:\\\/\\\/fermentis.com\\\/wp-content\\\/uploads\\\/2021\\\/07\\\/Logo-Fermentis-5.png\",\"contentUrl\":\"https:\\\/\\\/fermentis.com\\\/wp-content\\\/uploads\\\/2021\\\/07\\\/Logo-Fermentis-5.png\",\"width\":308,\"height\":95,\"caption\":\"Fermentis\"},\"image\":{\"@id\":\"https:\\\/\\\/fermentis.com\\\/pt-br\\\/#\\\/schema\\\/logo\\\/image\\\/\"},\"sameAs\":[\"https:\\\/\\\/www.facebook.com\\\/Fermentis\",\"https:\\\/\\\/x.com\\\/fermentis\",\"https:\\\/\\\/www.instagram.com\\\/fermentisbylesaffre\\\/\",\"https:\\\/\\\/www.linkedin.com\\\/company\\\/fermentis\\\/\",\"https:\\\/\\\/www.youtube.com\\\/channel\\\/UCt_Lp3IZnUNXZeqSi6iiAdA\"]}]}<\/script>\n<meta property=\"product:price:currency\" content=\"GBP\" \/>\n<meta property=\"og:availability\" content=\"instock\" \/>\n<meta property=\"product:availability\" content=\"instock\" \/>\n<meta property=\"product:condition\" content=\"new\" \/>\n<!-- \/ Yoast SEO Premium plugin. -->","yoast_head_json":{"title":"Levedura seca para cervejas belgas estilo Saison - Fermentis","description":"A Fermentis oferece uma variedade de excelentes cepas de levedura para a cerveja estilo Belgian Saison - uma cerveja seca e refrescante do tipo farmhouse ale.","robots":{"index":"index","follow":"follow","max-snippet":"max-snippet:-1","max-image-preview":"max-image-preview:large","max-video-preview":"max-video-preview:-1"},"canonical":"https:\/\/fermentis.com\/pt-br\/produto\/saison-beers\/","og_locale":"pt_BR","og_type":"article","og_title":"Saison - estilo Farmhouse Ale","og_description":"A Fermentis oferece uma variedade de excelentes cepas de levedura para a cerveja estilo Belgian Saison - uma cerveja seca e refrescante do tipo farmhouse ale.","og_url":"https:\/\/fermentis.com\/pt-br\/produto\/saison-beers\/","og_site_name":"Fermentis","article_publisher":"https:\/\/www.facebook.com\/Fermentis","article_modified_time":"2026-04-20T14:28:27+00:00","og_image":[{"url":"https:\/\/cdn.bfldr.com\/G7S7MSWL\/at\/53hwhmqw9xkwtrkcvqsmnv27\/SafAleTM_WB-06_All_.jpg?auto=webp&format=png","type":"","width":"","height":""},{"width":600,"height":450,"url":"https:\/\/cdn.bfldr.com\/G7S7MSWL\/at\/53hwhmqw9xkwtrkcvqsmnv27\/SafAleTM_WB-06_All_.jpg?auto=webp&format=png","type":"image\/jpeg"}],"twitter_card":"summary_large_image","twitter_image":"https:\/\/cdn.bfldr.com\/G7S7MSWL\/at\/53hwhmqw9xkwtrkcvqsmnv27\/SafAleTM_WB-06_All_.jpg?auto=webp&format=png","twitter_site":"@fermentis","twitter_misc":{"Pre\u00e7o":"","Disponibilidade":"Em Estoque"},"schema":{"@context":"https:\/\/schema.org","@graph":[{"@type":"WebPage","@id":"https:\/\/fermentis.com\/pt-br\/produto\/saison-beers\/","url":"https:\/\/fermentis.com\/pt-br\/produto\/saison-beers\/","name":"Levedura seca para cervejas belgas estilo Saison - Fermentis","isPartOf":{"@id":"https:\/\/fermentis.com\/pt-br\/#website"},"primaryImageOfPage":{"@id":"https:\/\/fermentis.com\/pt-br\/produto\/saison-beers\/#primaryimage"},"image":{"@id":"https:\/\/fermentis.com\/pt-br\/produto\/saison-beers\/#primaryimage"},"thumbnailUrl":"https:\/\/fermentis.com\/wp-content\/uploads\/2020\/10\/Beerstyle_Plan-de-travail-1-04-1.jpg","datePublished":"2020-10-20T08:32:02+00:00","dateModified":"2026-04-20T14:28:27+00:00","description":"A Fermentis oferece uma variedade de excelentes cepas de levedura para a cerveja estilo Belgian Saison - uma cerveja seca e refrescante do tipo farmhouse ale.","breadcrumb":{"@id":"https:\/\/fermentis.com\/pt-br\/produto\/saison-beers\/#breadcrumb"},"inLanguage":"pt-BR","potentialAction":[{"@type":"ReadAction","target":["https:\/\/fermentis.com\/pt-br\/produto\/saison-beers\/"]}]},{"@type":"ImageObject","inLanguage":"pt-BR","@id":"https:\/\/fermentis.com\/pt-br\/produto\/saison-beers\/#primaryimage","url":"https:\/\/fermentis.com\/wp-content\/uploads\/2020\/10\/Beerstyle_Plan-de-travail-1-04-1.jpg","contentUrl":"https:\/\/fermentis.com\/wp-content\/uploads\/2020\/10\/Beerstyle_Plan-de-travail-1-04-1.jpg","width":600,"height":450},{"@type":"BreadcrumbList","@id":"https:\/\/fermentis.com\/pt-br\/produto\/saison-beers\/#breadcrumb","itemListElement":[{"@type":"ListItem","position":1,"name":"Home","item":"https:\/\/fermentis.com\/pt-br\/"},{"@type":"ListItem","position":2,"name":"Produtos"},{"@type":"ListItem","position":3,"name":"Beer styles","item":"https:\/\/fermentis.com\/pt-br\/fermentation\/beer-styles-pt-br\/"},{"@type":"ListItem","position":4,"name":"Saison &#8211; estilo Farmhouse Ale"}]},{"@type":"WebSite","@id":"https:\/\/fermentis.com\/pt-br\/#website","url":"https:\/\/fermentis.com\/pt-br\/","name":"Fermentis","description":"Un site utilisant WordPress","publisher":{"@id":"https:\/\/fermentis.com\/pt-br\/#organization"},"potentialAction":[{"@type":"SearchAction","target":{"@type":"EntryPoint","urlTemplate":"https:\/\/fermentis.com\/pt-br\/?s={search_term_string}"},"query-input":{"@type":"PropertyValueSpecification","valueRequired":true,"valueName":"search_term_string"}}],"inLanguage":"pt-BR"},{"@type":"Organization","@id":"https:\/\/fermentis.com\/pt-br\/#organization","name":"Fermentis","url":"https:\/\/fermentis.com\/pt-br\/","logo":{"@type":"ImageObject","inLanguage":"pt-BR","@id":"https:\/\/fermentis.com\/pt-br\/#\/schema\/logo\/image\/","url":"https:\/\/fermentis.com\/wp-content\/uploads\/2021\/07\/Logo-Fermentis-5.png","contentUrl":"https:\/\/fermentis.com\/wp-content\/uploads\/2021\/07\/Logo-Fermentis-5.png","width":308,"height":95,"caption":"Fermentis"},"image":{"@id":"https:\/\/fermentis.com\/pt-br\/#\/schema\/logo\/image\/"},"sameAs":["https:\/\/www.facebook.com\/Fermentis","https:\/\/x.com\/fermentis","https:\/\/www.instagram.com\/fermentisbylesaffre\/","https:\/\/www.linkedin.com\/company\/fermentis\/","https:\/\/www.youtube.com\/channel\/UCt_Lp3IZnUNXZeqSi6iiAdA"]}]},"product_price_currency":"GBP","og_availability":"instock","product_availability":"instock","product_condition":"new"},"_links":{"self":[{"href":"https:\/\/fermentis.com\/pt-br\/wp-json\/wp\/v2\/product\/44246","targetHints":{"allow":["GET"]}}],"collection":[{"href":"https:\/\/fermentis.com\/pt-br\/wp-json\/wp\/v2\/product"}],"about":[{"href":"https:\/\/fermentis.com\/pt-br\/wp-json\/wp\/v2\/types\/product"}],"replies":[{"embeddable":true,"href":"https:\/\/fermentis.com\/pt-br\/wp-json\/wp\/v2\/comments?post=44246"}],"wp:featuredmedia":[{"embeddable":true,"href":"https:\/\/fermentis.com\/pt-br\/wp-json\/wp\/v2\/media\/470651"}],"wp:attachment":[{"href":"https:\/\/fermentis.com\/pt-br\/wp-json\/wp\/v2\/media?parent=44246"}],"wp:term":[{"taxonomy":"product_brand","embeddable":true,"href":"https:\/\/fermentis.com\/pt-br\/wp-json\/wp\/v2\/product_brand?post=44246"},{"taxonomy":"product_cat","embeddable":true,"href":"https:\/\/fermentis.com\/pt-br\/wp-json\/wp\/v2\/product_cat?post=44246"},{"taxonomy":"product_tag","embeddable":true,"href":"https:\/\/fermentis.com\/pt-br\/wp-json\/wp\/v2\/product_tag?post=44246"}],"curies":[{"name":"wp","href":"https:\/\/api.w.org\/{rel}","templated":true}]}}