{"id":44250,"date":"2020-02-14T00:00:00","date_gmt":"2020-02-13T23:00:00","guid":{"rendered":"https:\/\/fermentis.com\/product\/neipa-new-england-ipa\/"},"modified":"2026-04-20T21:19:14","modified_gmt":"2026-04-20T19:19:14","slug":"neipa-new-england-ipa","status":"publish","type":"product","link":"https:\/\/fermentis.com\/pt-br\/produto\/neipa-new-england-ipa\/","title":{"rendered":"NEIPA &#8211; IPA da Nova Inglaterra"},"content":{"rendered":"<div class=\"container section-title-container\" ><h2 class=\"section-title section-title-center\"><b aria-hidden=\"true\"><\/b><span class=\"section-title-main\" style=\"font-size:115%;\">O suculento e Cerveja frutada<\/span><b aria-hidden=\"true\"><\/b><\/h2><\/div>\n<p>New England IPA (tamb\u00e9m conhecido como <a href=\"https:\/\/fermentis.com\/en\/news\/fermentation\/beer-brewing\/hazy-ipa-rethink-this-ipa-beer-style\/\">Hazy IPA<\/a>) \u00e9 um estilo novo e moderno da fam\u00edlia IPA (uma fam\u00edlia de cervejas conhecidas principalmente como muito lupuladas e principalmente amargas). As cervejas NEIPA exibem muitos aspectos sensoriais que variam dos IPAs convencionais. A melhor maneira de descrev\u00ea-lo pode ser que seja uma &quot;cerveja suculenta&quot;. Mesmo que possa variar de 5 a 7% ABV, beber uma cerveja NEIPA \u00e9 quase como beber um suco de frutas rico e fresco, pois o l\u00fapulo e o fermento contribuem para a produ\u00e7\u00e3o desses sabores frutados.<\/p>\n\t<div id=\"gap-1887241524\" class=\"gap-element clearfix\" style=\"display:block; height:auto;\">\n\t\t\n<style>\n#gap-1887241524 {\n  padding-top: 30px;\n}\n<\/style>\n\t<\/div>\n\t\n<div class=\"container section-title-container\" ><h3 class=\"section-title section-title-center\"><b aria-hidden=\"true\"><\/b><span class=\"section-title-main\" style=\"font-size:115%;\">Recursos do New England IPA<\/span><b aria-hidden=\"true\"><\/b><\/h3><\/div>\n\n\t\t<div class=\"tabbed-content\">\n\t\t\t\n\t\t\t<ul class=\"nav nav-tabs nav-uppercase nav-size-normal nav-left\" role=\"tablist\"><li id=\"tab-estilo-de-cerveja\" class=\"tab active has-icon\" role=\"presentation\"><a href=\"#tab_estilo-de-cerveja\" role=\"tab\" aria-selected=\"true\" aria-controls=\"tab_estilo-de-cerveja\"><span>Estilo de cerveja<\/span><\/a><\/li>\n<li id=\"tab-como-\u00e9-fabricado\" class=\"tab has-icon\" role=\"presentation\"><a href=\"#tab_como-\u00e9-fabricado\" tabindex=\"-1\" role=\"tab\" aria-selected=\"false\" aria-controls=\"tab_como-\u00e9-fabricado\"><span>Como \u00e9 fabricado<\/span><\/a><\/li>\n<li id=\"tab-impacto-da-levedura\" class=\"tab has-icon\" role=\"presentation\"><a href=\"#tab_impacto-da-levedura\" tabindex=\"-1\" role=\"tab\" aria-selected=\"false\" aria-controls=\"tab_impacto-da-levedura\"><span>IMPACTO DA LEVEDURA<\/span><\/a><\/li><\/ul><div class=\"tab-panels\"><div id=\"tab_estilo-de-cerveja\" class=\"panel active entry-content\" role=\"tabpanel\" aria-labelledby=\"tab-estilo-de-cerveja\">\n<h4>Caracter\u00edsticas gerais da cerveja NEIPA<\/h4>\n<p>New England IPA \u00e9 um estilo novo e moderno da fam\u00edlia IPA (uma fam\u00edlia de cervejas conhecidas principalmente como muito lupuladas e principalmente amargas). As cervejas NEIPA exibem muitos aspectos sensoriais que variam dos IPAs convencionais. A melhor maneira de descrev\u00ea-lo pode ser que seja uma &quot;cerveja suculenta&quot;. Mesmo que possa variar de 5 a 7% ABV, beber uma cerveja NEIPA \u00e9 quase como beber um suco de frutas rico e fresco, pois o l\u00fapulo e o fermento contribuem para a produ\u00e7\u00e3o desses sabores frutados.<\/p>\n<p>A nebulosidade tamb\u00e9m \u00e9 uma caracter\u00edstica importante desse estilo de cerveja, consequ\u00eancia de sua composi\u00e7\u00e3o particular de ingredientes. Este tipo de cerveja \u00e9 geralmente de cor p\u00e1lida e apresenta um car\u00e1ter de malte suave e neutro, permitindo que seus sabores frutados de l\u00fapulo dominem, com uma intensidade distintamente fresca.<\/p>\n<p>Com um NEIPA, voc\u00ea pode esperar sabores de l\u00fapulo da fam\u00edlia das frutas tropicais, como manga, abacaxi, maracuj\u00e1 e goiaba, al\u00e9m de sabores de frutas c\u00edtricas, como laranja, lim\u00e3o e tangerina. Voc\u00ea pode at\u00e9 detectar algum car\u00e1ter de fruta de caro\u00e7o, como p\u00eassego e damasco. E \u00e9 tudo sobre os aromas do l\u00fapulo, que n\u00e3o s\u00e3o necessariamente amargos. Ao contr\u00e1rio de outros estilos IPA, o NEIPA tende a ter intensidade amarga moderada a baixa, com um final suave. Por fim, o corpo da cerveja desempenha um papel importante, o que precisa ser feito para apoiar a sensa\u00e7\u00e3o suculenta. Como resultado, voc\u00ea obt\u00e9m uma cerveja muito arom\u00e1tica, saborosa e altamente pot\u00e1vel.<\/p>\n<\/div>\n<div id=\"tab_como-\u00e9-fabricado\" class=\"panel entry-content\" role=\"tabpanel\" aria-labelledby=\"tab-como-\u00e9-fabricado\">\n<h3>Dicas de fabrica\u00e7\u00e3o de cerveja NEIPA<\/h3>\n<p>Normalmente, voc\u00ea deve usar cevada maltada, bem como aveia e trigo, porque todos contribuem para o car\u00e1ter cremoso, o corpo e a turva\u00e7\u00e3o da cerveja. Nossa segunda recomenda\u00e7\u00e3o \u00e9 considerar uma carga bastante importante de l\u00fapulo (0,5 \u2013 1,5 kg\/hl) apenas em adi\u00e7\u00f5es tardias de l\u00fapulo (salto tardio e dry hopping sem adi\u00e7\u00e3o ou com adi\u00e7\u00e3o limitada de l\u00fapulo durante a fervura). Sugerimos usar principalmente variedades de l\u00fapulo frutado (citra, simcoe, mosaico, gal\u00e1xia, amarillo, el dorado, etc.). E, claro, sempre use a cepa de levedura certa!<\/p>\n<\/div>\n<div id=\"tab_impacto-da-levedura\" class=\"panel entry-content\" role=\"tabpanel\" aria-labelledby=\"tab-impacto-da-levedura\">\n<h3>Impacto da levedura nas cervejas estilo NEIPA<\/h3>\n<p>O impacto da levedura na express\u00e3o do sabor do l\u00fapulo \u00e9 um t\u00f3pico novo e empolgante! Estudamos em profundidade o impacto de diferentes cepas de levedura na express\u00e3o do sabor FEIPA. A levedura pode afet\u00e1-lo de diferentes maneiras, n\u00e3o apenas em sabores neutros: como a levedura afeta a produ\u00e7\u00e3o e a contribui\u00e7\u00e3o para sabores frutados &#8211; e v\u00e1rias outras intera\u00e7\u00f5es &#8211; pode ser significativo. Na verdade, a levedura n\u00e3o apenas desempenhar\u00e1 um papel direto na forma\u00e7\u00e3o do sabor, mas tamb\u00e9m pode melhorar a libera\u00e7\u00e3o de alguns sabores importantes de l\u00fapulo dos precursores. Para resumir, a levedura pode favorecer o car\u00e1ter de l\u00fapulo da cerveja, produzindo, liberando ou interagindo com importantes compostos arom\u00e1ticos de l\u00fapulo. A levedura tamb\u00e9m tem um papel importante no corpo da cerveja; Seu perfil de suspens\u00e3o ou consumo de a\u00e7\u00facar pode contribuir para a sensa\u00e7\u00e3o na boca da cerveja, principalmente neste estilo com seu car\u00e1ter &quot;suculento&quot;.<\/p>\n<\/div><\/div><\/div>\n\t<div id=\"gap-935490083\" class=\"gap-element clearfix\" style=\"display:block; height:auto;\">\n\t\t\n<style>\n#gap-935490083 {\n  padding-top: 30px;\n}\n<\/style>\n\t<\/div>\n\t\n<div class=\"container section-title-container\" ><h3 class=\"section-title section-title-center\"><b aria-hidden=\"true\"><\/b><span class=\"section-title-main\" style=\"font-size:115%;\">Sugest\u00f5es de levedura IPA da Nova Inglaterra<\/span><b aria-hidden=\"true\"><\/b><\/h3><\/div>\n\t\n  \n    <div class=\"row large-columns-&quot;3&quot; medium-columns- small-columns- row-&quot;xsmall&quot;\" >\n  \n\t     <div class=\"col\" data-animate=\"&quot;fadeInUp&quot;\">\n\t\t\t\t\t\t<div class=\"col-inner\">\n\t\t\t\t\t\t\n<div class=\"badge-container absolute left top z-1\">\n\n<\/div>\n\t\t\t\t\t\t<div class=\"product-small box has-hover box-&quot;bounce&quot; box-text-bottom\">\n\t\t\t\t\t\t\t<div class=\"box-image\" >\n\t\t\t\t\t\t\t\t<div class=\"\" >\n\t\t\t\t\t\t\t\t\t<a href=\"https:\/\/fermentis.com\/pt-br\/produto\/safale-s-04\/\" aria-label=\"SafAle\u2122 S-04\">\n\t\t\t\t\t\t\t\t\t\t<img loading=\"lazy\" decoding=\"async\" width=\"300\" height=\"300\" src=\"https:\/\/cdn.bfldr.com\/G7S7MSWL\/at\/s43q8xcwfk84bkb7fhznx85\/SafAleTM_S-134_All_.jpg?auto=webp&amp;format=png\" class=\"attachment-woocommerce_thumbnail size-woocommerce_thumbnail\" alt=\"SafAle\u2122 S-04\" title=\"SafAle\u2122 S-04\" \/>\t\t\t\t\t\t\t\t\t<\/a>\n\t\t\t\t\t\t\t\t\t\t\t\t\t\t\t\t\t\t \t\t\t\t\t\t\t\t<\/div>\n\t\t\t\t\t\t\t\t<div class=\"image-tools top right show-on-hover\">\n\t\t\t\t\t\t\t\t\t\t\t\t\t\t\t\t\t<\/div>\n\t\t\t\t\t\t\t\t\t\t\t\t\t\t\t\t\t<div class=\"image-tools grid-tools text-center hide-for-small bottom hover-slide-in show-on-hover\">\n\t\t\t\t\t\t\t\t\t\t\t\t\t\t\t\t\t\t\t<\/div>\n\t\t\t\t\t\t\t\t\t\t\t\t\t\t\t\t\t\t\t\t\t\t\t<\/div>\n\n\t\t\t\t\t\t\t<div class=\"box-text text-center\" >\n\t\t\t\t\t\t\t\t<div class=\"title-wrapper\"><p class=\"name product-title woocommerce-loop-product__title\"><a href=\"https:\/\/fermentis.com\/pt-br\/produto\/safale-s-04\/\" class=\"woocommerce-LoopProduct-link woocommerce-loop-product__link\">SafAle\u2122 S-04<\/a><\/p><\/div><div class=\"price-wrapper\">\n<\/div>\t\t<p class=\"box-excerpt is-small\">\n\t\t\tA levedura ideal para cervejas inglesas e americanas, com notas frutadas equilibradas\t\t<\/p>\n\t\t\t\t\t\t\t\t\t<\/div>\n\t\t\t\t\t\t<\/div>\n\t\t\t\t\t\t<\/div>\n\t\t\t\t\t<\/div><\/div>\n\t<div id=\"gap-1562103190\" class=\"gap-element clearfix\" style=\"display:block; height:auto;\">\n\t\t\n<style>\n#gap-1562103190 {\n  padding-top: 30px;\n}\n<\/style>\n\t<\/div>\n\t\n<p><em>Nossas recomenda\u00e7\u00f5es de levedura servem apenas como um guia para ajud\u00e1-lo a escolher a cepa certa de nossa linha. \u00c9 perfeitamente poss\u00edvel preparar um estilo espec\u00edfico de cerveja com uma variedade diferente: sinta-se \u00e0 vontade para experimentar e ser criativo! <\/em><\/p>\n","protected":false},"excerpt":{"rendered":"<p>A suculenta India Pale Ale<\/p>\n","protected":false},"featured_media":470663,"comment_status":"closed","ping_status":"closed","template":"","meta":{"_acf_changed":false},"product_brand":[],"product_cat":[2808,2813],"product_tag":[2815,2816,2817],"class_list":{"0":"post-44250","1":"product","2":"type-product","3":"status-publish","4":"has-post-thumbnail","6":"product_cat-beer-styles-pt-br","7":"product_cat-ipa-pt-br","8":"product_tag-ipa-pt-br","9":"product_tag-neipa-pt-br","10":"product_tag-new-england-ipa-pt-br","11":"pa_alcohol-tolerance-10-pt-br","12":"pa_alcohol-tolerance-11-pt-br","13":"pa_alcohol-tolerance-12-pt-br","14":"pa_alcohol-tolerance-13-pt-br","15":"pa_alcohol-tolerance-9-pt-br","16":"pa_apparent-attenuation-80-pt-br","17":"pa_apparent-attenuation-81-pt-br","18":"pa_apparent-attenuation-82-pt-br","19":"pa_apparent-attenuation-83-pt-br","20":"pa_apparent-attenuation-84-pt-br","21":"pa_beer-style-pils-and-special-lager-pt-br","22":"pa_phenolic-off-flavor-negative-pt-br","23":"pa_sedimentation-fast-pt-br","24":"pa_total-esters-low-pt-br","25":"pa_total-superior-alcohols-low-pt-br","26":"pa_yeast-variety-saccharomyces-pastorianus-pt-br","28":"first","29":"instock","30":"shipping-taxable","31":"product-type-simple"},"acf":[],"yoast_head":"<!-- This site is optimized with the Yoast SEO Premium plugin v27.4 (Yoast SEO v27.4) - https:\/\/yoast.com\/product\/yoast-seo-premium-wordpress\/ -->\n<title>Melhor levedura para New England IPA - NEIPA - Fermentis<\/title>\n<meta name=\"description\" content=\"Quais s\u00e3o as melhores cepas de levedura seca ativa da Fermentis para fazer cervejas New England IPA, um dos estilos de cerveja mais populares? Descubra aqui!\" \/>\n<meta name=\"robots\" content=\"index, follow, max-snippet:-1, max-image-preview:large, max-video-preview:-1\" \/>\n<link rel=\"canonical\" href=\"https:\/\/fermentis.com\/pt-br\/produto\/neipa-new-england-ipa\/\" \/>\n<meta property=\"og:locale\" content=\"pt_BR\" \/>\n<meta property=\"og:type\" content=\"article\" \/>\n<meta property=\"og:title\" content=\"NEIPA - IPA da Nova Inglaterra\" \/>\n<meta property=\"og:description\" content=\"Quais s\u00e3o as melhores cepas de levedura seca ativa da Fermentis para fazer cervejas New England IPA, um dos estilos de cerveja mais populares? Descubra aqui!\" \/>\n<meta property=\"og:url\" content=\"https:\/\/fermentis.com\/pt-br\/produto\/neipa-new-england-ipa\/\" \/>\n<meta property=\"og:site_name\" content=\"Fermentis\" \/>\n<meta property=\"article:publisher\" content=\"https:\/\/www.facebook.com\/Fermentis\" \/>\n<meta property=\"article:modified_time\" content=\"2026-04-20T19:19:14+00:00\" \/>\n<meta property=\"og:image\" content=\"https:\/\/cdn.bfldr.com\/G7S7MSWL\/at\/s43q8xcwfk84bkb7fhznx85\/SafAleTM_S-134_All_.jpg?auto=webp&format=png\" \/><meta property=\"og:image\" content=\"https:\/\/cdn.bfldr.com\/G7S7MSWL\/at\/s43q8xcwfk84bkb7fhznx85\/SafAleTM_S-134_All_.jpg?auto=webp&format=png\" \/>\n\t<meta property=\"og:image:width\" content=\"600\" \/>\n\t<meta property=\"og:image:height\" content=\"450\" \/>\n\t<meta property=\"og:image:type\" content=\"image\/jpeg\" \/>\n<meta name=\"twitter:card\" content=\"summary_large_image\" \/>\n<meta name=\"twitter:image\" content=\"https:\/\/cdn.bfldr.com\/G7S7MSWL\/at\/s43q8xcwfk84bkb7fhznx85\/SafAleTM_S-134_All_.jpg?auto=webp&format=png\" \/>\n<meta name=\"twitter:site\" content=\"@fermentis\" \/>\n<meta name=\"twitter:label1\" content=\"Pre\u00e7o\" \/>\n\t<meta name=\"twitter:data1\" content=\"\" \/>\n\t<meta name=\"twitter:label2\" content=\"Disponibilidade\" \/>\n\t<meta name=\"twitter:data2\" content=\"Em Estoque\" \/>\n<script type=\"application\/ld+json\" class=\"yoast-schema-graph\">{\"@context\":\"https:\\\/\\\/schema.org\",\"@graph\":[{\"@type\":\"WebPage\",\"@id\":\"https:\\\/\\\/fermentis.com\\\/pt-br\\\/produto\\\/neipa-new-england-ipa\\\/\",\"url\":\"https:\\\/\\\/fermentis.com\\\/pt-br\\\/produto\\\/neipa-new-england-ipa\\\/\",\"name\":\"Melhor levedura para New England IPA - NEIPA - Fermentis\",\"isPartOf\":{\"@id\":\"https:\\\/\\\/fermentis.com\\\/pt-br\\\/#website\"},\"primaryImageOfPage\":{\"@id\":\"https:\\\/\\\/fermentis.com\\\/pt-br\\\/produto\\\/neipa-new-england-ipa\\\/#primaryimage\"},\"image\":{\"@id\":\"https:\\\/\\\/fermentis.com\\\/pt-br\\\/produto\\\/neipa-new-england-ipa\\\/#primaryimage\"},\"thumbnailUrl\":\"https:\\\/\\\/fermentis.com\\\/wp-content\\\/uploads\\\/2020\\\/02\\\/Beerstyle_Plan-de-travail-1-044.jpg\",\"datePublished\":\"2020-02-13T23:00:00+00:00\",\"dateModified\":\"2026-04-20T19:19:14+00:00\",\"description\":\"Quais s\u00e3o as melhores cepas de levedura seca ativa da Fermentis para fazer cervejas New England IPA, um dos estilos de cerveja mais populares? Descubra aqui!\",\"breadcrumb\":{\"@id\":\"https:\\\/\\\/fermentis.com\\\/pt-br\\\/produto\\\/neipa-new-england-ipa\\\/#breadcrumb\"},\"inLanguage\":\"pt-BR\",\"potentialAction\":[{\"@type\":\"ReadAction\",\"target\":[\"https:\\\/\\\/fermentis.com\\\/pt-br\\\/produto\\\/neipa-new-england-ipa\\\/\"]}]},{\"@type\":\"ImageObject\",\"inLanguage\":\"pt-BR\",\"@id\":\"https:\\\/\\\/fermentis.com\\\/pt-br\\\/produto\\\/neipa-new-england-ipa\\\/#primaryimage\",\"url\":\"https:\\\/\\\/fermentis.com\\\/wp-content\\\/uploads\\\/2020\\\/02\\\/Beerstyle_Plan-de-travail-1-044.jpg\",\"contentUrl\":\"https:\\\/\\\/fermentis.com\\\/wp-content\\\/uploads\\\/2020\\\/02\\\/Beerstyle_Plan-de-travail-1-044.jpg\",\"width\":600,\"height\":450},{\"@type\":\"BreadcrumbList\",\"@id\":\"https:\\\/\\\/fermentis.com\\\/pt-br\\\/produto\\\/neipa-new-england-ipa\\\/#breadcrumb\",\"itemListElement\":[{\"@type\":\"ListItem\",\"position\":1,\"name\":\"Home\",\"item\":\"https:\\\/\\\/fermentis.com\\\/pt-br\\\/\"},{\"@type\":\"ListItem\",\"position\":2,\"name\":\"Produtos\"},{\"@type\":\"ListItem\",\"position\":3,\"name\":\"Beer styles\",\"item\":\"https:\\\/\\\/fermentis.com\\\/pt-br\\\/fermentation\\\/beer-styles-pt-br\\\/\"},{\"@type\":\"ListItem\",\"position\":4,\"name\":\"IPA\",\"item\":\"https:\\\/\\\/fermentis.com\\\/pt-br\\\/fermentation\\\/beer-styles-pt-br\\\/ipa-pt-br\\\/\"},{\"@type\":\"ListItem\",\"position\":5,\"name\":\"NEIPA &#8211; IPA da Nova Inglaterra\"}]},{\"@type\":\"WebSite\",\"@id\":\"https:\\\/\\\/fermentis.com\\\/pt-br\\\/#website\",\"url\":\"https:\\\/\\\/fermentis.com\\\/pt-br\\\/\",\"name\":\"Fermentis\",\"description\":\"Un site utilisant WordPress\",\"publisher\":{\"@id\":\"https:\\\/\\\/fermentis.com\\\/pt-br\\\/#organization\"},\"potentialAction\":[{\"@type\":\"SearchAction\",\"target\":{\"@type\":\"EntryPoint\",\"urlTemplate\":\"https:\\\/\\\/fermentis.com\\\/pt-br\\\/?s={search_term_string}\"},\"query-input\":{\"@type\":\"PropertyValueSpecification\",\"valueRequired\":true,\"valueName\":\"search_term_string\"}}],\"inLanguage\":\"pt-BR\"},{\"@type\":\"Organization\",\"@id\":\"https:\\\/\\\/fermentis.com\\\/pt-br\\\/#organization\",\"name\":\"Fermentis\",\"url\":\"https:\\\/\\\/fermentis.com\\\/pt-br\\\/\",\"logo\":{\"@type\":\"ImageObject\",\"inLanguage\":\"pt-BR\",\"@id\":\"https:\\\/\\\/fermentis.com\\\/pt-br\\\/#\\\/schema\\\/logo\\\/image\\\/\",\"url\":\"https:\\\/\\\/fermentis.com\\\/wp-content\\\/uploads\\\/2021\\\/07\\\/Logo-Fermentis-5.png\",\"contentUrl\":\"https:\\\/\\\/fermentis.com\\\/wp-content\\\/uploads\\\/2021\\\/07\\\/Logo-Fermentis-5.png\",\"width\":308,\"height\":95,\"caption\":\"Fermentis\"},\"image\":{\"@id\":\"https:\\\/\\\/fermentis.com\\\/pt-br\\\/#\\\/schema\\\/logo\\\/image\\\/\"},\"sameAs\":[\"https:\\\/\\\/www.facebook.com\\\/Fermentis\",\"https:\\\/\\\/x.com\\\/fermentis\",\"https:\\\/\\\/www.instagram.com\\\/fermentisbylesaffre\\\/\",\"https:\\\/\\\/www.linkedin.com\\\/company\\\/fermentis\\\/\",\"https:\\\/\\\/www.youtube.com\\\/channel\\\/UCt_Lp3IZnUNXZeqSi6iiAdA\"]}]}<\/script>\n<meta property=\"product:price:currency\" content=\"GBP\" \/>\n<meta property=\"og:availability\" content=\"instock\" \/>\n<meta property=\"product:availability\" content=\"instock\" \/>\n<meta property=\"product:condition\" content=\"new\" \/>\n<!-- \/ Yoast SEO Premium plugin. -->","yoast_head_json":{"title":"Melhor levedura para New England IPA - NEIPA - Fermentis","description":"Quais s\u00e3o as melhores cepas de levedura seca ativa da Fermentis para fazer cervejas New England IPA, um dos estilos de cerveja mais populares? Descubra aqui!","robots":{"index":"index","follow":"follow","max-snippet":"max-snippet:-1","max-image-preview":"max-image-preview:large","max-video-preview":"max-video-preview:-1"},"canonical":"https:\/\/fermentis.com\/pt-br\/produto\/neipa-new-england-ipa\/","og_locale":"pt_BR","og_type":"article","og_title":"NEIPA - IPA da Nova Inglaterra","og_description":"Quais s\u00e3o as melhores cepas de levedura seca ativa da Fermentis para fazer cervejas New England IPA, um dos estilos de cerveja mais populares? Descubra aqui!","og_url":"https:\/\/fermentis.com\/pt-br\/produto\/neipa-new-england-ipa\/","og_site_name":"Fermentis","article_publisher":"https:\/\/www.facebook.com\/Fermentis","article_modified_time":"2026-04-20T19:19:14+00:00","og_image":[{"url":"https:\/\/cdn.bfldr.com\/G7S7MSWL\/at\/s43q8xcwfk84bkb7fhznx85\/SafAleTM_S-134_All_.jpg?auto=webp&format=png","type":"","width":"","height":""},{"width":600,"height":450,"url":"https:\/\/cdn.bfldr.com\/G7S7MSWL\/at\/s43q8xcwfk84bkb7fhznx85\/SafAleTM_S-134_All_.jpg?auto=webp&format=png","type":"image\/jpeg"}],"twitter_card":"summary_large_image","twitter_image":"https:\/\/cdn.bfldr.com\/G7S7MSWL\/at\/s43q8xcwfk84bkb7fhznx85\/SafAleTM_S-134_All_.jpg?auto=webp&format=png","twitter_site":"@fermentis","twitter_misc":{"Pre\u00e7o":"","Disponibilidade":"Em Estoque"},"schema":{"@context":"https:\/\/schema.org","@graph":[{"@type":"WebPage","@id":"https:\/\/fermentis.com\/pt-br\/produto\/neipa-new-england-ipa\/","url":"https:\/\/fermentis.com\/pt-br\/produto\/neipa-new-england-ipa\/","name":"Melhor levedura para New England IPA - NEIPA - Fermentis","isPartOf":{"@id":"https:\/\/fermentis.com\/pt-br\/#website"},"primaryImageOfPage":{"@id":"https:\/\/fermentis.com\/pt-br\/produto\/neipa-new-england-ipa\/#primaryimage"},"image":{"@id":"https:\/\/fermentis.com\/pt-br\/produto\/neipa-new-england-ipa\/#primaryimage"},"thumbnailUrl":"https:\/\/fermentis.com\/wp-content\/uploads\/2020\/02\/Beerstyle_Plan-de-travail-1-044.jpg","datePublished":"2020-02-13T23:00:00+00:00","dateModified":"2026-04-20T19:19:14+00:00","description":"Quais s\u00e3o as melhores cepas de levedura seca ativa da Fermentis para fazer cervejas New England IPA, um dos estilos de cerveja mais populares? Descubra aqui!","breadcrumb":{"@id":"https:\/\/fermentis.com\/pt-br\/produto\/neipa-new-england-ipa\/#breadcrumb"},"inLanguage":"pt-BR","potentialAction":[{"@type":"ReadAction","target":["https:\/\/fermentis.com\/pt-br\/produto\/neipa-new-england-ipa\/"]}]},{"@type":"ImageObject","inLanguage":"pt-BR","@id":"https:\/\/fermentis.com\/pt-br\/produto\/neipa-new-england-ipa\/#primaryimage","url":"https:\/\/fermentis.com\/wp-content\/uploads\/2020\/02\/Beerstyle_Plan-de-travail-1-044.jpg","contentUrl":"https:\/\/fermentis.com\/wp-content\/uploads\/2020\/02\/Beerstyle_Plan-de-travail-1-044.jpg","width":600,"height":450},{"@type":"BreadcrumbList","@id":"https:\/\/fermentis.com\/pt-br\/produto\/neipa-new-england-ipa\/#breadcrumb","itemListElement":[{"@type":"ListItem","position":1,"name":"Home","item":"https:\/\/fermentis.com\/pt-br\/"},{"@type":"ListItem","position":2,"name":"Produtos"},{"@type":"ListItem","position":3,"name":"Beer styles","item":"https:\/\/fermentis.com\/pt-br\/fermentation\/beer-styles-pt-br\/"},{"@type":"ListItem","position":4,"name":"IPA","item":"https:\/\/fermentis.com\/pt-br\/fermentation\/beer-styles-pt-br\/ipa-pt-br\/"},{"@type":"ListItem","position":5,"name":"NEIPA &#8211; IPA da Nova Inglaterra"}]},{"@type":"WebSite","@id":"https:\/\/fermentis.com\/pt-br\/#website","url":"https:\/\/fermentis.com\/pt-br\/","name":"Fermentis","description":"Un site utilisant WordPress","publisher":{"@id":"https:\/\/fermentis.com\/pt-br\/#organization"},"potentialAction":[{"@type":"SearchAction","target":{"@type":"EntryPoint","urlTemplate":"https:\/\/fermentis.com\/pt-br\/?s={search_term_string}"},"query-input":{"@type":"PropertyValueSpecification","valueRequired":true,"valueName":"search_term_string"}}],"inLanguage":"pt-BR"},{"@type":"Organization","@id":"https:\/\/fermentis.com\/pt-br\/#organization","name":"Fermentis","url":"https:\/\/fermentis.com\/pt-br\/","logo":{"@type":"ImageObject","inLanguage":"pt-BR","@id":"https:\/\/fermentis.com\/pt-br\/#\/schema\/logo\/image\/","url":"https:\/\/fermentis.com\/wp-content\/uploads\/2021\/07\/Logo-Fermentis-5.png","contentUrl":"https:\/\/fermentis.com\/wp-content\/uploads\/2021\/07\/Logo-Fermentis-5.png","width":308,"height":95,"caption":"Fermentis"},"image":{"@id":"https:\/\/fermentis.com\/pt-br\/#\/schema\/logo\/image\/"},"sameAs":["https:\/\/www.facebook.com\/Fermentis","https:\/\/x.com\/fermentis","https:\/\/www.instagram.com\/fermentisbylesaffre\/","https:\/\/www.linkedin.com\/company\/fermentis\/","https:\/\/www.youtube.com\/channel\/UCt_Lp3IZnUNXZeqSi6iiAdA"]}]},"product_price_currency":"GBP","og_availability":"instock","product_availability":"instock","product_condition":"new"},"_links":{"self":[{"href":"https:\/\/fermentis.com\/pt-br\/wp-json\/wp\/v2\/product\/44250","targetHints":{"allow":["GET"]}}],"collection":[{"href":"https:\/\/fermentis.com\/pt-br\/wp-json\/wp\/v2\/product"}],"about":[{"href":"https:\/\/fermentis.com\/pt-br\/wp-json\/wp\/v2\/types\/product"}],"replies":[{"embeddable":true,"href":"https:\/\/fermentis.com\/pt-br\/wp-json\/wp\/v2\/comments?post=44250"}],"wp:featuredmedia":[{"embeddable":true,"href":"https:\/\/fermentis.com\/pt-br\/wp-json\/wp\/v2\/media\/470663"}],"wp:attachment":[{"href":"https:\/\/fermentis.com\/pt-br\/wp-json\/wp\/v2\/media?parent=44250"}],"wp:term":[{"taxonomy":"product_brand","embeddable":true,"href":"https:\/\/fermentis.com\/pt-br\/wp-json\/wp\/v2\/product_brand?post=44250"},{"taxonomy":"product_cat","embeddable":true,"href":"https:\/\/fermentis.com\/pt-br\/wp-json\/wp\/v2\/product_cat?post=44250"},{"taxonomy":"product_tag","embeddable":true,"href":"https:\/\/fermentis.com\/pt-br\/wp-json\/wp\/v2\/product_tag?post=44250"}],"curies":[{"name":"wp","href":"https:\/\/api.w.org\/{rel}","templated":true}]}}