{"id":44254,"date":"2020-05-04T00:00:00","date_gmt":"2020-05-03T22:00:00","guid":{"rendered":"https:\/\/fermentis.com\/product\/safizym-clean\/"},"modified":"2026-04-14T10:11:08","modified_gmt":"2026-04-14T08:11:08","slug":"safizym-clean","status":"publish","type":"product","link":"https:\/\/fermentis.com\/pt-br\/produto\/safizym-clean\/","title":{"rendered":"Safizym\u00ae Clean"},"content":{"rendered":"<div class=\"container section-title-container\" ><h2 class=\"section-title section-title-center\"><b aria-hidden=\"true\"><\/b><span class=\"section-title-main\" style=\"font-size:115%;\">PURIFICADO E CONCENTRADO PARA OTIMIZA\u00c7\u00c3O DE VINIFICA\u00c7\u00d5ES PREMIUM<\/span><b aria-hidden=\"true\"><\/b><\/h2><\/div>\n<p><strong>Safizym\u00ae Clean<\/strong> \u00e9 uma prepara\u00e7\u00e3o purificada que limita o risco de desvios gustativos: A atividade da cinamil esterase \u00e9, de facto, secund\u00e1ria e prejudicial \u00e0 qualidade dos vinhos, pois \u00e9 respons\u00e1vel, quando associada \u00e0 atividade da descarboxilase ou redutase de origem da levedura, pela forma\u00e7\u00e3o de vinilfen\u00f3is e etilfen\u00f3is (odores est\u00e1veis, suor de cavalo&#8230;). Prepara\u00e7\u00e3o enzim\u00e1tica produzida por uma cepa selecionada de Aspergillus niger.<\/p>\n\t<div id=\"gap-295103444\" class=\"gap-element clearfix\" style=\"display:block; height:auto;\">\n\t\t\n<style>\n#gap-295103444 {\n  padding-top: 30px;\n}\n<\/style>\n\t<\/div>\n\t\n<div class=\"container section-title-container\" ><h3 class=\"section-title section-title-center\"><b aria-hidden=\"true\"><\/b><span class=\"section-title-main\" style=\"font-size:115%;\">Caracter\u00edsticas t\u00e9cnicas do Safizym\u00ae Clean<\/span><b aria-hidden=\"true\"><\/b><\/h3><\/div>\n\n\t\t<div class=\"tabbed-content\">\n\t\t\t\n\t\t\t<ul class=\"nav nav-tabs nav-uppercase nav-size-normal nav-left\" role=\"tablist\"><li id=\"tab-aplica\u00e7\u00e3o\" class=\"tab active has-icon\" role=\"presentation\"><a href=\"#tab_aplica\u00e7\u00e3o\" role=\"tab\" aria-selected=\"true\" aria-controls=\"tab_aplica\u00e7\u00e3o\"><span>Aplica\u00e7\u00e3o<\/span><\/a><\/li>\n<li id=\"tab-propriedades\" class=\"tab has-icon\" role=\"presentation\"><a href=\"#tab_propriedades\" tabindex=\"-1\" role=\"tab\" aria-selected=\"false\" aria-controls=\"tab_propriedades\"><span>Propriedades<\/span><\/a><\/li>\n<li id=\"tab-uso-&amp;-dosagem\" class=\"tab has-icon\" role=\"presentation\"><a href=\"#tab_uso-&amp;-dosagem\" tabindex=\"-1\" role=\"tab\" aria-selected=\"false\" aria-controls=\"tab_uso-&amp;-dosagem\"><span>Uso &amp; Dosagem<\/span><\/a><\/li>\n<li id=\"tab-an\u00e1lise-microbiol\u00f3gica\" class=\"tab has-icon\" role=\"presentation\"><a href=\"#tab_an\u00e1lise-microbiol\u00f3gica\" tabindex=\"-1\" role=\"tab\" aria-selected=\"false\" aria-controls=\"tab_an\u00e1lise-microbiol\u00f3gica\"><span>An\u00e1lise microbiol\u00f3gica<\/span><\/a><\/li>\n<li id=\"tab-embalagem-e-garantia\" class=\"tab has-icon\" role=\"presentation\"><a href=\"#tab_embalagem-e-garantia\" tabindex=\"-1\" role=\"tab\" aria-selected=\"false\" aria-controls=\"tab_embalagem-e-garantia\"><span>Embalagem e garantia<\/span><\/a><\/li><\/ul><div class=\"tab-panels\"><div id=\"tab_aplica\u00e7\u00e3o\" class=\"panel active entry-content\" role=\"tabpanel\" aria-labelledby=\"tab-aplica\u00e7\u00e3o\">\n<p><strong>Safizym\u00ae Clean<\/strong> \u00e9 uma prepara\u00e7\u00e3o enzim\u00e1tica especialmente desenvolvida pela sua estabilidade a um pH baixo em mostos. A sua elevada concentra\u00e7\u00e3o e o seu espectro de atividades secund\u00e1rias permitem a clarifica\u00e7\u00e3o do mosto de todas as castas, levando a uma forte compacta\u00e7\u00e3o dos sedimentos.<\/p>\n<p>O uso <strong>de Safizym\u00ae Clean<\/strong> \u00e9 particularmente recomendado em vinifica\u00e7\u00f5es de vinhos tintos de longa dura\u00e7\u00e3o devido \u00e0 sua for\u00e7a para extrair polifen\u00f3is e sua influ\u00eancia na estabilidade da cor.<\/p>\n<\/div>\n<div id=\"tab_propriedades\" class=\"panel entry-content\" role=\"tabpanel\" aria-labelledby=\"tab-propriedades\">\n<h4><strong>Condi\u00e7\u00f5es de atividade<\/strong><\/h4>\n<ul>\n<li>Pectinases* : Endo poligalacturonase (&gt; 2450 PG\/g), pectina metil esterase (&gt; 490 PE\/g) e pectina liase (&gt;70 PL\/g)<\/li>\n<li>pH ideal: 3,4<\/li>\n<li>Atividade em baixas e altas temperaturas (5 a 65\u00b0C)<\/li>\n<li>Rico em atividade hemicelulase secund\u00e1ria<\/li>\n<\/ul>\n<p>(*): m\u00e9todo dispon\u00edvel sob demanda.<\/p>\n<h4><strong>Efeitos<\/strong><\/h4>\n<h5><strong>A\u00e7\u00f5es simult\u00e2neas de clarifica\u00e7\u00e3o e extra\u00e7\u00e3o.<\/strong><\/h5>\n<ul>\n<li>Hidrolisa as cadeias de pectina do mosto<\/li>\n<li>Leva a uma r\u00e1pida sedimenta\u00e7\u00e3o de borras \u00e1speras e finas, facilitando a clarifica\u00e7\u00e3o<\/li>\n<li>Efeito controlado que permite manter uma turbidez e facilitar a fermenta\u00e7\u00e3o<\/li>\n<li>Permite a extra\u00e7\u00e3o de polifen\u00f3is, taninos e antocianinas da casca das uvas tintas, aumentando assim a intensidade da cor e melhorando a sua estabilidade.<\/li>\n<li>Ajuda na extra\u00e7\u00e3o de precursores arom\u00e1ticos de mostos brancos<\/li>\n<\/ul>\n<h5><strong>Melhoria da qualidade organol\u00e9ptica.<\/strong><\/h5>\n<ul>\n<li>Contribui para o amaciamento dos vinhos tintos e para o realce da caracter\u00edstica varietal dos vinhos brancos<\/li>\n<li>Atividade LIMPA: Cinamil-Esterase &amp; Antocianase Negativa<\/li>\n<\/ul>\n<\/div>\n<div id=\"tab_uso-&amp;-dosagem\" class=\"panel entry-content\" role=\"tabpanel\" aria-labelledby=\"tab-uso-&amp;-dosagem\">\n<h4><b>Uso<\/b><\/h4>\n<p>Diluir a dose desejada em 10 vezes o seu pr\u00f3prio peso de \u00e1gua ou mosto. Esta solu\u00e7\u00e3o n\u00e3o deve ser armazenada por mais de algumas horas. Incorpore todo o volume no mosto que precisa ser despectinizado no in\u00edcio do enchimento do tanque. Este suprimento ser\u00e1 homogeneizado durante um bombeamento ou usando micro oxigena\u00e7\u00e3o.<\/p>\n<h4><b>Dosagem<\/b><\/h4>\n<p><strong>Vinifica\u00e7\u00f5es brancas ou ros\u00e9s:<\/strong><br \/>\nAplica\u00e7\u00e3o em suco de corrida livre: 0,5 a 1,0 g\/hl<br \/>\nAplica\u00e7\u00e3o no suco de prensagem: 0,5 a 1,5 g\/hl<br \/>\nAplica\u00e7\u00e3o antes da flutua\u00e7\u00e3o: 0,5 a 1,5 g\/h<\/p>\n<p><strong>Vinifica\u00e7\u00f5es tintas:<\/strong><br \/>\nAplica\u00e7\u00e3o em cuba: 1,0 a 2,0 g\/hl<br \/>\nAplica\u00e7\u00e3o em vinomacera\u00e7\u00e3o: 1,0 a 1,5 g\/hl<br \/>\nAplica\u00e7\u00e3o em macera\u00e7\u00f5es a frio: 2,0 a 4,0 g\/hl<br \/>\nAplica\u00e7\u00e3o em vinho prensado: 2,0 a 3,0 g\/hl<\/p>\n<\/div>\n<div id=\"tab_an\u00e1lise-microbiol\u00f3gica\" class=\"panel entry-content\" role=\"tabpanel\" aria-labelledby=\"tab-an\u00e1lise-microbiol\u00f3gica\">\n<table>\n<tbody>\n<tr>\n<td>% Salmonellas:<\/td>\n<td style=\"text-align: center\">Absence in 25g of preparation<\/td>\n<\/tr>\n<tr>\n<td>Absence in 25g of preparation Coliforms:<\/td>\n<td style=\"text-align: center\">&lt; 30 \/ g of preparation<\/td>\n<\/tr>\n<tr>\n<td>Escherichia coli:<\/td>\n<td style=\"text-align: center\">Absence in 25g of preparation<\/td>\n<\/tr>\n<tr>\n<td>Total germs:<\/td>\n<td style=\"text-align: center\">&lt; 5 x 10<span class=\"decale\"><sup>4<\/sup><\/span>\u00a0\/g<\/td>\n<\/tr>\n<tr>\n<td>Inhibitive antibiotic substances:<\/td>\n<td style=\"text-align: center\">Negative<\/td>\n<\/tr>\n<\/tbody>\n<\/table>\n<\/div>\n<div id=\"tab_embalagem-e-garantia\" class=\"panel entry-content\" role=\"tabpanel\" aria-labelledby=\"tab-embalagem-e-garantia\">\n<h4>Empacotamento<\/h4>\n<p>Caixas de 50 caixas de seguran\u00e7a de 100g (peso l\u00edquido da caixa completa: 5 kg).<br \/>\nCaixas de 10 caixas de seguran\u00e7a de 500g (peso l\u00edquido da caixa completa: 5 kg).<\/p>\n<h4>Garantia<\/h4>\n<p><b>Esta prepara\u00e7\u00e3o pectol\u00edtica \u00e9 feita a partir de um microrganismo n\u00e3o geneticamente modificado.<\/b><\/p>\n<p>A Fermentis garante um armazenamento ideal deste produto durante tr\u00eas anos em sua embalagem original, armazenado a uma temperatura m\u00e1xima de 20\u00b0C, longe da umidade e de produtos odor\u00edferos. A Fermentis garante que o produto est\u00e1 em conformidade com o Codex Enol\u00f3gico Internacional at\u00e9 \u00e0 data de validade nas condi\u00e7\u00f5es de armazenamento acima mencionadas.<\/p>\n<p><\/p>\n<p>A qualidade das enzimas Fermentis \u00e9 garantida pelo know-how da empresa Soufflet Biotechnologies.<\/p>\n<\/div><\/div><\/div>\n\t<div id=\"gap-832815310\" class=\"gap-element clearfix\" style=\"display:block; height:auto;\">\n\t\t\n<style>\n#gap-832815310 {\n  padding-top: 30px;\n}\n<\/style>\n\t<\/div>\n\t\n<p><em>Os dados contidos nesta ficha t\u00e9cnica s\u00e3o a transcri\u00e7\u00e3o exata do nosso conhecimento do produto na data mencionada. Eles s\u00e3o propriedade exclusiva da Fermentis-Division da S.I.Lesaffre. \u00c9 da responsabilidade do utilizador certificar-se de que a utiliza\u00e7\u00e3o deste produto espec\u00edfico est\u00e1 em conformidade com a legisla\u00e7\u00e3o.<\/em><\/p>\n","protected":false},"excerpt":{"rendered":"<p>Purificado e concentrado para otimiza\u00e7\u00e3o de vinifica\u00e7\u00f5es Premium<\/p>\n","protected":false},"featured_media":44259,"comment_status":"closed","ping_status":"closed","template":"","meta":{"_acf_changed":false},"product_brand":[],"product_cat":[2671,2818,2557],"product_tag":[2819,2820,2821,2822],"class_list":{"0":"post-44254","1":"product","2":"type-product","3":"status-publish","4":"has-post-thumbnail","6":"product_cat-enzymes-pt-br","7":"product_cat-safizym-clean-pt-br-2","8":"product_cat-wine-making-pt-br","9":"product_tag-clean-pt-br","10":"product_tag-safizym-pt-br","11":"product_tag-safizym-clean-pt-br","12":"product_tag-safizymclean-pt-br","14":"first","15":"instock","16":"shipping-taxable","17":"product-type-simple"},"acf":[],"yoast_head":"<!-- This site is optimized with the Yoast SEO Premium plugin v27.4 (Yoast SEO v27.4) - https:\/\/yoast.com\/product\/yoast-seo-premium-wordpress\/ -->\n<title>Safizym Enzima limpa para vinhos tintos, ros\u00e9s e brancos - Fermentis<\/title>\n<meta name=\"description\" content=\"A enzima Fermentis Safizym Clean \u00e9 uma prepara\u00e7\u00e3o purificada que limita o risco de desvios gustativos para vinhos tintos, ros\u00e9s e brancos. Obtenha ajuda com nosso aplicativo!\" \/>\n<meta name=\"robots\" content=\"index, follow, max-snippet:-1, max-image-preview:large, max-video-preview:-1\" \/>\n<link rel=\"canonical\" href=\"https:\/\/fermentis.com\/pt-br\/produto\/safizym-clean\/\" \/>\n<meta property=\"og:locale\" content=\"pt_BR\" \/>\n<meta property=\"og:type\" content=\"article\" \/>\n<meta property=\"og:title\" content=\"Safizym\u00ae Clean\" \/>\n<meta property=\"og:description\" content=\"A enzima Fermentis Safizym Clean \u00e9 uma prepara\u00e7\u00e3o purificada que limita o risco de desvios gustativos para vinhos tintos, ros\u00e9s e brancos. Obtenha ajuda com nosso aplicativo!\" \/>\n<meta property=\"og:url\" content=\"https:\/\/fermentis.com\/pt-br\/produto\/safizym-clean\/\" \/>\n<meta property=\"og:site_name\" content=\"Fermentis\" \/>\n<meta property=\"article:publisher\" content=\"https:\/\/www.facebook.com\/Fermentis\" \/>\n<meta property=\"article:modified_time\" content=\"2026-04-14T08:11:08+00:00\" \/>\n<meta property=\"og:image\" content=\"https:\/\/fermentis.com\/wp-content\/uploads\/2020\/05\/safizym-clean.jpg\" \/>\n\t<meta property=\"og:image:width\" content=\"1200\" \/>\n\t<meta property=\"og:image:height\" content=\"1200\" \/>\n\t<meta property=\"og:image:type\" content=\"image\/jpeg\" \/>\n<meta name=\"twitter:card\" content=\"summary_large_image\" \/>\n<meta name=\"twitter:site\" content=\"@fermentis\" \/>\n<meta name=\"twitter:label1\" content=\"Pre\u00e7o\" \/>\n\t<meta name=\"twitter:data1\" content=\"\" \/>\n\t<meta name=\"twitter:label2\" content=\"Disponibilidade\" \/>\n\t<meta name=\"twitter:data2\" content=\"Em Estoque\" \/>\n<script type=\"application\/ld+json\" class=\"yoast-schema-graph\">{\"@context\":\"https:\\\/\\\/schema.org\",\"@graph\":[{\"@type\":\"WebPage\",\"@id\":\"https:\\\/\\\/fermentis.com\\\/pt-br\\\/produto\\\/safizym-clean\\\/\",\"url\":\"https:\\\/\\\/fermentis.com\\\/pt-br\\\/produto\\\/safizym-clean\\\/\",\"name\":\"Safizym Enzima limpa para vinhos tintos, ros\u00e9s e brancos - Fermentis\",\"isPartOf\":{\"@id\":\"https:\\\/\\\/fermentis.com\\\/pt-br\\\/#website\"},\"primaryImageOfPage\":{\"@id\":\"https:\\\/\\\/fermentis.com\\\/pt-br\\\/produto\\\/safizym-clean\\\/#primaryimage\"},\"image\":{\"@id\":\"https:\\\/\\\/fermentis.com\\\/pt-br\\\/produto\\\/safizym-clean\\\/#primaryimage\"},\"thumbnailUrl\":\"https:\\\/\\\/fermentis.com\\\/wp-content\\\/uploads\\\/2020\\\/05\\\/safizym-clean.jpg\",\"datePublished\":\"2020-05-03T22:00:00+00:00\",\"dateModified\":\"2026-04-14T08:11:08+00:00\",\"description\":\"A enzima Fermentis Safizym Clean \u00e9 uma prepara\u00e7\u00e3o purificada que limita o risco de desvios gustativos para vinhos tintos, ros\u00e9s e brancos. Obtenha ajuda com nosso aplicativo!\",\"breadcrumb\":{\"@id\":\"https:\\\/\\\/fermentis.com\\\/pt-br\\\/produto\\\/safizym-clean\\\/#breadcrumb\"},\"inLanguage\":\"pt-BR\",\"potentialAction\":[{\"@type\":\"ReadAction\",\"target\":[\"https:\\\/\\\/fermentis.com\\\/pt-br\\\/produto\\\/safizym-clean\\\/\"]}]},{\"@type\":\"ImageObject\",\"inLanguage\":\"pt-BR\",\"@id\":\"https:\\\/\\\/fermentis.com\\\/pt-br\\\/produto\\\/safizym-clean\\\/#primaryimage\",\"url\":\"https:\\\/\\\/fermentis.com\\\/wp-content\\\/uploads\\\/2020\\\/05\\\/safizym-clean.jpg\",\"contentUrl\":\"https:\\\/\\\/fermentis.com\\\/wp-content\\\/uploads\\\/2020\\\/05\\\/safizym-clean.jpg\",\"width\":1200,\"height\":1200},{\"@type\":\"BreadcrumbList\",\"@id\":\"https:\\\/\\\/fermentis.com\\\/pt-br\\\/produto\\\/safizym-clean\\\/#breadcrumb\",\"itemListElement\":[{\"@type\":\"ListItem\",\"position\":1,\"name\":\"Home\",\"item\":\"https:\\\/\\\/fermentis.com\\\/pt-br\\\/\"},{\"@type\":\"ListItem\",\"position\":2,\"name\":\"Produtos\"},{\"@type\":\"ListItem\",\"position\":3,\"name\":\"Wine making\",\"item\":\"https:\\\/\\\/fermentis.com\\\/pt-br\\\/fermentation\\\/wine-making-pt-br\\\/\"},{\"@type\":\"ListItem\",\"position\":4,\"name\":\"Enzymes\",\"item\":\"https:\\\/\\\/fermentis.com\\\/pt-br\\\/fermentation\\\/wine-making-pt-br\\\/enzymes-pt-br\\\/\"},{\"@type\":\"ListItem\",\"position\":5,\"name\":\"Safizym\u00ae Clean\"}]},{\"@type\":\"WebSite\",\"@id\":\"https:\\\/\\\/fermentis.com\\\/pt-br\\\/#website\",\"url\":\"https:\\\/\\\/fermentis.com\\\/pt-br\\\/\",\"name\":\"Fermentis\",\"description\":\"Un site utilisant WordPress\",\"publisher\":{\"@id\":\"https:\\\/\\\/fermentis.com\\\/pt-br\\\/#organization\"},\"potentialAction\":[{\"@type\":\"SearchAction\",\"target\":{\"@type\":\"EntryPoint\",\"urlTemplate\":\"https:\\\/\\\/fermentis.com\\\/pt-br\\\/?s={search_term_string}\"},\"query-input\":{\"@type\":\"PropertyValueSpecification\",\"valueRequired\":true,\"valueName\":\"search_term_string\"}}],\"inLanguage\":\"pt-BR\"},{\"@type\":\"Organization\",\"@id\":\"https:\\\/\\\/fermentis.com\\\/pt-br\\\/#organization\",\"name\":\"Fermentis\",\"url\":\"https:\\\/\\\/fermentis.com\\\/pt-br\\\/\",\"logo\":{\"@type\":\"ImageObject\",\"inLanguage\":\"pt-BR\",\"@id\":\"https:\\\/\\\/fermentis.com\\\/pt-br\\\/#\\\/schema\\\/logo\\\/image\\\/\",\"url\":\"https:\\\/\\\/fermentis.com\\\/wp-content\\\/uploads\\\/2021\\\/07\\\/Logo-Fermentis-5.png\",\"contentUrl\":\"https:\\\/\\\/fermentis.com\\\/wp-content\\\/uploads\\\/2021\\\/07\\\/Logo-Fermentis-5.png\",\"width\":308,\"height\":95,\"caption\":\"Fermentis\"},\"image\":{\"@id\":\"https:\\\/\\\/fermentis.com\\\/pt-br\\\/#\\\/schema\\\/logo\\\/image\\\/\"},\"sameAs\":[\"https:\\\/\\\/www.facebook.com\\\/Fermentis\",\"https:\\\/\\\/x.com\\\/fermentis\",\"https:\\\/\\\/www.instagram.com\\\/fermentisbylesaffre\\\/\",\"https:\\\/\\\/www.linkedin.com\\\/company\\\/fermentis\\\/\",\"https:\\\/\\\/www.youtube.com\\\/channel\\\/UCt_Lp3IZnUNXZeqSi6iiAdA\"]}]}<\/script>\n<meta property=\"product:price:currency\" content=\"GBP\" \/>\n<meta property=\"og:availability\" content=\"instock\" \/>\n<meta property=\"product:availability\" content=\"instock\" \/>\n<meta property=\"product:condition\" content=\"new\" \/>\n<!-- \/ Yoast SEO Premium plugin. -->","yoast_head_json":{"title":"Safizym Enzima limpa para vinhos tintos, ros\u00e9s e brancos - Fermentis","description":"A enzima Fermentis Safizym Clean \u00e9 uma prepara\u00e7\u00e3o purificada que limita o risco de desvios gustativos para vinhos tintos, ros\u00e9s e brancos. Obtenha ajuda com nosso aplicativo!","robots":{"index":"index","follow":"follow","max-snippet":"max-snippet:-1","max-image-preview":"max-image-preview:large","max-video-preview":"max-video-preview:-1"},"canonical":"https:\/\/fermentis.com\/pt-br\/produto\/safizym-clean\/","og_locale":"pt_BR","og_type":"article","og_title":"Safizym\u00ae Clean","og_description":"A enzima Fermentis Safizym Clean \u00e9 uma prepara\u00e7\u00e3o purificada que limita o risco de desvios gustativos para vinhos tintos, ros\u00e9s e brancos. Obtenha ajuda com nosso aplicativo!","og_url":"https:\/\/fermentis.com\/pt-br\/produto\/safizym-clean\/","og_site_name":"Fermentis","article_publisher":"https:\/\/www.facebook.com\/Fermentis","article_modified_time":"2026-04-14T08:11:08+00:00","og_image":[{"width":1200,"height":1200,"url":"https:\/\/fermentis.com\/wp-content\/uploads\/2020\/05\/safizym-clean.jpg","type":"image\/jpeg"}],"twitter_card":"summary_large_image","twitter_site":"@fermentis","twitter_misc":{"Pre\u00e7o":"","Disponibilidade":"Em Estoque"},"schema":{"@context":"https:\/\/schema.org","@graph":[{"@type":"WebPage","@id":"https:\/\/fermentis.com\/pt-br\/produto\/safizym-clean\/","url":"https:\/\/fermentis.com\/pt-br\/produto\/safizym-clean\/","name":"Safizym Enzima limpa para vinhos tintos, ros\u00e9s e brancos - Fermentis","isPartOf":{"@id":"https:\/\/fermentis.com\/pt-br\/#website"},"primaryImageOfPage":{"@id":"https:\/\/fermentis.com\/pt-br\/produto\/safizym-clean\/#primaryimage"},"image":{"@id":"https:\/\/fermentis.com\/pt-br\/produto\/safizym-clean\/#primaryimage"},"thumbnailUrl":"https:\/\/fermentis.com\/wp-content\/uploads\/2020\/05\/safizym-clean.jpg","datePublished":"2020-05-03T22:00:00+00:00","dateModified":"2026-04-14T08:11:08+00:00","description":"A enzima Fermentis Safizym Clean \u00e9 uma prepara\u00e7\u00e3o purificada que limita o risco de desvios gustativos para vinhos tintos, ros\u00e9s e brancos. Obtenha ajuda com nosso aplicativo!","breadcrumb":{"@id":"https:\/\/fermentis.com\/pt-br\/produto\/safizym-clean\/#breadcrumb"},"inLanguage":"pt-BR","potentialAction":[{"@type":"ReadAction","target":["https:\/\/fermentis.com\/pt-br\/produto\/safizym-clean\/"]}]},{"@type":"ImageObject","inLanguage":"pt-BR","@id":"https:\/\/fermentis.com\/pt-br\/produto\/safizym-clean\/#primaryimage","url":"https:\/\/fermentis.com\/wp-content\/uploads\/2020\/05\/safizym-clean.jpg","contentUrl":"https:\/\/fermentis.com\/wp-content\/uploads\/2020\/05\/safizym-clean.jpg","width":1200,"height":1200},{"@type":"BreadcrumbList","@id":"https:\/\/fermentis.com\/pt-br\/produto\/safizym-clean\/#breadcrumb","itemListElement":[{"@type":"ListItem","position":1,"name":"Home","item":"https:\/\/fermentis.com\/pt-br\/"},{"@type":"ListItem","position":2,"name":"Produtos"},{"@type":"ListItem","position":3,"name":"Wine making","item":"https:\/\/fermentis.com\/pt-br\/fermentation\/wine-making-pt-br\/"},{"@type":"ListItem","position":4,"name":"Enzymes","item":"https:\/\/fermentis.com\/pt-br\/fermentation\/wine-making-pt-br\/enzymes-pt-br\/"},{"@type":"ListItem","position":5,"name":"Safizym\u00ae Clean"}]},{"@type":"WebSite","@id":"https:\/\/fermentis.com\/pt-br\/#website","url":"https:\/\/fermentis.com\/pt-br\/","name":"Fermentis","description":"Un site utilisant WordPress","publisher":{"@id":"https:\/\/fermentis.com\/pt-br\/#organization"},"potentialAction":[{"@type":"SearchAction","target":{"@type":"EntryPoint","urlTemplate":"https:\/\/fermentis.com\/pt-br\/?s={search_term_string}"},"query-input":{"@type":"PropertyValueSpecification","valueRequired":true,"valueName":"search_term_string"}}],"inLanguage":"pt-BR"},{"@type":"Organization","@id":"https:\/\/fermentis.com\/pt-br\/#organization","name":"Fermentis","url":"https:\/\/fermentis.com\/pt-br\/","logo":{"@type":"ImageObject","inLanguage":"pt-BR","@id":"https:\/\/fermentis.com\/pt-br\/#\/schema\/logo\/image\/","url":"https:\/\/fermentis.com\/wp-content\/uploads\/2021\/07\/Logo-Fermentis-5.png","contentUrl":"https:\/\/fermentis.com\/wp-content\/uploads\/2021\/07\/Logo-Fermentis-5.png","width":308,"height":95,"caption":"Fermentis"},"image":{"@id":"https:\/\/fermentis.com\/pt-br\/#\/schema\/logo\/image\/"},"sameAs":["https:\/\/www.facebook.com\/Fermentis","https:\/\/x.com\/fermentis","https:\/\/www.instagram.com\/fermentisbylesaffre\/","https:\/\/www.linkedin.com\/company\/fermentis\/","https:\/\/www.youtube.com\/channel\/UCt_Lp3IZnUNXZeqSi6iiAdA"]}]},"product_price_currency":"GBP","og_availability":"instock","product_availability":"instock","product_condition":"new"},"_links":{"self":[{"href":"https:\/\/fermentis.com\/pt-br\/wp-json\/wp\/v2\/product\/44254","targetHints":{"allow":["GET"]}}],"collection":[{"href":"https:\/\/fermentis.com\/pt-br\/wp-json\/wp\/v2\/product"}],"about":[{"href":"https:\/\/fermentis.com\/pt-br\/wp-json\/wp\/v2\/types\/product"}],"replies":[{"embeddable":true,"href":"https:\/\/fermentis.com\/pt-br\/wp-json\/wp\/v2\/comments?post=44254"}],"wp:featuredmedia":[{"embeddable":true,"href":"https:\/\/fermentis.com\/pt-br\/wp-json\/wp\/v2\/media\/44259"}],"wp:attachment":[{"href":"https:\/\/fermentis.com\/pt-br\/wp-json\/wp\/v2\/media?parent=44254"}],"wp:term":[{"taxonomy":"product_brand","embeddable":true,"href":"https:\/\/fermentis.com\/pt-br\/wp-json\/wp\/v2\/product_brand?post=44254"},{"taxonomy":"product_cat","embeddable":true,"href":"https:\/\/fermentis.com\/pt-br\/wp-json\/wp\/v2\/product_cat?post=44254"},{"taxonomy":"product_tag","embeddable":true,"href":"https:\/\/fermentis.com\/pt-br\/wp-json\/wp\/v2\/product_tag?post=44254"}],"curies":[{"name":"wp","href":"https:\/\/api.w.org\/{rel}","templated":true}]}}