{"id":44268,"date":"2020-04-27T00:00:00","date_gmt":"2020-04-26T22:00:00","guid":{"rendered":"https:\/\/fermentis.com\/product\/springcell-bio\/"},"modified":"2026-04-17T16:06:08","modified_gmt":"2026-04-17T14:06:08","slug":"springcell-bio","status":"publish","type":"product","link":"https:\/\/fermentis.com\/pt-br\/produto\/springcell-bio\/","title":{"rendered":"BIO SpringCell\u2122"},"content":{"rendered":"<div class=\"container section-title-container\" ><h2 class=\"section-title section-title-center\"><b aria-hidden=\"true\"><\/b><span class=\"section-title-main\" style=\"font-size:115%;\">A SOLU\u00c7\u00c3O ORG\u00c2NICA CERTIFICADA PARA FERMENTA\u00c7\u00d5ES LENTAS E TRAVADAS<\/span><b aria-hidden=\"true\"><\/b><\/h2><\/div>\n<p>Some of the operations made to activate fermentation act on the yeast growth and the fermentation kinetic at its beginning only without acting on the yeast survival or the end of fermentation. The use of\u00a0<strong>SpringCell\u2122 BIO<\/strong>\u00a0yeast hulls helps acting on the yeast viability on a long term thanks to their must detoxification properties and the supply in survival factors for the yeast generations formed during the yeast growth phase.<\/p>\n<p>Yeast cell walls are performing fermentation aids that allow acting efficiently against stuck &amp; sluggish fermentation.<\/p>\n<p><strong>SpringCell\u2122 BIO<\/strong>\u00a0yeast hulls are issued from Saccharomyces cerevisiae yeasts specifically grown on organic certified substrate and processed accordingly to keep an organic certification.<\/p>\n\t<div id=\"gap-2014042593\" class=\"gap-element clearfix\" style=\"display:block; height:auto;\">\n\t\t\n<style>\n#gap-2014042593 {\n  padding-top: 30px;\n}\n<\/style>\n\t<\/div>\n\t\n<div class=\"container section-title-container\" ><h3 class=\"section-title section-title-center\"><b aria-hidden=\"true\"><\/b><span class=\"section-title-main\" style=\"font-size:115%;\">Caracter\u00edsticas t\u00e9cnicas do SPRINGCELL\u2122 BIO<\/span><b aria-hidden=\"true\"><\/b><\/h3><\/div>\n\n\t\t<div class=\"tabbed-content\">\n\t\t\t\n\t\t\t<ul class=\"nav nav-tabs nav-uppercase nav-size-normal nav-left\" role=\"tablist\"><li id=\"tab-propriedades\" class=\"tab active has-icon\" role=\"presentation\"><a href=\"#tab_propriedades\" role=\"tab\" aria-selected=\"true\" aria-controls=\"tab_propriedades\"><span>Propriedades<\/span><\/a><\/li>\n<li id=\"tab-experimento\" class=\"tab has-icon\" role=\"presentation\"><a href=\"#tab_experimento\" tabindex=\"-1\" role=\"tab\" aria-selected=\"false\" aria-controls=\"tab_experimento\"><span>Experimento<\/span><\/a><\/li>\n<li id=\"tab-dosagem-e-uso\" class=\"tab has-icon\" role=\"presentation\"><a href=\"#tab_dosagem-e-uso\" tabindex=\"-1\" role=\"tab\" aria-selected=\"false\" aria-controls=\"tab_dosagem-e-uso\"><span>Dosagem e Uso<\/span><\/a><\/li>\n<li id=\"tab-embalagem-e-garantia\" class=\"tab has-icon\" role=\"presentation\"><a href=\"#tab_embalagem-e-garantia\" tabindex=\"-1\" role=\"tab\" aria-selected=\"false\" aria-controls=\"tab_embalagem-e-garantia\"><span>Embalagem e garantia<\/span><\/a><\/li><\/ul><div class=\"tab-panels\"><div id=\"tab_propriedades\" class=\"panel active entry-content\" role=\"tabpanel\" aria-labelledby=\"tab-propriedades\">\n<h4>Adsor\u00e7\u00e3o dos compostos t\u00f3xicos para leveduras<\/h4>\n<p>\u00c1cidos graxos inibidores, res\u00edduos de produtos fitossanit\u00e1rios, ocratoxina A, gra\u00e7as \u00e0 presen\u00e7a de glucanos e mananos que fixam esses compostos.<\/p>\n<h4>Riqueza em fatores de sobreviv\u00eancia, ester\u00f3is, \u00e1cidos graxos insaturados, considerados substitutos do oxig\u00eanio<\/h4>\n<p>Esses elementos permitem a prote\u00e7\u00e3o de sucessivas gera\u00e7\u00f5es de leveduras ativas da primeira gera\u00e7\u00e3o, mantendo a integridade de sua membrana e aumentando sua resist\u00eancia ao etanol.<\/p>\n<h4>Aumento da taxa de multiplica\u00e7\u00e3o celular<\/h4>\n<p><strong>SpringCell\u2122 BIO<\/strong> \u00e9 o \u00fanico ativador que permite atingir um consumo total de a\u00e7\u00facares em um mosto cuja fermenta\u00e7\u00e3o \u00e9 lenta, sem produzir acidez vol\u00e1til.<\/p>\n<h4>Papel de apoio em musts<\/h4>\n<p><strong>O SpringCell\u2122 BIO<\/strong> \u00e9 quase 100% insol\u00favel e tem um efeito de suporte em mostos altamente clarificados, aumentando a sua turbidez sem o inconveniente dos desvios organol\u00e9pticos que podem ser causados pelas borras.<\/p>\n<\/div>\n<div id=\"tab_experimento\" class=\"panel entry-content\" role=\"tabpanel\" aria-labelledby=\"tab-experimento\">\n<p><strong>Teste de adsor\u00e7\u00e3o de \u00e1cido decan\u00f3ico (RESOLUTION OIV-OENO 497-2013)<\/strong><\/p>\n<p>As cascas de levedura <strong>SpringCell\u2122 BIO<\/strong> t\u00eam capacidades de adsor\u00e7\u00e3o totalmente semelhantes<br \/>\ndo que o SpringCell convencional em dire\u00e7\u00e3o ao maior inibidor do crescimento de leveduras, ou seja, o \u00e1cido decan\u00f3ico. Isso garante sua qualidade como auxiliares de fermenta\u00e7\u00e3o eficientes.<\/p>\n<p>Al\u00e9m disso, <strong>o SpringCell\u2122 BIO<\/strong> n\u00e3o apresenta diferen\u00e7as significativas em compara\u00e7\u00e3o com o SpringCell em termos de impacto organol\u00e9ptico.<\/p>\n<\/div>\n<div id=\"tab_dosagem-e-uso\" class=\"panel entry-content\" role=\"tabpanel\" aria-labelledby=\"tab-dosagem-e-uso\">\n<h4>Dosage<\/h4>\n<p><em><b>Dilute 20 to 30 g\/hl in 10 times its volume of wine, add to the must between 35 and 45% of the sugars consumed and homogenize using a pumping-over<\/b><\/em><\/p>\n<p>In red wine making,\u00a0<strong>SpringCell\u2122 BIO<\/strong>\u00a0addition should be done underneath the cap. In case of musts with a high settlement it is recommended to add\u00a0<strong>SpringCell\u2122 BIO<\/strong>\u00a0after the settling down, just before yeast inoculation.<\/p>\n<p>As a cure, for stuck or sluggish fermentations:<br \/>\nDilute 30 to 40 g\/hl in 10 times its volume of wine then incorporate directly in the racked wine sulfited at a dose of 2 to 3 g\/hl.<br \/>\nConsult our restarting protocol.<\/p>\n<p>Warning: <strong>SpringCell\u2122 BIO<\/strong>\u00a0yeast hulls are subjected to usage limit of 40g\/hl according to the European legislation.<\/p>\n<\/div>\n<div id=\"tab_embalagem-e-garantia\" class=\"panel entry-content\" role=\"tabpanel\" aria-labelledby=\"tab-embalagem-e-garantia\">\n<h4>Packaging<\/h4>\n<p>Carton of 20 vacuum-packed sachets of 500g each (Full box net weight: 10 kg).<\/p>\n<h4>Guarantee<\/h4>\n<p>The high rate of dry matter of our yeasts assures an optimum storage in its original packaging at a temperature not higher than 20\u00b0C (during 3 years) and 10\u00b0C for an extended storage (4 years). Fermentis guarantees the product complies with the International Oenological Codex until its Best Before End Date in the storage conditions mentioned above.<\/p>\n<p>Each Fermentis yeast is developed under a specific production scheme and benefits from the know-how of the Lesaffre group, world leader in yeast manufacturing. This guarantees the highest microbiological purity and maximum fermentation activity.<\/p>\n<\/div><\/div><\/div>\n\t<div id=\"gap-974580369\" class=\"gap-element clearfix\" style=\"display:block; height:auto;\">\n\t\t\n<style>\n#gap-974580369 {\n  padding-top: 30px;\n}\n<\/style>\n\t<\/div>\n\t\n<p><i>Os dados contidos nesta ficha t\u00e9cnica s\u00e3o a transcri\u00e7\u00e3o exata do nosso conhecimento do produto na data mencionada. Eles s\u00e3o propriedade exclusiva da Fermentis-Division da S.I.Lesaffre. \u00c9 de responsabilidade do usu\u00e1rio garantir que o uso deste produto espec\u00edfico esteja em conformidade com a legisla\u00e7\u00e3o.<\/i><\/p>\n","protected":false},"excerpt":{"rendered":"<p>A solu\u00e7\u00e3o org\u00e2nica certificada para fermenta\u00e7\u00f5es lentas e travadas<\/p>\n","protected":false},"featured_media":44267,"comment_status":"closed","ping_status":"closed","template":"","meta":{"_acf_changed":false},"product_brand":[],"product_cat":[2829,2833,2557],"product_tag":[2834,2655,2835,2836],"class_list":{"0":"post-44268","1":"product","2":"type-product","3":"status-publish","4":"has-post-thumbnail","6":"product_cat-fermentation-aids-wine-pt-br","7":"product_cat-springcell-pt-br-2","8":"product_cat-wine-making-pt-br","9":"product_tag-bio-pt-br","10":"product_tag-springcell-pt-br","11":"product_tag-springcell-bio-pt-br","12":"product_tag-springcellbio-pt-br","14":"first","15":"instock","16":"shipping-taxable","17":"product-type-simple"},"acf":[],"yoast_head":"<!-- This site is optimized with the Yoast SEO Premium plugin v27.4 (Yoast SEO v27.4) - https:\/\/yoast.com\/product\/yoast-seo-premium-wordpress\/ -->\n<title>SpringCell BIO - Auxiliar de fermenta\u00e7\u00e3o de vinho biol\u00f3gico - Fermentis<\/title>\n<meta name=\"description\" content=\"Fermentis SpringCell BIO \u00e9 a vers\u00e3o org\u00e2nica das cascas de levedura SpringCell e ajuda a atuar na vialidade da levedura a longo prazo para a fermenta\u00e7\u00e3o do vinho.\" \/>\n<meta name=\"robots\" content=\"index, follow, max-snippet:-1, max-image-preview:large, max-video-preview:-1\" \/>\n<link rel=\"canonical\" href=\"https:\/\/fermentis.com\/pt-br\/produto\/springcell-bio\/\" \/>\n<meta property=\"og:locale\" content=\"pt_BR\" \/>\n<meta property=\"og:type\" content=\"article\" \/>\n<meta property=\"og:title\" content=\"BIO SpringCell\u2122\" \/>\n<meta property=\"og:description\" content=\"Fermentis SpringCell BIO \u00e9 a vers\u00e3o org\u00e2nica das cascas de levedura SpringCell e ajuda a atuar na vialidade da levedura a longo prazo para a fermenta\u00e7\u00e3o do vinho.\" \/>\n<meta property=\"og:url\" content=\"https:\/\/fermentis.com\/pt-br\/produto\/springcell-bio\/\" \/>\n<meta property=\"og:site_name\" content=\"Fermentis\" \/>\n<meta property=\"article:publisher\" content=\"https:\/\/www.facebook.com\/Fermentis\" \/>\n<meta property=\"article:modified_time\" content=\"2026-04-17T14:06:08+00:00\" \/>\n<meta property=\"og:image\" content=\"https:\/\/fermentis.com\/wp-content\/uploads\/2020\/04\/springcell-bio-1.jpg\" \/>\n\t<meta property=\"og:image:width\" content=\"1200\" \/>\n\t<meta property=\"og:image:height\" content=\"1200\" \/>\n\t<meta property=\"og:image:type\" content=\"image\/jpeg\" \/>\n<meta name=\"twitter:card\" content=\"summary_large_image\" \/>\n<meta name=\"twitter:site\" content=\"@fermentis\" \/>\n<meta name=\"twitter:label1\" content=\"Pre\u00e7o\" \/>\n\t<meta name=\"twitter:data1\" content=\"\" \/>\n\t<meta name=\"twitter:label2\" content=\"Disponibilidade\" \/>\n\t<meta name=\"twitter:data2\" content=\"Em Estoque\" \/>\n<script type=\"application\/ld+json\" class=\"yoast-schema-graph\">{\"@context\":\"https:\\\/\\\/schema.org\",\"@graph\":[{\"@type\":\"WebPage\",\"@id\":\"https:\\\/\\\/fermentis.com\\\/pt-br\\\/produto\\\/springcell-bio\\\/\",\"url\":\"https:\\\/\\\/fermentis.com\\\/pt-br\\\/produto\\\/springcell-bio\\\/\",\"name\":\"SpringCell BIO - Auxiliar de fermenta\u00e7\u00e3o de vinho biol\u00f3gico - Fermentis\",\"isPartOf\":{\"@id\":\"https:\\\/\\\/fermentis.com\\\/pt-br\\\/#website\"},\"primaryImageOfPage\":{\"@id\":\"https:\\\/\\\/fermentis.com\\\/pt-br\\\/produto\\\/springcell-bio\\\/#primaryimage\"},\"image\":{\"@id\":\"https:\\\/\\\/fermentis.com\\\/pt-br\\\/produto\\\/springcell-bio\\\/#primaryimage\"},\"thumbnailUrl\":\"https:\\\/\\\/fermentis.com\\\/wp-content\\\/uploads\\\/2020\\\/04\\\/springcell-bio-1.jpg\",\"datePublished\":\"2020-04-26T22:00:00+00:00\",\"dateModified\":\"2026-04-17T14:06:08+00:00\",\"description\":\"Fermentis SpringCell BIO \u00e9 a vers\u00e3o org\u00e2nica das cascas de levedura SpringCell e ajuda a atuar na vialidade da levedura a longo prazo para a fermenta\u00e7\u00e3o do vinho.\",\"breadcrumb\":{\"@id\":\"https:\\\/\\\/fermentis.com\\\/pt-br\\\/produto\\\/springcell-bio\\\/#breadcrumb\"},\"inLanguage\":\"pt-BR\",\"potentialAction\":[{\"@type\":\"ReadAction\",\"target\":[\"https:\\\/\\\/fermentis.com\\\/pt-br\\\/produto\\\/springcell-bio\\\/\"]}]},{\"@type\":\"ImageObject\",\"inLanguage\":\"pt-BR\",\"@id\":\"https:\\\/\\\/fermentis.com\\\/pt-br\\\/produto\\\/springcell-bio\\\/#primaryimage\",\"url\":\"https:\\\/\\\/fermentis.com\\\/wp-content\\\/uploads\\\/2020\\\/04\\\/springcell-bio-1.jpg\",\"contentUrl\":\"https:\\\/\\\/fermentis.com\\\/wp-content\\\/uploads\\\/2020\\\/04\\\/springcell-bio-1.jpg\",\"width\":1200,\"height\":1200},{\"@type\":\"BreadcrumbList\",\"@id\":\"https:\\\/\\\/fermentis.com\\\/pt-br\\\/produto\\\/springcell-bio\\\/#breadcrumb\",\"itemListElement\":[{\"@type\":\"ListItem\",\"position\":1,\"name\":\"Home\",\"item\":\"https:\\\/\\\/fermentis.com\\\/pt-br\\\/\"},{\"@type\":\"ListItem\",\"position\":2,\"name\":\"Produtos\"},{\"@type\":\"ListItem\",\"position\":3,\"name\":\"Wine making\",\"item\":\"https:\\\/\\\/fermentis.com\\\/pt-br\\\/fermentation\\\/wine-making-pt-br\\\/\"},{\"@type\":\"ListItem\",\"position\":4,\"name\":\"Auxiliares de fermenta\u00e7\u00e3o para vinho\",\"item\":\"https:\\\/\\\/fermentis.com\\\/pt-br\\\/fermentation\\\/wine-making-pt-br\\\/fermentation-aids-wine-pt-br\\\/\"},{\"@type\":\"ListItem\",\"position\":5,\"name\":\"BIO SpringCell\u2122\"}]},{\"@type\":\"WebSite\",\"@id\":\"https:\\\/\\\/fermentis.com\\\/pt-br\\\/#website\",\"url\":\"https:\\\/\\\/fermentis.com\\\/pt-br\\\/\",\"name\":\"Fermentis\",\"description\":\"Un site utilisant WordPress\",\"publisher\":{\"@id\":\"https:\\\/\\\/fermentis.com\\\/pt-br\\\/#organization\"},\"potentialAction\":[{\"@type\":\"SearchAction\",\"target\":{\"@type\":\"EntryPoint\",\"urlTemplate\":\"https:\\\/\\\/fermentis.com\\\/pt-br\\\/?s={search_term_string}\"},\"query-input\":{\"@type\":\"PropertyValueSpecification\",\"valueRequired\":true,\"valueName\":\"search_term_string\"}}],\"inLanguage\":\"pt-BR\"},{\"@type\":\"Organization\",\"@id\":\"https:\\\/\\\/fermentis.com\\\/pt-br\\\/#organization\",\"name\":\"Fermentis\",\"url\":\"https:\\\/\\\/fermentis.com\\\/pt-br\\\/\",\"logo\":{\"@type\":\"ImageObject\",\"inLanguage\":\"pt-BR\",\"@id\":\"https:\\\/\\\/fermentis.com\\\/pt-br\\\/#\\\/schema\\\/logo\\\/image\\\/\",\"url\":\"https:\\\/\\\/fermentis.com\\\/wp-content\\\/uploads\\\/2021\\\/07\\\/Logo-Fermentis-5.png\",\"contentUrl\":\"https:\\\/\\\/fermentis.com\\\/wp-content\\\/uploads\\\/2021\\\/07\\\/Logo-Fermentis-5.png\",\"width\":308,\"height\":95,\"caption\":\"Fermentis\"},\"image\":{\"@id\":\"https:\\\/\\\/fermentis.com\\\/pt-br\\\/#\\\/schema\\\/logo\\\/image\\\/\"},\"sameAs\":[\"https:\\\/\\\/www.facebook.com\\\/Fermentis\",\"https:\\\/\\\/x.com\\\/fermentis\",\"https:\\\/\\\/www.instagram.com\\\/fermentisbylesaffre\\\/\",\"https:\\\/\\\/www.linkedin.com\\\/company\\\/fermentis\\\/\",\"https:\\\/\\\/www.youtube.com\\\/channel\\\/UCt_Lp3IZnUNXZeqSi6iiAdA\"]}]}<\/script>\n<meta property=\"product:price:currency\" content=\"GBP\" \/>\n<meta property=\"og:availability\" content=\"instock\" \/>\n<meta property=\"product:availability\" content=\"instock\" \/>\n<meta property=\"product:condition\" content=\"new\" \/>\n<!-- \/ Yoast SEO Premium plugin. -->","yoast_head_json":{"title":"SpringCell BIO - Auxiliar de fermenta\u00e7\u00e3o de vinho biol\u00f3gico - Fermentis","description":"Fermentis SpringCell BIO \u00e9 a vers\u00e3o org\u00e2nica das cascas de levedura SpringCell e ajuda a atuar na vialidade da levedura a longo prazo para a fermenta\u00e7\u00e3o do vinho.","robots":{"index":"index","follow":"follow","max-snippet":"max-snippet:-1","max-image-preview":"max-image-preview:large","max-video-preview":"max-video-preview:-1"},"canonical":"https:\/\/fermentis.com\/pt-br\/produto\/springcell-bio\/","og_locale":"pt_BR","og_type":"article","og_title":"BIO SpringCell\u2122","og_description":"Fermentis SpringCell BIO \u00e9 a vers\u00e3o org\u00e2nica das cascas de levedura SpringCell e ajuda a atuar na vialidade da levedura a longo prazo para a fermenta\u00e7\u00e3o do vinho.","og_url":"https:\/\/fermentis.com\/pt-br\/produto\/springcell-bio\/","og_site_name":"Fermentis","article_publisher":"https:\/\/www.facebook.com\/Fermentis","article_modified_time":"2026-04-17T14:06:08+00:00","og_image":[{"width":1200,"height":1200,"url":"https:\/\/fermentis.com\/wp-content\/uploads\/2020\/04\/springcell-bio-1.jpg","type":"image\/jpeg"}],"twitter_card":"summary_large_image","twitter_site":"@fermentis","twitter_misc":{"Pre\u00e7o":"","Disponibilidade":"Em Estoque"},"schema":{"@context":"https:\/\/schema.org","@graph":[{"@type":"WebPage","@id":"https:\/\/fermentis.com\/pt-br\/produto\/springcell-bio\/","url":"https:\/\/fermentis.com\/pt-br\/produto\/springcell-bio\/","name":"SpringCell BIO - Auxiliar de fermenta\u00e7\u00e3o de vinho biol\u00f3gico - Fermentis","isPartOf":{"@id":"https:\/\/fermentis.com\/pt-br\/#website"},"primaryImageOfPage":{"@id":"https:\/\/fermentis.com\/pt-br\/produto\/springcell-bio\/#primaryimage"},"image":{"@id":"https:\/\/fermentis.com\/pt-br\/produto\/springcell-bio\/#primaryimage"},"thumbnailUrl":"https:\/\/fermentis.com\/wp-content\/uploads\/2020\/04\/springcell-bio-1.jpg","datePublished":"2020-04-26T22:00:00+00:00","dateModified":"2026-04-17T14:06:08+00:00","description":"Fermentis SpringCell BIO \u00e9 a vers\u00e3o org\u00e2nica das cascas de levedura SpringCell e ajuda a atuar na vialidade da levedura a longo prazo para a fermenta\u00e7\u00e3o do vinho.","breadcrumb":{"@id":"https:\/\/fermentis.com\/pt-br\/produto\/springcell-bio\/#breadcrumb"},"inLanguage":"pt-BR","potentialAction":[{"@type":"ReadAction","target":["https:\/\/fermentis.com\/pt-br\/produto\/springcell-bio\/"]}]},{"@type":"ImageObject","inLanguage":"pt-BR","@id":"https:\/\/fermentis.com\/pt-br\/produto\/springcell-bio\/#primaryimage","url":"https:\/\/fermentis.com\/wp-content\/uploads\/2020\/04\/springcell-bio-1.jpg","contentUrl":"https:\/\/fermentis.com\/wp-content\/uploads\/2020\/04\/springcell-bio-1.jpg","width":1200,"height":1200},{"@type":"BreadcrumbList","@id":"https:\/\/fermentis.com\/pt-br\/produto\/springcell-bio\/#breadcrumb","itemListElement":[{"@type":"ListItem","position":1,"name":"Home","item":"https:\/\/fermentis.com\/pt-br\/"},{"@type":"ListItem","position":2,"name":"Produtos"},{"@type":"ListItem","position":3,"name":"Wine making","item":"https:\/\/fermentis.com\/pt-br\/fermentation\/wine-making-pt-br\/"},{"@type":"ListItem","position":4,"name":"Auxiliares de fermenta\u00e7\u00e3o para vinho","item":"https:\/\/fermentis.com\/pt-br\/fermentation\/wine-making-pt-br\/fermentation-aids-wine-pt-br\/"},{"@type":"ListItem","position":5,"name":"BIO SpringCell\u2122"}]},{"@type":"WebSite","@id":"https:\/\/fermentis.com\/pt-br\/#website","url":"https:\/\/fermentis.com\/pt-br\/","name":"Fermentis","description":"Un site utilisant WordPress","publisher":{"@id":"https:\/\/fermentis.com\/pt-br\/#organization"},"potentialAction":[{"@type":"SearchAction","target":{"@type":"EntryPoint","urlTemplate":"https:\/\/fermentis.com\/pt-br\/?s={search_term_string}"},"query-input":{"@type":"PropertyValueSpecification","valueRequired":true,"valueName":"search_term_string"}}],"inLanguage":"pt-BR"},{"@type":"Organization","@id":"https:\/\/fermentis.com\/pt-br\/#organization","name":"Fermentis","url":"https:\/\/fermentis.com\/pt-br\/","logo":{"@type":"ImageObject","inLanguage":"pt-BR","@id":"https:\/\/fermentis.com\/pt-br\/#\/schema\/logo\/image\/","url":"https:\/\/fermentis.com\/wp-content\/uploads\/2021\/07\/Logo-Fermentis-5.png","contentUrl":"https:\/\/fermentis.com\/wp-content\/uploads\/2021\/07\/Logo-Fermentis-5.png","width":308,"height":95,"caption":"Fermentis"},"image":{"@id":"https:\/\/fermentis.com\/pt-br\/#\/schema\/logo\/image\/"},"sameAs":["https:\/\/www.facebook.com\/Fermentis","https:\/\/x.com\/fermentis","https:\/\/www.instagram.com\/fermentisbylesaffre\/","https:\/\/www.linkedin.com\/company\/fermentis\/","https:\/\/www.youtube.com\/channel\/UCt_Lp3IZnUNXZeqSi6iiAdA"]}]},"product_price_currency":"GBP","og_availability":"instock","product_availability":"instock","product_condition":"new"},"_links":{"self":[{"href":"https:\/\/fermentis.com\/pt-br\/wp-json\/wp\/v2\/product\/44268","targetHints":{"allow":["GET"]}}],"collection":[{"href":"https:\/\/fermentis.com\/pt-br\/wp-json\/wp\/v2\/product"}],"about":[{"href":"https:\/\/fermentis.com\/pt-br\/wp-json\/wp\/v2\/types\/product"}],"replies":[{"embeddable":true,"href":"https:\/\/fermentis.com\/pt-br\/wp-json\/wp\/v2\/comments?post=44268"}],"wp:featuredmedia":[{"embeddable":true,"href":"https:\/\/fermentis.com\/pt-br\/wp-json\/wp\/v2\/media\/44267"}],"wp:attachment":[{"href":"https:\/\/fermentis.com\/pt-br\/wp-json\/wp\/v2\/media?parent=44268"}],"wp:term":[{"taxonomy":"product_brand","embeddable":true,"href":"https:\/\/fermentis.com\/pt-br\/wp-json\/wp\/v2\/product_brand?post=44268"},{"taxonomy":"product_cat","embeddable":true,"href":"https:\/\/fermentis.com\/pt-br\/wp-json\/wp\/v2\/product_cat?post=44268"},{"taxonomy":"product_tag","embeddable":true,"href":"https:\/\/fermentis.com\/pt-br\/wp-json\/wp\/v2\/product_tag?post=44268"}],"curies":[{"name":"wp","href":"https:\/\/api.w.org\/{rel}","templated":true}]}}