{"id":44270,"date":"2020-04-24T00:00:00","date_gmt":"2020-04-23T22:00:00","guid":{"rendered":"https:\/\/fermentis.com\/product\/springferm\/"},"modified":"2026-04-20T10:58:27","modified_gmt":"2026-04-20T08:58:27","slug":"springferm","status":"publish","type":"product","link":"https:\/\/fermentis.com\/pt-br\/produto\/springferm\/","title":{"rendered":"SpringFerm\u2122"},"content":{"rendered":"<div class=\"container section-title-container\" ><h2 class=\"section-title section-title-center\"><b aria-hidden=\"true\"><\/b><span class=\"section-title-main\" style=\"font-size:115%;\">Nutriente de fermenta\u00e7\u00e3o multiuso<\/span><b aria-hidden=\"true\"><\/b><\/h2><\/div>\n<p><strong>SpringFerm<\/strong>\u2122 \u00e9 um ativador de fermenta\u00e7\u00e3o baseado em leveduras parcialmente autolisadas, cerca de 3 vezes mais rico em nitrog\u00eanio dispon\u00edvel do que a levedura inativada b\u00e1sica. Diretamente emitido de levedura, traz amino\u00e1cidos, ester\u00f3is, minerais e vitaminas. A aus\u00eancia desses compostos pode ser prejudicial para uma fermenta\u00e7\u00e3o completa.<\/p>\n\t<div id=\"gap-1041921241\" class=\"gap-element clearfix\" style=\"display:block; height:auto;\">\n\t\t\n<style>\n#gap-1041921241 {\n  padding-top: 30px;\n}\n<\/style>\n\t<\/div>\n\t\n<div class=\"container section-title-container\" ><h3 class=\"section-title section-title-center\"><b aria-hidden=\"true\"><\/b><span class=\"section-title-main\" style=\"font-size:115%;\">Caracter\u00edsticas t\u00e9cnicas do SPRINGFERM\u2122<\/span><b aria-hidden=\"true\"><\/b><\/h3><\/div>\n\n\t\t<div class=\"tabbed-content\">\n\t\t\t\n\t\t\t<ul class=\"nav nav-tabs nav-uppercase nav-size-normal nav-left\" role=\"tablist\"><li id=\"tab-propriedades\" class=\"tab active has-icon\" role=\"presentation\"><a href=\"#tab_propriedades\" role=\"tab\" aria-selected=\"true\" aria-controls=\"tab_propriedades\"><span>Propriedades<\/span><\/a><\/li>\n<li id=\"tab-experimento\" class=\"tab has-icon\" role=\"presentation\"><a href=\"#tab_experimento\" tabindex=\"-1\" role=\"tab\" aria-selected=\"false\" aria-controls=\"tab_experimento\"><span>Experimento<\/span><\/a><\/li>\n<li id=\"tab-dosagem-e-uso\" class=\"tab has-icon\" role=\"presentation\"><a href=\"#tab_dosagem-e-uso\" tabindex=\"-1\" role=\"tab\" aria-selected=\"false\" aria-controls=\"tab_dosagem-e-uso\"><span>Dosagem e Uso<\/span><\/a><\/li>\n<li id=\"tab-embalagem-e-garantia\" class=\"tab has-icon\" role=\"presentation\"><a href=\"#tab_embalagem-e-garantia\" tabindex=\"-1\" role=\"tab\" aria-selected=\"false\" aria-controls=\"tab_embalagem-e-garantia\"><span>Embalagem e garantia<\/span><\/a><\/li><\/ul><div class=\"tab-panels\"><div id=\"tab_propriedades\" class=\"panel active entry-content\" role=\"tabpanel\" aria-labelledby=\"tab-propriedades\">\n<h4>Efeito sin\u00e9rgico entre nitrog\u00eanio mineral e org\u00e2nico<\/h4>\n<p>Nitrog\u00eanio org\u00e2nico melhorando a assimila\u00e7\u00e3o de am\u00f4nio, com um suprimento de SpringFerm\u2122, al\u00e9m de uma fonte de nitrog\u00eanio mineral (fosfato de diam\u00f4nio DAP), a nutri\u00e7\u00e3o da levedura \u00e9 otimizada.<\/p>\n<h4>Dom\u00ednio do n\u00edvel de nitrog\u00eanio org\u00e2nico<\/h4>\n<p>SpringFerm\u2122 \u00e9 um ativador 100% de origem natural e, como tal, representa uma fonte de aminonitrog\u00eanio que permite ao en\u00f3logo dominar o equil\u00edbrio entre nitrog\u00eanio org\u00e2nico e mineral no mosto. Sua riqueza em nucleot\u00eddeos e amino\u00e1cidos essenciais (\u00e1cido glut\u00e2mico, asparagina, leucina, lisina, serina) \u00e9 crucial para a s\u00edntese de prote\u00ednas.<\/p>\n<h4>Riqueza em fatores de sobreviv\u00eancia (ergoster\u00f3is)<\/h4>\n<p>SpringFerm\u2122 cont\u00e9m 20% de paredes celulares de levedura que s\u00e3o ricas em lip\u00eddios e, principalmente, ergoster\u00f3is, que s\u00e3o considerados substitutos do oxig\u00eanio em condi\u00e7\u00f5es anaer\u00f3bicas estritas. Eles s\u00e3o necess\u00e1rios para garantir a resist\u00eancia ao etanol da membrana e sua permeabilidade aos carboidratos.<\/p>\n<h4>Fornecimento de vitaminas<\/h4>\n<p>SpringFerm\u2122 cont\u00e9m naturalmente at\u00e9 600 mg\/kg de tiamina. Uma dose suficiente para cobrir as necessidades das leveduras e evitar a produ\u00e7\u00e3o de altos n\u00edveis de SO<sub>2<\/sub> e \u00e1cido ac\u00e9tico. Al\u00e9m disso, o SpringFerm\u2122 \u00e9 rico em \u00e1cido f\u00f3lico, pantotenato de c\u00e1lcio e niacina.<\/p>\n<h4>Efeito de suporte<\/h4>\n<p>A parte insol\u00favel do SpringFerm\u2122 desempenha um papel coadjuvante em caso de excesso de mostos clarificados. A turbidez aumenta sem enfrentar os desvios organol\u00e9pticos causados por borras pesadas.<\/p>\n<\/div>\n<div id=\"tab_experimento\" class=\"panel entry-content\" role=\"tabpanel\" aria-labelledby=\"tab-experimento\">\n<h4><strong>Carignan must 2012, 12,8% v\/v, YAN inicial: 102ppm, SO<sub>2<\/sub> livre\/total: 36\/70ppm<\/strong><\/h4>\n<p><em>Na inocula\u00e7\u00e3o de levedura: DAP 24g\/hl (azul) ou DAP 24g\/hl + SpringFerm 20g\/hl (vermelho)<\/em><br \/>\n<em>A 1.055: DAP 24g\/hl (azul) ou DAP 24g\/hl + SpringFerm 20g\/hl (vermelho)<\/em><\/p>\n<p>O fornecimento de <strong>SpringFerm<\/strong><strong>\u2122<\/strong> em compara\u00e7\u00e3o com &quot;apenas DAP&quot; permitiu garantir a fermenta\u00e7\u00e3o em condi\u00e7\u00f5es dif\u00edceis.<\/p>\n<\/div>\n<div id=\"tab_dosagem-e-uso\" class=\"panel entry-content\" role=\"tabpanel\" aria-labelledby=\"tab-dosagem-e-uso\">\n<h4>Dosagem<\/h4>\n<p><em><b>20g\/hl de SpringFerm\u2122 para um fornecimento equivalente de 10 ppm de nitrog\u00eanio dispon\u00edvel para levedura<\/b><\/em><\/p>\n<p>Recomenda-se calcular a quantidade ideal de nitrog\u00eanio a ser adicionada durante a fermenta\u00e7\u00e3o, dependendo da levedura escolhida e da quantidade de nitrog\u00eanio dispon\u00edvel no mosto. Para ter uma nutri\u00e7\u00e3o completa, recomenda-se fornecer SpringFerm\u2122 (dosagem usual de 20g\/hl) em combina\u00e7\u00e3o ou n\u00e3o com DAP na terceira fermenta\u00e7\u00e3o intermedi\u00e1ria se o mosto for inicialmente ligeiramente deficiente em YAN.<br \/>\nNo caso de mosto altamente clarificado, a adi\u00e7\u00e3o de SpringFerm\u2122 deve ser feita na inocula\u00e7\u00e3o da levedura e renovada na terceira fermenta\u00e7\u00e3o m\u00e9dia.<\/p>\n<\/div>\n<div id=\"tab_embalagem-e-garantia\" class=\"panel entry-content\" role=\"tabpanel\" aria-labelledby=\"tab-embalagem-e-garantia\">\n<h4>Armazenamento<\/h4>\n<p>Caixa de 10 sach\u00eas embalados a v\u00e1cuo de 1kg cada (peso l\u00edquido da caixa completa: 10 kg).<br \/>\n1 saco de 10 kg<br \/>\n1 saco de 25 kg<\/p>\n<h4>Garantia<\/h4>\n<p>A alta taxa de mat\u00e9ria seca de nossas leveduras garante um \u00f3timo armazenamento em sua embalagem original a uma temperatura n\u00e3o superior a 20\u00b0C (durante 3 anos) e 10\u00b0C para um armazenamento prolongado (4 anos).<\/p>\n<p>A Fermentis garante que o produto est\u00e1 em conformidade com o Codex Enol\u00f3gico Internacional at\u00e9 a Data de Validade nas condi\u00e7\u00f5es de armazenamento mencionadas acima.<\/p>\n<p>Cada levedura Fermentis \u00e9 desenvolvida sob um esquema de produ\u00e7\u00e3o espec\u00edfico e se beneficia do know-how do grupo Lesaffre, l\u00edder mundial na fabrica\u00e7\u00e3o de leveduras.  Isso garante a mais alta pureza microbiol\u00f3gica e a m\u00e1xima atividade de fermenta\u00e7\u00e3o.<\/p>\n<\/div><\/div><\/div>\n\t<div id=\"gap-9514274\" class=\"gap-element clearfix\" style=\"display:block; height:auto;\">\n\t\t\n<style>\n#gap-9514274 {\n  padding-top: 30px;\n}\n<\/style>\n\t<\/div>\n\t\n<p><i>Os dados contidos nesta ficha t\u00e9cnica s\u00e3o a transcri\u00e7\u00e3o exata do nosso conhecimento do produto na data mencionada. Eles s\u00e3o propriedade exclusiva da Fermentis-Division da S.I.Lesaffre. \u00c9 de responsabilidade do usu\u00e1rio garantir que o uso deste produto espec\u00edfico esteja em conformidade com a legisla\u00e7\u00e3o.<\/i><\/p>\n","protected":false},"excerpt":{"rendered":"<p>Nutriente de fermenta\u00e7\u00e3o multiuso<\/p>\n","protected":false},"featured_media":44271,"comment_status":"closed","ping_status":"closed","template":"","meta":{"_acf_changed":false},"product_brand":[],"product_cat":[2829,2837,2557],"product_tag":[2838,2839],"class_list":{"0":"post-44270","1":"product","2":"type-product","3":"status-publish","4":"has-post-thumbnail","6":"product_cat-fermentation-aids-wine-pt-br","7":"product_cat-springferm-fermentation-aids-wine-making-pt-br-2","8":"product_cat-wine-making-pt-br","9":"product_tag-spring-ferm-pt-br","10":"product_tag-springferm-pt-br","12":"first","13":"instock","14":"shipping-taxable","15":"product-type-simple"},"acf":[],"yoast_head":"<!-- This site is optimized with the Yoast SEO Premium plugin v27.4 (Yoast SEO v27.4) - https:\/\/yoast.com\/product\/yoast-seo-premium-wordpress\/ -->\n<title>SpringFerm - Auxiliar de fermenta\u00e7\u00e3o de vinho polivalente - Fermentis<\/title>\n<meta name=\"description\" content=\"O auxiliar de fermenta\u00e7\u00e3o de vinho Fermentis SpringFerm \u00e9 ideal para trazer amino\u00e1cidos, ester\u00f3is, minerais e vitaminas, a garantia de uma fermenta\u00e7\u00e3o completa\" \/>\n<meta name=\"robots\" content=\"index, follow, max-snippet:-1, max-image-preview:large, max-video-preview:-1\" \/>\n<link rel=\"canonical\" href=\"https:\/\/fermentis.com\/pt-br\/produto\/springferm\/\" \/>\n<meta property=\"og:locale\" content=\"pt_BR\" \/>\n<meta property=\"og:type\" content=\"article\" \/>\n<meta property=\"og:title\" content=\"SpringFerm\u2122\" \/>\n<meta property=\"og:description\" content=\"O auxiliar de fermenta\u00e7\u00e3o de vinho Fermentis SpringFerm \u00e9 ideal para trazer amino\u00e1cidos, ester\u00f3is, minerais e vitaminas, a garantia de uma fermenta\u00e7\u00e3o completa\" \/>\n<meta property=\"og:url\" content=\"https:\/\/fermentis.com\/pt-br\/produto\/springferm\/\" \/>\n<meta property=\"og:site_name\" content=\"Fermentis\" \/>\n<meta property=\"article:publisher\" content=\"https:\/\/www.facebook.com\/Fermentis\" \/>\n<meta property=\"article:modified_time\" content=\"2026-04-20T08:58:27+00:00\" \/>\n<meta property=\"og:image\" content=\"https:\/\/fermentis.com\/wp-content\/uploads\/2020\/10\/springferm.jpg\" \/>\n\t<meta property=\"og:image:width\" content=\"1200\" \/>\n\t<meta property=\"og:image:height\" content=\"1200\" \/>\n\t<meta property=\"og:image:type\" content=\"image\/jpeg\" \/>\n<meta name=\"twitter:card\" content=\"summary_large_image\" \/>\n<meta name=\"twitter:site\" content=\"@fermentis\" \/>\n<meta name=\"twitter:label1\" content=\"Pre\u00e7o\" \/>\n\t<meta name=\"twitter:data1\" content=\"\" \/>\n\t<meta name=\"twitter:label2\" content=\"Disponibilidade\" \/>\n\t<meta name=\"twitter:data2\" content=\"Em Estoque\" \/>\n<script type=\"application\/ld+json\" class=\"yoast-schema-graph\">{\"@context\":\"https:\\\/\\\/schema.org\",\"@graph\":[{\"@type\":\"WebPage\",\"@id\":\"https:\\\/\\\/fermentis.com\\\/pt-br\\\/produto\\\/springferm\\\/\",\"url\":\"https:\\\/\\\/fermentis.com\\\/pt-br\\\/produto\\\/springferm\\\/\",\"name\":\"SpringFerm - Auxiliar de fermenta\u00e7\u00e3o de vinho polivalente - Fermentis\",\"isPartOf\":{\"@id\":\"https:\\\/\\\/fermentis.com\\\/pt-br\\\/#website\"},\"primaryImageOfPage\":{\"@id\":\"https:\\\/\\\/fermentis.com\\\/pt-br\\\/produto\\\/springferm\\\/#primaryimage\"},\"image\":{\"@id\":\"https:\\\/\\\/fermentis.com\\\/pt-br\\\/produto\\\/springferm\\\/#primaryimage\"},\"thumbnailUrl\":\"https:\\\/\\\/fermentis.com\\\/wp-content\\\/uploads\\\/2020\\\/10\\\/springferm.jpg\",\"datePublished\":\"2020-04-23T22:00:00+00:00\",\"dateModified\":\"2026-04-20T08:58:27+00:00\",\"description\":\"O auxiliar de fermenta\u00e7\u00e3o de vinho Fermentis SpringFerm \u00e9 ideal para trazer amino\u00e1cidos, ester\u00f3is, minerais e vitaminas, a garantia de uma fermenta\u00e7\u00e3o completa\",\"breadcrumb\":{\"@id\":\"https:\\\/\\\/fermentis.com\\\/pt-br\\\/produto\\\/springferm\\\/#breadcrumb\"},\"inLanguage\":\"pt-BR\",\"potentialAction\":[{\"@type\":\"ReadAction\",\"target\":[\"https:\\\/\\\/fermentis.com\\\/pt-br\\\/produto\\\/springferm\\\/\"]}]},{\"@type\":\"ImageObject\",\"inLanguage\":\"pt-BR\",\"@id\":\"https:\\\/\\\/fermentis.com\\\/pt-br\\\/produto\\\/springferm\\\/#primaryimage\",\"url\":\"https:\\\/\\\/fermentis.com\\\/wp-content\\\/uploads\\\/2020\\\/10\\\/springferm.jpg\",\"contentUrl\":\"https:\\\/\\\/fermentis.com\\\/wp-content\\\/uploads\\\/2020\\\/10\\\/springferm.jpg\",\"width\":1200,\"height\":1200},{\"@type\":\"BreadcrumbList\",\"@id\":\"https:\\\/\\\/fermentis.com\\\/pt-br\\\/produto\\\/springferm\\\/#breadcrumb\",\"itemListElement\":[{\"@type\":\"ListItem\",\"position\":1,\"name\":\"Home\",\"item\":\"https:\\\/\\\/fermentis.com\\\/pt-br\\\/\"},{\"@type\":\"ListItem\",\"position\":2,\"name\":\"Produtos\"},{\"@type\":\"ListItem\",\"position\":3,\"name\":\"Wine making\",\"item\":\"https:\\\/\\\/fermentis.com\\\/pt-br\\\/fermentation\\\/wine-making-pt-br\\\/\"},{\"@type\":\"ListItem\",\"position\":4,\"name\":\"Auxiliares de fermenta\u00e7\u00e3o para vinho\",\"item\":\"https:\\\/\\\/fermentis.com\\\/pt-br\\\/fermentation\\\/wine-making-pt-br\\\/fermentation-aids-wine-pt-br\\\/\"},{\"@type\":\"ListItem\",\"position\":5,\"name\":\"SpringFerm\u2122\"}]},{\"@type\":\"WebSite\",\"@id\":\"https:\\\/\\\/fermentis.com\\\/pt-br\\\/#website\",\"url\":\"https:\\\/\\\/fermentis.com\\\/pt-br\\\/\",\"name\":\"Fermentis\",\"description\":\"Un site utilisant WordPress\",\"publisher\":{\"@id\":\"https:\\\/\\\/fermentis.com\\\/pt-br\\\/#organization\"},\"potentialAction\":[{\"@type\":\"SearchAction\",\"target\":{\"@type\":\"EntryPoint\",\"urlTemplate\":\"https:\\\/\\\/fermentis.com\\\/pt-br\\\/?s={search_term_string}\"},\"query-input\":{\"@type\":\"PropertyValueSpecification\",\"valueRequired\":true,\"valueName\":\"search_term_string\"}}],\"inLanguage\":\"pt-BR\"},{\"@type\":\"Organization\",\"@id\":\"https:\\\/\\\/fermentis.com\\\/pt-br\\\/#organization\",\"name\":\"Fermentis\",\"url\":\"https:\\\/\\\/fermentis.com\\\/pt-br\\\/\",\"logo\":{\"@type\":\"ImageObject\",\"inLanguage\":\"pt-BR\",\"@id\":\"https:\\\/\\\/fermentis.com\\\/pt-br\\\/#\\\/schema\\\/logo\\\/image\\\/\",\"url\":\"https:\\\/\\\/fermentis.com\\\/wp-content\\\/uploads\\\/2021\\\/07\\\/Logo-Fermentis-5.png\",\"contentUrl\":\"https:\\\/\\\/fermentis.com\\\/wp-content\\\/uploads\\\/2021\\\/07\\\/Logo-Fermentis-5.png\",\"width\":308,\"height\":95,\"caption\":\"Fermentis\"},\"image\":{\"@id\":\"https:\\\/\\\/fermentis.com\\\/pt-br\\\/#\\\/schema\\\/logo\\\/image\\\/\"},\"sameAs\":[\"https:\\\/\\\/www.facebook.com\\\/Fermentis\",\"https:\\\/\\\/x.com\\\/fermentis\",\"https:\\\/\\\/www.instagram.com\\\/fermentisbylesaffre\\\/\",\"https:\\\/\\\/www.linkedin.com\\\/company\\\/fermentis\\\/\",\"https:\\\/\\\/www.youtube.com\\\/channel\\\/UCt_Lp3IZnUNXZeqSi6iiAdA\"]}]}<\/script>\n<meta property=\"product:price:currency\" content=\"GBP\" \/>\n<meta property=\"og:availability\" content=\"instock\" \/>\n<meta property=\"product:availability\" content=\"instock\" \/>\n<meta property=\"product:condition\" content=\"new\" \/>\n<!-- \/ Yoast SEO Premium plugin. -->","yoast_head_json":{"title":"SpringFerm - Auxiliar de fermenta\u00e7\u00e3o de vinho polivalente - Fermentis","description":"O auxiliar de fermenta\u00e7\u00e3o de vinho Fermentis SpringFerm \u00e9 ideal para trazer amino\u00e1cidos, ester\u00f3is, minerais e vitaminas, a garantia de uma fermenta\u00e7\u00e3o completa","robots":{"index":"index","follow":"follow","max-snippet":"max-snippet:-1","max-image-preview":"max-image-preview:large","max-video-preview":"max-video-preview:-1"},"canonical":"https:\/\/fermentis.com\/pt-br\/produto\/springferm\/","og_locale":"pt_BR","og_type":"article","og_title":"SpringFerm\u2122","og_description":"O auxiliar de fermenta\u00e7\u00e3o de vinho Fermentis SpringFerm \u00e9 ideal para trazer amino\u00e1cidos, ester\u00f3is, minerais e vitaminas, a garantia de uma fermenta\u00e7\u00e3o completa","og_url":"https:\/\/fermentis.com\/pt-br\/produto\/springferm\/","og_site_name":"Fermentis","article_publisher":"https:\/\/www.facebook.com\/Fermentis","article_modified_time":"2026-04-20T08:58:27+00:00","og_image":[{"width":1200,"height":1200,"url":"https:\/\/fermentis.com\/wp-content\/uploads\/2020\/10\/springferm.jpg","type":"image\/jpeg"}],"twitter_card":"summary_large_image","twitter_site":"@fermentis","twitter_misc":{"Pre\u00e7o":"","Disponibilidade":"Em Estoque"},"schema":{"@context":"https:\/\/schema.org","@graph":[{"@type":"WebPage","@id":"https:\/\/fermentis.com\/pt-br\/produto\/springferm\/","url":"https:\/\/fermentis.com\/pt-br\/produto\/springferm\/","name":"SpringFerm - Auxiliar de fermenta\u00e7\u00e3o de vinho polivalente - Fermentis","isPartOf":{"@id":"https:\/\/fermentis.com\/pt-br\/#website"},"primaryImageOfPage":{"@id":"https:\/\/fermentis.com\/pt-br\/produto\/springferm\/#primaryimage"},"image":{"@id":"https:\/\/fermentis.com\/pt-br\/produto\/springferm\/#primaryimage"},"thumbnailUrl":"https:\/\/fermentis.com\/wp-content\/uploads\/2020\/10\/springferm.jpg","datePublished":"2020-04-23T22:00:00+00:00","dateModified":"2026-04-20T08:58:27+00:00","description":"O auxiliar de fermenta\u00e7\u00e3o de vinho Fermentis SpringFerm \u00e9 ideal para trazer amino\u00e1cidos, ester\u00f3is, minerais e vitaminas, a garantia de uma fermenta\u00e7\u00e3o completa","breadcrumb":{"@id":"https:\/\/fermentis.com\/pt-br\/produto\/springferm\/#breadcrumb"},"inLanguage":"pt-BR","potentialAction":[{"@type":"ReadAction","target":["https:\/\/fermentis.com\/pt-br\/produto\/springferm\/"]}]},{"@type":"ImageObject","inLanguage":"pt-BR","@id":"https:\/\/fermentis.com\/pt-br\/produto\/springferm\/#primaryimage","url":"https:\/\/fermentis.com\/wp-content\/uploads\/2020\/10\/springferm.jpg","contentUrl":"https:\/\/fermentis.com\/wp-content\/uploads\/2020\/10\/springferm.jpg","width":1200,"height":1200},{"@type":"BreadcrumbList","@id":"https:\/\/fermentis.com\/pt-br\/produto\/springferm\/#breadcrumb","itemListElement":[{"@type":"ListItem","position":1,"name":"Home","item":"https:\/\/fermentis.com\/pt-br\/"},{"@type":"ListItem","position":2,"name":"Produtos"},{"@type":"ListItem","position":3,"name":"Wine making","item":"https:\/\/fermentis.com\/pt-br\/fermentation\/wine-making-pt-br\/"},{"@type":"ListItem","position":4,"name":"Auxiliares de fermenta\u00e7\u00e3o para vinho","item":"https:\/\/fermentis.com\/pt-br\/fermentation\/wine-making-pt-br\/fermentation-aids-wine-pt-br\/"},{"@type":"ListItem","position":5,"name":"SpringFerm\u2122"}]},{"@type":"WebSite","@id":"https:\/\/fermentis.com\/pt-br\/#website","url":"https:\/\/fermentis.com\/pt-br\/","name":"Fermentis","description":"Un site utilisant WordPress","publisher":{"@id":"https:\/\/fermentis.com\/pt-br\/#organization"},"potentialAction":[{"@type":"SearchAction","target":{"@type":"EntryPoint","urlTemplate":"https:\/\/fermentis.com\/pt-br\/?s={search_term_string}"},"query-input":{"@type":"PropertyValueSpecification","valueRequired":true,"valueName":"search_term_string"}}],"inLanguage":"pt-BR"},{"@type":"Organization","@id":"https:\/\/fermentis.com\/pt-br\/#organization","name":"Fermentis","url":"https:\/\/fermentis.com\/pt-br\/","logo":{"@type":"ImageObject","inLanguage":"pt-BR","@id":"https:\/\/fermentis.com\/pt-br\/#\/schema\/logo\/image\/","url":"https:\/\/fermentis.com\/wp-content\/uploads\/2021\/07\/Logo-Fermentis-5.png","contentUrl":"https:\/\/fermentis.com\/wp-content\/uploads\/2021\/07\/Logo-Fermentis-5.png","width":308,"height":95,"caption":"Fermentis"},"image":{"@id":"https:\/\/fermentis.com\/pt-br\/#\/schema\/logo\/image\/"},"sameAs":["https:\/\/www.facebook.com\/Fermentis","https:\/\/x.com\/fermentis","https:\/\/www.instagram.com\/fermentisbylesaffre\/","https:\/\/www.linkedin.com\/company\/fermentis\/","https:\/\/www.youtube.com\/channel\/UCt_Lp3IZnUNXZeqSi6iiAdA"]}]},"product_price_currency":"GBP","og_availability":"instock","product_availability":"instock","product_condition":"new"},"_links":{"self":[{"href":"https:\/\/fermentis.com\/pt-br\/wp-json\/wp\/v2\/product\/44270","targetHints":{"allow":["GET"]}}],"collection":[{"href":"https:\/\/fermentis.com\/pt-br\/wp-json\/wp\/v2\/product"}],"about":[{"href":"https:\/\/fermentis.com\/pt-br\/wp-json\/wp\/v2\/types\/product"}],"replies":[{"embeddable":true,"href":"https:\/\/fermentis.com\/pt-br\/wp-json\/wp\/v2\/comments?post=44270"}],"wp:featuredmedia":[{"embeddable":true,"href":"https:\/\/fermentis.com\/pt-br\/wp-json\/wp\/v2\/media\/44271"}],"wp:attachment":[{"href":"https:\/\/fermentis.com\/pt-br\/wp-json\/wp\/v2\/media?parent=44270"}],"wp:term":[{"taxonomy":"product_brand","embeddable":true,"href":"https:\/\/fermentis.com\/pt-br\/wp-json\/wp\/v2\/product_brand?post=44270"},{"taxonomy":"product_cat","embeddable":true,"href":"https:\/\/fermentis.com\/pt-br\/wp-json\/wp\/v2\/product_cat?post=44270"},{"taxonomy":"product_tag","embeddable":true,"href":"https:\/\/fermentis.com\/pt-br\/wp-json\/wp\/v2\/product_tag?post=44270"}],"curies":[{"name":"wp","href":"https:\/\/api.w.org\/{rel}","templated":true}]}}