{"id":44272,"date":"2020-04-23T00:00:00","date_gmt":"2020-04-22T22:00:00","guid":{"rendered":"https:\/\/fermentis.com\/product\/springferm-equilibre\/"},"modified":"2026-04-13T19:48:11","modified_gmt":"2026-04-13T17:48:11","slug":"springferm-equilibre","status":"publish","type":"product","link":"https:\/\/fermentis.com\/pt-br\/produto\/springferm-equilibre\/","title":{"rendered":"SpringFerm\u2122 Equilibre"},"content":{"rendered":"<div class=\"container section-title-container\" ><h2 class=\"section-title section-title-center\"><b aria-hidden=\"true\"><\/b><span class=\"section-title-main\" style=\"font-size:115%;\">O PACOTE NUTRICIONAL COMPLETO PARA SUA LEVEDURA<\/span><b aria-hidden=\"true\"><\/b><\/h2><\/div>\n<p><strong>SpringFerm\u2122 Equilibre<\/strong> \u00e9 um ativador de fermenta\u00e7\u00e3o complexo baseado nas sinergias de nitrog\u00eanio org\u00e2nico e mineral. Sua f\u00f3rmula foi especificamente estudada para otimizar seus efeitos no crescimento e sobreviv\u00eancia da levedura, tornando-a uma defesa nutricional de escolha contra fermenta\u00e7\u00f5es travadas ou lentas.<\/p>\n\t<div id=\"gap-1012365961\" class=\"gap-element clearfix\" style=\"display:block; height:auto;\">\n\t\t\n<style>\n#gap-1012365961 {\n  padding-top: 30px;\n}\n<\/style>\n\t<\/div>\n\t\n<div class=\"container section-title-container\" ><h3 class=\"section-title section-title-center\"><b aria-hidden=\"true\"><\/b><span class=\"section-title-main\" style=\"font-size:115%;\">Caracter\u00edsticas t\u00e9cnicas do SPRINGFERM\u2122 EQUILIBRE<\/span><b aria-hidden=\"true\"><\/b><\/h3><\/div>\n\n\t\t<div class=\"tabbed-content\">\n\t\t\t\n\t\t\t<ul class=\"nav nav-tabs nav-uppercase nav-size-normal nav-left\" role=\"tablist\"><li id=\"tab-propriedades\" class=\"tab active has-icon\" role=\"presentation\"><a href=\"#tab_propriedades\" role=\"tab\" aria-selected=\"true\" aria-controls=\"tab_propriedades\"><span>Propriedades<\/span><\/a><\/li>\n<li id=\"tab-dosagem-e-uso\" class=\"tab has-icon\" role=\"presentation\"><a href=\"#tab_dosagem-e-uso\" tabindex=\"-1\" role=\"tab\" aria-selected=\"false\" aria-controls=\"tab_dosagem-e-uso\"><span>Dosagem e Uso<\/span><\/a><\/li>\n<li id=\"tab-embalagem-e-garantia\" class=\"tab has-icon\" role=\"presentation\"><a href=\"#tab_embalagem-e-garantia\" tabindex=\"-1\" role=\"tab\" aria-selected=\"false\" aria-controls=\"tab_embalagem-e-garantia\"><span>Embalagem e garantia<\/span><\/a><\/li><\/ul><div class=\"tab-panels\"><div id=\"tab_propriedades\" class=\"panel active entry-content\" role=\"tabpanel\" aria-labelledby=\"tab-propriedades\">\n<h4>Assimila\u00e7\u00e3o melhorada de compostos de nitrog\u00eanio<\/h4>\n<p>Com seu teor de fosfato diam\u00f4nico (DAP) tornando-o rico em nitrog\u00eanio mineral e seu teor de amino\u00e1cidos que o torna <strong>rico em nitrog\u00eanio org\u00e2nico<\/strong>, a f\u00f3rmula especial de SpringFerm\u2122 Equilibre melhora a assimila\u00e7\u00e3o do nitrog\u00eanio mineral em compara\u00e7\u00e3o com o uso de DAP sozinho. <strong>SpringFerm\u2122 Equilibre fornece 17mg\/L de nitrog\u00eanio mineral assimil\u00e1vel<\/strong> para uma dosagem de produto de 20g\/hl.<\/p>\n<p>SpringFerm\u2122 Equilibre diminui os riscos de desvios organol\u00e9pticos (acidez vol\u00e1til, H <sub>2<\/sub> S) e auxilia na produ\u00e7\u00e3o de \u00e1lcoois secund\u00e1rios e seus \u00e9steres.<\/p>\n<h4>Fornecimento de fatores de sobreviv\u00eancia<\/h4>\n<p>SpringFerm\u2122 Equilibre \u00e9 rico em \u00e1cidos graxos e ester\u00f3is que s\u00e3o necess\u00e1rios para a sobreviv\u00eancia da levedura. Uma dose de 20g\/hl fornece at\u00e9 13 mg\/L de subst\u00e2ncia lip\u00eddica para a reconstitui\u00e7\u00e3o da membrana celular. Este fornecimento garante a integridade da parede celular durante as fermenta\u00e7\u00f5es mais estressantes: alto grau de \u00e1lcool, raridade de nutrientes durante o processo de fermenta\u00e7\u00e3o&#8230;.<\/p>\n<p><strong>SpringFerm\u2122 Equilibre cont\u00e9m naturalmente 0,6 mg\/L de Tiamina<\/strong> para um fornecimento de 20g\/hl, sendo suficiente para aumentar em 20% a popula\u00e7\u00e3o vi\u00e1vel e acelerar a fermenta\u00e7\u00e3o dos a\u00e7\u00facares.<\/p>\n<h4>Papel de apoio e desintoxica\u00e7\u00e3o<\/h4>\n<p><strong>Rico em paredes de c\u00e9lulas de levedura Springcell, o SpringFerm\u2122 Equilibre<\/strong> permite a desintoxica\u00e7\u00e3o do mosto e desempenha um papel de suporte em mostos altamente clarificados.<\/p>\n<\/div>\n<div id=\"tab_dosagem-e-uso\" class=\"panel entry-content\" role=\"tabpanel\" aria-labelledby=\"tab-dosagem-e-uso\">\n<h4>Dosagem<\/h4>\n<p><em><strong>SpringFerm\u2122 Equilibre deve ser incorporado na inocula\u00e7\u00e3o de leveduras para desempenhar seu papel nutritivo na dosagem de 15 a 20 g \/ hl.<\/strong><\/em><\/p>\n<p>Aviso: <em><strong>SpringFerm\u2122 Equilibre<\/strong><\/em> n\u00e3o deve ser usado legalmente acima de 20g\/hl devido ao seu alto teor de tiamina. Ele tamb\u00e9m cont\u00e9m fosfato de diam\u00f4nio e cascas de levedura sujeitas a limites legais de uso que devem ser levados em considera\u00e7\u00e3o para poss\u00edveis suprimentos extras. O fosfato de diam\u00f4nio pode ser adicionado (10-30g \/ hl) simultaneamente ao SpringFerm\u2122 Equilibre em caso de mosto deficiente em nitrog\u00eanio (&lt;180mg \/ l).<br \/>\nEm caso de fermenta\u00e7\u00e3o dif\u00edcil, fosfato de diam\u00f4nio e\/ou cascas de levedura, dentro de 10-20g\/hl, tamb\u00e9m podem ser adicionados entre a terceira e a m\u00e9dia fermenta\u00e7\u00e3o (densidade 1.050-1.040). Para todos os outros usos, entre em contato com a Fermentis.<br \/>\nPense em verificar os limites legais aplic\u00e1veis em seu pa\u00eds, levando em considera\u00e7\u00e3o as condi\u00e7\u00f5es de uso do produto.<\/p>\n<\/div>\n<div id=\"tab_embalagem-e-garantia\" class=\"panel entry-content\" role=\"tabpanel\" aria-labelledby=\"tab-embalagem-e-garantia\">\n<h4>Armazenamento<\/h4>\n<p>Caixa de 20 saquetas embaladas a v\u00e1cuo de 500 g cada (peso l\u00edquido da caixa completa: 10 kg).<\/p>\n<h4>Garantia<\/h4>\n<p>A alta taxa de mat\u00e9ria seca de nossas leveduras garante um \u00f3timo armazenamento em sua embalagem original a uma temperatura n\u00e3o superior a 20\u00b0C (durante 3 anos) e 10\u00b0C para um armazenamento prolongado (4 anos).<\/p>\n<p>A Fermentis garante que o produto est\u00e1 em conformidade com o Codex Enol\u00f3gico Internacional at\u00e9 a Data de Validade nas condi\u00e7\u00f5es de armazenamento mencionadas acima.<\/p>\n<p>Cada levedura Fermentis \u00e9 desenvolvida sob um esquema de produ\u00e7\u00e3o espec\u00edfico e se beneficia do know-how do grupo Lesaffre, l\u00edder mundial na fabrica\u00e7\u00e3o de leveduras.  Isso garante a mais alta pureza microbiol\u00f3gica e a m\u00e1xima atividade de fermenta\u00e7\u00e3o.<\/p>\n<\/div><\/div><\/div>\n\t<div id=\"gap-325019163\" class=\"gap-element clearfix\" style=\"display:block; height:auto;\">\n\t\t\n<style>\n#gap-325019163 {\n  padding-top: 30px;\n}\n<\/style>\n\t<\/div>\n\t\n<p><i>Os dados contidos nesta ficha t\u00e9cnica s\u00e3o a transcri\u00e7\u00e3o exata do nosso conhecimento do produto na data mencionada. Eles s\u00e3o propriedade exclusiva da Fermentis-Division da S.I.Lesaffre. \u00c9 de responsabilidade do usu\u00e1rio garantir que o uso deste produto espec\u00edfico esteja em conformidade com a legisla\u00e7\u00e3o.<\/i><\/p>\n","protected":false},"excerpt":{"rendered":"<p>O pacote nutricional completo para sua levedura<\/p>\n","protected":false},"featured_media":44273,"comment_status":"closed","ping_status":"closed","template":"","meta":{"_acf_changed":false},"product_brand":[],"product_cat":[2829,2837,2557],"product_tag":[2840,2838,2839,2841,2842],"class_list":{"0":"post-44272","1":"product","2":"type-product","3":"status-publish","4":"has-post-thumbnail","6":"product_cat-fermentation-aids-wine-pt-br","7":"product_cat-springferm-fermentation-aids-wine-making-pt-br-2","8":"product_cat-wine-making-pt-br","9":"product_tag-equilibre-pt-br","10":"product_tag-spring-ferm-pt-br","11":"product_tag-springferm-pt-br","12":"product_tag-springferm-equilibre-pt-br","13":"product_tag-springfermequilibre-pt-br","15":"first","16":"instock","17":"shipping-taxable","18":"product-type-simple"},"acf":[],"yoast_head":"<!-- This site is optimized with the Yoast SEO Premium plugin v27.4 (Yoast SEO v27.4) - https:\/\/yoast.com\/product\/yoast-seo-premium-wordpress\/ -->\n<title>SpringFerm Equilibre - Auxiliar de fermenta\u00e7\u00e3o do vinho - Fermentis<\/title>\n<meta name=\"description\" content=\"O auxiliar de fermenta\u00e7\u00e3o do vinho Fermentis SpringFerm Equilibre otimiza o crescimento e a sobreviv\u00eancia da levedura e reduz as fermenta\u00e7\u00f5es travadas ou lentas\" \/>\n<meta name=\"robots\" content=\"index, follow, max-snippet:-1, max-image-preview:large, max-video-preview:-1\" \/>\n<link rel=\"canonical\" href=\"https:\/\/fermentis.com\/pt-br\/produto\/springferm-equilibre\/\" \/>\n<meta property=\"og:locale\" content=\"pt_BR\" \/>\n<meta property=\"og:type\" content=\"article\" \/>\n<meta property=\"og:title\" content=\"SpringFerm\u2122 Equilibre\" \/>\n<meta property=\"og:description\" content=\"O auxiliar de fermenta\u00e7\u00e3o do vinho Fermentis SpringFerm Equilibre otimiza o crescimento e a sobreviv\u00eancia da levedura e reduz as fermenta\u00e7\u00f5es travadas ou lentas\" \/>\n<meta property=\"og:url\" content=\"https:\/\/fermentis.com\/pt-br\/produto\/springferm-equilibre\/\" \/>\n<meta property=\"og:site_name\" content=\"Fermentis\" \/>\n<meta property=\"article:publisher\" content=\"https:\/\/www.facebook.com\/Fermentis\" \/>\n<meta property=\"article:modified_time\" content=\"2026-04-13T17:48:11+00:00\" \/>\n<meta property=\"og:image\" content=\"https:\/\/fermentis.com\/wp-content\/uploads\/2020\/10\/springferm-equilibre.jpg\" \/>\n\t<meta property=\"og:image:width\" content=\"1200\" \/>\n\t<meta property=\"og:image:height\" content=\"1200\" \/>\n\t<meta property=\"og:image:type\" content=\"image\/jpeg\" \/>\n<meta name=\"twitter:card\" content=\"summary_large_image\" \/>\n<meta name=\"twitter:site\" content=\"@fermentis\" \/>\n<meta name=\"twitter:label1\" content=\"Pre\u00e7o\" \/>\n\t<meta name=\"twitter:data1\" content=\"\" \/>\n\t<meta name=\"twitter:label2\" content=\"Disponibilidade\" \/>\n\t<meta name=\"twitter:data2\" content=\"Em Estoque\" \/>\n<script type=\"application\/ld+json\" class=\"yoast-schema-graph\">{\"@context\":\"https:\\\/\\\/schema.org\",\"@graph\":[{\"@type\":\"WebPage\",\"@id\":\"https:\\\/\\\/fermentis.com\\\/pt-br\\\/produto\\\/springferm-equilibre\\\/\",\"url\":\"https:\\\/\\\/fermentis.com\\\/pt-br\\\/produto\\\/springferm-equilibre\\\/\",\"name\":\"SpringFerm Equilibre - Auxiliar de fermenta\u00e7\u00e3o do vinho - Fermentis\",\"isPartOf\":{\"@id\":\"https:\\\/\\\/fermentis.com\\\/pt-br\\\/#website\"},\"primaryImageOfPage\":{\"@id\":\"https:\\\/\\\/fermentis.com\\\/pt-br\\\/produto\\\/springferm-equilibre\\\/#primaryimage\"},\"image\":{\"@id\":\"https:\\\/\\\/fermentis.com\\\/pt-br\\\/produto\\\/springferm-equilibre\\\/#primaryimage\"},\"thumbnailUrl\":\"https:\\\/\\\/fermentis.com\\\/wp-content\\\/uploads\\\/2020\\\/10\\\/springferm-equilibre.jpg\",\"datePublished\":\"2020-04-22T22:00:00+00:00\",\"dateModified\":\"2026-04-13T17:48:11+00:00\",\"description\":\"O auxiliar de fermenta\u00e7\u00e3o do vinho Fermentis SpringFerm Equilibre otimiza o crescimento e a sobreviv\u00eancia da levedura e reduz as fermenta\u00e7\u00f5es travadas ou lentas\",\"breadcrumb\":{\"@id\":\"https:\\\/\\\/fermentis.com\\\/pt-br\\\/produto\\\/springferm-equilibre\\\/#breadcrumb\"},\"inLanguage\":\"pt-BR\",\"potentialAction\":[{\"@type\":\"ReadAction\",\"target\":[\"https:\\\/\\\/fermentis.com\\\/pt-br\\\/produto\\\/springferm-equilibre\\\/\"]}]},{\"@type\":\"ImageObject\",\"inLanguage\":\"pt-BR\",\"@id\":\"https:\\\/\\\/fermentis.com\\\/pt-br\\\/produto\\\/springferm-equilibre\\\/#primaryimage\",\"url\":\"https:\\\/\\\/fermentis.com\\\/wp-content\\\/uploads\\\/2020\\\/10\\\/springferm-equilibre.jpg\",\"contentUrl\":\"https:\\\/\\\/fermentis.com\\\/wp-content\\\/uploads\\\/2020\\\/10\\\/springferm-equilibre.jpg\",\"width\":1200,\"height\":1200},{\"@type\":\"BreadcrumbList\",\"@id\":\"https:\\\/\\\/fermentis.com\\\/pt-br\\\/produto\\\/springferm-equilibre\\\/#breadcrumb\",\"itemListElement\":[{\"@type\":\"ListItem\",\"position\":1,\"name\":\"Home\",\"item\":\"https:\\\/\\\/fermentis.com\\\/pt-br\\\/\"},{\"@type\":\"ListItem\",\"position\":2,\"name\":\"Produtos\"},{\"@type\":\"ListItem\",\"position\":3,\"name\":\"Wine making\",\"item\":\"https:\\\/\\\/fermentis.com\\\/pt-br\\\/fermentation\\\/wine-making-pt-br\\\/\"},{\"@type\":\"ListItem\",\"position\":4,\"name\":\"Auxiliares de fermenta\u00e7\u00e3o para vinho\",\"item\":\"https:\\\/\\\/fermentis.com\\\/pt-br\\\/fermentation\\\/wine-making-pt-br\\\/fermentation-aids-wine-pt-br\\\/\"},{\"@type\":\"ListItem\",\"position\":5,\"name\":\"SpringFerm\u2122 Equilibre\"}]},{\"@type\":\"WebSite\",\"@id\":\"https:\\\/\\\/fermentis.com\\\/pt-br\\\/#website\",\"url\":\"https:\\\/\\\/fermentis.com\\\/pt-br\\\/\",\"name\":\"Fermentis\",\"description\":\"Un site utilisant WordPress\",\"publisher\":{\"@id\":\"https:\\\/\\\/fermentis.com\\\/pt-br\\\/#organization\"},\"potentialAction\":[{\"@type\":\"SearchAction\",\"target\":{\"@type\":\"EntryPoint\",\"urlTemplate\":\"https:\\\/\\\/fermentis.com\\\/pt-br\\\/?s={search_term_string}\"},\"query-input\":{\"@type\":\"PropertyValueSpecification\",\"valueRequired\":true,\"valueName\":\"search_term_string\"}}],\"inLanguage\":\"pt-BR\"},{\"@type\":\"Organization\",\"@id\":\"https:\\\/\\\/fermentis.com\\\/pt-br\\\/#organization\",\"name\":\"Fermentis\",\"url\":\"https:\\\/\\\/fermentis.com\\\/pt-br\\\/\",\"logo\":{\"@type\":\"ImageObject\",\"inLanguage\":\"pt-BR\",\"@id\":\"https:\\\/\\\/fermentis.com\\\/pt-br\\\/#\\\/schema\\\/logo\\\/image\\\/\",\"url\":\"https:\\\/\\\/fermentis.com\\\/wp-content\\\/uploads\\\/2021\\\/07\\\/Logo-Fermentis-5.png\",\"contentUrl\":\"https:\\\/\\\/fermentis.com\\\/wp-content\\\/uploads\\\/2021\\\/07\\\/Logo-Fermentis-5.png\",\"width\":308,\"height\":95,\"caption\":\"Fermentis\"},\"image\":{\"@id\":\"https:\\\/\\\/fermentis.com\\\/pt-br\\\/#\\\/schema\\\/logo\\\/image\\\/\"},\"sameAs\":[\"https:\\\/\\\/www.facebook.com\\\/Fermentis\",\"https:\\\/\\\/x.com\\\/fermentis\",\"https:\\\/\\\/www.instagram.com\\\/fermentisbylesaffre\\\/\",\"https:\\\/\\\/www.linkedin.com\\\/company\\\/fermentis\\\/\",\"https:\\\/\\\/www.youtube.com\\\/channel\\\/UCt_Lp3IZnUNXZeqSi6iiAdA\"]}]}<\/script>\n<meta property=\"product:price:currency\" content=\"GBP\" \/>\n<meta property=\"og:availability\" content=\"instock\" \/>\n<meta property=\"product:availability\" content=\"instock\" \/>\n<meta property=\"product:condition\" content=\"new\" \/>\n<!-- \/ Yoast SEO Premium plugin. -->","yoast_head_json":{"title":"SpringFerm Equilibre - Auxiliar de fermenta\u00e7\u00e3o do vinho - Fermentis","description":"O auxiliar de fermenta\u00e7\u00e3o do vinho Fermentis SpringFerm Equilibre otimiza o crescimento e a sobreviv\u00eancia da levedura e reduz as fermenta\u00e7\u00f5es travadas ou lentas","robots":{"index":"index","follow":"follow","max-snippet":"max-snippet:-1","max-image-preview":"max-image-preview:large","max-video-preview":"max-video-preview:-1"},"canonical":"https:\/\/fermentis.com\/pt-br\/produto\/springferm-equilibre\/","og_locale":"pt_BR","og_type":"article","og_title":"SpringFerm\u2122 Equilibre","og_description":"O auxiliar de fermenta\u00e7\u00e3o do vinho Fermentis SpringFerm Equilibre otimiza o crescimento e a sobreviv\u00eancia da levedura e reduz as fermenta\u00e7\u00f5es travadas ou lentas","og_url":"https:\/\/fermentis.com\/pt-br\/produto\/springferm-equilibre\/","og_site_name":"Fermentis","article_publisher":"https:\/\/www.facebook.com\/Fermentis","article_modified_time":"2026-04-13T17:48:11+00:00","og_image":[{"width":1200,"height":1200,"url":"https:\/\/fermentis.com\/wp-content\/uploads\/2020\/10\/springferm-equilibre.jpg","type":"image\/jpeg"}],"twitter_card":"summary_large_image","twitter_site":"@fermentis","twitter_misc":{"Pre\u00e7o":"","Disponibilidade":"Em Estoque"},"schema":{"@context":"https:\/\/schema.org","@graph":[{"@type":"WebPage","@id":"https:\/\/fermentis.com\/pt-br\/produto\/springferm-equilibre\/","url":"https:\/\/fermentis.com\/pt-br\/produto\/springferm-equilibre\/","name":"SpringFerm Equilibre - Auxiliar de fermenta\u00e7\u00e3o do vinho - Fermentis","isPartOf":{"@id":"https:\/\/fermentis.com\/pt-br\/#website"},"primaryImageOfPage":{"@id":"https:\/\/fermentis.com\/pt-br\/produto\/springferm-equilibre\/#primaryimage"},"image":{"@id":"https:\/\/fermentis.com\/pt-br\/produto\/springferm-equilibre\/#primaryimage"},"thumbnailUrl":"https:\/\/fermentis.com\/wp-content\/uploads\/2020\/10\/springferm-equilibre.jpg","datePublished":"2020-04-22T22:00:00+00:00","dateModified":"2026-04-13T17:48:11+00:00","description":"O auxiliar de fermenta\u00e7\u00e3o do vinho Fermentis SpringFerm Equilibre otimiza o crescimento e a sobreviv\u00eancia da levedura e reduz as fermenta\u00e7\u00f5es travadas ou lentas","breadcrumb":{"@id":"https:\/\/fermentis.com\/pt-br\/produto\/springferm-equilibre\/#breadcrumb"},"inLanguage":"pt-BR","potentialAction":[{"@type":"ReadAction","target":["https:\/\/fermentis.com\/pt-br\/produto\/springferm-equilibre\/"]}]},{"@type":"ImageObject","inLanguage":"pt-BR","@id":"https:\/\/fermentis.com\/pt-br\/produto\/springferm-equilibre\/#primaryimage","url":"https:\/\/fermentis.com\/wp-content\/uploads\/2020\/10\/springferm-equilibre.jpg","contentUrl":"https:\/\/fermentis.com\/wp-content\/uploads\/2020\/10\/springferm-equilibre.jpg","width":1200,"height":1200},{"@type":"BreadcrumbList","@id":"https:\/\/fermentis.com\/pt-br\/produto\/springferm-equilibre\/#breadcrumb","itemListElement":[{"@type":"ListItem","position":1,"name":"Home","item":"https:\/\/fermentis.com\/pt-br\/"},{"@type":"ListItem","position":2,"name":"Produtos"},{"@type":"ListItem","position":3,"name":"Wine making","item":"https:\/\/fermentis.com\/pt-br\/fermentation\/wine-making-pt-br\/"},{"@type":"ListItem","position":4,"name":"Auxiliares de fermenta\u00e7\u00e3o para vinho","item":"https:\/\/fermentis.com\/pt-br\/fermentation\/wine-making-pt-br\/fermentation-aids-wine-pt-br\/"},{"@type":"ListItem","position":5,"name":"SpringFerm\u2122 Equilibre"}]},{"@type":"WebSite","@id":"https:\/\/fermentis.com\/pt-br\/#website","url":"https:\/\/fermentis.com\/pt-br\/","name":"Fermentis","description":"Un site utilisant WordPress","publisher":{"@id":"https:\/\/fermentis.com\/pt-br\/#organization"},"potentialAction":[{"@type":"SearchAction","target":{"@type":"EntryPoint","urlTemplate":"https:\/\/fermentis.com\/pt-br\/?s={search_term_string}"},"query-input":{"@type":"PropertyValueSpecification","valueRequired":true,"valueName":"search_term_string"}}],"inLanguage":"pt-BR"},{"@type":"Organization","@id":"https:\/\/fermentis.com\/pt-br\/#organization","name":"Fermentis","url":"https:\/\/fermentis.com\/pt-br\/","logo":{"@type":"ImageObject","inLanguage":"pt-BR","@id":"https:\/\/fermentis.com\/pt-br\/#\/schema\/logo\/image\/","url":"https:\/\/fermentis.com\/wp-content\/uploads\/2021\/07\/Logo-Fermentis-5.png","contentUrl":"https:\/\/fermentis.com\/wp-content\/uploads\/2021\/07\/Logo-Fermentis-5.png","width":308,"height":95,"caption":"Fermentis"},"image":{"@id":"https:\/\/fermentis.com\/pt-br\/#\/schema\/logo\/image\/"},"sameAs":["https:\/\/www.facebook.com\/Fermentis","https:\/\/x.com\/fermentis","https:\/\/www.instagram.com\/fermentisbylesaffre\/","https:\/\/www.linkedin.com\/company\/fermentis\/","https:\/\/www.youtube.com\/channel\/UCt_Lp3IZnUNXZeqSi6iiAdA"]}]},"product_price_currency":"GBP","og_availability":"instock","product_availability":"instock","product_condition":"new"},"_links":{"self":[{"href":"https:\/\/fermentis.com\/pt-br\/wp-json\/wp\/v2\/product\/44272","targetHints":{"allow":["GET"]}}],"collection":[{"href":"https:\/\/fermentis.com\/pt-br\/wp-json\/wp\/v2\/product"}],"about":[{"href":"https:\/\/fermentis.com\/pt-br\/wp-json\/wp\/v2\/types\/product"}],"replies":[{"embeddable":true,"href":"https:\/\/fermentis.com\/pt-br\/wp-json\/wp\/v2\/comments?post=44272"}],"wp:featuredmedia":[{"embeddable":true,"href":"https:\/\/fermentis.com\/pt-br\/wp-json\/wp\/v2\/media\/44273"}],"wp:attachment":[{"href":"https:\/\/fermentis.com\/pt-br\/wp-json\/wp\/v2\/media?parent=44272"}],"wp:term":[{"taxonomy":"product_brand","embeddable":true,"href":"https:\/\/fermentis.com\/pt-br\/wp-json\/wp\/v2\/product_brand?post=44272"},{"taxonomy":"product_cat","embeddable":true,"href":"https:\/\/fermentis.com\/pt-br\/wp-json\/wp\/v2\/product_cat?post=44272"},{"taxonomy":"product_tag","embeddable":true,"href":"https:\/\/fermentis.com\/pt-br\/wp-json\/wp\/v2\/product_tag?post=44272"}],"curies":[{"name":"wp","href":"https:\/\/api.w.org\/{rel}","templated":true}]}}