{"id":44274,"date":"2020-04-23T00:00:00","date_gmt":"2020-04-22T22:00:00","guid":{"rendered":"https:\/\/fermentis.com\/product\/springferm-xtrem\/"},"modified":"2026-04-20T18:03:07","modified_gmt":"2026-04-20T16:03:07","slug":"springferm-xtrem","status":"publish","type":"product","link":"https:\/\/fermentis.com\/pt-br\/produto\/springferm-xtrem\/","title":{"rendered":"SpringFerm\u2122 Xtrem"},"content":{"rendered":"<div class=\"container section-title-container\" ><h2 class=\"section-title section-title-center\"><b aria-hidden=\"true\"><\/b><span class=\"section-title-main\" style=\"font-size:115%;\">NUTRIENTE DE FERMENTA\u00c7\u00c3O PARA CONDI\u00c7\u00d5ES DIF\u00cdCEIS<\/span><b aria-hidden=\"true\"><\/b><\/h2><\/div>\n<p><strong>SpringFerm\u2122 Xtrem<\/strong>\u00a0is a fermentation activator 100% based on fully autolyzed yeasts, 9 times richer in soluble nitrogen than a basic inactivated yeast. It is adapted to musts coming from over ripe grapes that are often very poor in nitrogen (&lt;150 mg\/L) and rich in fermentable sugars (potential alcohol &gt; 13.5%) which represents a favourable environment for stuck or sluggish fermentations.<\/p>\n\t<div id=\"gap-1410398100\" class=\"gap-element clearfix\" style=\"display:block; height:auto;\">\n\t\t\n<style>\n#gap-1410398100 {\n  padding-top: 30px;\n}\n<\/style>\n\t<\/div>\n\t\n<div class=\"container section-title-container\" ><h3 class=\"section-title section-title-center\"><b aria-hidden=\"true\"><\/b><span class=\"section-title-main\" style=\"font-size:115%;\">Caracter\u00edsticas t\u00e9cnicas do SPRINGFERM\u2122 XTREM<\/span><b aria-hidden=\"true\"><\/b><\/h3><\/div>\n\n\t\t<div class=\"tabbed-content\">\n\t\t\t\n\t\t\t<ul class=\"nav nav-tabs nav-uppercase nav-size-normal nav-left\" role=\"tablist\"><li id=\"tab-propriedades\" class=\"tab active has-icon\" role=\"presentation\"><a href=\"#tab_propriedades\" role=\"tab\" aria-selected=\"true\" aria-controls=\"tab_propriedades\"><span>Propriedades<\/span><\/a><\/li>\n<li id=\"tab-embalagem-e-garantia\" class=\"tab has-icon\" role=\"presentation\"><a href=\"#tab_embalagem-e-garantia\" tabindex=\"-1\" role=\"tab\" aria-selected=\"false\" aria-controls=\"tab_embalagem-e-garantia\"><span>Embalagem e garantia<\/span><\/a><\/li><\/ul><div class=\"tab-panels\"><div id=\"tab_propriedades\" class=\"panel active entry-content\" role=\"tabpanel\" aria-labelledby=\"tab-propriedades\">\n<h4>Supply of available organic nitrogen to boost fermentation kinetics<\/h4>\n<p>SpringFerm\u2122 Xtrem contains the micro peptides and amino acids that are the best assimilated to supply the yeast with the necessary nitrogen for the synthesis of its own proteins. Added between third and mid fermentation this pool of concentrated peptides &amp; amino acids is totally bio available as soon as it is added, allowing the yeast immediate assimilation. When added before malolactic fermentation its micro peptide pool is particularly interesting for the growth and the performance of lactic bacteria.<\/p>\n<h4>Vitamin supply<\/h4>\n<p>SpringFerm\u2122 Xtrem contains growth factors of interest for stressful fermentations (Thiamine, Calcium Pantothenate, Folic acid, Niacin).<\/p>\n<h4>Organoleptic improvement<\/h4>\n<p>The supply of amino acids is essential during the fermentation for the development of aromas.\u00a0Indeed, higher alcohols from which esters derive are formed by the deamination of amino acids. Supplying SpringFerm\u2122 Xtrem in the second part of fermentation\u00a0brings finesse and aromatic intensity compared to wines treated only with ammonium sources.<\/p>\n<p>The organoleptic profile is improved even more when SpringFerm\u2122 Xtrem is combined with SpringFerm\u2122 at the beginning of fermentation.<\/p>\n<\/div>\n<div id=\"tab_embalagem-e-garantia\" class=\"panel entry-content\" role=\"tabpanel\" aria-labelledby=\"tab-embalagem-e-garantia\">\n<h4>Packaging<\/h4>\n<p>Carton of 10 vacuum-packed sachets of 1 kg each (Full box net weight: 10 kg).<\/p>\n<h4>Guarantee<\/h4>\n<p>The high rate of dry matter of our yeasts assures an optimum storage in its original packaging at a temperature not higher than 20\u00b0C (during 3 years) and 10\u00b0C for an extended storage (4 years).<\/p>\n<p>Fermentis guarantees the product complies with the International Oenological Codex until its Best Before End Date in the storage conditions mentioned above.<\/p>\n<p>Each Fermentis yeast is developed under a specific production scheme and benefits from the know-how of the Lesaffre group, world leader in yeast manufacturing. This guarantees the highest microbiological purity and maximum fermentation activity.<\/p>\n<\/div><\/div><\/div>\n\t<div id=\"gap-1796728910\" class=\"gap-element clearfix\" style=\"display:block; height:auto;\">\n\t\t\n<style>\n#gap-1796728910 {\n  padding-top: 30px;\n}\n<\/style>\n\t<\/div>\n\t\n<p><i>Os dados contidos nesta ficha t\u00e9cnica s\u00e3o a transcri\u00e7\u00e3o exata do nosso conhecimento do produto na data mencionada. Eles s\u00e3o propriedade exclusiva da Fermentis-Division da S.I.Lesaffre. \u00c9 da responsabilidade do utilizador certificar-se de que a utiliza\u00e7\u00e3o deste produto espec\u00edfico est\u00e1 em conformidade com a legisla\u00e7\u00e3o.<\/i><\/p>\n","protected":false},"excerpt":{"rendered":"<p>Nutriente de fermenta\u00e7\u00e3o para condi\u00e7\u00f5es dif\u00edceis<\/p>\n","protected":false},"featured_media":44275,"comment_status":"closed","ping_status":"closed","template":"","meta":{"_acf_changed":false},"product_brand":[],"product_cat":[2829,2837,2557],"product_tag":[2838,2839,2843,2844,2845],"class_list":{"0":"post-44274","1":"product","2":"type-product","3":"status-publish","4":"has-post-thumbnail","6":"product_cat-fermentation-aids-wine-pt-br","7":"product_cat-springferm-fermentation-aids-wine-making-pt-br-2","8":"product_cat-wine-making-pt-br","9":"product_tag-spring-ferm-pt-br","10":"product_tag-springferm-pt-br","11":"product_tag-springferm-xtrem-pt-br","12":"product_tag-springfermxtrem-pt-br","13":"product_tag-xtrem-pt-br","15":"first","16":"instock","17":"shipping-taxable","18":"product-type-simple"},"acf":[],"yoast_head":"<!-- This site is optimized with the Yoast SEO Premium plugin v27.4 (Yoast SEO v27.4) - https:\/\/yoast.com\/product\/yoast-seo-premium-wordpress\/ -->\n<title>SpringFerm Xtrem - Auxiliar extremo de fermenta\u00e7\u00e3o do vinho - Fermentis<\/title>\n<meta name=\"description\" content=\"O auxiliar de fermenta\u00e7\u00e3o de vinho Fermentis SpringFerm Xtrem \u00e9 ideal para reduzir os riscos de fermenta\u00e7\u00e3o travada ou lenta, em condi\u00e7\u00f5es extremas de vinifica\u00e7\u00e3o.\" \/>\n<meta name=\"robots\" content=\"index, follow, max-snippet:-1, max-image-preview:large, max-video-preview:-1\" \/>\n<link rel=\"canonical\" href=\"https:\/\/fermentis.com\/pt-br\/produto\/springferm-xtrem\/\" \/>\n<meta property=\"og:locale\" content=\"pt_BR\" \/>\n<meta property=\"og:type\" content=\"article\" \/>\n<meta property=\"og:title\" content=\"SpringFerm\u2122 Xtrem\" \/>\n<meta property=\"og:description\" content=\"O auxiliar de fermenta\u00e7\u00e3o de vinho Fermentis SpringFerm Xtrem \u00e9 ideal para reduzir os riscos de fermenta\u00e7\u00e3o travada ou lenta, em condi\u00e7\u00f5es extremas de vinifica\u00e7\u00e3o.\" \/>\n<meta property=\"og:url\" content=\"https:\/\/fermentis.com\/pt-br\/produto\/springferm-xtrem\/\" \/>\n<meta property=\"og:site_name\" content=\"Fermentis\" \/>\n<meta property=\"article:publisher\" content=\"https:\/\/www.facebook.com\/Fermentis\" \/>\n<meta property=\"article:modified_time\" content=\"2026-04-20T16:03:07+00:00\" \/>\n<meta property=\"og:image\" content=\"https:\/\/fermentis.com\/wp-content\/uploads\/2020\/10\/springferm-xtrem.jpg\" \/>\n\t<meta property=\"og:image:width\" content=\"1200\" \/>\n\t<meta property=\"og:image:height\" content=\"1200\" \/>\n\t<meta property=\"og:image:type\" content=\"image\/jpeg\" \/>\n<meta name=\"twitter:card\" content=\"summary_large_image\" \/>\n<meta name=\"twitter:site\" content=\"@fermentis\" \/>\n<meta name=\"twitter:label1\" content=\"Pre\u00e7o\" \/>\n\t<meta name=\"twitter:data1\" content=\"\" \/>\n\t<meta name=\"twitter:label2\" content=\"Disponibilidade\" \/>\n\t<meta name=\"twitter:data2\" content=\"Em Estoque\" \/>\n<script type=\"application\/ld+json\" class=\"yoast-schema-graph\">{\"@context\":\"https:\\\/\\\/schema.org\",\"@graph\":[{\"@type\":\"WebPage\",\"@id\":\"https:\\\/\\\/fermentis.com\\\/pt-br\\\/produto\\\/springferm-xtrem\\\/\",\"url\":\"https:\\\/\\\/fermentis.com\\\/pt-br\\\/produto\\\/springferm-xtrem\\\/\",\"name\":\"SpringFerm Xtrem - Auxiliar extremo de fermenta\u00e7\u00e3o do vinho - Fermentis\",\"isPartOf\":{\"@id\":\"https:\\\/\\\/fermentis.com\\\/pt-br\\\/#website\"},\"primaryImageOfPage\":{\"@id\":\"https:\\\/\\\/fermentis.com\\\/pt-br\\\/produto\\\/springferm-xtrem\\\/#primaryimage\"},\"image\":{\"@id\":\"https:\\\/\\\/fermentis.com\\\/pt-br\\\/produto\\\/springferm-xtrem\\\/#primaryimage\"},\"thumbnailUrl\":\"https:\\\/\\\/fermentis.com\\\/wp-content\\\/uploads\\\/2020\\\/10\\\/springferm-xtrem.jpg\",\"datePublished\":\"2020-04-22T22:00:00+00:00\",\"dateModified\":\"2026-04-20T16:03:07+00:00\",\"description\":\"O auxiliar de fermenta\u00e7\u00e3o de vinho Fermentis SpringFerm Xtrem \u00e9 ideal para reduzir os riscos de fermenta\u00e7\u00e3o travada ou lenta, em condi\u00e7\u00f5es extremas de vinifica\u00e7\u00e3o.\",\"breadcrumb\":{\"@id\":\"https:\\\/\\\/fermentis.com\\\/pt-br\\\/produto\\\/springferm-xtrem\\\/#breadcrumb\"},\"inLanguage\":\"pt-BR\",\"potentialAction\":[{\"@type\":\"ReadAction\",\"target\":[\"https:\\\/\\\/fermentis.com\\\/pt-br\\\/produto\\\/springferm-xtrem\\\/\"]}]},{\"@type\":\"ImageObject\",\"inLanguage\":\"pt-BR\",\"@id\":\"https:\\\/\\\/fermentis.com\\\/pt-br\\\/produto\\\/springferm-xtrem\\\/#primaryimage\",\"url\":\"https:\\\/\\\/fermentis.com\\\/wp-content\\\/uploads\\\/2020\\\/10\\\/springferm-xtrem.jpg\",\"contentUrl\":\"https:\\\/\\\/fermentis.com\\\/wp-content\\\/uploads\\\/2020\\\/10\\\/springferm-xtrem.jpg\",\"width\":1200,\"height\":1200},{\"@type\":\"BreadcrumbList\",\"@id\":\"https:\\\/\\\/fermentis.com\\\/pt-br\\\/produto\\\/springferm-xtrem\\\/#breadcrumb\",\"itemListElement\":[{\"@type\":\"ListItem\",\"position\":1,\"name\":\"Home\",\"item\":\"https:\\\/\\\/fermentis.com\\\/pt-br\\\/\"},{\"@type\":\"ListItem\",\"position\":2,\"name\":\"Produtos\"},{\"@type\":\"ListItem\",\"position\":3,\"name\":\"Wine making\",\"item\":\"https:\\\/\\\/fermentis.com\\\/pt-br\\\/fermentation\\\/wine-making-pt-br\\\/\"},{\"@type\":\"ListItem\",\"position\":4,\"name\":\"Auxiliares de fermenta\u00e7\u00e3o para vinho\",\"item\":\"https:\\\/\\\/fermentis.com\\\/pt-br\\\/fermentation\\\/wine-making-pt-br\\\/fermentation-aids-wine-pt-br\\\/\"},{\"@type\":\"ListItem\",\"position\":5,\"name\":\"SpringFerm\u2122 Xtrem\"}]},{\"@type\":\"WebSite\",\"@id\":\"https:\\\/\\\/fermentis.com\\\/pt-br\\\/#website\",\"url\":\"https:\\\/\\\/fermentis.com\\\/pt-br\\\/\",\"name\":\"Fermentis\",\"description\":\"Un site utilisant WordPress\",\"publisher\":{\"@id\":\"https:\\\/\\\/fermentis.com\\\/pt-br\\\/#organization\"},\"potentialAction\":[{\"@type\":\"SearchAction\",\"target\":{\"@type\":\"EntryPoint\",\"urlTemplate\":\"https:\\\/\\\/fermentis.com\\\/pt-br\\\/?s={search_term_string}\"},\"query-input\":{\"@type\":\"PropertyValueSpecification\",\"valueRequired\":true,\"valueName\":\"search_term_string\"}}],\"inLanguage\":\"pt-BR\"},{\"@type\":\"Organization\",\"@id\":\"https:\\\/\\\/fermentis.com\\\/pt-br\\\/#organization\",\"name\":\"Fermentis\",\"url\":\"https:\\\/\\\/fermentis.com\\\/pt-br\\\/\",\"logo\":{\"@type\":\"ImageObject\",\"inLanguage\":\"pt-BR\",\"@id\":\"https:\\\/\\\/fermentis.com\\\/pt-br\\\/#\\\/schema\\\/logo\\\/image\\\/\",\"url\":\"https:\\\/\\\/fermentis.com\\\/wp-content\\\/uploads\\\/2021\\\/07\\\/Logo-Fermentis-5.png\",\"contentUrl\":\"https:\\\/\\\/fermentis.com\\\/wp-content\\\/uploads\\\/2021\\\/07\\\/Logo-Fermentis-5.png\",\"width\":308,\"height\":95,\"caption\":\"Fermentis\"},\"image\":{\"@id\":\"https:\\\/\\\/fermentis.com\\\/pt-br\\\/#\\\/schema\\\/logo\\\/image\\\/\"},\"sameAs\":[\"https:\\\/\\\/www.facebook.com\\\/Fermentis\",\"https:\\\/\\\/x.com\\\/fermentis\",\"https:\\\/\\\/www.instagram.com\\\/fermentisbylesaffre\\\/\",\"https:\\\/\\\/www.linkedin.com\\\/company\\\/fermentis\\\/\",\"https:\\\/\\\/www.youtube.com\\\/channel\\\/UCt_Lp3IZnUNXZeqSi6iiAdA\"]}]}<\/script>\n<meta property=\"product:price:currency\" content=\"GBP\" \/>\n<meta property=\"og:availability\" content=\"instock\" \/>\n<meta property=\"product:availability\" content=\"instock\" \/>\n<meta property=\"product:condition\" content=\"new\" \/>\n<!-- \/ Yoast SEO Premium plugin. -->","yoast_head_json":{"title":"SpringFerm Xtrem - Auxiliar extremo de fermenta\u00e7\u00e3o do vinho - Fermentis","description":"O auxiliar de fermenta\u00e7\u00e3o de vinho Fermentis SpringFerm Xtrem \u00e9 ideal para reduzir os riscos de fermenta\u00e7\u00e3o travada ou lenta, em condi\u00e7\u00f5es extremas de vinifica\u00e7\u00e3o.","robots":{"index":"index","follow":"follow","max-snippet":"max-snippet:-1","max-image-preview":"max-image-preview:large","max-video-preview":"max-video-preview:-1"},"canonical":"https:\/\/fermentis.com\/pt-br\/produto\/springferm-xtrem\/","og_locale":"pt_BR","og_type":"article","og_title":"SpringFerm\u2122 Xtrem","og_description":"O auxiliar de fermenta\u00e7\u00e3o de vinho Fermentis SpringFerm Xtrem \u00e9 ideal para reduzir os riscos de fermenta\u00e7\u00e3o travada ou lenta, em condi\u00e7\u00f5es extremas de vinifica\u00e7\u00e3o.","og_url":"https:\/\/fermentis.com\/pt-br\/produto\/springferm-xtrem\/","og_site_name":"Fermentis","article_publisher":"https:\/\/www.facebook.com\/Fermentis","article_modified_time":"2026-04-20T16:03:07+00:00","og_image":[{"width":1200,"height":1200,"url":"https:\/\/fermentis.com\/wp-content\/uploads\/2020\/10\/springferm-xtrem.jpg","type":"image\/jpeg"}],"twitter_card":"summary_large_image","twitter_site":"@fermentis","twitter_misc":{"Pre\u00e7o":"","Disponibilidade":"Em Estoque"},"schema":{"@context":"https:\/\/schema.org","@graph":[{"@type":"WebPage","@id":"https:\/\/fermentis.com\/pt-br\/produto\/springferm-xtrem\/","url":"https:\/\/fermentis.com\/pt-br\/produto\/springferm-xtrem\/","name":"SpringFerm Xtrem - Auxiliar extremo de fermenta\u00e7\u00e3o do vinho - Fermentis","isPartOf":{"@id":"https:\/\/fermentis.com\/pt-br\/#website"},"primaryImageOfPage":{"@id":"https:\/\/fermentis.com\/pt-br\/produto\/springferm-xtrem\/#primaryimage"},"image":{"@id":"https:\/\/fermentis.com\/pt-br\/produto\/springferm-xtrem\/#primaryimage"},"thumbnailUrl":"https:\/\/fermentis.com\/wp-content\/uploads\/2020\/10\/springferm-xtrem.jpg","datePublished":"2020-04-22T22:00:00+00:00","dateModified":"2026-04-20T16:03:07+00:00","description":"O auxiliar de fermenta\u00e7\u00e3o de vinho Fermentis SpringFerm Xtrem \u00e9 ideal para reduzir os riscos de fermenta\u00e7\u00e3o travada ou lenta, em condi\u00e7\u00f5es extremas de vinifica\u00e7\u00e3o.","breadcrumb":{"@id":"https:\/\/fermentis.com\/pt-br\/produto\/springferm-xtrem\/#breadcrumb"},"inLanguage":"pt-BR","potentialAction":[{"@type":"ReadAction","target":["https:\/\/fermentis.com\/pt-br\/produto\/springferm-xtrem\/"]}]},{"@type":"ImageObject","inLanguage":"pt-BR","@id":"https:\/\/fermentis.com\/pt-br\/produto\/springferm-xtrem\/#primaryimage","url":"https:\/\/fermentis.com\/wp-content\/uploads\/2020\/10\/springferm-xtrem.jpg","contentUrl":"https:\/\/fermentis.com\/wp-content\/uploads\/2020\/10\/springferm-xtrem.jpg","width":1200,"height":1200},{"@type":"BreadcrumbList","@id":"https:\/\/fermentis.com\/pt-br\/produto\/springferm-xtrem\/#breadcrumb","itemListElement":[{"@type":"ListItem","position":1,"name":"Home","item":"https:\/\/fermentis.com\/pt-br\/"},{"@type":"ListItem","position":2,"name":"Produtos"},{"@type":"ListItem","position":3,"name":"Wine making","item":"https:\/\/fermentis.com\/pt-br\/fermentation\/wine-making-pt-br\/"},{"@type":"ListItem","position":4,"name":"Auxiliares de fermenta\u00e7\u00e3o para vinho","item":"https:\/\/fermentis.com\/pt-br\/fermentation\/wine-making-pt-br\/fermentation-aids-wine-pt-br\/"},{"@type":"ListItem","position":5,"name":"SpringFerm\u2122 Xtrem"}]},{"@type":"WebSite","@id":"https:\/\/fermentis.com\/pt-br\/#website","url":"https:\/\/fermentis.com\/pt-br\/","name":"Fermentis","description":"Un site utilisant WordPress","publisher":{"@id":"https:\/\/fermentis.com\/pt-br\/#organization"},"potentialAction":[{"@type":"SearchAction","target":{"@type":"EntryPoint","urlTemplate":"https:\/\/fermentis.com\/pt-br\/?s={search_term_string}"},"query-input":{"@type":"PropertyValueSpecification","valueRequired":true,"valueName":"search_term_string"}}],"inLanguage":"pt-BR"},{"@type":"Organization","@id":"https:\/\/fermentis.com\/pt-br\/#organization","name":"Fermentis","url":"https:\/\/fermentis.com\/pt-br\/","logo":{"@type":"ImageObject","inLanguage":"pt-BR","@id":"https:\/\/fermentis.com\/pt-br\/#\/schema\/logo\/image\/","url":"https:\/\/fermentis.com\/wp-content\/uploads\/2021\/07\/Logo-Fermentis-5.png","contentUrl":"https:\/\/fermentis.com\/wp-content\/uploads\/2021\/07\/Logo-Fermentis-5.png","width":308,"height":95,"caption":"Fermentis"},"image":{"@id":"https:\/\/fermentis.com\/pt-br\/#\/schema\/logo\/image\/"},"sameAs":["https:\/\/www.facebook.com\/Fermentis","https:\/\/x.com\/fermentis","https:\/\/www.instagram.com\/fermentisbylesaffre\/","https:\/\/www.linkedin.com\/company\/fermentis\/","https:\/\/www.youtube.com\/channel\/UCt_Lp3IZnUNXZeqSi6iiAdA"]}]},"product_price_currency":"GBP","og_availability":"instock","product_availability":"instock","product_condition":"new"},"_links":{"self":[{"href":"https:\/\/fermentis.com\/pt-br\/wp-json\/wp\/v2\/product\/44274","targetHints":{"allow":["GET"]}}],"collection":[{"href":"https:\/\/fermentis.com\/pt-br\/wp-json\/wp\/v2\/product"}],"about":[{"href":"https:\/\/fermentis.com\/pt-br\/wp-json\/wp\/v2\/types\/product"}],"replies":[{"embeddable":true,"href":"https:\/\/fermentis.com\/pt-br\/wp-json\/wp\/v2\/comments?post=44274"}],"wp:featuredmedia":[{"embeddable":true,"href":"https:\/\/fermentis.com\/pt-br\/wp-json\/wp\/v2\/media\/44275"}],"wp:attachment":[{"href":"https:\/\/fermentis.com\/pt-br\/wp-json\/wp\/v2\/media?parent=44274"}],"wp:term":[{"taxonomy":"product_brand","embeddable":true,"href":"https:\/\/fermentis.com\/pt-br\/wp-json\/wp\/v2\/product_brand?post=44274"},{"taxonomy":"product_cat","embeddable":true,"href":"https:\/\/fermentis.com\/pt-br\/wp-json\/wp\/v2\/product_cat?post=44274"},{"taxonomy":"product_tag","embeddable":true,"href":"https:\/\/fermentis.com\/pt-br\/wp-json\/wp\/v2\/product_tag?post=44274"}],"curies":[{"name":"wp","href":"https:\/\/api.w.org\/{rel}","templated":true}]}}