{"id":44276,"date":"2019-06-07T00:00:00","date_gmt":"2019-06-06T22:00:00","guid":{"rendered":"https:\/\/fermentis.com\/product\/spring-blanche\/"},"modified":"2026-04-20T03:18:20","modified_gmt":"2026-04-20T01:18:20","slug":"spring-blanche","status":"publish","type":"product","link":"https:\/\/fermentis.com\/pt-br\/produto\/spring-blanche\/","title":{"rendered":"Spring&#8217;Blanche\u2122"},"content":{"rendered":"<div class=\"container section-title-container\" ><h2 class=\"section-title section-title-center\"><b aria-hidden=\"true\"><\/b><span class=\"section-title-main\" style=\"font-size:115%;\">Garanta naturalmente uma n\u00e9voa est\u00e1vel ao longo do tempo<\/span><b aria-hidden=\"true\"><\/b><\/h2><\/div>\n<div class=\"wpb_text_column wpb_content_element vc_custom_1573232875169\">\n<div class=\"wpb_wrapper\">\n<p>A cerveja cont\u00e9m polifen\u00f3is que podem formar complexos interagindo com algumas prote\u00ednas espec\u00edficas. Esses complexos criam uma n\u00e9voa quando permanecem em suspens\u00e3o. O n\u00edvel de neblina depender\u00e1 do teor de polifen\u00f3is na cerveja e a densidade das part\u00edculas (W\/V) afetar\u00e1 a estabilidade da n\u00e9voa.<\/p>\n<p>Spring&#039;Blanche\u2122 \u00e9 um extrato de levedura rico em prote\u00ednas nativas de v\u00e1rios pesos moleculares que interagem especificamente para produzir uma n\u00e9voa est\u00e1vel permanente. \u00c9 ideal para produzir cervejas nebulosas (cervejas de trigo, Belgian Style Wit \/ Blanches ou IPAs nebulosas).<\/p>\n<\/div>\n<\/div>\n<div class=\"wpb_text_column wpb_content_element \">\n<div class=\"wpb_wrapper\">\n<p><strong><\/strong>Ingredientes: Extrato de Prote\u00edna de Levedura<\/p>\n<\/div>\n<\/div>\n\t<div id=\"gap-1727575498\" class=\"gap-element clearfix\" style=\"display:block; height:auto;\">\n\t\t\n<style>\n#gap-1727575498 {\n  padding-top: 30px;\n}\n<\/style>\n\t<\/div>\n\t\n<div class=\"container section-title-container\" ><h3 class=\"section-title section-title-center\"><b aria-hidden=\"true\"><\/b><span class=\"section-title-main\" style=\"font-size:115%;\">Caracter\u00edsticas t\u00e9cnicas do Spring&#039;Blanche\u2122<\/span><b aria-hidden=\"true\"><\/b><\/h3><\/div>\n\n\t\t<div class=\"tabbed-content\">\n\t\t\t\n\t\t\t<ul class=\"nav nav-tabs nav-uppercase nav-size-normal nav-left\" role=\"tablist\"><li id=\"tab-dosagem-e-uso\" class=\"tab active has-icon\" role=\"presentation\"><a href=\"#tab_dosagem-e-uso\" role=\"tab\" aria-selected=\"true\" aria-controls=\"tab_dosagem-e-uso\"><span>Dosagem e uso<\/span><\/a><\/li>\n<li id=\"tab-an\u00e1lise-t\u00edpica\" class=\"tab has-icon\" role=\"presentation\"><a href=\"#tab_an\u00e1lise-t\u00edpica\" tabindex=\"-1\" role=\"tab\" aria-selected=\"false\" aria-controls=\"tab_an\u00e1lise-t\u00edpica\"><span>An\u00e1lise t\u00edpica<\/span><\/a><\/li>\n<li id=\"tab-armazenamento-e-prazo-de-validade\" class=\"tab has-icon\" role=\"presentation\"><a href=\"#tab_armazenamento-e-prazo-de-validade\" tabindex=\"-1\" role=\"tab\" aria-selected=\"false\" aria-controls=\"tab_armazenamento-e-prazo-de-validade\"><span>Armazenamento e prazo de validade<\/span><\/a><\/li><\/ul><div class=\"tab-panels\"><div id=\"tab_dosagem-e-uso\" class=\"panel active entry-content\" role=\"tabpanel\" aria-labelledby=\"tab-dosagem-e-uso\">\n<h4><span style=\"font-size: 18pt\">Dosagem\/Temperatura<\/span><\/h4>\n<p><strong>Entre 5 g\/hl e 20 g\/hl. Uma taxa de dosagem ideal de 10 g\/hL fornecer\u00e1 uma n\u00e9voa est\u00e1vel de aproximadamente 20\u00b0EBC.<\/strong><\/p>\n<h5>Uso<\/h5>\n<p>A n\u00e9voa produzida pela Spring&#039;Blanche\u2122 \u00e9 altamente dependente da composi\u00e7\u00e3o da cerveja e do processo de fermenta\u00e7\u00e3o. Recomenda-se realizar alguns testes preliminares de dosagem antes do primeiro uso em cervejas comerciais. Deve-se ressaltar que a pasteuriza\u00e7\u00e3o da cerveja pode aumentar ligeiramente a n\u00e9voa final da cerveja.<\/p>\n<p>Recomenda-se dosar Spring&#039;Blanche\u2122 no in\u00edcio da etapa de matura\u00e7\u00e3o para obter um resultado ideal. A adi\u00e7\u00e3o de Spring&#039;Blanc<sup>heTM<\/sup> durante a fermenta\u00e7\u00e3o n\u00e3o \u00e9 recomendada<\/p>\n<p><strong>Hidrata\u00e7\u00e3o<\/strong><\/p>\n<ul>\n<li>Misture com cerveja (ou \u00e1gua de processo) antes de usar. A dispers\u00e3o deve levar menos de 3 minutos.<\/li>\n<li>Dispersar Spring&#039;Blanche\u2122 na superf\u00edcie da cerveja ou da \u00e1gua entre 20\u00b0C e 30\u00b0C sob agita\u00e7\u00e3o m\u00e9dia (pode ser dif\u00edcil dispersar em concentra\u00e7\u00f5es no meio de hidrata\u00e7\u00e3o superiores a 150 g\/L).<\/li>\n<li>Se Spring&#039;Blanche\u2122 for hidratado em \u00e1gua, deve conter um m\u00ednimo de 3ppm de \u00e1cidos iso-alfa ou deve ser usado dentro de 4 horas ap\u00f3s a hidrata\u00e7\u00e3o.<\/li>\n<\/ul>\n<p><strong>Pontos de aten\u00e7\u00e3o<\/strong><\/p>\n<ul>\n<li>Concentra\u00e7\u00f5es acima de 20 g\/hl podem afetar o perfil de sabor da cerveja.<\/li>\n<li>Algumas enzimas, como as proteases, podem diminuir significativamente a efici\u00eancia da Spring&#039;Blanche\u2122.<\/li>\n<\/ul>\n<\/div>\n<div id=\"tab_an\u00e1lise-t\u00edpica\" class=\"panel entry-content\" role=\"tabpanel\" aria-labelledby=\"tab-an\u00e1lise-t\u00edpica\">\n<ul>\n<li>Bact\u00e9rias totais: &lt; 10000 UFC \/ g<\/li>\n<li>Bact\u00e9rias l\u00e1cticas: &lt; 1000 UFC \/ g<\/li>\n<li>Bact\u00e9rias ac\u00e9ticas: &lt; 1000 CFU \/ g<\/li>\n<li>Levedura Selvagem N\u00e3o-Saccharomyces: &lt; 100 UFC \/ g<\/li>\n<\/ul>\n<\/div>\n<div id=\"tab_armazenamento-e-prazo-de-validade\" class=\"panel entry-content\" role=\"tabpanel\" aria-labelledby=\"tab-armazenamento-e-prazo-de-validade\">\n<h4>Armazenamento<\/h4>\n<p>Por menos de 6 meses: o produto deve ser armazenado abaixo de 24\u00b0C. Por mais de 6 meses: o produto deve ser armazenado abaixo de 15\u00b0C. Para per\u00edodos curtos n\u00e3o superiores a 7 dias, h\u00e1 uma exce\u00e7\u00e3o a essas regras.<\/p>\n<h4>Prazo de validade<\/h4>\n<p>Consulte a data de validade impressa no sach\u00ea. Os sach\u00eas abertos devem ser selados e armazenados a 4 \u00b0 C (39 \u00b0 F) e usados dentro de 7 dias ap\u00f3s a abertura.<\/p>\n<p>N\u00e3o use sach\u00eas macios ou danificados.<\/p>\n<p><em>Cada levedura Fermentis \u00e9 desenvolvida sob um esquema de produ\u00e7\u00e3o espec\u00edfico e se beneficia do know-how do grupo Lesaffre, l\u00edder mundial na fabrica\u00e7\u00e3o de leveduras.  Isso garante a mais alta pureza microbiol\u00f3gica e a m\u00e1xima atividade de fermenta\u00e7\u00e3o.<\/em><\/p>\n<\/div><\/div><\/div>\n\t<div id=\"gap-1932262652\" class=\"gap-element clearfix\" style=\"display:block; height:auto;\">\n\t\t\n<style>\n#gap-1932262652 {\n  padding-top: 30px;\n}\n<\/style>\n\t<\/div>\n\t\n<p><em>As leveduras de cerveja seca Fermentis s\u00e3o bem conhecidas por sua capacidade de produzir uma grande variedade de estilos de cerveja. Para comparar nossas cepas, realizamos testes de fermenta\u00e7\u00e3o em condi\u00e7\u00f5es de laborat\u00f3rio com um mosto padr\u00e3o para todas as cepas e condi\u00e7\u00f5es de temperatura padr\u00e3o (SafLager: 12\u00b0C por 48h e depois 14\u00b0C \/ SafAle: 20\u00b0C). Focamos nos seguintes par\u00e2metros: produ\u00e7\u00e3o de \u00e1lcool, a\u00e7\u00facares residuais, flocula\u00e7\u00e3o e cin\u00e9tica de fermenta\u00e7\u00e3o. Dado o impacto da levedura na qualidade da cerveja final, \u00e9 recomend\u00e1vel respeitar as instru\u00e7\u00f5es de fermenta\u00e7\u00e3o recomendadas. Recomendamos fortemente que os usu\u00e1rios fa\u00e7am testes de fermenta\u00e7\u00e3o antes de qualquer uso comercial de nossos produtos.<\/em><\/p>\n","protected":false},"excerpt":{"rendered":"<p>Garanta naturalmente uma n\u00e9voa est\u00e1vel ao longo do tempo<\/p>\n","protected":false},"featured_media":44280,"comment_status":"closed","ping_status":"closed","template":"","meta":{"_acf_changed":false},"product_brand":[],"product_cat":[2846,1486,2847],"product_tag":[2848,2849,2850],"class_list":{"0":"post-44276","1":"product","2":"type-product","3":"status-publish","4":"has-post-thumbnail","6":"product_cat-functional-products-pt-br","7":"product_cat-beer-brewing-solutions-pt-br","8":"product_cat-springblanche-pt-br-2","9":"product_tag-blanche-pt-br","10":"product_tag-spring-blanche-pt-br","11":"product_tag-springblanche-pt-br","13":"first","14":"instock","15":"shipping-taxable","16":"product-type-simple"},"acf":[],"yoast_head":"<!-- This site is optimized with the Yoast SEO Premium plugin v27.4 (Yoast SEO v27.4) - https:\/\/yoast.com\/product\/yoast-seo-premium-wordpress\/ -->\n<title>Spring&#039;Blanche\u2122 - Estabilizador de n\u00e9voa e nebulosidade de cerveja - Fermentis<\/title>\n<meta name=\"description\" content=\"Spring&#039;Blanche\u2122 da Fermentis produz uma n\u00e9voa est\u00e1vel permanente na cerveja, ideal para cervejas de trigo, Belgian Style Wit, Blanches ou IPAs nebulosas\" \/>\n<meta name=\"robots\" content=\"index, follow, max-snippet:-1, max-image-preview:large, max-video-preview:-1\" \/>\n<link rel=\"canonical\" href=\"https:\/\/fermentis.com\/pt-br\/produto\/spring-blanche\/\" \/>\n<meta property=\"og:locale\" content=\"pt_BR\" \/>\n<meta property=\"og:type\" content=\"article\" \/>\n<meta property=\"og:title\" content=\"Spring&#039;Blanche\u2122\" \/>\n<meta property=\"og:description\" content=\"Spring&#039;Blanche\u2122 da Fermentis produz uma n\u00e9voa est\u00e1vel permanente na cerveja, ideal para cervejas de trigo, Belgian Style Wit, Blanches ou IPAs nebulosas\" \/>\n<meta property=\"og:url\" content=\"https:\/\/fermentis.com\/pt-br\/produto\/spring-blanche\/\" \/>\n<meta property=\"og:site_name\" content=\"Fermentis\" \/>\n<meta property=\"article:publisher\" content=\"https:\/\/www.facebook.com\/Fermentis\" \/>\n<meta property=\"article:modified_time\" content=\"2026-04-20T01:18:20+00:00\" \/>\n<meta property=\"og:image\" content=\"https:\/\/fermentis.com\/wp-content\/uploads\/2020\/10\/spring-blanche.png\" \/>\n\t<meta property=\"og:image:width\" content=\"1200\" \/>\n\t<meta property=\"og:image:height\" content=\"1200\" \/>\n\t<meta property=\"og:image:type\" content=\"image\/png\" \/>\n<meta name=\"twitter:card\" content=\"summary_large_image\" \/>\n<meta name=\"twitter:site\" content=\"@fermentis\" \/>\n<meta name=\"twitter:label1\" content=\"Pre\u00e7o\" \/>\n\t<meta name=\"twitter:data1\" content=\"\" \/>\n\t<meta name=\"twitter:label2\" content=\"Disponibilidade\" \/>\n\t<meta name=\"twitter:data2\" content=\"Em Estoque\" \/>\n<script type=\"application\/ld+json\" class=\"yoast-schema-graph\">{\"@context\":\"https:\\\/\\\/schema.org\",\"@graph\":[{\"@type\":\"WebPage\",\"@id\":\"https:\\\/\\\/fermentis.com\\\/pt-br\\\/produto\\\/spring-blanche\\\/\",\"url\":\"https:\\\/\\\/fermentis.com\\\/pt-br\\\/produto\\\/spring-blanche\\\/\",\"name\":\"Spring'Blanche\u2122 - Estabilizador de n\u00e9voa e nebulosidade de cerveja - Fermentis\",\"isPartOf\":{\"@id\":\"https:\\\/\\\/fermentis.com\\\/pt-br\\\/#website\"},\"primaryImageOfPage\":{\"@id\":\"https:\\\/\\\/fermentis.com\\\/pt-br\\\/produto\\\/spring-blanche\\\/#primaryimage\"},\"image\":{\"@id\":\"https:\\\/\\\/fermentis.com\\\/pt-br\\\/produto\\\/spring-blanche\\\/#primaryimage\"},\"thumbnailUrl\":\"https:\\\/\\\/fermentis.com\\\/wp-content\\\/uploads\\\/2020\\\/10\\\/spring-blanche.png\",\"datePublished\":\"2019-06-06T22:00:00+00:00\",\"dateModified\":\"2026-04-20T01:18:20+00:00\",\"description\":\"Spring'Blanche\u2122 da Fermentis produz uma n\u00e9voa est\u00e1vel permanente na cerveja, ideal para cervejas de trigo, Belgian Style Wit, Blanches ou IPAs nebulosas\",\"breadcrumb\":{\"@id\":\"https:\\\/\\\/fermentis.com\\\/pt-br\\\/produto\\\/spring-blanche\\\/#breadcrumb\"},\"inLanguage\":\"pt-BR\",\"potentialAction\":[{\"@type\":\"ReadAction\",\"target\":[\"https:\\\/\\\/fermentis.com\\\/pt-br\\\/produto\\\/spring-blanche\\\/\"]}]},{\"@type\":\"ImageObject\",\"inLanguage\":\"pt-BR\",\"@id\":\"https:\\\/\\\/fermentis.com\\\/pt-br\\\/produto\\\/spring-blanche\\\/#primaryimage\",\"url\":\"https:\\\/\\\/fermentis.com\\\/wp-content\\\/uploads\\\/2020\\\/10\\\/spring-blanche.png\",\"contentUrl\":\"https:\\\/\\\/fermentis.com\\\/wp-content\\\/uploads\\\/2020\\\/10\\\/spring-blanche.png\",\"width\":1200,\"height\":1200},{\"@type\":\"BreadcrumbList\",\"@id\":\"https:\\\/\\\/fermentis.com\\\/pt-br\\\/produto\\\/spring-blanche\\\/#breadcrumb\",\"itemListElement\":[{\"@type\":\"ListItem\",\"position\":1,\"name\":\"Home\",\"item\":\"https:\\\/\\\/fermentis.com\\\/pt-br\\\/\"},{\"@type\":\"ListItem\",\"position\":2,\"name\":\"Produtos\"},{\"@type\":\"ListItem\",\"position\":3,\"name\":\"Solu\u00e7\u00f5es para cerveja e cervejaria\",\"item\":\"https:\\\/\\\/fermentis.com\\\/pt-br\\\/fermentation\\\/beer-brewing-solutions-pt-br\\\/\"},{\"@type\":\"ListItem\",\"position\":4,\"name\":\"Produtos funcionais para cerveja\",\"item\":\"https:\\\/\\\/fermentis.com\\\/pt-br\\\/fermentation\\\/beer-brewing-solutions-pt-br\\\/functional-products-pt-br\\\/\"},{\"@type\":\"ListItem\",\"position\":5,\"name\":\"Spring&#039;Blanche\u2122\",\"item\":\"https:\\\/\\\/fermentis.com\\\/pt-br\\\/fermentation\\\/beer-brewing-solutions-pt-br\\\/functional-products-pt-br\\\/springblanche-pt-br-2\\\/\"},{\"@type\":\"ListItem\",\"position\":6,\"name\":\"Spring&#8217;Blanche\u2122\"}]},{\"@type\":\"WebSite\",\"@id\":\"https:\\\/\\\/fermentis.com\\\/pt-br\\\/#website\",\"url\":\"https:\\\/\\\/fermentis.com\\\/pt-br\\\/\",\"name\":\"Fermentis\",\"description\":\"Un site utilisant WordPress\",\"publisher\":{\"@id\":\"https:\\\/\\\/fermentis.com\\\/pt-br\\\/#organization\"},\"potentialAction\":[{\"@type\":\"SearchAction\",\"target\":{\"@type\":\"EntryPoint\",\"urlTemplate\":\"https:\\\/\\\/fermentis.com\\\/pt-br\\\/?s={search_term_string}\"},\"query-input\":{\"@type\":\"PropertyValueSpecification\",\"valueRequired\":true,\"valueName\":\"search_term_string\"}}],\"inLanguage\":\"pt-BR\"},{\"@type\":\"Organization\",\"@id\":\"https:\\\/\\\/fermentis.com\\\/pt-br\\\/#organization\",\"name\":\"Fermentis\",\"url\":\"https:\\\/\\\/fermentis.com\\\/pt-br\\\/\",\"logo\":{\"@type\":\"ImageObject\",\"inLanguage\":\"pt-BR\",\"@id\":\"https:\\\/\\\/fermentis.com\\\/pt-br\\\/#\\\/schema\\\/logo\\\/image\\\/\",\"url\":\"https:\\\/\\\/fermentis.com\\\/wp-content\\\/uploads\\\/2021\\\/07\\\/Logo-Fermentis-5.png\",\"contentUrl\":\"https:\\\/\\\/fermentis.com\\\/wp-content\\\/uploads\\\/2021\\\/07\\\/Logo-Fermentis-5.png\",\"width\":308,\"height\":95,\"caption\":\"Fermentis\"},\"image\":{\"@id\":\"https:\\\/\\\/fermentis.com\\\/pt-br\\\/#\\\/schema\\\/logo\\\/image\\\/\"},\"sameAs\":[\"https:\\\/\\\/www.facebook.com\\\/Fermentis\",\"https:\\\/\\\/x.com\\\/fermentis\",\"https:\\\/\\\/www.instagram.com\\\/fermentisbylesaffre\\\/\",\"https:\\\/\\\/www.linkedin.com\\\/company\\\/fermentis\\\/\",\"https:\\\/\\\/www.youtube.com\\\/channel\\\/UCt_Lp3IZnUNXZeqSi6iiAdA\"]}]}<\/script>\n<meta property=\"product:price:currency\" content=\"GBP\" \/>\n<meta property=\"og:availability\" content=\"instock\" \/>\n<meta property=\"product:availability\" content=\"instock\" \/>\n<meta property=\"product:condition\" content=\"new\" \/>\n<!-- \/ Yoast SEO Premium plugin. -->","yoast_head_json":{"title":"Spring'Blanche\u2122 - Estabilizador de n\u00e9voa e nebulosidade de cerveja - Fermentis","description":"Spring'Blanche\u2122 da Fermentis produz uma n\u00e9voa est\u00e1vel permanente na cerveja, ideal para cervejas de trigo, Belgian Style Wit, Blanches ou IPAs nebulosas","robots":{"index":"index","follow":"follow","max-snippet":"max-snippet:-1","max-image-preview":"max-image-preview:large","max-video-preview":"max-video-preview:-1"},"canonical":"https:\/\/fermentis.com\/pt-br\/produto\/spring-blanche\/","og_locale":"pt_BR","og_type":"article","og_title":"Spring'Blanche\u2122","og_description":"Spring'Blanche\u2122 da Fermentis produz uma n\u00e9voa est\u00e1vel permanente na cerveja, ideal para cervejas de trigo, Belgian Style Wit, Blanches ou IPAs nebulosas","og_url":"https:\/\/fermentis.com\/pt-br\/produto\/spring-blanche\/","og_site_name":"Fermentis","article_publisher":"https:\/\/www.facebook.com\/Fermentis","article_modified_time":"2026-04-20T01:18:20+00:00","og_image":[{"width":1200,"height":1200,"url":"https:\/\/fermentis.com\/wp-content\/uploads\/2020\/10\/spring-blanche.png","type":"image\/png"}],"twitter_card":"summary_large_image","twitter_site":"@fermentis","twitter_misc":{"Pre\u00e7o":"","Disponibilidade":"Em Estoque"},"schema":{"@context":"https:\/\/schema.org","@graph":[{"@type":"WebPage","@id":"https:\/\/fermentis.com\/pt-br\/produto\/spring-blanche\/","url":"https:\/\/fermentis.com\/pt-br\/produto\/spring-blanche\/","name":"Spring'Blanche\u2122 - Estabilizador de n\u00e9voa e nebulosidade de cerveja - Fermentis","isPartOf":{"@id":"https:\/\/fermentis.com\/pt-br\/#website"},"primaryImageOfPage":{"@id":"https:\/\/fermentis.com\/pt-br\/produto\/spring-blanche\/#primaryimage"},"image":{"@id":"https:\/\/fermentis.com\/pt-br\/produto\/spring-blanche\/#primaryimage"},"thumbnailUrl":"https:\/\/fermentis.com\/wp-content\/uploads\/2020\/10\/spring-blanche.png","datePublished":"2019-06-06T22:00:00+00:00","dateModified":"2026-04-20T01:18:20+00:00","description":"Spring'Blanche\u2122 da Fermentis produz uma n\u00e9voa est\u00e1vel permanente na cerveja, ideal para cervejas de trigo, Belgian Style Wit, Blanches ou IPAs nebulosas","breadcrumb":{"@id":"https:\/\/fermentis.com\/pt-br\/produto\/spring-blanche\/#breadcrumb"},"inLanguage":"pt-BR","potentialAction":[{"@type":"ReadAction","target":["https:\/\/fermentis.com\/pt-br\/produto\/spring-blanche\/"]}]},{"@type":"ImageObject","inLanguage":"pt-BR","@id":"https:\/\/fermentis.com\/pt-br\/produto\/spring-blanche\/#primaryimage","url":"https:\/\/fermentis.com\/wp-content\/uploads\/2020\/10\/spring-blanche.png","contentUrl":"https:\/\/fermentis.com\/wp-content\/uploads\/2020\/10\/spring-blanche.png","width":1200,"height":1200},{"@type":"BreadcrumbList","@id":"https:\/\/fermentis.com\/pt-br\/produto\/spring-blanche\/#breadcrumb","itemListElement":[{"@type":"ListItem","position":1,"name":"Home","item":"https:\/\/fermentis.com\/pt-br\/"},{"@type":"ListItem","position":2,"name":"Produtos"},{"@type":"ListItem","position":3,"name":"Solu\u00e7\u00f5es para cerveja e cervejaria","item":"https:\/\/fermentis.com\/pt-br\/fermentation\/beer-brewing-solutions-pt-br\/"},{"@type":"ListItem","position":4,"name":"Produtos funcionais para cerveja","item":"https:\/\/fermentis.com\/pt-br\/fermentation\/beer-brewing-solutions-pt-br\/functional-products-pt-br\/"},{"@type":"ListItem","position":5,"name":"Spring&#039;Blanche\u2122","item":"https:\/\/fermentis.com\/pt-br\/fermentation\/beer-brewing-solutions-pt-br\/functional-products-pt-br\/springblanche-pt-br-2\/"},{"@type":"ListItem","position":6,"name":"Spring&#8217;Blanche\u2122"}]},{"@type":"WebSite","@id":"https:\/\/fermentis.com\/pt-br\/#website","url":"https:\/\/fermentis.com\/pt-br\/","name":"Fermentis","description":"Un site utilisant WordPress","publisher":{"@id":"https:\/\/fermentis.com\/pt-br\/#organization"},"potentialAction":[{"@type":"SearchAction","target":{"@type":"EntryPoint","urlTemplate":"https:\/\/fermentis.com\/pt-br\/?s={search_term_string}"},"query-input":{"@type":"PropertyValueSpecification","valueRequired":true,"valueName":"search_term_string"}}],"inLanguage":"pt-BR"},{"@type":"Organization","@id":"https:\/\/fermentis.com\/pt-br\/#organization","name":"Fermentis","url":"https:\/\/fermentis.com\/pt-br\/","logo":{"@type":"ImageObject","inLanguage":"pt-BR","@id":"https:\/\/fermentis.com\/pt-br\/#\/schema\/logo\/image\/","url":"https:\/\/fermentis.com\/wp-content\/uploads\/2021\/07\/Logo-Fermentis-5.png","contentUrl":"https:\/\/fermentis.com\/wp-content\/uploads\/2021\/07\/Logo-Fermentis-5.png","width":308,"height":95,"caption":"Fermentis"},"image":{"@id":"https:\/\/fermentis.com\/pt-br\/#\/schema\/logo\/image\/"},"sameAs":["https:\/\/www.facebook.com\/Fermentis","https:\/\/x.com\/fermentis","https:\/\/www.instagram.com\/fermentisbylesaffre\/","https:\/\/www.linkedin.com\/company\/fermentis\/","https:\/\/www.youtube.com\/channel\/UCt_Lp3IZnUNXZeqSi6iiAdA"]}]},"product_price_currency":"GBP","og_availability":"instock","product_availability":"instock","product_condition":"new"},"_links":{"self":[{"href":"https:\/\/fermentis.com\/pt-br\/wp-json\/wp\/v2\/product\/44276","targetHints":{"allow":["GET"]}}],"collection":[{"href":"https:\/\/fermentis.com\/pt-br\/wp-json\/wp\/v2\/product"}],"about":[{"href":"https:\/\/fermentis.com\/pt-br\/wp-json\/wp\/v2\/types\/product"}],"replies":[{"embeddable":true,"href":"https:\/\/fermentis.com\/pt-br\/wp-json\/wp\/v2\/comments?post=44276"}],"wp:featuredmedia":[{"embeddable":true,"href":"https:\/\/fermentis.com\/pt-br\/wp-json\/wp\/v2\/media\/44280"}],"wp:attachment":[{"href":"https:\/\/fermentis.com\/pt-br\/wp-json\/wp\/v2\/media?parent=44276"}],"wp:term":[{"taxonomy":"product_brand","embeddable":true,"href":"https:\/\/fermentis.com\/pt-br\/wp-json\/wp\/v2\/product_brand?post=44276"},{"taxonomy":"product_cat","embeddable":true,"href":"https:\/\/fermentis.com\/pt-br\/wp-json\/wp\/v2\/product_cat?post=44276"},{"taxonomy":"product_tag","embeddable":true,"href":"https:\/\/fermentis.com\/pt-br\/wp-json\/wp\/v2\/product_tag?post=44276"}],"curies":[{"name":"wp","href":"https:\/\/api.w.org\/{rel}","templated":true}]}}