{"id":44313,"date":"2020-06-29T00:00:00","date_gmt":"2020-06-28T22:00:00","guid":{"rendered":"https:\/\/fermentis.com\/product\/safspirit-usw-6\/"},"modified":"2025-02-19T10:47:39","modified_gmt":"2025-02-19T09:47:39","slug":"safspirit-usw-6","status":"publish","type":"product","link":"https:\/\/fermentis.com\/pt-br\/produto\/safspirit-usw-6\/","title":{"rendered":"SafSpirit\u2122 USW-6"},"content":{"rendered":"<div class=\"container section-title-container\" ><h2 class=\"section-title section-title-center\"><b aria-hidden=\"true\"><\/b><span class=\"section-title-main\" style=\"font-size:115%;\">A levedura executora em todos os tipos de gr\u00e3os ou misturas de gr\u00e3os<\/span><b aria-hidden=\"true\"><\/b><\/h2><\/div>\n<p>A variedade mais famosa e com melhor desempenho para a produ\u00e7\u00e3o de u\u00edsque americano. A escolha natural para os melhores destiladores <strong>de Bourbons<\/strong> e outros produtores <strong>de u\u00edsque americanos<\/strong> . Muito bom e delicado perfil de cong\u00eaneres. Tem um bom desempenho em todos os tipos de gr\u00e3os ou misturas de gr\u00e3os. Apesar de sua popularidade para os u\u00edsques americanos, \u00e9 outra boa op\u00e7\u00e3o para <strong>bebidas destiladas de gr\u00e3os envelhecidas em barris.<\/strong><\/p>\n<p><strong>Ingredientes:<\/strong> levedura (Saccharomyces cerevisiae), emulsificante: E491 (monoestearato de sorbitano)\t<div id=\"gap-135087640\" class=\"gap-element clearfix\" style=\"display:block; height:auto;\">\n\t\t\n<style>\n#gap-135087640 {\n  padding-top: 30px;\n}\n<\/style>\n\t<\/div>\n\t\n\n\t\t<div class=\"tabbed-content\">\n\t\t\t\n\t\t\t<ul class=\"nav nav-tabs nav-uppercase nav-size-normal nav-left\" role=\"tablist\"><li id=\"tab-dosagem-e-uso\" class=\"tab active has-icon\" role=\"presentation\"><a href=\"#tab_dosagem-e-uso\" role=\"tab\" aria-selected=\"true\" aria-controls=\"tab_dosagem-e-uso\"><span>Dosagem e Uso<\/span><\/a><\/li>\n<li id=\"tab-armazenamento-e-prazo-de-validade\" class=\"tab has-icon\" role=\"presentation\"><a href=\"#tab_armazenamento-e-prazo-de-validade\" tabindex=\"-1\" role=\"tab\" aria-selected=\"false\" aria-controls=\"tab_armazenamento-e-prazo-de-validade\"><span>Armazenamento e prazo de validade<\/span><\/a><\/li>\n<li id=\"tab-an\u00e1lise-t\u00edpica\" class=\"tab has-icon\" role=\"presentation\"><a href=\"#tab_an\u00e1lise-t\u00edpica\" tabindex=\"-1\" role=\"tab\" aria-selected=\"false\" aria-controls=\"tab_an\u00e1lise-t\u00edpica\"><span>An\u00e1lise t\u00edpica<\/span><\/a><\/li><\/ul><div class=\"tab-panels\"><div id=\"tab_dosagem-e-uso\" class=\"panel active entry-content\" role=\"tabpanel\" aria-labelledby=\"tab-dosagem-e-uso\">\n<p><b>DOSAGEM<\/b><\/p>\n<p><strong>30-50 g\/hl<\/strong><\/p>\n<p><b>INSTRU\u00c7\u00d5ES DE REIDRATA\u00c7\u00c3O<\/b><\/p>\n<p>(1) Reidrate o fermento em 10 vezes seu volume de \u00e1gua ou mosto a 25 \u00b0 C &#8211; 35 \u00b0 C (77.0 \u00b0 F &#8211; 95.0 \u00b0 F)<\/p>\n<p>(2) Deixe descansar por 15 minutos<\/p>\n<p>(3) Mexa suavemente<\/p>\n<p>(4) Passo no fermentador<\/p>\n<\/div>\n<div id=\"tab_armazenamento-e-prazo-de-validade\" class=\"panel entry-content\" role=\"tabpanel\" aria-labelledby=\"tab-armazenamento-e-prazo-de-validade\">\n<p><b>ARMAZENAMENTO<\/b><\/p>\n<p>Durante o transporte: O produto pode ser transportado e armazenado em temperatura ambiente por per\u00edodos de tempo n\u00e3o superiores a 3 meses, sem afetar seu desempenho.<\/p>\n<p>No destino final: Armazenar em local fresco (&lt;10\u00b0C\/50\u00b0F), dry conditions.<\/p>\n<p><b>VALIDADE<\/b><\/p>\n<p>Consulte a data de validade impressa no sach\u00ea.<\/p>\n<p>Os sach\u00eas abertos devem ser selados e armazenados a 4 \u00b0 C (39 \u00b0 F) e usados dentro de 7 dias ap\u00f3s a abertura. N\u00e3o use sach\u00eas macios ou danificados.<\/p>\n<p>&nbsp;<em>Cada levedura Fermentis \u00e9 desenvolvida sob um esquema de produ\u00e7\u00e3o espec\u00edfico e se beneficia do know-how do grupo Lesaffre, l\u00edder mundial na fabrica\u00e7\u00e3o de leveduras. Isso garante a mais alta pureza microbiol\u00f3gica e a m\u00e1xima atividade de fermenta\u00e7\u00e3o.<\/em><\/p>\n<\/div>\n<div id=\"tab_an\u00e1lise-t\u00edpica\" class=\"panel entry-content\" role=\"tabpanel\" aria-labelledby=\"tab-an\u00e1lise-t\u00edpica\">\n<table width=\"693\">\n<tbody>\n<tr>\n<td width=\"400\">% de peso seco:<\/td>\n<td width=\"293\">94.0 \u2013 96.5<\/td>\n<\/tr>\n<tr>\n<td width=\"400\">C\u00e9lulas vi\u00e1veis na embalagem:<\/td>\n<td width=\"293\">&gt; 15 x 10<sup>9<\/sup> \/grama<\/td>\n<\/tr>\n<tr>\n<td width=\"400\">Bact\u00e9rias totais*:<\/td>\n<td width=\"293\">&lt; 1 x 10<sup>4<\/sup>\/grama<\/td>\n<\/tr>\n<tr>\n<td width=\"400\">Bact\u00e9rias do \u00e1cido ac\u00e9tico*:<\/td>\n<td width=\"293\">&lt; 1 x 10<sup>3<\/sup>\/grama<\/td>\n<\/tr>\n<tr>\n<td width=\"400\"><em>Lactobacillus*:<\/em><\/td>\n<td width=\"293\">&lt; 1 x 10<sup>4<\/sup>\/grama<\/td>\n<\/tr>\n<\/tbody>\n<\/table>\n<p>Microrganismos patog\u00eanicos: de acordo com a regulamenta\u00e7\u00e3o<\/p>\n<\/div><\/div><\/div>\n\t<div id=\"gap-535043027\" class=\"gap-element clearfix\" style=\"display:block; height:auto;\">\n\t\t\n<style>\n#gap-535043027 {\n  padding-top: 30px;\n}\n<\/style>\n\t<\/div>\n\t<em>Os dados contidos nesta ficha t\u00e9cnica s\u00e3o a transcri\u00e7\u00e3o exata do nosso conhecimento do produto na data mencionada. Eles s\u00e3o propriedade exclusiva da Fermentis-Division da S.I.Lesaffre. \u00c9 da responsabilidade do utilizador certificar-se de que a utiliza\u00e7\u00e3o deste produto espec\u00edfico est\u00e1 em conformidade com a legisla\u00e7\u00e3o. Dado o impacto da levedura na qualidade do \u00e1lcool final, recomendamos fortemente que os usu\u00e1rios fa\u00e7am testes de fermenta\u00e7\u00e3o antes de qualquer uso comercial de nossos produtos.<\/em><\/p>\n","protected":false},"excerpt":{"rendered":"<p>A levedura executora em todos os tipos de gr\u00e3os ou misturas de gr\u00e3os<\/p>\n","protected":false},"featured_media":0,"comment_status":"closed","ping_status":"closed","template":"","meta":{"_acf_changed":false},"product_brand":[],"product_cat":[2911,2912],"product_tag":[2941,2942],"class_list":{"0":"post-44313","1":"product","2":"type-product","3":"status-publish","5":"product_cat-active-dry-yeast-spirits-pt-br","6":"product_cat-spirits-distilling-pt-br","7":"product_tag-usw-6-pt-br","8":"product_tag-usw6-pt-br","10":"first","11":"instock","12":"shipping-taxable","13":"product-type-simple"},"acf":[],"yoast_head":"<!-- This site is optimized with the Yoast SEO Premium plugin v27.4 (Yoast SEO v27.4) - https:\/\/yoast.com\/product\/yoast-seo-premium-wordpress\/ -->\n<title>SafSpirit\u2122 USW-6 - Levedura para Whisky Americano- Fermentis<\/title>\n<meta name=\"description\" content=\"A levedura destilada Fermentis SafSpirit\u2122 USW-6 \u00e9 ideal para a produ\u00e7\u00e3o de u\u00edsque americano. Ele funciona perfeitamente com qualquer tipo de gr\u00e3o ou mistura de gr\u00e3os.\" \/>\n<meta name=\"robots\" content=\"index, follow, max-snippet:-1, max-image-preview:large, max-video-preview:-1\" \/>\n<link rel=\"canonical\" href=\"https:\/\/fermentis.com\/pt-br\/produto\/safspirit-usw-6\/\" \/>\n<meta property=\"og:locale\" content=\"pt_BR\" \/>\n<meta property=\"og:type\" content=\"article\" \/>\n<meta property=\"og:title\" content=\"SafSpirit\u2122 USW-6\" \/>\n<meta property=\"og:description\" content=\"A levedura destilada Fermentis SafSpirit\u2122 USW-6 \u00e9 ideal para a produ\u00e7\u00e3o de u\u00edsque americano. Ele funciona perfeitamente com qualquer tipo de gr\u00e3o ou mistura de gr\u00e3os.\" \/>\n<meta property=\"og:url\" content=\"https:\/\/fermentis.com\/pt-br\/produto\/safspirit-usw-6\/\" \/>\n<meta property=\"og:site_name\" content=\"Fermentis\" \/>\n<meta property=\"article:publisher\" content=\"https:\/\/www.facebook.com\/Fermentis\" \/>\n<meta property=\"article:modified_time\" content=\"2025-02-19T09:47:39+00:00\" \/>\n<meta property=\"og:image\" content=\"https:\/\/fermentis.com\/wp-content\/uploads\/2020\/02\/logo-fermentis.png\" \/>\n\t<meta property=\"og:image:width\" content=\"1500\" \/>\n\t<meta property=\"og:image:height\" content=\"525\" \/>\n\t<meta property=\"og:image:type\" content=\"image\/png\" \/>\n<meta name=\"twitter:card\" content=\"summary_large_image\" \/>\n<meta name=\"twitter:site\" content=\"@fermentis\" \/>\n<meta name=\"twitter:label1\" content=\"Pre\u00e7o\" \/>\n\t<meta name=\"twitter:data1\" content=\"\" \/>\n\t<meta name=\"twitter:label2\" content=\"Disponibilidade\" \/>\n\t<meta name=\"twitter:data2\" content=\"Em Estoque\" \/>\n<script type=\"application\/ld+json\" class=\"yoast-schema-graph\">{\"@context\":\"https:\\\/\\\/schema.org\",\"@graph\":[{\"@type\":\"WebPage\",\"@id\":\"https:\\\/\\\/fermentis.com\\\/pt-br\\\/produto\\\/safspirit-usw-6\\\/\",\"url\":\"https:\\\/\\\/fermentis.com\\\/pt-br\\\/produto\\\/safspirit-usw-6\\\/\",\"name\":\"SafSpirit\u2122 USW-6 - Levedura para Whisky Americano- Fermentis\",\"isPartOf\":{\"@id\":\"https:\\\/\\\/fermentis.com\\\/pt-br\\\/#website\"},\"datePublished\":\"2020-06-28T22:00:00+00:00\",\"dateModified\":\"2025-02-19T09:47:39+00:00\",\"description\":\"A levedura destilada Fermentis SafSpirit\u2122 USW-6 \u00e9 ideal para a produ\u00e7\u00e3o de u\u00edsque americano. Ele funciona perfeitamente com qualquer tipo de gr\u00e3o ou mistura de gr\u00e3os.\",\"breadcrumb\":{\"@id\":\"https:\\\/\\\/fermentis.com\\\/pt-br\\\/produto\\\/safspirit-usw-6\\\/#breadcrumb\"},\"inLanguage\":\"pt-BR\",\"potentialAction\":[{\"@type\":\"ReadAction\",\"target\":[\"https:\\\/\\\/fermentis.com\\\/pt-br\\\/produto\\\/safspirit-usw-6\\\/\"]}]},{\"@type\":\"BreadcrumbList\",\"@id\":\"https:\\\/\\\/fermentis.com\\\/pt-br\\\/produto\\\/safspirit-usw-6\\\/#breadcrumb\",\"itemListElement\":[{\"@type\":\"ListItem\",\"position\":1,\"name\":\"Home\",\"item\":\"https:\\\/\\\/fermentis.com\\\/pt-br\\\/\"},{\"@type\":\"ListItem\",\"position\":2,\"name\":\"Produtos\"},{\"@type\":\"ListItem\",\"position\":3,\"name\":\"Spirits &amp; Distilling\",\"item\":\"https:\\\/\\\/fermentis.com\\\/pt-br\\\/fermentation\\\/spirits-distilling-pt-br\\\/\"},{\"@type\":\"ListItem\",\"position\":4,\"name\":\"Levedura seca ativa para destilados\",\"item\":\"https:\\\/\\\/fermentis.com\\\/pt-br\\\/fermentation\\\/spirits-distilling-pt-br\\\/active-dry-yeast-spirits-pt-br\\\/\"},{\"@type\":\"ListItem\",\"position\":5,\"name\":\"SafSpirit\u2122 USW-6\"}]},{\"@type\":\"WebSite\",\"@id\":\"https:\\\/\\\/fermentis.com\\\/pt-br\\\/#website\",\"url\":\"https:\\\/\\\/fermentis.com\\\/pt-br\\\/\",\"name\":\"Fermentis\",\"description\":\"Un site utilisant WordPress\",\"publisher\":{\"@id\":\"https:\\\/\\\/fermentis.com\\\/pt-br\\\/#organization\"},\"potentialAction\":[{\"@type\":\"SearchAction\",\"target\":{\"@type\":\"EntryPoint\",\"urlTemplate\":\"https:\\\/\\\/fermentis.com\\\/pt-br\\\/?s={search_term_string}\"},\"query-input\":{\"@type\":\"PropertyValueSpecification\",\"valueRequired\":true,\"valueName\":\"search_term_string\"}}],\"inLanguage\":\"pt-BR\"},{\"@type\":\"Organization\",\"@id\":\"https:\\\/\\\/fermentis.com\\\/pt-br\\\/#organization\",\"name\":\"Fermentis\",\"url\":\"https:\\\/\\\/fermentis.com\\\/pt-br\\\/\",\"logo\":{\"@type\":\"ImageObject\",\"inLanguage\":\"pt-BR\",\"@id\":\"https:\\\/\\\/fermentis.com\\\/pt-br\\\/#\\\/schema\\\/logo\\\/image\\\/\",\"url\":\"https:\\\/\\\/fermentis.com\\\/wp-content\\\/uploads\\\/2021\\\/07\\\/Logo-Fermentis-5.png\",\"contentUrl\":\"https:\\\/\\\/fermentis.com\\\/wp-content\\\/uploads\\\/2021\\\/07\\\/Logo-Fermentis-5.png\",\"width\":308,\"height\":95,\"caption\":\"Fermentis\"},\"image\":{\"@id\":\"https:\\\/\\\/fermentis.com\\\/pt-br\\\/#\\\/schema\\\/logo\\\/image\\\/\"},\"sameAs\":[\"https:\\\/\\\/www.facebook.com\\\/Fermentis\",\"https:\\\/\\\/x.com\\\/fermentis\",\"https:\\\/\\\/www.instagram.com\\\/fermentisbylesaffre\\\/\",\"https:\\\/\\\/www.linkedin.com\\\/company\\\/fermentis\\\/\",\"https:\\\/\\\/www.youtube.com\\\/channel\\\/UCt_Lp3IZnUNXZeqSi6iiAdA\"]}]}<\/script>\n<meta property=\"product:price:currency\" content=\"GBP\" \/>\n<meta property=\"og:availability\" content=\"instock\" \/>\n<meta property=\"product:availability\" content=\"instock\" \/>\n<meta property=\"product:condition\" content=\"new\" \/>\n<!-- \/ Yoast SEO Premium plugin. -->","yoast_head_json":{"title":"SafSpirit\u2122 USW-6 - Levedura para Whisky Americano- Fermentis","description":"A levedura destilada Fermentis SafSpirit\u2122 USW-6 \u00e9 ideal para a produ\u00e7\u00e3o de u\u00edsque americano. Ele funciona perfeitamente com qualquer tipo de gr\u00e3o ou mistura de gr\u00e3os.","robots":{"index":"index","follow":"follow","max-snippet":"max-snippet:-1","max-image-preview":"max-image-preview:large","max-video-preview":"max-video-preview:-1"},"canonical":"https:\/\/fermentis.com\/pt-br\/produto\/safspirit-usw-6\/","og_locale":"pt_BR","og_type":"article","og_title":"SafSpirit\u2122 USW-6","og_description":"A levedura destilada Fermentis SafSpirit\u2122 USW-6 \u00e9 ideal para a produ\u00e7\u00e3o de u\u00edsque americano. Ele funciona perfeitamente com qualquer tipo de gr\u00e3o ou mistura de gr\u00e3os.","og_url":"https:\/\/fermentis.com\/pt-br\/produto\/safspirit-usw-6\/","og_site_name":"Fermentis","article_publisher":"https:\/\/www.facebook.com\/Fermentis","article_modified_time":"2025-02-19T09:47:39+00:00","og_image":[{"width":1500,"height":525,"url":"https:\/\/fermentis.com\/wp-content\/uploads\/2020\/02\/logo-fermentis.png","type":"image\/png"}],"twitter_card":"summary_large_image","twitter_site":"@fermentis","twitter_misc":{"Pre\u00e7o":"","Disponibilidade":"Em Estoque"},"schema":{"@context":"https:\/\/schema.org","@graph":[{"@type":"WebPage","@id":"https:\/\/fermentis.com\/pt-br\/produto\/safspirit-usw-6\/","url":"https:\/\/fermentis.com\/pt-br\/produto\/safspirit-usw-6\/","name":"SafSpirit\u2122 USW-6 - Levedura para Whisky Americano- Fermentis","isPartOf":{"@id":"https:\/\/fermentis.com\/pt-br\/#website"},"datePublished":"2020-06-28T22:00:00+00:00","dateModified":"2025-02-19T09:47:39+00:00","description":"A levedura destilada Fermentis SafSpirit\u2122 USW-6 \u00e9 ideal para a produ\u00e7\u00e3o de u\u00edsque americano. Ele funciona perfeitamente com qualquer tipo de gr\u00e3o ou mistura de gr\u00e3os.","breadcrumb":{"@id":"https:\/\/fermentis.com\/pt-br\/produto\/safspirit-usw-6\/#breadcrumb"},"inLanguage":"pt-BR","potentialAction":[{"@type":"ReadAction","target":["https:\/\/fermentis.com\/pt-br\/produto\/safspirit-usw-6\/"]}]},{"@type":"BreadcrumbList","@id":"https:\/\/fermentis.com\/pt-br\/produto\/safspirit-usw-6\/#breadcrumb","itemListElement":[{"@type":"ListItem","position":1,"name":"Home","item":"https:\/\/fermentis.com\/pt-br\/"},{"@type":"ListItem","position":2,"name":"Produtos"},{"@type":"ListItem","position":3,"name":"Spirits &amp; Distilling","item":"https:\/\/fermentis.com\/pt-br\/fermentation\/spirits-distilling-pt-br\/"},{"@type":"ListItem","position":4,"name":"Levedura seca ativa para destilados","item":"https:\/\/fermentis.com\/pt-br\/fermentation\/spirits-distilling-pt-br\/active-dry-yeast-spirits-pt-br\/"},{"@type":"ListItem","position":5,"name":"SafSpirit\u2122 USW-6"}]},{"@type":"WebSite","@id":"https:\/\/fermentis.com\/pt-br\/#website","url":"https:\/\/fermentis.com\/pt-br\/","name":"Fermentis","description":"Un site utilisant WordPress","publisher":{"@id":"https:\/\/fermentis.com\/pt-br\/#organization"},"potentialAction":[{"@type":"SearchAction","target":{"@type":"EntryPoint","urlTemplate":"https:\/\/fermentis.com\/pt-br\/?s={search_term_string}"},"query-input":{"@type":"PropertyValueSpecification","valueRequired":true,"valueName":"search_term_string"}}],"inLanguage":"pt-BR"},{"@type":"Organization","@id":"https:\/\/fermentis.com\/pt-br\/#organization","name":"Fermentis","url":"https:\/\/fermentis.com\/pt-br\/","logo":{"@type":"ImageObject","inLanguage":"pt-BR","@id":"https:\/\/fermentis.com\/pt-br\/#\/schema\/logo\/image\/","url":"https:\/\/fermentis.com\/wp-content\/uploads\/2021\/07\/Logo-Fermentis-5.png","contentUrl":"https:\/\/fermentis.com\/wp-content\/uploads\/2021\/07\/Logo-Fermentis-5.png","width":308,"height":95,"caption":"Fermentis"},"image":{"@id":"https:\/\/fermentis.com\/pt-br\/#\/schema\/logo\/image\/"},"sameAs":["https:\/\/www.facebook.com\/Fermentis","https:\/\/x.com\/fermentis","https:\/\/www.instagram.com\/fermentisbylesaffre\/","https:\/\/www.linkedin.com\/company\/fermentis\/","https:\/\/www.youtube.com\/channel\/UCt_Lp3IZnUNXZeqSi6iiAdA"]}]},"product_price_currency":"GBP","og_availability":"instock","product_availability":"instock","product_condition":"new"},"_links":{"self":[{"href":"https:\/\/fermentis.com\/pt-br\/wp-json\/wp\/v2\/product\/44313","targetHints":{"allow":["GET"]}}],"collection":[{"href":"https:\/\/fermentis.com\/pt-br\/wp-json\/wp\/v2\/product"}],"about":[{"href":"https:\/\/fermentis.com\/pt-br\/wp-json\/wp\/v2\/types\/product"}],"replies":[{"embeddable":true,"href":"https:\/\/fermentis.com\/pt-br\/wp-json\/wp\/v2\/comments?post=44313"}],"wp:attachment":[{"href":"https:\/\/fermentis.com\/pt-br\/wp-json\/wp\/v2\/media?parent=44313"}],"wp:term":[{"taxonomy":"product_brand","embeddable":true,"href":"https:\/\/fermentis.com\/pt-br\/wp-json\/wp\/v2\/product_brand?post=44313"},{"taxonomy":"product_cat","embeddable":true,"href":"https:\/\/fermentis.com\/pt-br\/wp-json\/wp\/v2\/product_cat?post=44313"},{"taxonomy":"product_tag","embeddable":true,"href":"https:\/\/fermentis.com\/pt-br\/wp-json\/wp\/v2\/product_tag?post=44313"}],"curies":[{"name":"wp","href":"https:\/\/api.w.org\/{rel}","templated":true}]}}