{"id":44318,"date":"2020-06-28T00:00:00","date_gmt":"2020-06-27T22:00:00","guid":{"rendered":"https:\/\/fermentis.com\/product\/safsorghum\/"},"modified":"2026-04-16T16:08:20","modified_gmt":"2026-04-16T14:08:20","slug":"safsorghum","status":"publish","type":"product","link":"https:\/\/fermentis.com\/pt-br\/produto\/safsorghum\/","title":{"rendered":"SafSorghum\u2122"},"content":{"rendered":"<div class=\"container section-title-container\" ><h2 class=\"section-title section-title-center\"><b aria-hidden=\"true\"><\/b><span class=\"section-title-main\" style=\"font-size:115%;\">Levedura ideal para produ\u00e7\u00e3o de sorgo<\/span><b aria-hidden=\"true\"><\/b><\/h2><\/div>\nAlto potencial de espuma para a fabrica\u00e7\u00e3o de cerveja de sorgo.<\/p>\n<p><strong>Ingredientes:<\/strong> Levedura (Saccharomyces cerevisiae), emulsionante E491<br \/>\n\t<div id=\"gap-1200948521\" class=\"gap-element clearfix\" style=\"display:block; height:auto;\">\n\t\t\n<style>\n#gap-1200948521 {\n  padding-top: 30px;\n}\n<\/style>\n\t<\/div>\n\t\n\n\t\t<div class=\"tabbed-content\">\n\t\t\t\n\t\t\t<ul class=\"nav nav-tabs nav-uppercase nav-size-normal nav-left\" role=\"tablist\"><li id=\"tab-dosagem-e-uso\" class=\"tab active has-icon\" role=\"presentation\"><a href=\"#tab_dosagem-e-uso\" role=\"tab\" aria-selected=\"true\" aria-controls=\"tab_dosagem-e-uso\"><span>Dosagem e Uso<\/span><\/a><\/li>\n<li id=\"tab-propriedades\" class=\"tab has-icon\" role=\"presentation\"><a href=\"#tab_propriedades\" tabindex=\"-1\" role=\"tab\" aria-selected=\"false\" aria-controls=\"tab_propriedades\"><span>Propriedades<\/span><\/a><\/li>\n<li id=\"tab-armazenamento-e-prazo-de-validade\" class=\"tab has-icon\" role=\"presentation\"><a href=\"#tab_armazenamento-e-prazo-de-validade\" tabindex=\"-1\" role=\"tab\" aria-selected=\"false\" aria-controls=\"tab_armazenamento-e-prazo-de-validade\"><span>Armazenamento e prazo de validade<\/span><\/a><\/li>\n<li id=\"tab-caracter\u00edsticas-t\u00e9cnicas\" class=\"tab has-icon\" role=\"presentation\"><a href=\"#tab_caracter\u00edsticas-t\u00e9cnicas\" tabindex=\"-1\" role=\"tab\" aria-selected=\"false\" aria-controls=\"tab_caracter\u00edsticas-t\u00e9cnicas\"><span>Caracter\u00edsticas t\u00e9cnicas<\/span><\/a><\/li><\/ul><div class=\"tab-panels\"><div id=\"tab_dosagem-e-uso\" class=\"panel active entry-content\" role=\"tabpanel\" aria-labelledby=\"tab-dosagem-e-uso\">\n<b>DOSAGEM<\/b><\/p>\n<p>0,75 g\/litro a 1,6 g\/litro de mosto, dependendo do processo de fabrico.<\/p>\n<p><b>TEMPERATURA<\/b><\/p>\n<p>Vari\u00e1vel, dependendo do processo de fabrica\u00e7\u00e3o.<\/p>\n<p><b>USAR<\/b><\/p>\n<p>Lance diretamente no mosto ao encher o recipiente de fermenta\u00e7\u00e3o (SPI). Adi\u00e7\u00e3o a seco<\/p>\n<p>produto (SPM).<\/p>\n<p><b>EMPACOTAMENTO<\/b><\/p>\n<p>1 x sach\u00eas de 10 kg embalados a v\u00e1cuo em caixa de papel\u00e3o.<\/p>\n<\/div>\n<div id=\"tab_propriedades\" class=\"panel entry-content\" role=\"tabpanel\" aria-labelledby=\"tab-propriedades\">\nLevedura com alto potencial espumante para a fabrica\u00e7\u00e3o de cerveja de sorgo. Dispon\u00edvel em dois formatos: um com alta atividade para fabrica\u00e7\u00e3o industrial de cerveja (SPI) e outro com propriedades de conserva\u00e7\u00e3o aprimoradas para fabrica\u00e7\u00e3o caseira de cerveja de sorgo (SPM).<br \/>\n<\/div>\n<div id=\"tab_armazenamento-e-prazo-de-validade\" class=\"panel entry-content\" role=\"tabpanel\" aria-labelledby=\"tab-armazenamento-e-prazo-de-validade\">\n<b>ARMAZENAMENTO<\/b><br \/>\nArmazene em local fresco e seco. Os sach\u00eas abertos devem ser selados e armazenados a 4 \u00b0 C (39 \u00b0 F) e usados dentro de 7 dias ap\u00f3s a abertura. N\u00e3o use sach\u00eas macios ou danificados.<br \/>\n<b>VALIDADE<\/b><\/p>\n<p>Consulte a data de validade nos sach\u00eas. 24 meses a partir da data de produ\u00e7\u00e3o nas condi\u00e7\u00f5es de armazenamento recomendadas.<br \/>\n<\/div>\n<div id=\"tab_caracter\u00edsticas-t\u00e9cnicas\" class=\"panel entry-content\" role=\"tabpanel\" aria-labelledby=\"tab-caracter\u00edsticas-t\u00e9cnicas\">\n<table cellspacing=\"0\" cellpadding=\"0\">\n<tbody>\n<tr>\n<td valign=\"top\">% de peso seco:<\/td>\n<td valign=\"top\">94.0 &#8211; 96.5<\/td>\n<td valign=\"top\"><\/td>\n<\/tr>\n<tr>\n<td valign=\"top\">C\u00e9lulas vi\u00e1veis na embalagem:<\/td>\n<td valign=\"top\">&gt; 18 x 109<sup><\/sup> \/grama para SPI<\/td>\n<td valign=\"top\">&gt; 14 x 109<sup><\/sup> \/grama para SPM<\/td>\n<\/tr>\n<tr>\n<td valign=\"top\">Bact\u00e9rias totais*:<\/td>\n<td valign=\"top\">&lt; 1 x 105<sup><\/sup> \/gram<\/td>\n<td valign=\"top\"><\/td>\n<\/tr>\n<tr>\n<td valign=\"top\">Levedura selvagem:<\/td>\n<td valign=\"top\">&lt; 1 x 104<sup><\/sup> \/gram<\/td>\n<td valign=\"top\"><\/td>\n<\/tr>\n<tr>\n<td valign=\"top\">E.coli:<\/td>\n<td valign=\"top\">aus\u00eancia em 1 grama<\/td>\n<td valign=\"top\"><\/td>\n<\/tr>\n<tr>\n<td valign=\"top\">Teste de espuma:<\/td>\n<td valign=\"top\">&gt;50 cm<\/td>\n<td valign=\"top\"><\/td>\n<\/tr>\n<\/tbody>\n<\/table>\n<\/div><\/div><\/div>\n\t<div id=\"gap-1139034326\" class=\"gap-element clearfix\" style=\"display:block; height:auto;\">\n\t\t\n<style>\n#gap-1139034326 {\n  padding-top: 30px;\n}\n<\/style>\n\t<\/div>\n\t\n","protected":false},"excerpt":{"rendered":"<p>Levedura ideal para produ\u00e7\u00e3o de sorgo<\/p>\n","protected":false},"featured_media":44319,"comment_status":"closed","ping_status":"closed","template":"","meta":{"_acf_changed":false},"product_brand":[],"product_cat":[2920,2973],"product_tag":[2945,2946],"class_list":{"0":"post-44318","1":"product","2":"type-product","3":"status-publish","4":"has-post-thumbnail","6":"product_cat-other-beverages-pt-br","7":"product_cat-sorghum-pt-br","8":"product_tag-safsorghum-pt-br","9":"product_tag-sorghum-pt-br","11":"first","12":"instock","13":"shipping-taxable","14":"product-type-simple"},"acf":[],"yoast_head":"<!-- This site is optimized with the Yoast SEO Premium plugin v27.4 (Yoast SEO v27.4) - https:\/\/yoast.com\/product\/yoast-seo-premium-wordpress\/ -->\n<title>SafSorghum\u2122 - Levedura para produ\u00e7\u00e3o de sorgo - Fermentis<\/title>\n<meta name=\"description\" content=\"A levedura Fermentis SafSorghum oferece alto potencial de espuma para a fabrica\u00e7\u00e3o de cerveja de sorgo. Dispon\u00edvel em dois formatos para fabrica\u00e7\u00e3o dom\u00e9stica e industrial\" \/>\n<meta name=\"robots\" content=\"index, follow, max-snippet:-1, max-image-preview:large, max-video-preview:-1\" \/>\n<link rel=\"canonical\" href=\"https:\/\/fermentis.com\/pt-br\/produto\/safsorghum\/\" \/>\n<meta property=\"og:locale\" content=\"pt_BR\" \/>\n<meta property=\"og:type\" content=\"article\" \/>\n<meta property=\"og:title\" content=\"SafSorghum\u2122\" \/>\n<meta property=\"og:description\" content=\"A levedura Fermentis SafSorghum oferece alto potencial de espuma para a fabrica\u00e7\u00e3o de cerveja de sorgo. Dispon\u00edvel em dois formatos para fabrica\u00e7\u00e3o dom\u00e9stica e industrial\" \/>\n<meta property=\"og:url\" content=\"https:\/\/fermentis.com\/pt-br\/produto\/safsorghum\/\" \/>\n<meta property=\"og:site_name\" content=\"Fermentis\" \/>\n<meta property=\"article:publisher\" content=\"https:\/\/www.facebook.com\/Fermentis\" \/>\n<meta property=\"article:modified_time\" content=\"2026-04-16T14:08:20+00:00\" \/>\n<meta property=\"og:image\" content=\"https:\/\/fermentis.com\/wp-content\/uploads\/2020\/06\/packshot-safsorghum.jpg\" \/>\n\t<meta property=\"og:image:width\" content=\"1200\" \/>\n\t<meta property=\"og:image:height\" content=\"1200\" \/>\n\t<meta property=\"og:image:type\" content=\"image\/jpeg\" \/>\n<meta name=\"twitter:card\" content=\"summary_large_image\" \/>\n<meta name=\"twitter:site\" content=\"@fermentis\" \/>\n<meta name=\"twitter:label1\" content=\"Pre\u00e7o\" \/>\n\t<meta name=\"twitter:data1\" content=\"\" \/>\n\t<meta name=\"twitter:label2\" content=\"Disponibilidade\" \/>\n\t<meta name=\"twitter:data2\" content=\"Em Estoque\" \/>\n<script type=\"application\/ld+json\" class=\"yoast-schema-graph\">{\"@context\":\"https:\\\/\\\/schema.org\",\"@graph\":[{\"@type\":\"WebPage\",\"@id\":\"https:\\\/\\\/fermentis.com\\\/pt-br\\\/produto\\\/safsorghum\\\/\",\"url\":\"https:\\\/\\\/fermentis.com\\\/pt-br\\\/produto\\\/safsorghum\\\/\",\"name\":\"SafSorghum\u2122 - Levedura para produ\u00e7\u00e3o de sorgo - Fermentis\",\"isPartOf\":{\"@id\":\"https:\\\/\\\/fermentis.com\\\/pt-br\\\/#website\"},\"primaryImageOfPage\":{\"@id\":\"https:\\\/\\\/fermentis.com\\\/pt-br\\\/produto\\\/safsorghum\\\/#primaryimage\"},\"image\":{\"@id\":\"https:\\\/\\\/fermentis.com\\\/pt-br\\\/produto\\\/safsorghum\\\/#primaryimage\"},\"thumbnailUrl\":\"https:\\\/\\\/fermentis.com\\\/wp-content\\\/uploads\\\/2020\\\/06\\\/packshot-safsorghum.jpg\",\"datePublished\":\"2020-06-27T22:00:00+00:00\",\"dateModified\":\"2026-04-16T14:08:20+00:00\",\"description\":\"A levedura Fermentis SafSorghum oferece alto potencial de espuma para a fabrica\u00e7\u00e3o de cerveja de sorgo. Dispon\u00edvel em dois formatos para fabrica\u00e7\u00e3o dom\u00e9stica e industrial\",\"breadcrumb\":{\"@id\":\"https:\\\/\\\/fermentis.com\\\/pt-br\\\/produto\\\/safsorghum\\\/#breadcrumb\"},\"inLanguage\":\"pt-BR\",\"potentialAction\":[{\"@type\":\"ReadAction\",\"target\":[\"https:\\\/\\\/fermentis.com\\\/pt-br\\\/produto\\\/safsorghum\\\/\"]}]},{\"@type\":\"ImageObject\",\"inLanguage\":\"pt-BR\",\"@id\":\"https:\\\/\\\/fermentis.com\\\/pt-br\\\/produto\\\/safsorghum\\\/#primaryimage\",\"url\":\"https:\\\/\\\/fermentis.com\\\/wp-content\\\/uploads\\\/2020\\\/06\\\/packshot-safsorghum.jpg\",\"contentUrl\":\"https:\\\/\\\/fermentis.com\\\/wp-content\\\/uploads\\\/2020\\\/06\\\/packshot-safsorghum.jpg\",\"width\":1200,\"height\":1200},{\"@type\":\"BreadcrumbList\",\"@id\":\"https:\\\/\\\/fermentis.com\\\/pt-br\\\/produto\\\/safsorghum\\\/#breadcrumb\",\"itemListElement\":[{\"@type\":\"ListItem\",\"position\":1,\"name\":\"Home\",\"item\":\"https:\\\/\\\/fermentis.com\\\/pt-br\\\/\"},{\"@type\":\"ListItem\",\"position\":2,\"name\":\"Produtos\"},{\"@type\":\"ListItem\",\"position\":3,\"name\":\"Other beverages\",\"item\":\"https:\\\/\\\/fermentis.com\\\/pt-br\\\/fermentation\\\/other-beverages-pt-br\\\/\"},{\"@type\":\"ListItem\",\"position\":4,\"name\":\"SafSorghum\u2122\"}]},{\"@type\":\"WebSite\",\"@id\":\"https:\\\/\\\/fermentis.com\\\/pt-br\\\/#website\",\"url\":\"https:\\\/\\\/fermentis.com\\\/pt-br\\\/\",\"name\":\"Fermentis\",\"description\":\"Un site utilisant WordPress\",\"publisher\":{\"@id\":\"https:\\\/\\\/fermentis.com\\\/pt-br\\\/#organization\"},\"potentialAction\":[{\"@type\":\"SearchAction\",\"target\":{\"@type\":\"EntryPoint\",\"urlTemplate\":\"https:\\\/\\\/fermentis.com\\\/pt-br\\\/?s={search_term_string}\"},\"query-input\":{\"@type\":\"PropertyValueSpecification\",\"valueRequired\":true,\"valueName\":\"search_term_string\"}}],\"inLanguage\":\"pt-BR\"},{\"@type\":\"Organization\",\"@id\":\"https:\\\/\\\/fermentis.com\\\/pt-br\\\/#organization\",\"name\":\"Fermentis\",\"url\":\"https:\\\/\\\/fermentis.com\\\/pt-br\\\/\",\"logo\":{\"@type\":\"ImageObject\",\"inLanguage\":\"pt-BR\",\"@id\":\"https:\\\/\\\/fermentis.com\\\/pt-br\\\/#\\\/schema\\\/logo\\\/image\\\/\",\"url\":\"https:\\\/\\\/fermentis.com\\\/wp-content\\\/uploads\\\/2021\\\/07\\\/Logo-Fermentis-5.png\",\"contentUrl\":\"https:\\\/\\\/fermentis.com\\\/wp-content\\\/uploads\\\/2021\\\/07\\\/Logo-Fermentis-5.png\",\"width\":308,\"height\":95,\"caption\":\"Fermentis\"},\"image\":{\"@id\":\"https:\\\/\\\/fermentis.com\\\/pt-br\\\/#\\\/schema\\\/logo\\\/image\\\/\"},\"sameAs\":[\"https:\\\/\\\/www.facebook.com\\\/Fermentis\",\"https:\\\/\\\/x.com\\\/fermentis\",\"https:\\\/\\\/www.instagram.com\\\/fermentisbylesaffre\\\/\",\"https:\\\/\\\/www.linkedin.com\\\/company\\\/fermentis\\\/\",\"https:\\\/\\\/www.youtube.com\\\/channel\\\/UCt_Lp3IZnUNXZeqSi6iiAdA\"]}]}<\/script>\n<meta property=\"product:price:currency\" content=\"GBP\" \/>\n<meta property=\"og:availability\" content=\"instock\" \/>\n<meta property=\"product:availability\" content=\"instock\" \/>\n<meta property=\"product:condition\" content=\"new\" \/>\n<!-- \/ Yoast SEO Premium plugin. -->","yoast_head_json":{"title":"SafSorghum\u2122 - Levedura para produ\u00e7\u00e3o de sorgo - Fermentis","description":"A levedura Fermentis SafSorghum oferece alto potencial de espuma para a fabrica\u00e7\u00e3o de cerveja de sorgo. Dispon\u00edvel em dois formatos para fabrica\u00e7\u00e3o dom\u00e9stica e industrial","robots":{"index":"index","follow":"follow","max-snippet":"max-snippet:-1","max-image-preview":"max-image-preview:large","max-video-preview":"max-video-preview:-1"},"canonical":"https:\/\/fermentis.com\/pt-br\/produto\/safsorghum\/","og_locale":"pt_BR","og_type":"article","og_title":"SafSorghum\u2122","og_description":"A levedura Fermentis SafSorghum oferece alto potencial de espuma para a fabrica\u00e7\u00e3o de cerveja de sorgo. Dispon\u00edvel em dois formatos para fabrica\u00e7\u00e3o dom\u00e9stica e industrial","og_url":"https:\/\/fermentis.com\/pt-br\/produto\/safsorghum\/","og_site_name":"Fermentis","article_publisher":"https:\/\/www.facebook.com\/Fermentis","article_modified_time":"2026-04-16T14:08:20+00:00","og_image":[{"width":1200,"height":1200,"url":"https:\/\/fermentis.com\/wp-content\/uploads\/2020\/06\/packshot-safsorghum.jpg","type":"image\/jpeg"}],"twitter_card":"summary_large_image","twitter_site":"@fermentis","twitter_misc":{"Pre\u00e7o":"","Disponibilidade":"Em Estoque"},"schema":{"@context":"https:\/\/schema.org","@graph":[{"@type":"WebPage","@id":"https:\/\/fermentis.com\/pt-br\/produto\/safsorghum\/","url":"https:\/\/fermentis.com\/pt-br\/produto\/safsorghum\/","name":"SafSorghum\u2122 - Levedura para produ\u00e7\u00e3o de sorgo - Fermentis","isPartOf":{"@id":"https:\/\/fermentis.com\/pt-br\/#website"},"primaryImageOfPage":{"@id":"https:\/\/fermentis.com\/pt-br\/produto\/safsorghum\/#primaryimage"},"image":{"@id":"https:\/\/fermentis.com\/pt-br\/produto\/safsorghum\/#primaryimage"},"thumbnailUrl":"https:\/\/fermentis.com\/wp-content\/uploads\/2020\/06\/packshot-safsorghum.jpg","datePublished":"2020-06-27T22:00:00+00:00","dateModified":"2026-04-16T14:08:20+00:00","description":"A levedura Fermentis SafSorghum oferece alto potencial de espuma para a fabrica\u00e7\u00e3o de cerveja de sorgo. Dispon\u00edvel em dois formatos para fabrica\u00e7\u00e3o dom\u00e9stica e industrial","breadcrumb":{"@id":"https:\/\/fermentis.com\/pt-br\/produto\/safsorghum\/#breadcrumb"},"inLanguage":"pt-BR","potentialAction":[{"@type":"ReadAction","target":["https:\/\/fermentis.com\/pt-br\/produto\/safsorghum\/"]}]},{"@type":"ImageObject","inLanguage":"pt-BR","@id":"https:\/\/fermentis.com\/pt-br\/produto\/safsorghum\/#primaryimage","url":"https:\/\/fermentis.com\/wp-content\/uploads\/2020\/06\/packshot-safsorghum.jpg","contentUrl":"https:\/\/fermentis.com\/wp-content\/uploads\/2020\/06\/packshot-safsorghum.jpg","width":1200,"height":1200},{"@type":"BreadcrumbList","@id":"https:\/\/fermentis.com\/pt-br\/produto\/safsorghum\/#breadcrumb","itemListElement":[{"@type":"ListItem","position":1,"name":"Home","item":"https:\/\/fermentis.com\/pt-br\/"},{"@type":"ListItem","position":2,"name":"Produtos"},{"@type":"ListItem","position":3,"name":"Other beverages","item":"https:\/\/fermentis.com\/pt-br\/fermentation\/other-beverages-pt-br\/"},{"@type":"ListItem","position":4,"name":"SafSorghum\u2122"}]},{"@type":"WebSite","@id":"https:\/\/fermentis.com\/pt-br\/#website","url":"https:\/\/fermentis.com\/pt-br\/","name":"Fermentis","description":"Un site utilisant WordPress","publisher":{"@id":"https:\/\/fermentis.com\/pt-br\/#organization"},"potentialAction":[{"@type":"SearchAction","target":{"@type":"EntryPoint","urlTemplate":"https:\/\/fermentis.com\/pt-br\/?s={search_term_string}"},"query-input":{"@type":"PropertyValueSpecification","valueRequired":true,"valueName":"search_term_string"}}],"inLanguage":"pt-BR"},{"@type":"Organization","@id":"https:\/\/fermentis.com\/pt-br\/#organization","name":"Fermentis","url":"https:\/\/fermentis.com\/pt-br\/","logo":{"@type":"ImageObject","inLanguage":"pt-BR","@id":"https:\/\/fermentis.com\/pt-br\/#\/schema\/logo\/image\/","url":"https:\/\/fermentis.com\/wp-content\/uploads\/2021\/07\/Logo-Fermentis-5.png","contentUrl":"https:\/\/fermentis.com\/wp-content\/uploads\/2021\/07\/Logo-Fermentis-5.png","width":308,"height":95,"caption":"Fermentis"},"image":{"@id":"https:\/\/fermentis.com\/pt-br\/#\/schema\/logo\/image\/"},"sameAs":["https:\/\/www.facebook.com\/Fermentis","https:\/\/x.com\/fermentis","https:\/\/www.instagram.com\/fermentisbylesaffre\/","https:\/\/www.linkedin.com\/company\/fermentis\/","https:\/\/www.youtube.com\/channel\/UCt_Lp3IZnUNXZeqSi6iiAdA"]}]},"product_price_currency":"GBP","og_availability":"instock","product_availability":"instock","product_condition":"new"},"_links":{"self":[{"href":"https:\/\/fermentis.com\/pt-br\/wp-json\/wp\/v2\/product\/44318","targetHints":{"allow":["GET"]}}],"collection":[{"href":"https:\/\/fermentis.com\/pt-br\/wp-json\/wp\/v2\/product"}],"about":[{"href":"https:\/\/fermentis.com\/pt-br\/wp-json\/wp\/v2\/types\/product"}],"replies":[{"embeddable":true,"href":"https:\/\/fermentis.com\/pt-br\/wp-json\/wp\/v2\/comments?post=44318"}],"wp:featuredmedia":[{"embeddable":true,"href":"https:\/\/fermentis.com\/pt-br\/wp-json\/wp\/v2\/media\/44319"}],"wp:attachment":[{"href":"https:\/\/fermentis.com\/pt-br\/wp-json\/wp\/v2\/media?parent=44318"}],"wp:term":[{"taxonomy":"product_brand","embeddable":true,"href":"https:\/\/fermentis.com\/pt-br\/wp-json\/wp\/v2\/product_brand?post=44318"},{"taxonomy":"product_cat","embeddable":true,"href":"https:\/\/fermentis.com\/pt-br\/wp-json\/wp\/v2\/product_cat?post=44318"},{"taxonomy":"product_tag","embeddable":true,"href":"https:\/\/fermentis.com\/pt-br\/wp-json\/wp\/v2\/product_tag?post=44318"}],"curies":[{"name":"wp","href":"https:\/\/api.w.org\/{rel}","templated":true}]}}